{"id":11791,"date":"2018-10-31T12:38:11","date_gmt":"2018-10-31T10:38:11","guid":{"rendered":"http:\/\/culturesconnection.com\/?page_id=11791"},"modified":"2022-08-03T11:25:32","modified_gmt":"2022-08-03T09:25:32","slug":"agencja-tlumaczen-w-buenos-aires","status":"publish","type":"page","link":"https:\/\/culturesconnection.com\/pl\/agencja-tlumaczen-w-buenos-aires\/","title":{"rendered":"Agencja t\u0142umacze\u0144 w Buenos Aires"},"content":{"rendered":"\n<h2 class=\"wp-block-heading\">Agencja t\u0142umacze\u0144 w Buenos Aires<\/h2>\n\n\n\n<p>Agencja t\u0142umacze\u0144 w Buenos Aires jest jednym z naszych oddzia\u0142\u00f3w w Argentynie, poza <a href=\"https:\/\/culturesconnection.com\/pl\/agencja-tlumaczen-w-paryzu\/\">biurami w Pary\u017cu<\/a> i <a href=\"https:\/\/culturesconnection.com\/pl\/agencja-tlumaczen-w-nicei\/\">Nicei<\/a>. W wielokulturowym \u015brodowisku nasza firma wyr\u00f3\u017cnia si\u0119 jako idealny partner, kt\u00f3ry sprawi, \u017ce Twoja strategia komunikacyjna osi\u0105gnie sukces na mi\u0119dzynarodowym poziomie. Pomagamy naszym klientom komunikowa\u0107 si\u0119 w jasny i skuteczny spos\u00f3b z zagranicznymi partnerami. Jeste\u015bmy czym\u015b wi\u0119cej ni\u017c agencj\u0105 t\u0142umaczeniow\u0105, przekazujemy wizerunek i warto\u015bci korporacji we wszystkich j\u0119zykach.<\/p>\n\n\n\n<h2 class=\"wp-block-heading\">DLACZEGO POWINIENE\u015a WYBRA\u0106 AGENCJ\u0118 T\u0141UMACZENIOW\u0104 W BUENOS AIRES?<\/h2>\n\n\n\n<p>Cultures Connection poszerzy\u0142o swoje do\u015bwiadczenie i firmow\u0105 filozofi\u0119 na podstawie unikatowych cech:<\/p>\n\n\n\n<ul class=\"wp-block-list\"><li><strong>Konkurencyjne ceny<\/strong>: Nasze stawki t\u0142umaczeniowe naliczane s\u0105 za s\u0142owo i w zale\u017cno\u015bci od wybranego pakietu (podstawowy, standardowy, profesjonalny i premium).<\/li><li><strong>Dost\u0119pno\u015b\u0107: <\/strong>Jeste\u015bmy do dyspozycji naszych klient\u00f3w przez wi\u0119cej ni\u017c 18 godzin dziennie.<\/li><li><strong>Lokalni eksperci:<\/strong> Strategiczna lokalizacja naszych biur umo\u017cliwia nam wsp\u00f3\u0142prac\u0119 z rozleg\u0142\u0105 sieci\u0105 t\u0142umaczy pisemnych i ustnych, kt\u00f3rzy s\u0105 rodowitymi Hiszpanami, Francuzami, Portugalczykami czy Chi\u0144czykami na przyk\u0142ad.<\/li><li><strong>Mi\u0119dzynarodowy zesp\u00f3\u0142<\/strong>: Pracujemy w \u015brodowisku wielokulturowym i wieloj\u0119zycznym.<\/li><\/ul>\n\n\n\n<h2 class=\"wp-block-heading\">Profesjonalne us\u0142ugi t\u0142umaczeniowe<\/h2>\n\n\n\n<p>Niezale\u017cnie od wielko\u015bci Twojej firmy lub projekt\u00f3w, jeste\u015bmy w stanie Ci zapewni\u0107 profesjonalne t\u0142umaczenia dopasowane do Twoich potrzeb. Dziedziny, w kt\u00f3rych si\u0119 specjalizujemy to mi\u0119dzy innymi:&nbsp;<a href=\"https:\/\/culturesconnection.com\/pl\/nasze-tlumaczenia-dokumentow-technicznych\/\">technika<\/a>,&nbsp;<a href=\"https:\/\/culturesconnection.com\/pl\/nasze-tlumaczenia-dokumentow-finansowych\/\">finanse<\/a>,&nbsp;<a href=\"https:\/\/culturesconnection.com\/pl\/nasze-tlumaczenia-dokumentow-prawnych\/\">prawo<\/a>, <a href=\"https:\/\/culturesconnection.com\/pl\/nasze-uslugi-tlumaczen-marketingowych\/\">marketing<\/a>&nbsp;oraz <a href=\"https:\/\/culturesconnection.com\/pl\/nasze-uslugi-tlumaczen-marketingowych\/\">t\u0142umaczenia stron internetowych<\/a> i ich<a href=\"https:\/\/culturesconnection.com\/pl\/tlumaczenie-strony-internetowej-nasze-uslugi-tlumaczen-stron-internetowych\/\">&nbsp;lokalizacja.<\/a>&nbsp;Kontrola jako\u015bci i korekta s\u0105 integraln\u0105 cz\u0119\u015bci\u0105 naszej pracy i znajduj\u0105 si\u0119 w naszej ofercie.<\/p>\n\n\n\n<p>Nasza firma wsp\u00f3\u0142pracuje blisko r\u00f3wnie\u017c z t\u0142umaczami konferencyjnymi i konsekutywnymi, kt\u00f3rzy wykonuj\u0105 r\u00f3wnie\u017c t\u0142umaczenia liaison i symultaniczne.<\/p>\n\n\n\n<h2 class=\"wp-block-heading\">Zesp\u00f3\u0142 wyspecjalizownaych t\u0142umaczy<\/h2>\n\n\n\n<p>Jako \u017ce jako\u015b\u0107 jast naszym priorytetem, wszyscy nasi t\u0142umacze pisemni i ustni s\u0105 wybierani na podstawie wykszta\u0142cenia, do\u015bwiadczenia i profesjonalizmu. Przed ropocz\u0119ciem z nami wsp\u00f3\u0142pracy wszyscy musz\u0105 uzyska\u0107 pozytywny wynik z wymagaj\u0105cego testu t\u0142umaczeniowego. W zwi\u0105zku z tym, \u017ce stawk\u0105 jest tutaj jako\u015b\u0107, nasi specjali\u015bci t\u0142umacz\u0105 tylko na sw\u00f3j j\u0119zyk ojczysty.<\/p>\n\n\n\n<iframe src=\"https:\/\/www.google.com\/maps\/embed?pb=!1m14!1m8!1m3!1d6571.042431457632!2d-58.436823!3d-34.565676!3m2!1i1024!2i768!4f13.1!3m3!1m2!1s0x95bcb5b9a92d7155%3A0x92a6bc37f082fb54!2sGorostiaga%201663%2C%20C1426CTC%20CABA!5e0!3m2!1sen!2sar!4v1655497208682!5m2!1sen!2sar\" width=\"100%\" height=\"450\" style=\"border:0;\" allowfullscreen=\"\" loading=\"lazy\" referrerpolicy=\"no-referrer-when-downgrade\"><\/iframe>\n\n\n\n<h2 class=\"wp-block-heading\">Nasze us\u0142ugi j\u0119zykowe<\/h2>\n\n\n\n<p>Opr\u00f3cz us\u0142ug translatorskich, Cultures Connection Buenos Aires, oferuje szeroki wyb\u00f3r innych us\u0142ug, aby zapewni\u0107 wsparcie naszym klientom w ich projektach j\u0119zykowych:<\/p>\n\n\n\n<ul class=\"wp-block-list\"><li><a href=\"https:\/\/culturesconnection.com\/pl\/nasze-uslugi-tworzenia-napisow\/\">T\u0142umaczenia ustne<\/a>&nbsp;(konferencyjne, symultaniczne i konsekutywne, liaison, szeptane)<\/li><li><a href=\"https:\/\/culturesconnection.com\/pl\/nasze-uslugi-tworzenia-napisow\/\">Napisy do film\u00f3w wideo<\/a><\/li><li><a href=\"https:\/\/culturesconnection.com\/pl\/uslugi-w-zakresie-seo-copywriting\/\">Tworzenie tre\u015bci dla wieloj\u0119zykowych stron internetowych<\/a><\/li><li><a href=\"\/?page_id=3786\">Kursy j\u0119zykowe<\/a> (angielski biznesowy&#8230;)<\/li><\/ul>\n","protected":false},"excerpt":{"rendered":"<p>Agencja t\u0142umacze\u0144 w Buenos Aires Agencja t\u0142umacze\u0144 w Buenos Aires jest jednym z naszych oddzia\u0142\u00f3w w Argentynie, poza biurami w Pary\u017cu i Nicei. W wielokulturowym [&#8230;]<\/p>\n<p><a class=\"btn btn-secondary understrap-read-more-link\" href=\"https:\/\/culturesconnection.com\/pl\/agencja-tlumaczen-w-buenos-aires\/\">Czytaj dalej\u2026<span class=\"screen-reader-text\"> from Agencja t\u0142umacze\u0144 w Buenos Aires<\/span><\/a><\/p>\n","protected":false},"author":22,"featured_media":19585,"parent":0,"menu_order":0,"comment_status":"closed","ping_status":"closed","template":"","meta":{"_acf_changed":false,"_editorskit_title_hidden":false,"_editorskit_reading_time":1,"_editorskit_is_block_options_detached":false,"_editorskit_block_options_position":"{}","footnotes":""},"class_list":["post-11791","page","type-page","status-publish","has-post-thumbnail","hentry"],"acf":[],"_links":{"self":[{"href":"https:\/\/culturesconnection.com\/pl\/wp-json\/wp\/v2\/pages\/11791","targetHints":{"allow":["GET"]}}],"collection":[{"href":"https:\/\/culturesconnection.com\/pl\/wp-json\/wp\/v2\/pages"}],"about":[{"href":"https:\/\/culturesconnection.com\/pl\/wp-json\/wp\/v2\/types\/page"}],"author":[{"embeddable":true,"href":"https:\/\/culturesconnection.com\/pl\/wp-json\/wp\/v2\/users\/22"}],"replies":[{"embeddable":true,"href":"https:\/\/culturesconnection.com\/pl\/wp-json\/wp\/v2\/comments?post=11791"}],"version-history":[{"count":0,"href":"https:\/\/culturesconnection.com\/pl\/wp-json\/wp\/v2\/pages\/11791\/revisions"}],"wp:featuredmedia":[{"embeddable":true,"href":"https:\/\/culturesconnection.com\/pl\/wp-json\/wp\/v2\/media\/19585"}],"wp:attachment":[{"href":"https:\/\/culturesconnection.com\/pl\/wp-json\/wp\/v2\/media?parent=11791"}],"curies":[{"name":"wp","href":"https:\/\/api.w.org\/{rel}","templated":true}]}}