{"id":11788,"date":"2018-11-02T10:29:09","date_gmt":"2018-11-02T08:29:09","guid":{"rendered":"http:\/\/culturesconnection.com\/?page_id=11788"},"modified":"2023-03-14T13:58:18","modified_gmt":"2023-03-14T12:58:18","slug":"tlumaczen-kombinacjach-jezykowych","status":"publish","type":"page","link":"https:\/\/culturesconnection.com\/pl\/tlumaczen-kombinacjach-jezykowych\/","title":{"rendered":"Profesjonalne t\u0142umaczenia | w ponad 80 j\u0119zykach"},"content":{"rendered":"\n<h2 class=\"wp-block-heading\">T\u0142umaczenia w ponad 80 j\u0119zykach<\/h2>\n\n\n\n<p>Oferujemy profesjonalne <a href=\"https:\/\/culturesconnection.com\/pl\/profesjonalne-uslugi-tlumaczeniowe-we-wszystkich-jezykach\/\">us\u0142ugi t\u0142umaczeniowe<\/a> w ponad 80 j\u0119zykach i 100 kombinacjach j\u0119zykowych. T\u0142umaczymy z i na francuski, angielski, hiszpa\u0144ski, niemiecki, w\u0142oski, itd. Niewa\u017cne czy jest to t\u0142umaczenie angielskie lub japo\u0144skie, nasi kierownicy projekt\u00f3w upewni\u0105 si\u0119, \u017ce projektem zajmie si\u0119 profesjonalista, kt\u00f3ry sprosta Twoim wymaganiom. Odkryj nasze j\u0119zyki i sprawd\u017a opinie naszych ekspert\u00f3w wykonuj\u0105cych t\u0142umaczenia w ponad 80 j\u0119zykach.<\/p>\n\n\n\n<figure class=\"wp-block-table\"><table><tbody><tr><td>FRANCUSKI<\/td><td><a href=\"https:\/\/culturesconnection.com\/pl\/nasze-niderlandzkie-uslugi-tlumaczeniowe\/\">NIDERLANDZKI<\/a><\/td><td><a href=\"https:\/\/culturesconnection.com\/pl\/nasze-japonskie-uslugi-tlumaczeniowe\/\">JAPO\u0143SKI<\/a><\/td><td><a href=\"https:\/\/culturesconnection.com\/pl\/szwedzkie-uslugi-tlumaczeniowe\/\">SZWEDZKI<\/a><\/td><td><a href=\"https:\/\/culturesconnection.com\/pl\/bosniackie-uslugi-tlumaczeniowe\/\">BO\u015aNIACKI<\/a><\/td><\/tr><tr><td><a href=\"https:\/\/culturesconnection.com\/pl\/nasze-hiszpanskie-uslugi-tlumaczeniowe\/\">HISZPA\u0143SKI<\/a><\/td><td><a href=\"https:\/\/culturesconnection.com\/pl\/nasze-uslugi-tlumaczen-tureckich\/\">TURECKI<\/a><\/td><td><a href=\"https:\/\/culturesconnection.com\/pl\/koreanskie-uslugi-tlumaczeniowe\/\">KOREA\u0143SKI<\/a><\/td><td><a href=\"https:\/\/culturesconnection.com\/pl\/dunskie-uslugi-tlumaczeniowe\/\">DU\u0143SKI<\/a><\/td><td><a href=\"https:\/\/culturesconnection.com\/pl\/wegierskie-uslugi-tlumaczeniowe\/\">W\u0118GIERSKI<\/a><\/td><\/tr><tr><td><a href=\"https:\/\/culturesconnection.com\/pl\/nasze-niemieckie-uslugi-tlumaczeniowe\/\">NIEMIECKI<\/a><\/td><td><a href=\"https:\/\/culturesconnection.com\/pl\/nasze-arabskie-uslugi-tlumaczeniowe\/\">ARABSKI<\/a><\/td><td><a href=\"https:\/\/culturesconnection.com\/pl\/?page_id=13694\">URDU<\/a><\/td><td><a href=\"https:\/\/culturesconnection.com\/pl\/norweskie-uslugi-tlumaczeniowe\/\">NORWESKI<\/a><\/td><td><a href=\"https:\/\/culturesconnection.com\/pl\/rumunskie-uslugi-tlumaczeniowe\/\">RUMU\u0143SKI<\/a><\/td><\/tr><tr><td>W\u0141OSKI<\/td><td>ROSYJSKI<\/td><td><a href=\"https:\/\/culturesconnection.com\/pl\/greckie-uslugi-tlumaczeniowe\/\">GRECKI<\/a><\/td><td><a href=\"https:\/\/culturesconnection.com\/pl\/?page_id=13390\">POLSKI<\/a><\/td><td><a href=\"https:\/\/culturesconnection.com\/pl\/chorwackie-uslugi-tlumaczeniowe\/\">CHORWACKI<\/a><\/td><\/tr><tr><td>PORTUGALSKI<\/td><td>CHI\u0143SKI<\/td><td><a href=\"https:\/\/culturesconnection.com\/pl\/finskie-uslugi-tlumaczeniowe\/\">FI\u0143SKI<\/a><\/td><td><a href=\"https:\/\/culturesconnection.com\/pl\/czeskie-uslugi-tlumaczeniowe\/\">CZESKI<\/a><\/td><td><a href=\"https:\/\/culturesconnection.com\/pl\/bulgarskie-uslugi-tlumaczeniowe\/\">BU\u0141GARSKI<\/a><\/td><\/tr><\/tbody><\/table><\/figure>\n\n\n\n<h2 class=\"wp-block-heading\">Zesp\u00f3\u0142 profesjonalnych t\u0142umaczy do Twojej dyspozycji<\/h2>\n\n\n\n<p>Z do\u015bwiadczeniem w \u015bwiadczeniu us\u0142ug j\u0119zykowych nasze <a href=\"https:\/\/culturesconnection.com\/pl\/\">biuro t\u0142umacze\u0144<\/a> w swoim zasi\u0119gu ma niezawodnych, sumiennych i kompetentnych t\u0142umaczy. Aby zagwarantowa\u0107 klientom us\u0142ugi, kt\u00f3re spe\u0142ni\u0105 ich oczekiwania, proces rekrutacji w Cultures Connection jest przeprowadzany na podstawie surowych kryteri\u00f3w. Rekrutujemy wy\u0142\u0105cznie t\u0142umaczy posiadaj\u0105cych wy\u017csze wykszta\u0142cenie uznawane przez w\u0142adze publiczne ich kraju oraz pi\u0119\u0107 lat do\u015bwiadczenia zawodowego.<\/p>\n\n\n\n<p>Musz\u0105 r\u00f3wnie\u017c przej\u015b\u0107 seri\u0119 test\u00f3w, aby do\u0142\u0105czy\u0107 do naszego zespo\u0142u ekspert\u00f3w oraz s\u0105 regularnie poddawani testom weryfikuj\u0105cym ich poziom. Opr\u00f3cz umiej\u0119tno\u015bci j\u0119zykowych, nasi t\u0142umacze s\u0105 wybitnymi ekspertami w swoich dziedzinach (finanse, biznes, nauka, medycyna, prawo, t\u0142umaczenia audiowizualne, itd.). Zgodnie z obowi\u0105zuj\u0105cymi przepisami europejskimi t\u0142umacz\u0105 wy\u0142\u0105cznie na sw\u00f3j j\u0119zyk ojczysty.<\/p>\n\n\n\n<h2 class=\"wp-block-heading\">Us\u0142ugi t\u0142umaczeniowe dostosowane do Twojej bran\u017cy<\/h2>\n\n\n\n<p>Cultures Connection pracuje dla korporacji w wielu r\u00f3\u017cnych sektorach biznesowych. Maj\u0105c siedziby w <a href=\"https:\/\/culturesconnection.com\/pl\/agencja-tlumaczen-w-paryzu\/\">Pary\u017cu<\/a>, <a href=\"https:\/\/culturesconnection.com\/pl\/agencja-tlumaczen-w-nicei\/\">Nicei<\/a>, <a href=\"https:\/\/culturesconnection.com\/pl\/agencja-tlumaczen-w-buenos-aires\/\">Buenos Aires<\/a> i New York, zesp\u00f3\u0142 naszych profesjonalist\u00f3w liczy ponad 740 t\u0142umaczy na ca\u0142ym \u015bwiecie gotowych, aby Ci towarzyszy\u0107 w umi\u0119dzynarodowieniu Twojej komunikacji. Niezale\u017cnie czy potrzebujesz t\u0142umaczenia technicznego, prawniczego lub biznesowego, obowi\u0105zkiem naszych kierownik\u00f3w projekt\u00f3w jest wyb\u00f3r najlepiej wykwalifikowanych ekspert\u00f3w dla Twojego projektu.<\/p>\n\n\n\n<h2 class=\"wp-block-heading\">Pozosta\u0142e kombinacje j\u0119zykowe, w jakich oferujemy nasze us\u0142ugi<\/h2>\n\n\n\n<ul class=\"wp-block-list\">\n<li>T\u0142umaczenia francusko-polskie<\/li>\n\n\n\n<li>T\u0142umaczenia polsko-francuskie<\/li>\n\n\n\n<li>T\u0142umaczenia polsko-niemieckie<\/li>\n\n\n\n<li>T\u0142umaczenia niemiecko-polskie<\/li>\n\n\n\n<li>T\u0142umaczenia polsko-hiszpa\u0144skie<\/li>\n\n\n\n<li>T\u0142umaczenia hiszpa\u0144sko-polskie<\/li>\n\n\n\n<li>T\u0142umaczenia w\u0142osko-polskie<\/li>\n\n\n\n<li>T\u0142umaczenia arabsko-polskie<\/li>\n\n\n\n<li>T\u0142umaczenia portugalsko-polskie<\/li>\n\n\n\n<li>T\u0142umaczenia niemiecko-polskie<\/li>\n<\/ul>\n","protected":false},"excerpt":{"rendered":"<p>T\u0142umaczenia w ponad 80 j\u0119zykach Oferujemy profesjonalne us\u0142ugi t\u0142umaczeniowe w ponad 80 j\u0119zykach i 100 kombinacjach j\u0119zykowych. T\u0142umaczymy z i na francuski, angielski, hiszpa\u0144ski, niemiecki, [&#8230;]<\/p>\n<p><a class=\"btn btn-secondary understrap-read-more-link\" href=\"https:\/\/culturesconnection.com\/pl\/tlumaczen-kombinacjach-jezykowych\/\">Czytaj dalej\u2026<span class=\"screen-reader-text\"> from Profesjonalne t\u0142umaczenia | w ponad 80 j\u0119zykach<\/span><\/a><\/p>\n","protected":false},"author":22,"featured_media":12139,"parent":0,"menu_order":0,"comment_status":"closed","ping_status":"closed","template":"","meta":{"_acf_changed":false,"_editorskit_title_hidden":false,"_editorskit_reading_time":0,"_editorskit_is_block_options_detached":false,"_editorskit_block_options_position":"{}","footnotes":""},"class_list":["post-11788","page","type-page","status-publish","has-post-thumbnail","hentry"],"acf":[],"_links":{"self":[{"href":"https:\/\/culturesconnection.com\/pl\/wp-json\/wp\/v2\/pages\/11788","targetHints":{"allow":["GET"]}}],"collection":[{"href":"https:\/\/culturesconnection.com\/pl\/wp-json\/wp\/v2\/pages"}],"about":[{"href":"https:\/\/culturesconnection.com\/pl\/wp-json\/wp\/v2\/types\/page"}],"author":[{"embeddable":true,"href":"https:\/\/culturesconnection.com\/pl\/wp-json\/wp\/v2\/users\/22"}],"replies":[{"embeddable":true,"href":"https:\/\/culturesconnection.com\/pl\/wp-json\/wp\/v2\/comments?post=11788"}],"version-history":[{"count":0,"href":"https:\/\/culturesconnection.com\/pl\/wp-json\/wp\/v2\/pages\/11788\/revisions"}],"wp:featuredmedia":[{"embeddable":true,"href":"https:\/\/culturesconnection.com\/pl\/wp-json\/wp\/v2\/media\/12139"}],"wp:attachment":[{"href":"https:\/\/culturesconnection.com\/pl\/wp-json\/wp\/v2\/media?parent=11788"}],"curies":[{"name":"wp","href":"https:\/\/api.w.org\/{rel}","templated":true}]}}