{"id":11786,"date":"2018-11-06T13:44:32","date_gmt":"2018-11-06T11:44:32","guid":{"rendered":"http:\/\/culturesconnection.com\/?page_id=11786"},"modified":"2022-08-03T10:53:37","modified_gmt":"2022-08-03T08:53:37","slug":"nasze-uslugi-tlumaczen-tureckich","status":"publish","type":"page","link":"https:\/\/culturesconnection.com\/pl\/nasze-uslugi-tlumaczen-tureckich\/","title":{"rendered":"Nasze us\u0142ugi t\u0142umacze\u0144 tureckich"},"content":{"rendered":"\n<h2 class=\"wp-block-heading\">Profesjonalne us\u0142ugi t\u0142umacze\u0144 tureckich<\/h2>\n\n\n\n<p>Zastanawiasz si\u0119 nad przet\u0142umaczeniem swoich dokument\u00f3w na turecki? \u015awietny pomys\u0142! Turecka gospodarka charakteryzuje si\u0119 du\u017cym, krajowym rynkiem zbytu (75 milion\u00f3w konsument\u00f3w) i znacz\u0105cymi inwestycjami. Mo\u017ce to stanowi\u0107 prawdziw\u0105 mo\u017cliwo\u015b\u0107 dla Twojego biznesu, nie wspominaj\u0105c o tym, \u017ce turecka gospodarka jest stosunkowo otwarta na handel zewn\u0119trzny, kt\u00f3ry stanowi 48% PKB. Co wi\u0119cej, wiedzia\u0142e\u015b, \u017ce Unia Europejska jest najwi\u0119kszym partnerem handlowym Turcji? Je\u015bli Twoja firma jest zlokalizowana w Polsce, skorzystaj z tych uprzywilejowanych kontakt\u00f3w handlowych z pomoc\u0105 specjalist\u00f3w, \u015bwiadcz\u0105cych us\u0142ugi t\u0142umacze\u0144 tureckich.<\/p>\n\n\n\n<p>Czy Twoja firma chcia\u0142aby podbi\u0107 turecki rynek? T\u0142umaczenie dokument\u00f3w lub strony internetowej na turecki mo\u017ce okaza\u0107 si\u0119 powa\u017cnym wyzwaniem. Cultures Connection oferuje us\u0142ugi t\u0142umaczeniowe z i na j\u0119zyk turecki, bez wzgl\u0119du na charakter biznesu Twojej firmy.<\/p>\n\n\n\n<h2 class=\"wp-block-heading\">Szukasz tureckiego t\u0142umacza?<\/h2>\n\n\n\n<p>Potrzebujesz t\u0142umacza polsko-tureckiego? Lub turecko-polskiego? Niezale\u017cnie od tego czy jeste\u015b du\u017cym przedsi\u0119biorstwem lub M\u015aP, Cultures Connection b\u0119dzie po\u015bredniczy\u0107 w kontakcie. Nasza <a href=\"https:\/\/culturesconnection.com\/pl\/\">agencja t\u0142umacze\u0144<\/a> wsp\u00f3\u0142pracuje z wieloma tureckimi t\u0142umaczami i starannie wybiera najbardziej kompetentnych specjalist\u00f3w <a href=\"https:\/\/culturesconnection.com\/pl\/profesjonalne-tlumaczenia-w-ponad-40-jezykach\/\">j\u0119zykowych<\/a> dla Twojego projektu. Nasza rozbudowana sie\u0107 ekspert\u00f3w pozwala nam szybko upora\u0107 si\u0119 ze zleceniami t\u0142umaczeniowymi w wielu sektorach biznesu.<\/p>\n\n\n\n<p>Opr\u00f3cz j\u0119zykowych umiej\u0119tno\u015bci, nasi t\u0142umacze s\u0105 wybitnymi specjalistami w swojej dziedzinie. Tak wi\u0119c, je\u015bli potrzebujesz tureckiego t\u0142umaczenia biznesowego, nasza agencja t\u0142umaczeniowa skontaktuje si\u0119 z profesjonalist\u0105 o udowodnionym do\u015bwiadczeniu w sprzeda\u017cy i\/lub marketingu. Wszyscy nasi tureccy t\u0142umacze posiadaj\u0105 wykszta\u0142cenie i przynajmniej pi\u0119\u0107 lat do\u015bwiadczenia zawodowego. Zgodnie z obowi\u0105zuj\u0105cymi przepisami t\u0142umacz\u0105 wy\u0142\u0105cznie na sw\u00f3j j\u0119zyk ojczysty.<\/p>\n\n\n\n<h2 class=\"wp-block-heading\">Nasze us\u0142ugi t\u0142umacze\u0144 z j\u0119zyka tureckiego<\/h2>\n\n\n\n<ul class=\"wp-block-list\"><li><a href=\"https:\/\/culturesconnection.com\/pl\/nasze-uslugi-tlumaczen-finansowych-z-tureckiego\/\">T\u0142umaczenia finansowe z tureckiego<\/a><\/li><li><a href=\"https:\/\/culturesconnection.com\/pl\/nasze-uslugi-tureckich-tlumaczen-biznesowych\/\">T\u0142umaczenia biznesowe z tureckiego<\/a><\/li><li><a href=\"https:\/\/culturesconnection.com\/pl\/?page_id=13386\">T\u0142umaczenia naukowe z tureckiego<\/a><\/li><li><a href=\"https:\/\/culturesconnection.com\/pl\/?page_id=13385\">T\u0142umaczenia medyczne z tureckiego<\/a><\/li><li><a href=\"https:\/\/culturesconnection.com\/pl\/?page_id=13388\">T\u0142umaczenia techniczne z tureckiego<\/a><\/li><li><a href=\"https:\/\/culturesconnection.com\/pl\/nasze-uslugi-tlumaczen-prawniczych-z-tureckiego\/\">T\u0142umaczenia prawnicze z tureckiego<\/a><\/li><li><a href=\"https:\/\/culturesconnection.com\/pl\/?page_id=13692\">T\u0142umaczenia marketingowe z tureckiego<\/a><\/li><li><a href=\"https:\/\/culturesconnection.com\/pl\/?page_id=13389\">T\u0142umaczenia stron internetowych z tureckiego<\/a><\/li><li><a href=\"https:\/\/culturesconnection.com\/pl\/?page_id=13387\">Tworzenie napis\u00f3w z tureckiego<\/a><\/li><li><a href=\"https:\/\/culturesconnection.com\/pl\/?page_id=13693\">T\u0142umaczenia gier wideo z tureckiego<\/a><\/li><li>T\u0142umaczenia ekspresowe z tureckiego<\/li><\/ul>\n","protected":false},"excerpt":{"rendered":"<p>Profesjonalne us\u0142ugi t\u0142umacze\u0144 tureckich Zastanawiasz si\u0119 nad przet\u0142umaczeniem swoich dokument\u00f3w na turecki? \u015awietny pomys\u0142! Turecka gospodarka charakteryzuje si\u0119 du\u017cym, krajowym rynkiem zbytu (75 milion\u00f3w konsument\u00f3w) [&#8230;]<\/p>\n<p><a class=\"btn btn-secondary understrap-read-more-link\" href=\"https:\/\/culturesconnection.com\/pl\/nasze-uslugi-tlumaczen-tureckich\/\">Czytaj dalej\u2026<span class=\"screen-reader-text\"> from Nasze us\u0142ugi t\u0142umacze\u0144 tureckich<\/span><\/a><\/p>\n","protected":false},"author":22,"featured_media":23256,"parent":0,"menu_order":0,"comment_status":"closed","ping_status":"closed","template":"","meta":{"_acf_changed":false,"_editorskit_title_hidden":false,"_editorskit_reading_time":1,"_editorskit_is_block_options_detached":false,"_editorskit_block_options_position":"{}","footnotes":""},"class_list":["post-11786","page","type-page","status-publish","has-post-thumbnail","hentry"],"acf":[],"yoast_head":"<!-- This site is optimized with the Yoast SEO Premium plugin v23.4 (Yoast SEO v27.3) - https:\/\/yoast.com\/product\/yoast-seo-premium-wordpress\/ -->\n<title>Nasze us\u0142ugi t\u0142umacze\u0144 tureckich<\/title>\n<meta name=\"description\" content=\"Cultures Connection oferuje profesjonalne us\u0142ugi t\u0142umacze\u0144 tureckich. Konkurencyjne ceny, darmowa wycena, terminowo\u015b\u0107 i wieloletnie do\u015bwiadczenie.\" \/>\n<meta name=\"robots\" content=\"index, follow, max-snippet:-1, max-image-preview:large, max-video-preview:-1\" \/>\n<link rel=\"canonical\" href=\"https:\/\/culturesconnection.com\/pl\/nasze-uslugi-tlumaczen-tureckich\/\" \/>\n<meta property=\"og:locale\" content=\"pl_PL\" \/>\n<meta property=\"og:type\" content=\"article\" \/>\n<meta property=\"og:title\" content=\"Nasze us\u0142ugi t\u0142umacze\u0144 tureckich\" \/>\n<meta property=\"og:description\" content=\"Cultures Connection oferuje profesjonalne us\u0142ugi t\u0142umacze\u0144 tureckich. Konkurencyjne ceny, darmowa wycena, terminowo\u015b\u0107 i wieloletnie do\u015bwiadczenie.\" \/>\n<meta property=\"og:url\" content=\"https:\/\/culturesconnection.com\/pl\/nasze-uslugi-tlumaczen-tureckich\/\" \/>\n<meta property=\"og:site_name\" content=\"Cultures Connection\" \/>\n<meta property=\"article:publisher\" content=\"https:\/\/www.facebook.com\/CulturesConnection\" \/>\n<meta property=\"article:modified_time\" content=\"2022-08-03T08:53:37+00:00\" \/>\n<meta property=\"og:image\" content=\"https:\/\/culturesconnection.com\/wp-content\/uploads\/2020\/09\/P\u00e4gina_Servicios_de_traducci\u00f3n_por_idioma.png\" \/>\n\t<meta property=\"og:image:width\" content=\"1417\" \/>\n\t<meta property=\"og:image:height\" content=\"561\" \/>\n\t<meta property=\"og:image:type\" content=\"image\/png\" \/>\n<meta name=\"twitter:card\" content=\"summary_large_image\" \/>\n<meta name=\"twitter:site\" content=\"@CulturesCo_\" \/>\n<meta name=\"twitter:label1\" content=\"Szacowany czas czytania\" \/>\n\t<meta name=\"twitter:data1\" content=\"2 minuty\" \/>\n<script type=\"application\/ld+json\" class=\"yoast-schema-graph\">{\"@context\":\"https:\\\/\\\/schema.org\",\"@graph\":[{\"@type\":\"WebPage\",\"@id\":\"https:\\\/\\\/culturesconnection.com\\\/pl\\\/nasze-uslugi-tlumaczen-tureckich\\\/\",\"url\":\"https:\\\/\\\/culturesconnection.com\\\/pl\\\/nasze-uslugi-tlumaczen-tureckich\\\/\",\"name\":\"Nasze us\u0142ugi t\u0142umacze\u0144 tureckich\",\"isPartOf\":{\"@id\":\"https:\\\/\\\/culturesconnection.com\\\/fr\\\/#website\"},\"primaryImageOfPage\":{\"@id\":\"https:\\\/\\\/culturesconnection.com\\\/pl\\\/nasze-uslugi-tlumaczen-tureckich\\\/#primaryimage\"},\"image\":{\"@id\":\"https:\\\/\\\/culturesconnection.com\\\/pl\\\/nasze-uslugi-tlumaczen-tureckich\\\/#primaryimage\"},\"thumbnailUrl\":\"https:\\\/\\\/culturesconnection.com\\\/wp-content\\\/uploads\\\/2020\\\/09\\\/P\u00e4gina_Servicios_de_traducci\u00f3n_por_idioma.png\",\"datePublished\":\"2018-11-06T11:44:32+00:00\",\"dateModified\":\"2022-08-03T08:53:37+00:00\",\"description\":\"Cultures Connection oferuje profesjonalne us\u0142ugi t\u0142umacze\u0144 tureckich. Konkurencyjne ceny, darmowa wycena, terminowo\u015b\u0107 i wieloletnie do\u015bwiadczenie.\",\"breadcrumb\":{\"@id\":\"https:\\\/\\\/culturesconnection.com\\\/pl\\\/nasze-uslugi-tlumaczen-tureckich\\\/#breadcrumb\"},\"inLanguage\":\"pl-PL\",\"potentialAction\":[{\"@type\":\"ReadAction\",\"target\":[\"https:\\\/\\\/culturesconnection.com\\\/pl\\\/nasze-uslugi-tlumaczen-tureckich\\\/\"]}]},{\"@type\":\"ImageObject\",\"inLanguage\":\"pl-PL\",\"@id\":\"https:\\\/\\\/culturesconnection.com\\\/pl\\\/nasze-uslugi-tlumaczen-tureckich\\\/#primaryimage\",\"url\":\"https:\\\/\\\/culturesconnection.com\\\/wp-content\\\/uploads\\\/2020\\\/09\\\/P\u00e4gina_Servicios_de_traducci\u00f3n_por_idioma.png\",\"contentUrl\":\"https:\\\/\\\/culturesconnection.com\\\/wp-content\\\/uploads\\\/2020\\\/09\\\/P\u00e4gina_Servicios_de_traducci\u00f3n_por_idioma.png\",\"width\":1417,\"height\":561},{\"@type\":\"BreadcrumbList\",\"@id\":\"https:\\\/\\\/culturesconnection.com\\\/pl\\\/nasze-uslugi-tlumaczen-tureckich\\\/#breadcrumb\",\"itemListElement\":[{\"@type\":\"ListItem\",\"position\":1,\"name\":\"Home\",\"item\":\"https:\\\/\\\/culturesconnection.com\\\/pl\\\/\"},{\"@type\":\"ListItem\",\"position\":2,\"name\":\"Nasze us\u0142ugi t\u0142umacze\u0144 tureckich\"}]},{\"@type\":\"WebSite\",\"@id\":\"https:\\\/\\\/culturesconnection.com\\\/fr\\\/#website\",\"url\":\"https:\\\/\\\/culturesconnection.com\\\/fr\\\/\",\"name\":\"Cultures Connection\",\"description\":\"Cultures Connection is a translation agency dedicated to the success of its international clients.\",\"publisher\":{\"@id\":\"https:\\\/\\\/culturesconnection.com\\\/fr\\\/#organization\"},\"potentialAction\":[{\"@type\":\"SearchAction\",\"target\":{\"@type\":\"EntryPoint\",\"urlTemplate\":\"https:\\\/\\\/culturesconnection.com\\\/fr\\\/?s={search_term_string}\"},\"query-input\":{\"@type\":\"PropertyValueSpecification\",\"valueRequired\":true,\"valueName\":\"search_term_string\"}}],\"inLanguage\":\"pl-PL\"},{\"@type\":\"Organization\",\"@id\":\"https:\\\/\\\/culturesconnection.com\\\/fr\\\/#organization\",\"name\":\"Cultures Connection\",\"url\":\"https:\\\/\\\/culturesconnection.com\\\/fr\\\/\",\"logo\":{\"@type\":\"ImageObject\",\"inLanguage\":\"pl-PL\",\"@id\":\"https:\\\/\\\/culturesconnection.com\\\/fr\\\/#\\\/schema\\\/logo\\\/image\\\/\",\"url\":\"https:\\\/\\\/culturesconnection.com\\\/wp-content\\\/uploads\\\/2022\\\/06\\\/cropped-favicon512x512.png\",\"contentUrl\":\"https:\\\/\\\/culturesconnection.com\\\/wp-content\\\/uploads\\\/2022\\\/06\\\/cropped-favicon512x512.png\",\"width\":512,\"height\":512,\"caption\":\"Cultures Connection\"},\"image\":{\"@id\":\"https:\\\/\\\/culturesconnection.com\\\/fr\\\/#\\\/schema\\\/logo\\\/image\\\/\"},\"sameAs\":[\"https:\\\/\\\/www.facebook.com\\\/CulturesConnection\",\"https:\\\/\\\/x.com\\\/CulturesCo_\"]}]}<\/script>\n<!-- \/ Yoast SEO Premium plugin. -->","yoast_head_json":{"title":"Nasze us\u0142ugi t\u0142umacze\u0144 tureckich","description":"Cultures Connection oferuje profesjonalne us\u0142ugi t\u0142umacze\u0144 tureckich. Konkurencyjne ceny, darmowa wycena, terminowo\u015b\u0107 i wieloletnie do\u015bwiadczenie.","robots":{"index":"index","follow":"follow","max-snippet":"max-snippet:-1","max-image-preview":"max-image-preview:large","max-video-preview":"max-video-preview:-1"},"canonical":"https:\/\/culturesconnection.com\/pl\/nasze-uslugi-tlumaczen-tureckich\/","og_locale":"pl_PL","og_type":"article","og_title":"Nasze us\u0142ugi t\u0142umacze\u0144 tureckich","og_description":"Cultures Connection oferuje profesjonalne us\u0142ugi t\u0142umacze\u0144 tureckich. Konkurencyjne ceny, darmowa wycena, terminowo\u015b\u0107 i wieloletnie do\u015bwiadczenie.","og_url":"https:\/\/culturesconnection.com\/pl\/nasze-uslugi-tlumaczen-tureckich\/","og_site_name":"Cultures Connection","article_publisher":"https:\/\/www.facebook.com\/CulturesConnection","article_modified_time":"2022-08-03T08:53:37+00:00","og_image":[{"width":1417,"height":561,"url":"https:\/\/culturesconnection.com\/wp-content\/uploads\/2020\/09\/P\u00e4gina_Servicios_de_traducci\u00f3n_por_idioma.png","type":"image\/png"}],"twitter_card":"summary_large_image","twitter_site":"@CulturesCo_","twitter_misc":{"Szacowany czas czytania":"2 minuty"},"schema":{"@context":"https:\/\/schema.org","@graph":[{"@type":"WebPage","@id":"https:\/\/culturesconnection.com\/pl\/nasze-uslugi-tlumaczen-tureckich\/","url":"https:\/\/culturesconnection.com\/pl\/nasze-uslugi-tlumaczen-tureckich\/","name":"Nasze us\u0142ugi t\u0142umacze\u0144 tureckich","isPartOf":{"@id":"https:\/\/culturesconnection.com\/fr\/#website"},"primaryImageOfPage":{"@id":"https:\/\/culturesconnection.com\/pl\/nasze-uslugi-tlumaczen-tureckich\/#primaryimage"},"image":{"@id":"https:\/\/culturesconnection.com\/pl\/nasze-uslugi-tlumaczen-tureckich\/#primaryimage"},"thumbnailUrl":"https:\/\/culturesconnection.com\/wp-content\/uploads\/2020\/09\/P\u00e4gina_Servicios_de_traducci\u00f3n_por_idioma.png","datePublished":"2018-11-06T11:44:32+00:00","dateModified":"2022-08-03T08:53:37+00:00","description":"Cultures Connection oferuje profesjonalne us\u0142ugi t\u0142umacze\u0144 tureckich. Konkurencyjne ceny, darmowa wycena, terminowo\u015b\u0107 i wieloletnie do\u015bwiadczenie.","breadcrumb":{"@id":"https:\/\/culturesconnection.com\/pl\/nasze-uslugi-tlumaczen-tureckich\/#breadcrumb"},"inLanguage":"pl-PL","potentialAction":[{"@type":"ReadAction","target":["https:\/\/culturesconnection.com\/pl\/nasze-uslugi-tlumaczen-tureckich\/"]}]},{"@type":"ImageObject","inLanguage":"pl-PL","@id":"https:\/\/culturesconnection.com\/pl\/nasze-uslugi-tlumaczen-tureckich\/#primaryimage","url":"https:\/\/culturesconnection.com\/wp-content\/uploads\/2020\/09\/P\u00e4gina_Servicios_de_traducci\u00f3n_por_idioma.png","contentUrl":"https:\/\/culturesconnection.com\/wp-content\/uploads\/2020\/09\/P\u00e4gina_Servicios_de_traducci\u00f3n_por_idioma.png","width":1417,"height":561},{"@type":"BreadcrumbList","@id":"https:\/\/culturesconnection.com\/pl\/nasze-uslugi-tlumaczen-tureckich\/#breadcrumb","itemListElement":[{"@type":"ListItem","position":1,"name":"Home","item":"https:\/\/culturesconnection.com\/pl\/"},{"@type":"ListItem","position":2,"name":"Nasze us\u0142ugi t\u0142umacze\u0144 tureckich"}]},{"@type":"WebSite","@id":"https:\/\/culturesconnection.com\/fr\/#website","url":"https:\/\/culturesconnection.com\/fr\/","name":"Cultures Connection","description":"Cultures Connection is a translation agency dedicated to the success of its international clients.","publisher":{"@id":"https:\/\/culturesconnection.com\/fr\/#organization"},"potentialAction":[{"@type":"SearchAction","target":{"@type":"EntryPoint","urlTemplate":"https:\/\/culturesconnection.com\/fr\/?s={search_term_string}"},"query-input":{"@type":"PropertyValueSpecification","valueRequired":true,"valueName":"search_term_string"}}],"inLanguage":"pl-PL"},{"@type":"Organization","@id":"https:\/\/culturesconnection.com\/fr\/#organization","name":"Cultures Connection","url":"https:\/\/culturesconnection.com\/fr\/","logo":{"@type":"ImageObject","inLanguage":"pl-PL","@id":"https:\/\/culturesconnection.com\/fr\/#\/schema\/logo\/image\/","url":"https:\/\/culturesconnection.com\/wp-content\/uploads\/2022\/06\/cropped-favicon512x512.png","contentUrl":"https:\/\/culturesconnection.com\/wp-content\/uploads\/2022\/06\/cropped-favicon512x512.png","width":512,"height":512,"caption":"Cultures Connection"},"image":{"@id":"https:\/\/culturesconnection.com\/fr\/#\/schema\/logo\/image\/"},"sameAs":["https:\/\/www.facebook.com\/CulturesConnection","https:\/\/x.com\/CulturesCo_"]}]}},"_links":{"self":[{"href":"https:\/\/culturesconnection.com\/pl\/wp-json\/wp\/v2\/pages\/11786","targetHints":{"allow":["GET"]}}],"collection":[{"href":"https:\/\/culturesconnection.com\/pl\/wp-json\/wp\/v2\/pages"}],"about":[{"href":"https:\/\/culturesconnection.com\/pl\/wp-json\/wp\/v2\/types\/page"}],"author":[{"embeddable":true,"href":"https:\/\/culturesconnection.com\/pl\/wp-json\/wp\/v2\/users\/22"}],"replies":[{"embeddable":true,"href":"https:\/\/culturesconnection.com\/pl\/wp-json\/wp\/v2\/comments?post=11786"}],"version-history":[{"count":0,"href":"https:\/\/culturesconnection.com\/pl\/wp-json\/wp\/v2\/pages\/11786\/revisions"}],"wp:featuredmedia":[{"embeddable":true,"href":"https:\/\/culturesconnection.com\/pl\/wp-json\/wp\/v2\/media\/23256"}],"wp:attachment":[{"href":"https:\/\/culturesconnection.com\/pl\/wp-json\/wp\/v2\/media?parent=11786"}],"curies":[{"name":"wp","href":"https:\/\/api.w.org\/{rel}","templated":true}]}}