{"id":11755,"date":"2018-11-02T12:17:41","date_gmt":"2018-11-02T10:17:41","guid":{"rendered":"http:\/\/culturesconnection.com\/?page_id=11755"},"modified":"2022-07-18T14:36:10","modified_gmt":"2022-07-18T12:36:10","slug":"nasze-uslugi-tlumaczen-i-lokalizacji-gier-wideo","status":"publish","type":"page","link":"https:\/\/culturesconnection.com\/pl\/nasze-uslugi-tlumaczen-i-lokalizacji-gier-wideo\/","title":{"rendered":"Nasze us\u0142ugi t\u0142umacze\u0144 i lokalizacji gier wideo"},"content":{"rendered":"\n<h2 class=\"wp-block-heading\">Nasze us\u0142ugi t\u0142umacze\u0144 i lokalizacji gier wideo<\/h2>\n\n\n\n<p>Nasze us\u0142ugi t\u0142umacze\u0144 i&nbsp;lokalizacji gier wideo, sprawiaj\u0105, \u017ce jeste\u015bmy dzisiaj dumni, oferuj\u0105c niemaj\u0105ce sobie r\u00f3wnych do\u015bwiadczenie, niezale\u017cnie od tego czy jest to gracz japo\u0144ski czy francuski. Istnieje wiele os\u00f3b, kt\u00f3re b\u0142\u0119dnie uwa\u017caj\u0105, \u017ce ca\u0142y ten proces jest zwyk\u0142ym t\u0142umaczeniem &#8211; nic bardziej mylnego! Ca\u0142o\u015b\u0107 us\u0142ugi sk\u0142ada si\u0119 na uwa\u017cne dostosowanie produktu do j\u0119zyka i kulturalnych odniesie\u0144 okre\u015blonego rynku przy jednoczesnym poszanowaniu oryginalnego znaczenia, d\u0142ugo\u015bci tekstu i kontekstu. W \u015bwiecie gier wideo, elementy wizualne interfejsu (dialogi, napisy, menu, wska\u017aniki, inwentarze, instrukcje, itd.) s\u0105 zwykle przepisywane i dopracowywane wraz z materia\u0142ami informacyjnymi (napisy, instrukcja, komunikaty prasowe&#8230;).<\/p>\n\n\n\n<p>Lokalizacja zawarto\u015bci gier wideo, niezale\u017cnie czy jest to gra akcji lub gra o charakterze bardziej edukacyjnym, to bez w\u0105tpienia \u017cmudne zadanie. Obowi\u0105zkiem t\u0142umacza, kt\u00f3ry \u015bwiadczy us\u0142ugi t\u0142umacze\u0144 i lokalizacji gier wideo, jest przekazanie niezb\u0119dnych informacji graczowi na czas aby m\u00f3g\u0142\/-a si\u0119 ni\u0105 pos\u0142ugiwa\u0107 bez problemu. T\u0142umaczenie gry wideo pomaga r\u00f3wnie\u017c zwi\u0119kszy\u0107 zasi\u0119g u\u017cytkownik\u00f3w poprzez jej dystrybucj\u0119 do r\u00f3\u017cnych kraj\u00f3w na ca\u0142ym \u015bwiecie.<\/p>\n\n\n\n<h2 class=\"wp-block-heading\">Nasza agencja t\u0142umacze\u0144<\/h2>\n\n\n\n<p>Dzi\u0119ki naszej obszernej wiedzy w dziedzinie t\u0142umacze\u0144 pisemnych, ustnych i tworzenia napis\u00f3w,&nbsp;<a href=\"https:\/\/culturesconnection.com\/pl\/\">Cultures Connection<\/a> rozszerzy\u0142 zakres swoich <a href=\"https:\/\/culturesconnection.com\/pl\/profesjonalne-uslugi-tlumaczeniowe-we-wszystkich-jezykach\/\">us\u0142ug<\/a> od momentu do\u0142\u0105czenia do swojej oferty lokalizacji gier wideo. Nasze d\u0142ugie godziny pracy oraz obecno\u015b\u0107 we Francji (Pary\u017c i Nicea) i w Argentynie (Buenos Aires) oznaczaj\u0105, \u017ce mo\u017cemy liczy\u0107 na globaln\u0105 sie\u0107 naszych t\u0142umaczy, posiadaj\u0105cych rozleg\u0142\u0105 wiedz\u0119 w dziedzinie t\u0142umacze\u0144 gier wideo. Wybieramy cz\u0142onk\u00f3w naszego zespo\u0142u kieruj\u0105c si\u0119 ich kwalifikacjami i do\u015bwiadczeniem, jak r\u00f3wnie\u017c faktem, \u017ce sami musz\u0105 by\u0107 graczami. Ka\u017cdy z nich pracowa\u0142 z wiod\u0105cymi w bran\u017cy gier wideo korporacjami i s\u0105 na bie\u017c\u0105co z najnowszymi technikami t\u0142umaczeniowymi wykorzystywanymi w ich dziedzinie.<\/p>\n\n\n\n<p>Jako <strong>biuro t\u0142umacze\u0144 zajmuj\u0105ce si\u0119 lokalizacj\u0105 gier wideo<\/strong>, naszym zadaniem jest ustalenie zwi\u0105zku mi\u0119dzy t\u0142umaczami i programistami. Podczas ca\u0142ego procesu nasi kierownicy projekt\u00f3w i testerzy pracuj\u0105 nad udzieleniem odpowiedzi na pytania t\u0142umaczy, w celu u\u0142atwienia ich pracy i pomocy w dotrzymaniu wyznaczonych termin\u00f3w. Po zako\u0144czeniu t\u0142umaczenia, musimy mie\u0107 pewno\u015b\u0107, \u017ce ko\u0144cowa tre\u015b\u0107 jest sp\u00f3jna z wersj\u0105 oryginaln\u0105, wykorzystuj\u0105c nasze procesy kontroli jako\u015bci.<\/p>\n\n\n\n<h2 class=\"wp-block-heading\">Profesjonalne us\u0142ugi t\u0142umacze\u0144 gier wideo<\/h2>\n\n\n\n<p>Cultures Connection oferuje mo\u017cliwo\u015b\u0107 optymalizacji do\u015bwiadczenia u\u017cytkownika gry. Opr\u00f3cz lokalizacji i t\u0142umaczenia gier wideo, zapewniamy r\u00f3wnie\u017c nast\u0119puj\u0105ce us\u0142ugi:<\/p>\n\n\n\n<ul class=\"wp-block-list\"><li>Zarz\u0105dzanie projektami<\/li><li>T\u0142umaczenie gier wideo<\/li><li>Lokalizacja gier wideo<\/li><li>Tworzenie napis\u00f3w<\/li><li>Nagrywanie i dubbing<\/li><li>QA, potwierdzenie jako\u015bci<\/li><\/ul>\n\n\n\n<h2 class=\"wp-block-heading\">T\u0142umaczenie gier wideo we wszystkich j\u0119zykach<\/h2>\n\n\n\n<ul class=\"wp-block-list\"><li><a href=\"https:\/\/culturesconnection.com\/pl\/francuskie-uslugi-tlumaczen-gier-wideo\/\">T\u0142umaczenie gier wideo na j\u0119zyk francuski<\/a><\/li><li><a href=\"https:\/\/culturesconnection.com\/pl\/?page_id=13497\">T\u0142umaczenie gier wideo na j\u0119zyk hiszpa\u0144ski<\/a><\/li><li><a href=\"https:\/\/culturesconnection.com\/pl\/niemieckie-tlumaczenia-gier-wideo\/\">T\u0142umaczenie gier wideo na j\u0119zyk niemiecki<\/a><\/li><li><a href=\"https:\/\/culturesconnection.com\/pl\/chinskie-uslugi-tlumaczen-gier-wideo\/\">T\u0142umaczenie gier wideo na j\u0119zyk chi\u0144ski<\/a><\/li><li><a href=\"https:\/\/culturesconnection.com\/pl\/arabskie-uslugi-tlumaczen-gier-wideo\/\">T\u0142umaczenie gier wideo na j\u0119zyk arabski<\/a><\/li><li><a href=\"https:\/\/culturesconnection.com\/pl\/?page_id=13493\">T\u0142umaczenie gier wideo na j\u0119zyk portugalski<\/a><\/li><li><a href=\"https:\/\/culturesconnection.com\/pl\/wloskie-tlumaczenia-gier-wideo\/\">T\u0142umaczenie gier wideo na j\u0119zyk w\u0142oski<\/a><\/li><li><a href=\"https:\/\/culturesconnection.com\/pl\/niderlandzkie-tlumaczenia-gier-wideo\/\">T\u0142umaczenie gier wideo na j\u0119zyk niderlandzki<\/a><\/li><li><a href=\"https:\/\/culturesconnection.com\/pl\/?page_id=13693\">T\u0142umaczenie gier wideo na j\u0119zyk turecki<\/a><\/li><li><a href=\"https:\/\/culturesconnection.com\/pl\/japonskie-uslugi-tlumaczen-gier-wideo\/\">T\u0142umaczenie gier wideo na j\u0119zyk japo\u0144ski<\/a><\/li><li><a href=\"https:\/\/culturesconnection.com\/pl\/?page_id=13495\">T\u0142umaczenie gier wideo na j\u0119zyk rosyjski<\/a><\/li><\/ul>\n","protected":false},"excerpt":{"rendered":"<p>Nasze us\u0142ugi t\u0142umacze\u0144 i lokalizacji gier wideo Nasze us\u0142ugi t\u0142umacze\u0144 i&nbsp;lokalizacji gier wideo, sprawiaj\u0105, \u017ce jeste\u015bmy dzisiaj dumni, oferuj\u0105c niemaj\u0105ce sobie r\u00f3wnych do\u015bwiadczenie, niezale\u017cnie od [&#8230;]<\/p>\n<p><a class=\"btn btn-secondary understrap-read-more-link\" href=\"https:\/\/culturesconnection.com\/pl\/nasze-uslugi-tlumaczen-i-lokalizacji-gier-wideo\/\">Czytaj dalej\u2026<span class=\"screen-reader-text\"> from Nasze us\u0142ugi t\u0142umacze\u0144 i lokalizacji gier wideo<\/span><\/a><\/p>\n","protected":false},"author":22,"featured_media":12029,"parent":0,"menu_order":0,"comment_status":"closed","ping_status":"closed","template":"","meta":{"_acf_changed":false,"_editorskit_title_hidden":false,"_editorskit_reading_time":2,"_editorskit_is_block_options_detached":false,"_editorskit_block_options_position":"{}","footnotes":""},"class_list":["post-11755","page","type-page","status-publish","has-post-thumbnail","hentry"],"acf":[],"_links":{"self":[{"href":"https:\/\/culturesconnection.com\/pl\/wp-json\/wp\/v2\/pages\/11755","targetHints":{"allow":["GET"]}}],"collection":[{"href":"https:\/\/culturesconnection.com\/pl\/wp-json\/wp\/v2\/pages"}],"about":[{"href":"https:\/\/culturesconnection.com\/pl\/wp-json\/wp\/v2\/types\/page"}],"author":[{"embeddable":true,"href":"https:\/\/culturesconnection.com\/pl\/wp-json\/wp\/v2\/users\/22"}],"replies":[{"embeddable":true,"href":"https:\/\/culturesconnection.com\/pl\/wp-json\/wp\/v2\/comments?post=11755"}],"version-history":[{"count":0,"href":"https:\/\/culturesconnection.com\/pl\/wp-json\/wp\/v2\/pages\/11755\/revisions"}],"wp:featuredmedia":[{"embeddable":true,"href":"https:\/\/culturesconnection.com\/pl\/wp-json\/wp\/v2\/media\/12029"}],"wp:attachment":[{"href":"https:\/\/culturesconnection.com\/pl\/wp-json\/wp\/v2\/media?parent=11755"}],"curies":[{"name":"wp","href":"https:\/\/api.w.org\/{rel}","templated":true}]}}