{"id":11714,"date":"2018-11-02T11:30:06","date_gmt":"2018-11-02T09:30:06","guid":{"rendered":"http:\/\/culturesconnection.com\/?page_id=11714"},"modified":"2022-07-18T12:29:04","modified_gmt":"2022-07-18T10:29:04","slug":"nasze-tlumaczenia-dokumentow-technicznych","status":"publish","type":"page","link":"https:\/\/culturesconnection.com\/pl\/nasze-tlumaczenia-dokumentow-technicznych\/","title":{"rendered":"Nasze t\u0142umaczenia dokument\u00f3w technicznych"},"content":{"rendered":"\n<h2 class=\"wp-block-heading\">T\u0142umaczenia dokument\u00f3w technicznych<\/h2>\n\n\n\n<p>Zlecaj\u0105c t\u0142umaczenia dokument\u00f3w technicznych upewnij si\u0119, \u017ce klienci zrozumiej\u0105 jak korzysta\u0107 z Twojego produktu.&nbsp;Wszechobecno\u015b\u0107 nauki i technologii w dzisiejszych czasach rozwin\u0119\u0142a si\u0119 do tego stopnia, \u017ce <strong>t\u0142umaczenia techniczne sta\u0142y si\u0119 podstawowym elementem<\/strong>, kt\u00f3rym biznes musi si\u0119 zaj\u0105\u0107. T\u0142umaczenia dokument\u00f3w technicznych (podr\u0119czniki, instrukcje, poradniki, patenty, raporty, itd.) obecnie sta\u0142o si\u0119 wymogiem dla korporacji, szczeg\u00f3lnie tych, chc\u0105cych zdoby\u0107 uznanie na szczeblu mi\u0119dzynarodowym. Poziom trudno\u015bci dla t\u0142umacza ma dwojaki charakter: musz\u0105 precyzyjnie odda\u0107 znaczenie technicznych termin\u00f3w, ale r\u00f3wnie\u017c dostosowa\u0107 je do miejscowej kultury.<\/p>\n\n\n\n<h2 class=\"wp-block-heading\">Nasza agencja t\u0142umacze\u0144 technicznych<\/h2>\n\n\n\n<p>Poniewa\u017c jako\u015b\u0107 jest zawsze najwy\u017cszym priorytetem, <a href=\"https:\/\/culturesconnection.com\/pl\/\">Cultures Connection<\/a> wybiera ekspert\u00f3w, kt\u00f3rzy \u0142\u0105cz\u0105 wysok\u0105 znajomo\u015b\u0107 j\u0119zyka z rzeteln\u0105 wiedz\u0105 w danej dziedzinie.<\/p>\n\n\n\n<p>Nasi <strong>t\u0142umacze techniczni<\/strong> posiadaj\u0105 kompetencje w szerokim zakresie r\u00f3\u017cnych dyscyplin w tym in\u017cynieria, in\u017cynieria mechaniczna, produkcja przemys\u0142owa, programy graficzne, przemys\u0142 motoryzacyjny, aeronautyka, lotnictwo, przemys\u0142 chemiczny, przemys\u0142 naftowy, elektronika, informatyka, przemys\u0142 stalowy, energie odnawialne i technologie s\u0142oneczne, a nawet zaawansowane uk\u0142ady dyskretne.<\/p>\n\n\n\n<p>Jako\u015b\u0107 naszych <a href=\"https:\/\/culturesconnection.com\/pl\/profesjonalne-uslugi-tlumaczeniowe-we-wszystkich-jezykach\/\">us\u0142ug t\u0142umaczeniowych<\/a> jest zapewniona poprzez wyb\u00f3r t\u0142umaczy na podstawie ich kwalifikacji i zawodowego do\u015bwiadczenia. Nasi lingwi\u015bci zawsze t\u0142umacz\u0105 na sw\u00f3j j\u0119zyk ojczysty.<\/p>\n\n\n\n<h2 class=\"wp-block-heading\">Nasze us\u0142ugi t\u0142umacze\u0144 technicznych<\/h2>\n\n\n\n<p>Dok\u0142adno\u015b\u0107 jest podstaw\u0105 naszej pracy, jako \u017ce nawet najmniejszy b\u0142\u0105d mo\u017ce poci\u0105gn\u0105\u0107 za sob\u0105 powa\u017cne konsekwencje. \u015awiat techniki opiera si\u0119 na jasnych i zwi\u0119z\u0142ych dokumentach. Mimo to, jak wiele razy czytali\u015bmy instrukcj\u0119 sprz\u0119tu AGD i nie zrozumieli\u015bmy nic z tego, co by\u0142o napisane? Lub co gorsza, znale\u017ali\u015bmy b\u0142\u0119dy w pisowni pokazuj\u0105ce jak niestarannie t\u0142umaczenie zosta\u0142o wykonane? W t\u0142umaczeniu dokument\u00f3w technicznych nie ma miejsca na improwizacj\u0119!<\/p>\n\n\n\n<p>Wreszcie, wa\u017cne jest, aby pami\u0119ta\u0107, \u017ce <strong>t\u0142umaczenia techniczne wymaga podw\u00f3jnych kompetencji<\/strong>: technicznych i j\u0119zykowych. Z tego powodu umiej\u0119tno\u015bci t\u0142umaczy musz\u0105 by\u0107 stale podnoszone i w\u0142a\u015bnie dlatego ten rodzaj t\u0142umacze\u0144 jest zazwyczaj bardziej kosztowny ni\u017c je\u015bli chodzi o prac\u0119 nad mniej skomplikowanym tekstem.<\/p>\n\n\n\n<h2 class=\"wp-block-heading\">T\u0142umaczenia dokument\u00f3w technicznych<\/h2>\n\n\n\n<p>Poni\u017cej przedstawiamy przyk\u0142ady dokument\u00f3w technicznych, kt\u00f3re cz\u0119sto t\u0142umaczymy:<\/p>\n\n\n\n<ul class=\"wp-block-list\"><li>Instalacje, programowania operator, konserwacje i instrukcje<\/li><li>Karty charakterystyki substancji niebezpiecznych (MSD)<\/li><li>Standardowe procedury operacyjne (SPO)<\/li><li>Rysunki techniczne<\/li><li>Procesy<\/li><li>Patenty<\/li><li>Teksty in\u017cynieryjne<\/li><li>Podr\u0119czniki dla obrabiarek (lub innych rodzaj\u00f3w maszyn)<\/li><li>Opisy i arkusze danych technicznych<\/li><li>Normy<\/li><li>Patenty<\/li><li>Wykazy danych<\/li><li>Cytaty<\/li><li>Przewodniki<\/li><li>Instrukcje techniczne<\/li><li>Instrukcje obs\u0142ugi<\/li><\/ul>\n\n\n\n<h2 class=\"wp-block-heading\">T\u0142umaczenia techniczne we wszystkich j\u0119zykach<\/h2>\n\n\n\n<ul class=\"wp-block-list\"><li><a href=\"https:\/\/culturesconnection.com\/pl\/nasze-francuskie-tlumaczenia-techniczne\/\">T\u0142umaczenia techniczne na j\u0119zyk francuski<\/a><\/li><li><a href=\"https:\/\/culturesconnection.com\/pl\/nasze-uslugi-tlumaczen-technicznych-z-jezyka-hiszpanskiego\/\">T\u0142umaczenia techniczne na j\u0119zyk hiszpa\u0144ski<\/a><\/li><li><a href=\"https:\/\/culturesconnection.com\/pl\/nasze-niemieckie-tlumaczenia-techniczne\/\">T\u0142umaczenia techniczne na j\u0119zyk niemiecki<\/a><\/li><li><a href=\"https:\/\/culturesconnection.com\/pl\/nasze-chinskie-tlumaczenia-techniczne\/\">T\u0142umaczenia techniczne na j\u0119zyk chi\u0144ski<\/a><\/li><li><a href=\"https:\/\/culturesconnection.com\/pl\/nasze-uslugi-tlumaczen-technicznych-z-jezyka-arabskiego\/\">T\u0142umaczenia techniczne na j\u0119zyk arabski<\/a><\/li><li><a href=\"https:\/\/culturesconnection.com\/pl\/?page_id=13395\">T\u0142umaczenia techniczne na j\u0119zyk portugalski<\/a><\/li><li><a href=\"https:\/\/culturesconnection.com\/pl\/nasze-wloskie-uslugi-tlumaczen-technicznych\/\">T\u0142umaczenia techniczne na j\u0119zyk w\u0142oski<\/a><\/li><li><a href=\"https:\/\/culturesconnection.com\/pl\/nasze-niderlandzkie-uslugi-tlumaczen-technicznych\/\">T\u0142umaczenia techniczne na j\u0119zyk niderlandzki<\/a><\/li><li><a href=\"https:\/\/culturesconnection.com\/pl\/?page_id=13388\">T\u0142umaczenia techniczne na j\u0119zyk turecki<\/a><\/li><li><a href=\"https:\/\/culturesconnection.com\/pl\/nasze-uslugi-w-zakresie-japonskich-tlumaczen-technicznych\/\">T\u0142umaczenia techniczne na j\u0119zyk japo\u0144ski<\/a><\/li><li><a href=\"https:\/\/culturesconnection.com\/pl\/nasze-uslugi-tlumaczen-technicznych-z-jezyka-rosyjskiego\/\">T\u0142umaczenia techniczne na j\u0119zyk rosyjski<\/a><\/li><\/ul>\n","protected":false},"excerpt":{"rendered":"<p>T\u0142umaczenia dokument\u00f3w technicznych Zlecaj\u0105c t\u0142umaczenia dokument\u00f3w technicznych upewnij si\u0119, \u017ce klienci zrozumiej\u0105 jak korzysta\u0107 z Twojego produktu.&nbsp;Wszechobecno\u015b\u0107 nauki i technologii w dzisiejszych czasach rozwin\u0119\u0142a si\u0119 [&#8230;]<\/p>\n<p><a class=\"btn btn-secondary understrap-read-more-link\" href=\"https:\/\/culturesconnection.com\/pl\/nasze-tlumaczenia-dokumentow-technicznych\/\">Czytaj dalej\u2026<span class=\"screen-reader-text\"> from Nasze t\u0142umaczenia dokument\u00f3w technicznych<\/span><\/a><\/p>\n","protected":false},"author":22,"featured_media":12060,"parent":0,"menu_order":0,"comment_status":"closed","ping_status":"closed","template":"","meta":{"_acf_changed":false,"_editorskit_title_hidden":false,"_editorskit_reading_time":1,"_editorskit_is_block_options_detached":false,"_editorskit_block_options_position":"{}","footnotes":""},"class_list":["post-11714","page","type-page","status-publish","has-post-thumbnail","hentry"],"acf":[],"_links":{"self":[{"href":"https:\/\/culturesconnection.com\/pl\/wp-json\/wp\/v2\/pages\/11714","targetHints":{"allow":["GET"]}}],"collection":[{"href":"https:\/\/culturesconnection.com\/pl\/wp-json\/wp\/v2\/pages"}],"about":[{"href":"https:\/\/culturesconnection.com\/pl\/wp-json\/wp\/v2\/types\/page"}],"author":[{"embeddable":true,"href":"https:\/\/culturesconnection.com\/pl\/wp-json\/wp\/v2\/users\/22"}],"replies":[{"embeddable":true,"href":"https:\/\/culturesconnection.com\/pl\/wp-json\/wp\/v2\/comments?post=11714"}],"version-history":[{"count":0,"href":"https:\/\/culturesconnection.com\/pl\/wp-json\/wp\/v2\/pages\/11714\/revisions"}],"wp:featuredmedia":[{"embeddable":true,"href":"https:\/\/culturesconnection.com\/pl\/wp-json\/wp\/v2\/media\/12060"}],"wp:attachment":[{"href":"https:\/\/culturesconnection.com\/pl\/wp-json\/wp\/v2\/media?parent=11714"}],"curies":[{"name":"wp","href":"https:\/\/api.w.org\/{rel}","templated":true}]}}