{"id":11687,"date":"2018-11-02T11:25:29","date_gmt":"2018-11-02T09:25:29","guid":{"rendered":"http:\/\/culturesconnection.com\/?page_id=11687"},"modified":"2022-07-18T14:12:29","modified_gmt":"2022-07-18T12:12:29","slug":"nasze-uslugi-tworzenia-napisow","status":"publish","type":"page","link":"https:\/\/culturesconnection.com\/pl\/nasze-uslugi-tworzenia-napisow\/","title":{"rendered":"Nasze us\u0142ugi tworzenia napis\u00f3w"},"content":{"rendered":"\n<h2 class=\"wp-block-heading\">Us\u0142ugi tworzenia napis\u00f3w: Twoje materia\u0142y multimedialne zostan\u0105 zlokalizowane<\/h2>\n\n\n\n<p>Czy to na du\u017cym ekranie, w telewizji, na stronie internetowej lub dla firmy, us\u0142ugi tworzenia napis\u00f3w do materia\u0142\u00f3w multimedialnych pomog\u0105 Ci dotrze\u0107 do szerszej widowni. Napisy lub dubbing Twojego wideo jest jednym z kluczowych krok\u00f3w do rozszerzenia dzia\u0142alno\u015bci na szczeblu mi\u0119dzynarodowym.<\/p>\n\n\n\n<p>W oparciu o do\u015bwiadczenie w procesie tworzenia napis\u00f3w, <a href=\"https:\/\/culturesconnection.com\/pl\/\">Cultures Connection<\/a> pracuje z t\u0142umaczami, kt\u00f3rzy specjalizuj\u0105 si\u0119 w rzetelnym przepisywaniu tekstu Twoich reklam, wideo instytucjonalnych, film\u00f3w dokumentalnych, gier wideo i film\u00f3w biznesowych, respektuj\u0105c jednocze\u015bnie potrzeby widz\u00f3w, aby mogli je swobodnie przeczyta\u0107 oraz zasady przestrzeni na ekranie.`<\/p>\n\n\n\n<p>Oferujemy jako\u015b\u0107 <a href=\"https:\/\/culturesconnection.com\/pl\/profesjonalne-uslugi-tlumaczeniowe-we-wszystkich-jezykach\/\">us\u0142ug t\u0142umaczeniowych<\/a> tre\u015bci audiowizualnych (napisy, transkrypcja, rozmowy poza ekranowe, lektor) dla wszystkich rodzaj\u00f3w medi\u00f3w.<\/p>\n\n\n\n<h2 class=\"wp-block-heading\">Tworzenie napis\u00f3w<\/h2>\n\n\n\n<p>Zajmujemy si\u0119 wieloj\u0119zycznymi us\u0142ugami tworzenia napis\u00f3w w zale\u017cno\u015bci od potrzeb klient\u00f3w:<\/p>\n\n\n\n<ul class=\"wp-block-list\"><li><strong>Transkrypcja <\/strong>(skrypt dostosowany do tekstu pisanego)<\/li><li><strong>Wyznaczniki czasowe<\/strong> (wska\u017aniki minut i sekund dla d\u017awi\u0119ku i\/lub napis\u00f3w)<\/li><li><strong>T\u0142umaczenie napis\u00f3w<\/strong><\/li><li><strong>Adaptacja napis\u00f3w<\/strong><\/li><\/ul>\n\n\n\n<p>Napisy materia\u0142\u00f3w audiowizualnych pozwalaj\u0105 widzom s\u0142ucha\u0107 w oryginalnym j\u0119zyku Twojego pliku multimedialnego i\/lub czyta\u0107 napisy. To r\u00f3wnie\u017c stanowi dobr\u0105 strategi\u0119 pod wzgl\u0119dem koszt\u00f3w i czasu, jest to tak\u017ce idealny spos\u00f3b, aby zacz\u0105\u0107 promowa\u0107 siebie na arenie mi\u0119dzynarodowej.<\/p>\n\n\n\n<h2 class=\"wp-block-heading\">Lektor i komentarze pozaekranowe<\/h2>\n\n\n\n<p><strong>Komentarze poza ekranem <\/strong>i <strong>lektor<\/strong> s\u0105 powszechne w filmach dokumentalnych, wywiadach, a tak\u017ce filmach instytucjonalnych. W obu przypadkach, jedna \u015bcie\u017cka g\u0142osowa jest zast\u0105piona drug\u0105 w obcym j\u0119zyku.<\/p>\n\n\n\n<p>G\u0142os poza ekranowy jest nagrywany przez osob\u0119 niewidoczn\u0105 na ekranie, ale obecn\u0105 na planie filmowym; podczas gdy lektor nie jest na nim fizycznie obecny.<\/p>\n\n\n\n<p>Nasza firma tworz\u0105ca napisy posiada w ofercie wykwalifikowanych t\u0142umaczy i technik\u00f3w audiowizualnych do Twojej dyspozycji, takie jak nagrywanie lektora i g\u0142os\u00f3w pozaekranowych.<\/p>\n\n\n\n<h2 class=\"wp-block-heading\">Us\u0142ugi tworzenia napis\u00f3w na wszystkie j\u0119zyki<\/h2>\n\n\n\n<ul class=\"wp-block-list\"><li><a href=\"https:\/\/culturesconnection.com\/pl\/nasze-francuskie-uslugi-tworzenia-napisow\/\">Tworzenie napis\u00f3w na j\u0119zyk francuski<\/a><\/li><li><a href=\"https:\/\/culturesconnection.com\/pl\/nasze-uslugi-tworzenia-napisow-z-hiszpanskiego\/\">Tworzenie napis\u00f3w na j\u0119zyk hiszpa\u0144ski<\/a><\/li><li><a href=\"https:\/\/culturesconnection.com\/pl\/nasze-polsko-niemieckie-uslugi-tworzenia-napisow\/\">Tworzenie napis\u00f3w na j\u0119zyk niemiecki<\/a><\/li><li><a href=\"https:\/\/culturesconnection.com\/pl\/nasze-chinskie-uslugi-tworzenia-napisow\/\">Tworzenie napis\u00f3w na j\u0119zyk chi\u0144ski<\/a><\/li><li><a href=\"https:\/\/culturesconnection.com\/pl\/nasze-arabskie-uslugi-tworzenia-napisow\/\">Tworzenie napis\u00f3w na j\u0119zyk arabski<\/a><\/li><li><a href=\"https:\/\/culturesconnection.com\/pl\/nasze-uslugi-tworzenia-napisow-z-jezyka-portugalskiego\/\">Tworzenie napis\u00f3w na j\u0119zyk portugalski<\/a><\/li><li><a href=\"https:\/\/culturesconnection.com\/pl\/nasze-wloskie-uslugi-tworzenia-napisow\/\">Tworzenie napis\u00f3w na j\u0119zyk w\u0142oski<\/a><\/li><li><a href=\"https:\/\/culturesconnection.com\/pl\/niderlandzkie-uslugi-tworzenia-napisow\/\">Tworzenie napis\u00f3w na j\u0119zyk niderlandzki<\/a><\/li><li><a href=\"https:\/\/culturesconnection.com\/pl\/?page_id=13387\">Tworzenie napis\u00f3w na j\u0119zyk turecki<\/a><\/li><li><a href=\"https:\/\/culturesconnection.com\/pl\/nasze-japonskie-uslugi-w-zakresie-tworzenia-napisow\/\">Tworzenie napis\u00f3w na j\u0119zyk japo\u0144ski<\/a><\/li><li><a href=\"https:\/\/culturesconnection.com\/pl\/nasze-uslugi-tworzenia-napisow-z-rosyjskiego\/\">Tworzenie napis\u00f3w na j\u0119zyk rosyjski<\/a><\/li><\/ul>\n","protected":false},"excerpt":{"rendered":"<p>Us\u0142ugi tworzenia napis\u00f3w: Twoje materia\u0142y multimedialne zostan\u0105 zlokalizowane Czy to na du\u017cym ekranie, w telewizji, na stronie internetowej lub dla firmy, us\u0142ugi tworzenia napis\u00f3w do [&#8230;]<\/p>\n<p><a class=\"btn btn-secondary understrap-read-more-link\" href=\"https:\/\/culturesconnection.com\/pl\/nasze-uslugi-tworzenia-napisow\/\">Czytaj dalej\u2026<span class=\"screen-reader-text\"> from Nasze us\u0142ugi tworzenia napis\u00f3w<\/span><\/a><\/p>\n","protected":false},"author":22,"featured_media":12097,"parent":0,"menu_order":0,"comment_status":"closed","ping_status":"closed","template":"","meta":{"_acf_changed":false,"_editorskit_title_hidden":false,"_editorskit_reading_time":1,"_editorskit_is_block_options_detached":false,"_editorskit_block_options_position":"{}","footnotes":""},"class_list":["post-11687","page","type-page","status-publish","has-post-thumbnail","hentry"],"acf":[],"_links":{"self":[{"href":"https:\/\/culturesconnection.com\/pl\/wp-json\/wp\/v2\/pages\/11687","targetHints":{"allow":["GET"]}}],"collection":[{"href":"https:\/\/culturesconnection.com\/pl\/wp-json\/wp\/v2\/pages"}],"about":[{"href":"https:\/\/culturesconnection.com\/pl\/wp-json\/wp\/v2\/types\/page"}],"author":[{"embeddable":true,"href":"https:\/\/culturesconnection.com\/pl\/wp-json\/wp\/v2\/users\/22"}],"replies":[{"embeddable":true,"href":"https:\/\/culturesconnection.com\/pl\/wp-json\/wp\/v2\/comments?post=11687"}],"version-history":[{"count":0,"href":"https:\/\/culturesconnection.com\/pl\/wp-json\/wp\/v2\/pages\/11687\/revisions"}],"wp:featuredmedia":[{"embeddable":true,"href":"https:\/\/culturesconnection.com\/pl\/wp-json\/wp\/v2\/media\/12097"}],"wp:attachment":[{"href":"https:\/\/culturesconnection.com\/pl\/wp-json\/wp\/v2\/media?parent=11687"}],"curies":[{"name":"wp","href":"https:\/\/api.w.org\/{rel}","templated":true}]}}