{"id":11686,"date":"2018-11-02T11:40:25","date_gmt":"2018-11-02T09:40:25","guid":{"rendered":"http:\/\/culturesconnection.com\/?page_id=11686"},"modified":"2022-07-18T14:07:32","modified_gmt":"2022-07-18T12:07:32","slug":"nasze-tlumaczenia-materialow-naukowych","status":"publish","type":"page","link":"https:\/\/culturesconnection.com\/pl\/nasze-tlumaczenia-materialow-naukowych\/","title":{"rendered":"Nasze t\u0142umaczenia materia\u0142\u00f3w naukowych"},"content":{"rendered":"\n<h2 class=\"wp-block-heading\">T\u0142umaczenia materia\u0142\u00f3w naukowych: Nazewnictwo jest kluczowe<\/h2>\n\n\n\n<p>Naukowe i medyczne teksty wyja\u015bniaj\u0105 skomplikowane idee, korzystaj\u0105c ze specyficznego s\u0142ownictwa naukowego. Z powodu r\u00f3\u017cnorodno\u015bci i zakres temat\u00f3w w tej dziedzinie, nasza agencja t\u0142umaczeniowa starannie selekcjonuje specjalist\u00f3w do ka\u017cdego t\u0142umaczenia materia\u0142\u00f3w naukowych, zwracaj\u0105c szczeg\u00f3ln\u0105 uwag\u0119 na ich do\u015bwiadczenie i zrozumienie tre\u015bci naukowych i medycznych. Precyzja tekst\u00f3w naukowych i medycznych musi mie\u0107 swoje odzwierciedlenie w ostatecznej, przet\u0142umaczonej wersji dokumentu.<\/p>\n\n\n\n<h2 class=\"wp-block-heading\">T\u0142umaczenia techniczne i naukowe<\/h2>\n\n\n\n<p><a href=\"https:\/\/culturesconnection.com\/pl\/\">Cultures Connection<\/a> ma doskona\u0142e do\u015bwiadczenie w nast\u0119puj\u0105cych dziedzinach z <strong>t\u0142umacze\u0144 technicznych i naukowych<\/strong>: biotechnologia; dokumentacja DNA; biochemia; biologia; zoologia; botanika; geologia; bior\u00f3\u017cnorodno\u015b\u0107; \u015brodowisko; zr\u00f3wnowa\u017cony rozw\u00f3j; \u017cywno\u015b\u0107; zdrowie; wirusologia; medycyna; energia odnawialna; i wiele wi\u0119cej.<\/p>\n\n\n\n<h2 class=\"wp-block-heading\">Profesjonalne t\u0142umaczenia naukowe<\/h2>\n\n\n\n<p>Przed rozpocz\u0119ciem t\u0142umaczenia jakichkolwiek dokument\u00f3w, musz\u0105 by\u0107 przeprowadzone analizy terminologii, a nast\u0119pnie trzeba ustali\u0107, kt\u00f3re definicje maj\u0105 zosta\u0107 wykorzystane w danym kontek\u015bcie. W wielu przypadkach omawiamy terminy z naszymi klientami i u\u017cywamy stosownych materia\u0142\u00f3w, aby upewni\u0107 si\u0119, \u017ce t\u0142umaczenie jest staranne i odzwierciedla tekst \u017ar\u00f3d\u0142owy. W przypadku technologii naukowych, poszczeg\u00f3lne produkty maj\u0105 swoje w\u0142asne nazewnictwo.<\/p>\n\n\n\n<h2 class=\"wp-block-heading\">T\u0142umaczenie dokument\u00f3w naukowych: r\u00f3\u017cnorodne tre\u015bci<\/h2>\n\n\n\n<p>Teksty naukowe, kt\u00f3re t\u0142umaczymy, sk\u0142adaj\u0105 si\u0119 z r\u00f3\u017cnych rodzaj\u00f3w. Oto kilka przyk\u0142ad\u00f3w:<\/p>\n\n\n\n<ul class=\"wp-block-list\"><li>Dokumenty techniczne i artyku\u0142y naukowe<\/li><li>Podr\u0119czniki i instrukcje obs\u0142ugi<\/li><li>Farmaceutyczne rejestracje (dopuszczenie do obrotu na rynku) i patenty<\/li><li>Protoko\u0142y bada\u0144 i laboratoryjnych i bada\u0144 klinicznych<\/li><li>Karta charakterystyki substancji niebezpiecznej<\/li><li>Badania rynku i projekt\u00f3w na poziomie mi\u0119dzynarodowym<\/li><li>Oprogramowanie do symulacji (np. biotechnologia, wirtualny pacjent, wirtualne kliniki)<\/li><li>Prezentacje i konferencje dotycz\u0105ce prowadzenia produkt\u00f3w na rynek<\/li><li>Broszury handlowe i dokumenty techniczne<\/li><li>Glosariusze i naukowe encyklopedie<\/li><li>T\u0142umaczenie i lokalizacja stron internetowych<\/li><li>Prezentacje multimedialne i wideo<\/li><\/ul>\n\n\n\n<h2 class=\"wp-block-heading\">T\u0142umaczenia naukowe z francuskiego<\/h2>\n\n\n\n<p>Nasze <a href=\"https:\/\/culturesconnection.com\/pl\/profesjonalne-uslugi-tlumaczeniowe-we-wszystkich-jezykach\/\">us\u0142ugi t\u0142umaczeniowe<\/a> s\u0105 dost\u0119pne we wszystkich j\u0119zykach. Na przyk\u0142ad:<\/p>\n\n\n\n<ul class=\"wp-block-list\"><li>Polsko-francuskie t\u0142umaczenia naukowe<\/li><li>Francusko-polskie t\u0142umaczenia naukowe<\/li><li>Polsko-arabskie t\u0142umaczenia naukowe<\/li><\/ul>\n\n\n\n<p>Interesuj\u0105 Ci\u0119 inne j\u0119zyki? T\u0142umaczymy r\u00f3wnie\u017c z i na hiszpa\u0144ski, niemiecki, w\u0142oski, urdu, fi\u0144ski, chorwacki, szwedzki, japo\u0144ski, mandary\u0144ski i wiele wi\u0119cej.<\/p>\n\n\n\n<h2 class=\"wp-block-heading\">T\u0142umaczenia naukowe we wszystkich j\u0119zykach<\/h2>\n\n\n\n<ul class=\"wp-block-list\"><li><a href=\"https:\/\/culturesconnection.com\/pl\/nasze-francuskie-uslugi-tlumaczen-naukowych\/\">T\u0142umaczenia naukowe na j\u0119zyk francuski<\/a><\/li><li><a href=\"https:\/\/culturesconnection.com\/pl\/nasze-tlumaczenia-naukowe-z-jezyka-hiszpanskiego\/\">T\u0142umaczenia naukowe na j\u0119zyk hiszpa\u0144ski<\/a><\/li><li><a href=\"https:\/\/culturesconnection.com\/pl\/nasze-niemieckie-uslugi-tlumaczen-naukowych\/\">T\u0142umaczenia naukowe na j\u0119zyk niemiecki<\/a><\/li><li><a href=\"https:\/\/culturesconnection.com\/pl\/nasze-tlumaczenia-naukowe-z-jezyka-chinskiego\/\">T\u0142umaczenia naukowe na j\u0119zyk chi\u0144ski<\/a><\/li><li><a href=\"https:\/\/culturesconnection.com\/pl\/nasze-arabskie-uslugi-tlumaczen-naukowych\/\">T\u0142umaczenia naukowe na j\u0119zyk arabski<\/a><\/li><li><a href=\"https:\/\/culturesconnection.com\/pl\/?page_id=13394\">T\u0142umaczenia naukowe na j\u0119zyk portugalski<\/a><\/li><li><a href=\"https:\/\/culturesconnection.com\/pl\/nasze-wloskie-tlumaczenia-naukowe\/\">T\u0142umaczenia naukowe na j\u0119zyk w\u0142oski<\/a><\/li><li><a href=\"https:\/\/culturesconnection.com\/pl\/nasze-niderlandzkie-uslugi-tlumaczen-naukowych\/\">T\u0142umaczenia naukowe na j\u0119zyk niderlandzki<\/a><\/li><li><a href=\"https:\/\/culturesconnection.com\/pl\/?page_id=13386\">T\u0142umaczenia naukowe na j\u0119zyk turecki<\/a><\/li><li><a href=\"https:\/\/culturesconnection.com\/pl\/nasze-japonskie-uslugi-tlumaczen-naukowych\/\">T\u0142umaczenia naukowe na j\u0119zyk japo\u0144ski<\/a><\/li><li><a href=\"https:\/\/culturesconnection.com\/pl\/nasze-tlumaczenia-naukowe-z-jezyka-rosyjskiego\/\">T\u0142umaczenia naukowe na j\u0119zyk rosyjski<\/a><\/li><\/ul>\n","protected":false},"excerpt":{"rendered":"<p>T\u0142umaczenia materia\u0142\u00f3w naukowych: Nazewnictwo jest kluczowe Naukowe i medyczne teksty wyja\u015bniaj\u0105 skomplikowane idee, korzystaj\u0105c ze specyficznego s\u0142ownictwa naukowego. Z powodu r\u00f3\u017cnorodno\u015bci i zakres temat\u00f3w w [&#8230;]<\/p>\n<p><a class=\"btn btn-secondary understrap-read-more-link\" href=\"https:\/\/culturesconnection.com\/pl\/nasze-tlumaczenia-materialow-naukowych\/\">Czytaj dalej\u2026<span class=\"screen-reader-text\"> from Nasze t\u0142umaczenia materia\u0142\u00f3w naukowych<\/span><\/a><\/p>\n","protected":false},"author":22,"featured_media":12043,"parent":0,"menu_order":0,"comment_status":"closed","ping_status":"closed","template":"","meta":{"_acf_changed":false,"_editorskit_title_hidden":false,"_editorskit_reading_time":1,"_editorskit_is_block_options_detached":false,"_editorskit_block_options_position":"{}","footnotes":""},"class_list":["post-11686","page","type-page","status-publish","has-post-thumbnail","hentry"],"acf":[],"_links":{"self":[{"href":"https:\/\/culturesconnection.com\/pl\/wp-json\/wp\/v2\/pages\/11686","targetHints":{"allow":["GET"]}}],"collection":[{"href":"https:\/\/culturesconnection.com\/pl\/wp-json\/wp\/v2\/pages"}],"about":[{"href":"https:\/\/culturesconnection.com\/pl\/wp-json\/wp\/v2\/types\/page"}],"author":[{"embeddable":true,"href":"https:\/\/culturesconnection.com\/pl\/wp-json\/wp\/v2\/users\/22"}],"replies":[{"embeddable":true,"href":"https:\/\/culturesconnection.com\/pl\/wp-json\/wp\/v2\/comments?post=11686"}],"version-history":[{"count":0,"href":"https:\/\/culturesconnection.com\/pl\/wp-json\/wp\/v2\/pages\/11686\/revisions"}],"wp:featuredmedia":[{"embeddable":true,"href":"https:\/\/culturesconnection.com\/pl\/wp-json\/wp\/v2\/media\/12043"}],"wp:attachment":[{"href":"https:\/\/culturesconnection.com\/pl\/wp-json\/wp\/v2\/media?parent=11686"}],"curies":[{"name":"wp","href":"https:\/\/api.w.org\/{rel}","templated":true}]}}