{"id":11685,"date":"2018-11-02T11:13:59","date_gmt":"2018-11-02T09:13:59","guid":{"rendered":"http:\/\/culturesconnection.com\/?page_id=11685"},"modified":"2022-07-18T12:32:20","modified_gmt":"2022-07-18T10:32:20","slug":"nasze-uslugi-tlumaczen-medycznych","status":"publish","type":"page","link":"https:\/\/culturesconnection.com\/pl\/nasze-uslugi-tlumaczen-medycznych\/","title":{"rendered":"Nasze us\u0142ugi t\u0142umacze\u0144 medycznych"},"content":{"rendered":"\n<h2 class=\"wp-block-heading\">Us\u0142ugi t\u0142umacze\u0144 medycznych: precyzja ponad wszystko<\/h2>\n\n\n\n<p>Ka\u017cdy dokument medyczny rozwija pomys\u0142y techniczne poprzez precyzj\u0119 i specyficzne terminy. Ta terminologia powinna by\u0107 przestrzegana za wszelk\u0105 cen\u0119. Ponadto us\u0142ugi&nbsp;<strong>t\u0142umacze\u0144 medycznych opieraj\u0105 si\u0119 na wielu r\u00f3\u017cnych dziedzinach specjalizacji<\/strong>. Dlatego te\u017c nale\u017cy znale\u017a\u0107 wykwalifikowanych i do\u015bwiadczonych specjalist\u00f3w do pracy nad projektem. Dzia\u0142a to w ten sam spos\u00f3b, je\u015bli np. mia\u0142by\u015b problem z sercem to udajesz si\u0119 do kardiologa, tak samo ka\u017cdy dokument musi by\u0107 przet\u0142umaczony przez t\u0142umacza od danej dziedziny. Nie powierzaj\u0105c t\u0142umaczenia ekspertowi, to jakby wymaga\u0107 od lekarza og\u00f3lnego wykonania operacji chirurgicznej. B\u0119d\u0105c \u015bwiadomymi wyzwa\u0144 zwi\u0105zanych z t\u0142umaczeniem medycznym, nasza agencja znajdzie dla Ciebie specjalist\u0119<\/p>\n\n\n\n<h2 class=\"wp-block-heading\">T\u0142umaczenia medyczne i farmaceutyczne<\/h2>\n\n\n\n<p>W dziedzinie t\u0142umacze\u0144 medycznych i farmaceutycznych b\u0142\u0119dy i nie\u015bcis\u0142o\u015bci s\u0105 zabronione. Mog\u0105 one spowodowa\u0107 powa\u017cne konsekwencje dotycz\u0105ce zdrowia, koszt\u00f3w i wiarygodno\u015bci. Nie powierzaj t\u0142umaczenia medycznego byle komu! Niewa\u017cne czy s\u0105 to <strong>broszury medyczne, prace dotycz\u0105ce interesu og\u00f3lnego, ulotki lub dawkowanie lekarstwa<\/strong>, tylko specjalista mo\u017ce wykona\u0107 tego rodzaju t\u0142umaczenia.<\/p>\n\n\n\n<h2 class=\"wp-block-heading\">Nasze us\u0142ugi t\u0142umacze\u0144 medycznych<\/h2>\n\n\n\n<p>Z biegiem lat <a href=\"https:\/\/culturesconnection.com\/pl\/\">Cultures Connection<\/a> dostarczy\u0142o wiele <a href=\"https:\/\/culturesconnection.com\/pl\/profesjonalne-uslugi-tlumaczeniowe-we-wszystkich-jezykach\/\">us\u0142ug t\u0142umaczeniowych<\/a> i pracuje z rozleg\u0142\u0105 sieci\u0105 profesjonalnych t\u0142umaczy medycznych. Proces rekrutacji jest bardzo surowy: t\u0142umacze s\u0105 wybierani na podstawie ich kwalifikacji, do\u015bwiadczenia i r\u00f3wnie\u017c ich umiej\u0119tno\u015bci j\u0119zykowych i technicznych. Przez ca\u0142y czas naszej wsp\u00f3\u0142pracy s\u0105 regularnie poddawani testom, aby zapewni\u0107 najwy\u017csz\u0105 jako\u015b\u0107. Wszyscy s\u0105 \u015bwietnymi lingwistami, kt\u00f3rzy rozwin\u0119li do perfekcji ich j\u0119zyki robocze. Przepisy obowi\u0105zuj\u0105ce w krajach, do kt\u00f3rych maj\u0105 by\u0107 wys\u0142ane dokumenty medyczne i farmaceutyczne, znaj\u0105 jak w\u0142asn\u0105 kiesze\u0144.<\/p>\n\n\n\n<h2 class=\"wp-block-heading\">T\u0142umaczenia medyczne: szeroki wachlarz wybor\u00f3w<\/h2>\n\n\n\n<p>Poni\u017cej przedstawiamy kilka t\u0142umacze\u0144 medycznych, z kt\u00f3rymi codziennie mamy do czynienia:<\/p>\n\n\n\n<ul class=\"wp-block-list\"><li>Czasopisma<\/li><li>Relacje z konferencji<\/li><li>Publikacje<\/li><li>Sprawozdania z projekt\u00f3w i bada\u0144<\/li><li>Wyniki bada\u0144 naukowych i raport\u00f3w naukowych<\/li><li>Prace dotycz\u0105ce interesu publicznego<\/li><li>Raporty bada\u0144<\/li><li>Ulotki<\/li><li>Dawkowanie nowych produkt\u00f3w<\/li><li>Wyniki bada\u0144 klinicznych<\/li><li>Prawo farmaceutyczne<\/li><li>Raporty medyczne<\/li><\/ul>\n\n\n\n<h2 class=\"wp-block-heading\">T\u0142umaczenia medyczne we wszystkich j\u0119zykach<\/h2>\n\n\n\n<ul class=\"wp-block-list\"><li><a href=\"https:\/\/culturesconnection.com\/pl\/nasze-francuskie-tlumaczenia-medyczne\/\">T\u0142umaczenia medyczne na j\u0119zyk francuski<\/a><\/li><li><a href=\"https:\/\/culturesconnection.com\/pl\/nasze-tlumaczenia-medyczne-z-jezyka-hiszpanskiego\/\">T\u0142umaczenia medyczne na j\u0119zyk hiszpa\u0144ski<\/a><\/li><li><a href=\"https:\/\/culturesconnection.com\/pl\/nasze-niemieckie-tlumaczenia-medyczne\/\">T\u0142umaczenia medyczne na j\u0119zyk niemiecki<\/a><\/li><li><a href=\"https:\/\/culturesconnection.com\/pl\/nasze-chinskie-tlumaczenia-medyczne\/\">T\u0142umaczenia medyczne na j\u0119zyk chi\u0144ski<\/a><\/li><li><a href=\"https:\/\/culturesconnection.com\/pl\/nasze-arabskie-tlumaczenia-medyczne\/\">T\u0142umaczenia medyczne na j\u0119zyk arabski<\/a><\/li><li><a href=\"https:\/\/culturesconnection.com\/pl\/?page_id=13690\">T\u0142umaczenia medyczne na j\u0119zyk portugalski<\/a><\/li><li><a href=\"https:\/\/culturesconnection.com\/pl\/nasze-wloskie-tlumaczenia-medyczne\/\">T\u0142umaczenia medyczne na j\u0119zyk w\u0142oski<\/a><\/li><li><a href=\"https:\/\/culturesconnection.com\/pl\/nasze-niderlandzkie-uslugi-tlumaczen-medycznych\/\">T\u0142umaczenia medyczne na j\u0119zyk niderlandzki<\/a><\/li><li><a href=\"https:\/\/culturesconnection.com\/pl\/?page_id=13385\">T\u0142umaczenia medyczne na j\u0119zyk turecki<\/a><\/li><li><a href=\"https:\/\/culturesconnection.com\/pl\/nasze-japonskie-tlumaczenia-medyczne\/\">T\u0142umaczenia medyczne na j\u0119zyk japo\u0144ski<\/a><\/li><li><a href=\"https:\/\/culturesconnection.com\/pl\/nasze-medyczne-tlumaczenia-z-jezyka-rosyjskiego\/\">T\u0142umaczenia medyczne na j\u0119zyk rosyjski<\/a><\/li><\/ul>\n","protected":false},"excerpt":{"rendered":"<p>Us\u0142ugi t\u0142umacze\u0144 medycznych: precyzja ponad wszystko Ka\u017cdy dokument medyczny rozwija pomys\u0142y techniczne poprzez precyzj\u0119 i specyficzne terminy. Ta terminologia powinna by\u0107 przestrzegana za wszelk\u0105 cen\u0119. [&#8230;]<\/p>\n<p><a class=\"btn btn-secondary understrap-read-more-link\" href=\"https:\/\/culturesconnection.com\/pl\/nasze-uslugi-tlumaczen-medycznych\/\">Czytaj dalej\u2026<span class=\"screen-reader-text\"> from Nasze us\u0142ugi t\u0142umacze\u0144 medycznych<\/span><\/a><\/p>\n","protected":false},"author":22,"featured_media":12041,"parent":0,"menu_order":0,"comment_status":"closed","ping_status":"closed","template":"","meta":{"_acf_changed":false,"_editorskit_title_hidden":false,"_editorskit_reading_time":1,"_editorskit_is_block_options_detached":false,"_editorskit_block_options_position":"{}","footnotes":""},"class_list":["post-11685","page","type-page","status-publish","has-post-thumbnail","hentry"],"acf":[],"_links":{"self":[{"href":"https:\/\/culturesconnection.com\/pl\/wp-json\/wp\/v2\/pages\/11685","targetHints":{"allow":["GET"]}}],"collection":[{"href":"https:\/\/culturesconnection.com\/pl\/wp-json\/wp\/v2\/pages"}],"about":[{"href":"https:\/\/culturesconnection.com\/pl\/wp-json\/wp\/v2\/types\/page"}],"author":[{"embeddable":true,"href":"https:\/\/culturesconnection.com\/pl\/wp-json\/wp\/v2\/users\/22"}],"replies":[{"embeddable":true,"href":"https:\/\/culturesconnection.com\/pl\/wp-json\/wp\/v2\/comments?post=11685"}],"version-history":[{"count":0,"href":"https:\/\/culturesconnection.com\/pl\/wp-json\/wp\/v2\/pages\/11685\/revisions"}],"wp:featuredmedia":[{"embeddable":true,"href":"https:\/\/culturesconnection.com\/pl\/wp-json\/wp\/v2\/media\/12041"}],"wp:attachment":[{"href":"https:\/\/culturesconnection.com\/pl\/wp-json\/wp\/v2\/media?parent=11685"}],"curies":[{"name":"wp","href":"https:\/\/api.w.org\/{rel}","templated":true}]}}