{"id":11684,"date":"2018-11-02T11:09:51","date_gmt":"2018-11-02T09:09:51","guid":{"rendered":"http:\/\/culturesconnection.com\/?page_id=11684"},"modified":"2022-07-18T14:19:04","modified_gmt":"2022-07-18T12:19:04","slug":"nasze-uslugi-tlumaczen-marketingowych","status":"publish","type":"page","link":"https:\/\/culturesconnection.com\/pl\/nasze-uslugi-tlumaczen-marketingowych\/","title":{"rendered":"Nasze us\u0142ugi t\u0142umacze\u0144 marketingowych"},"content":{"rendered":"\n<h2 class=\"wp-block-heading\">Nasze profesjonalne us\u0142ugi t\u0142umacze\u0144 marketingowych<\/h2>\n\n\n\n<p><strong>Us\u0142ugi t\u0142umacze\u0144 marketingowych<\/strong>&nbsp;wymagaj\u0105 umiej\u0119tno\u015bci j\u0119zykowych, jak r\u00f3wnie\u017c wiedzy biznesowej i lekkiego pi\u00f3ra. \u015awiadomi, \u017ce b\u0142\u0119dne t\u0142umaczenie mo\u017ce wywrze\u0107 katastrofalne konsekwencje na wizerunek firmy, <a href=\"https:\/\/culturesconnection.com\/pl\/\">Cultures Connection<\/a> dzia\u0142a tylko z profesjonalnymi t\u0142umaczami, kt\u00f3rzy maj\u0105 szerokie do\u015bwiadczenie w t\u0142umaczeniach marketingowych i reklamowych.<\/p>\n\n\n\n<p>Po latach do\u015bwiadczenia, opieraj\u0105cym si\u0119 na pracy w korporacji, mamy niezb\u0119dn\u0105 wiedz\u0119, aby pom\u00f3c Ci w doborze odpowiednich s\u0142\u00f3w dla produkt\u00f3w reklamowych i marketingowych. Wiemy, jak informacja dotycz\u0105ca Twoich produkt\u00f3w powinna by\u0107 odebrana przez r\u00f3\u017cne grupy i spo\u0142ecze\u0144stwa. Poinformuj nas, w jaki spos\u00f3b promujesz swoje produkty w swoim kraju, a my pomo\u017cemy Ci zrobi\u0107 to samo w innych.<\/p>\n\n\n\n<h2 class=\"wp-block-heading\">T\u0142umaczenie marketingowe lub lokalizacja marketingowa?<\/h2>\n\n\n\n<p>Uwa\u017camy, \u017ce definicja \u201a,t\u0142umaczenie reklamowe\u2019\u2019 jest b\u0142\u0119dna i nie oddaje dok\u0142adnie wk\u0142adu w\u0142o\u017conego przez t\u0142umaczy marketingowych. Je\u015bli chodzi o reklamy w innym j\u0119zyku, zazwyczaj nie zajmujemy si\u0119 ich t\u0142umaczeniem. Zajmujemy si\u0119 tworzeniem tekst\u00f3w reklamowych zgodnie z potrzebami klienta, produktu i docelowych odbiorc\u00f3w.<\/p>\n\n\n\n<p>Brzmienie tre\u015bci reklamowej mo\u017ce si\u0119 znacznie r\u00f3\u017cni\u0107 od tre\u015bci oryginalnej, jednak b\u0119dzie to mia\u0142o pozytywny wp\u0142yw na Tw\u00f3j rynek. &nbsp;<strong>Lokalizujemy<\/strong>.&nbsp;Krytyczne b\u0142\u0119dy mog\u0105 si\u0119 pojawi\u0107, kiedy t\u0142umacz\u0105c tre\u015b\u0107 reklamy nie we\u017amiemy pod uwag\u0119 lokalnych niuans\u00f3w j\u0119zykowych. Twoja wiadomo\u015b\u0107 jest wa\u017cna dla Twojego sukcesu. W Cultures Connection Tw\u00f3j sukces jest naszym priorytetem.<\/p>\n\n\n\n<h2 class=\"wp-block-heading\">T\u0142umaczenie dokument\u00f3w marketingowych<\/h2>\n\n\n\n<p>Nasze profesjonalne marketingowe <a href=\"https:\/\/culturesconnection.com\/pl\/profesjonalne-uslugi-tlumaczeniowe-we-wszystkich-jezykach\/\">us\u0142ugi t\u0142umaczeniowe<\/a> obejmuj\u0105 broszury, ulotki, skrypty marketingowe i reklamowe, strony internetowe, slogany, loga, prezentacje, zapowiedzi nowych produkt\u00f3w, komunikaty prasowe, ebooki i wiele innych.<\/p>\n\n\n\n<p>Jeste\u015bmy \u015bwiadomi, \u017ce celem tych dokument\u00f3w jest spowodowanie wzrostu sprzeda\u017cy i zainteresowania w\u015br\u00f3d czytelnik\u00f3w. Nasi wyspecjalizowani t\u0142umacze marketingowi bior\u0105 ten cel pod uwag\u0119 i przekazuj\u0105 nie tylko tre\u015b\u0107 tekstu \u017ar\u00f3d\u0142owego, ale r\u00f3wnie\u017c jego intencje. Oferujemy r\u00f3wnie\u017c us\u0142ugi tworzenia tre\u015bci internetowych i us\u0142ugi marketingowe.<\/p>\n\n\n\n<h2 class=\"wp-block-heading\">T\u0142umaczenia marketingowe we wszystkich j\u0119zykach<\/h2>\n\n\n\n<ul class=\"wp-block-list\"><li><a href=\"https:\/\/culturesconnection.com\/pl\/nasze-francuskie-uslugi-tlumaczen-marketingowych\/\">T\u0142umaczenia marketingowe na j\u0119zyk francuski<\/a><\/li><li><a href=\"https:\/\/culturesconnection.com\/pl\/?page_id=13496\">T\u0142umaczenia marketingowe na j\u0119zyk hiszpa\u0144ski<\/a><\/li><li><a href=\"https:\/\/culturesconnection.com\/pl\/nasze-niemieckie-tlumaczenia-marketingowe\/\">T\u0142umaczenia marketingowe na j\u0119zyk niemiecki<\/a><\/li><li><a href=\"https:\/\/culturesconnection.com\/pl\/nasze-chinskie-tlumaczenia-marketingowe\/\">T\u0142umaczenia marketingowe na j\u0119zyk chi\u0144ski<\/a><\/li><li><a href=\"https:\/\/culturesconnection.com\/pl\/nasze-uslugi-arabskich-tlumaczen-marketingowych\/\">T\u0142umaczenia marketingowe na j\u0119zyk arabski<\/a><\/li><li><a href=\"https:\/\/culturesconnection.com\/pl\/nasze-portugalskie-tlumaczenia-marketingowe\/\">T\u0142umaczenia marketingowe na j\u0119zyk portugalski<\/a><\/li><li><a href=\"https:\/\/culturesconnection.com\/pl\/nasze-wloskie-tlumaczenia-marketingowe\/\">T\u0142umaczenia marketingowe na j\u0119zyk w\u0142oski<\/a><\/li><li><a href=\"https:\/\/culturesconnection.com\/pl\/nasze-niderlandzkie-uslugi-tlumaczen-marketingowych\/\">T\u0142umaczenia marketingowe na j\u0119zyk niderlandzki<\/a><\/li><li><a href=\"https:\/\/culturesconnection.com\/pl\/?page_id=13692\">T\u0142umaczenia marketingowe na j\u0119zyk turecki<\/a><\/li><li><a href=\"https:\/\/culturesconnection.com\/pl\/nasze-uslugi-tlumaczen-marketingowych-z-japonskiego\/\">T\u0142umaczenia marketingowe na j\u0119zyk japo\u0144ski<\/a><\/li><li><a href=\"https:\/\/culturesconnection.com\/pl\/?page_id=13691\">T\u0142umaczenia marketingowe na j\u0119zyk rosyjski<\/a><\/li><\/ul>\n","protected":false},"excerpt":{"rendered":"<p>Nasze profesjonalne us\u0142ugi t\u0142umacze\u0144 marketingowych Us\u0142ugi t\u0142umacze\u0144 marketingowych&nbsp;wymagaj\u0105 umiej\u0119tno\u015bci j\u0119zykowych, jak r\u00f3wnie\u017c wiedzy biznesowej i lekkiego pi\u00f3ra. \u015awiadomi, \u017ce b\u0142\u0119dne t\u0142umaczenie mo\u017ce wywrze\u0107 katastrofalne konsekwencje [&#8230;]<\/p>\n<p><a class=\"btn btn-secondary understrap-read-more-link\" href=\"https:\/\/culturesconnection.com\/pl\/nasze-uslugi-tlumaczen-marketingowych\/\">Czytaj dalej\u2026<span class=\"screen-reader-text\"> from Nasze us\u0142ugi t\u0142umacze\u0144 marketingowych<\/span><\/a><\/p>\n","protected":false},"author":22,"featured_media":12035,"parent":0,"menu_order":0,"comment_status":"closed","ping_status":"closed","template":"","meta":{"_acf_changed":false,"_editorskit_title_hidden":false,"_editorskit_reading_time":1,"_editorskit_is_block_options_detached":false,"_editorskit_block_options_position":"{}","footnotes":""},"class_list":["post-11684","page","type-page","status-publish","has-post-thumbnail","hentry"],"acf":[],"_links":{"self":[{"href":"https:\/\/culturesconnection.com\/pl\/wp-json\/wp\/v2\/pages\/11684","targetHints":{"allow":["GET"]}}],"collection":[{"href":"https:\/\/culturesconnection.com\/pl\/wp-json\/wp\/v2\/pages"}],"about":[{"href":"https:\/\/culturesconnection.com\/pl\/wp-json\/wp\/v2\/types\/page"}],"author":[{"embeddable":true,"href":"https:\/\/culturesconnection.com\/pl\/wp-json\/wp\/v2\/users\/22"}],"replies":[{"embeddable":true,"href":"https:\/\/culturesconnection.com\/pl\/wp-json\/wp\/v2\/comments?post=11684"}],"version-history":[{"count":0,"href":"https:\/\/culturesconnection.com\/pl\/wp-json\/wp\/v2\/pages\/11684\/revisions"}],"wp:featuredmedia":[{"embeddable":true,"href":"https:\/\/culturesconnection.com\/pl\/wp-json\/wp\/v2\/media\/12035"}],"wp:attachment":[{"href":"https:\/\/culturesconnection.com\/pl\/wp-json\/wp\/v2\/media?parent=11684"}],"curies":[{"name":"wp","href":"https:\/\/api.w.org\/{rel}","templated":true}]}}