{"id":11683,"date":"2018-11-02T11:55:30","date_gmt":"2018-11-02T09:55:30","guid":{"rendered":"http:\/\/culturesconnection.com\/?page_id=11683"},"modified":"2022-08-03T09:38:49","modified_gmt":"2022-08-03T07:38:49","slug":"nasze-tlumaczenia-ustne-liaison","status":"publish","type":"page","link":"https:\/\/culturesconnection.com\/pl\/nasze-tlumaczenia-ustne-liaison\/","title":{"rendered":"Nasze t\u0142umaczenia ustne liaison"},"content":{"rendered":"\n<h2 class=\"wp-block-heading\">T\u0142umaczenia ustne liaison<\/h2>\n\n\n\n<p>Podczas wieloj\u0119zycznych spotka\u0144, wizytacji w korporacji, negocjacji handlowych, spotka\u0144 biznesowych itd. kiedy nawet najmniejsza liczba uczestnik\u00f3w musi si\u0119 ze sob\u0105 porozumie\u0107 t\u0142umacz liaison wspomaga sprawny przebieg komunikacji bez \u017cadnych nieporozumie\u0144. Informacje musz\u0105 p\u0142ynnie przechodzi\u0107 z jednego kierunku do drugiego. Innymi s\u0142owy, t\u0142umacz t\u0142umaczy z jednego j\u0119zyka na drugi i odwrotnie. Przez wi\u0119kszo\u015b\u0107 czasu b\u0119dzie pracowa\u0107 bez notatek, zapami\u0119tuj\u0105c kr\u00f3tkie fragmenty wypowiedzi i nast\u0119pnie t\u0142umaczy\u0107 je na j\u0119zyk docelowy.<\/p>\n\n\n\n<h2 class=\"wp-block-heading\">Bezpo\u015bredni kontakt mi\u0119dzy uczestnikami<\/h2>\n\n\n\n<p><strong>T\u0142umaczenie ustne liaison odbywa si\u0119 w nieformalnych sytuacjach<\/strong>, co o\u017cywia komunikacj\u0119 i umo\u017cliwia bezpo\u015bredni kontakt mi\u0119dzy uczestnikami. Jest to prosta i przyjemna metoda, skupiaj\u0105ca si\u0119 na rozmowie, kt\u00f3ra dotyczy tylko kilku jednostek. Tego typu t\u0142umaczenie ustne nie wymaga kabiny, zestaw\u00f3w s\u0142uchawkowych oraz mikrofon\u00f3w. Uczestnicy skupieni przy stole, komunikuj\u0105 si\u0119 ze sob\u0105 twarz\u0105 w twarz, co pomaga stworzy\u0107 atmosfer\u0119 poufno\u015bci.<\/p>\n\n\n\n<h2 class=\"wp-block-heading\">T\u0142umaczenia ustne liaison<\/h2>\n\n\n\n<p><a href=\"https:\/\/culturesconnection.com\/pl\/\">Cultures Connection<\/a>&nbsp;oddaje do Twojej dyspozycji rozleg\u0142\u0105 sie\u0107 t\u0142umaczy liaison we wszystkich j\u0119zykach. Oferujemy <a href=\"https:\/\/culturesconnection.com\/pl\/nasze-uslugi-tlumaczen-ustnych\/\">us\u0142ugi t\u0142umaczeniowe<\/a> w 80 kombinacjach j\u0119zykowych mi\u0119dzy innymi z francuskim, hiszpa\u0144skim, chorwackim, chi\u0144skim, niemieckim, angielskim, rosyjskim, arabskim, portugalskim, itd.<\/p>\n\n\n\n<p>Jako agencja t\u0142umaczeniowa zwracamy du\u017c\u0105 uwag\u0119, aby zaoferowa\u0107 naszym klientom us\u0142ugi specjalnie dopasowane do ich potrzeb i wymaga\u0144. Mo\u017cesz polega\u0107 na naszym do\u015bwiadczeniu i profesjonalizmie, wybieraj\u0105c najodpowiedniejszego t\u0142umacza, kt\u00f3ry sumiennie i zadowalaj\u0105co wype\u0142ni swoje obowi\u0105zki. Nasi lingwi\u015bci s\u0105 zobowi\u0105zani do tajemnicy zawodowej i je\u015bli jest to wymagane mog\u0105 podpisa\u0107 umowy o poufno\u015bci.<\/p>\n\n\n\n<h2 class=\"wp-block-heading\">T\u0142umaczenia szeptane<\/h2>\n\n\n\n<p>T\u0142umaczenia szeptane s\u0105 t\u0142umaczeniami symultanicznymi bezpo\u015brednio szeptanymi do ucha uczestnika\/\u00f3w. T\u0142umacz ustny, siedz\u0105c lub stoj\u0105c, t\u0142umaczy do bardzo ma\u0142ej grupy ludzi skupionych wok\u00f3\u0142 siebie.&nbsp;T\u0142umaczenia szeptane s\u0105 u\u017cywane podczas negocjacji dwustronnychlub kiedy bardzo ma\u0142a grupa os\u00f3b m\u00f3wi w tym samym j\u0119zyku. Jest r\u00f3wnie\u017c u\u017cywane zamiennie z t\u0142umaczeniem konsekutywnym, aby zaoszcz\u0119dzi\u0107 czas, jako \u017ce t\u0142umacz ustny t\u0142umaczy jednocze\u015bnie s\u0142uchaj\u0105c wypowiedzi m\u00f3wcy. \u017baden specjalistyczny sprz\u0119t nie jest wymagany. z wyj\u0105tkiem s\u0142uchawek w przypadku kiedy t\u0142umacz znajduje si\u0119 daleko od m\u00f3wcy i\/lub nie s\u0142yszy go wyra\u017anie.<\/p>\n","protected":false},"excerpt":{"rendered":"<p>T\u0142umaczenia ustne liaison Podczas wieloj\u0119zycznych spotka\u0144, wizytacji w korporacji, negocjacji handlowych, spotka\u0144 biznesowych itd. kiedy nawet najmniejsza liczba uczestnik\u00f3w musi si\u0119 ze sob\u0105 porozumie\u0107 t\u0142umacz [&#8230;]<\/p>\n<p><a class=\"btn btn-secondary understrap-read-more-link\" href=\"https:\/\/culturesconnection.com\/pl\/nasze-tlumaczenia-ustne-liaison\/\">Czytaj dalej\u2026<span class=\"screen-reader-text\"> from Nasze t\u0142umaczenia ustne liaison<\/span><\/a><\/p>\n","protected":false},"author":22,"featured_media":12003,"parent":0,"menu_order":0,"comment_status":"closed","ping_status":"closed","template":"","meta":{"_acf_changed":false,"_editorskit_title_hidden":false,"_editorskit_reading_time":1,"_editorskit_is_block_options_detached":false,"_editorskit_block_options_position":"{}","footnotes":""},"class_list":["post-11683","page","type-page","status-publish","has-post-thumbnail","hentry"],"acf":[],"_links":{"self":[{"href":"https:\/\/culturesconnection.com\/pl\/wp-json\/wp\/v2\/pages\/11683","targetHints":{"allow":["GET"]}}],"collection":[{"href":"https:\/\/culturesconnection.com\/pl\/wp-json\/wp\/v2\/pages"}],"about":[{"href":"https:\/\/culturesconnection.com\/pl\/wp-json\/wp\/v2\/types\/page"}],"author":[{"embeddable":true,"href":"https:\/\/culturesconnection.com\/pl\/wp-json\/wp\/v2\/users\/22"}],"replies":[{"embeddable":true,"href":"https:\/\/culturesconnection.com\/pl\/wp-json\/wp\/v2\/comments?post=11683"}],"version-history":[{"count":0,"href":"https:\/\/culturesconnection.com\/pl\/wp-json\/wp\/v2\/pages\/11683\/revisions"}],"wp:featuredmedia":[{"embeddable":true,"href":"https:\/\/culturesconnection.com\/pl\/wp-json\/wp\/v2\/media\/12003"}],"wp:attachment":[{"href":"https:\/\/culturesconnection.com\/pl\/wp-json\/wp\/v2\/media?parent=11683"}],"curies":[{"name":"wp","href":"https:\/\/api.w.org\/{rel}","templated":true}]}}