{"id":11682,"date":"2018-11-02T12:35:31","date_gmt":"2018-11-02T10:35:31","guid":{"rendered":"http:\/\/culturesconnection.com\/?page_id=11682"},"modified":"2022-07-18T12:35:31","modified_gmt":"2022-07-18T10:35:31","slug":"nasze-tlumaczenia-dokumentow-prawnych","status":"publish","type":"page","link":"https:\/\/culturesconnection.com\/pl\/nasze-tlumaczenia-dokumentow-prawnych\/","title":{"rendered":"Nasze t\u0142umaczenia dokument\u00f3w prawnych"},"content":{"rendered":"\n<h2 class=\"wp-block-heading\">T\u0142umaczenia dokument\u00f3w prawnych<br>Do\u015bwiadczenie i zrozumienie<\/h2>\n\n\n\n<p>T\u0142umaczenia dokument\u00f3w prawnych s\u0105 zadaniem z\u0142o\u017conym intelektualnie. Przyk\u0142adowo, niekt\u00f3re poj\u0119cia i terminy prawne nie maj\u0105 swoich odpowiednik\u00f3w w innym kraju\/jurysdukcji. Szeroka znajomo\u015b\u0107 kwestii prawnych, dotycz\u0105cych celu i \u017ar\u00f3d\u0142a tekstu jest w tej sytuacji konieczna, nie wspominaj\u0105c o tym, \u017ce ka\u017cdy b\u0142\u0105d t\u0142umaczeniowy mo\u017ce poci\u0105gn\u0105\u0107 za sob\u0105 powa\u017cne konsekwencje, szczeg\u00f3lnie w prawie sp\u00f3\u0142ek. Nie trzeba wi\u0119c m\u00f3wi\u0107, i\u017c je\u015bli chodzi o sprawy prawnicze, u\u017cywany j\u0119zyk i jego dok\u0142adno\u015b\u0107 graj\u0105 kluczow\u0105 rol\u0119.<\/p>\n\n\n\n<h2 class=\"wp-block-heading\">Nasza agencja t\u0142umacze\u0144 prawnych<\/h2>\n\n\n\n<p>Wybieraj\u0105c nasz\u0105 <strong>agencj\u0119 t\u0142umacze\u0144 prawnych <\/strong>decydujesz si\u0119 na gwarancj\u0119 niezawodnych, precyzyjnych i szybkich t\u0142umacze\u0144. W <a href=\"https:\/\/culturesconnection.com\/pl\/\">Cultures Connection<\/a> posiadamy rozleg\u0142e do\u015bwiadczenie w t\u0142umaczeniu r\u00f3\u017cnorodnych dokument\u00f3w prawniczych. Utrzymujemy nasze rygorystycznie wysokie standardy w kwestii t\u0142umacze\u0144 dokument\u00f3w prawnych przypisuj\u0105c je tylko naszemu zespo\u0142owi sk\u0142adaj\u0105cemu si\u0119 z profesjonalnych t\u0142umaczy. Nasi t\u0142umacze i weryfikatorzy posiadaj\u0105 albo wieloletnie do\u015bwiadczenie zawodowe w \u015brodowisku prawniczym lub odbyli szkolenie z t\u0142umacze\u0144 prawniczych. Z tego powodu tego typu <a href=\"https:\/\/culturesconnection.com\/pl\/profesjonalne-uslugi-tlumaczeniowe-we-wszystkich-jezykach\/\">us\u0142ugi t\u0142umaczeniowe<\/a> s\u0105 zwykle bardziej kosztowne ni\u017c w przypadku t\u0142umaczenia tekstu mniej skomplikowanego.<\/p>\n\n\n\n<h2 class=\"wp-block-heading\">S\u0142owniki termin\u00f3w prawnych<\/h2>\n\n\n\n<p>Nasz zesp\u00f3\u0142 t\u0142umaczy prawniczych r\u00f3wnie\u017c uk\u0142ada i regularnie aktualizuje <strong>s\u0142owniki poj\u0119\u0107 prawnych<\/strong>. Dla naszych sta\u0142ych klient\u00f3w s\u0142owniki te s\u0105 punktem odniesienia do ka\u017cdego terminu lub \u017cargonu charakterystycznego dla ich dzia\u0142alno\u015bci. To uwa\u017cne przywi\u0105zanie do element\u00f3w lingwistycznych i prawniczych pozwoli\u0142o nam na rozwini\u0119cie d\u0142ugotrwa\u0142ych relacji zar\u00f3wno z du\u017cymi firmami prawniczymi, jak i dzia\u0142ami prawnymi dla stale rosn\u0105cej liczby mi\u0119dzynarodowych korporacji.<\/p>\n\n\n\n<h2 class=\"wp-block-heading\">Nasze us\u0142ugi t\u0142umacze\u0144 prawnych<\/h2>\n\n\n\n<p>Oto niekt\u00f3re przyk\u0142ady dokument\u00f3w przet\u0142umaczonych przez Cultures Connection:<\/p>\n\n\n\n<ul class=\"wp-block-list\"><li>Umowy handlowe, umowy sprzeda\u017cy, umowy o prac\u0119, umowy dystrybucyjne<\/li><li>Klauzule o zakazie konkurencji i klauzule poufno\u015bci<\/li><li>Regulaminy<\/li><li>Regulacje<\/li><li>Reklamacje<\/li><li>Pe\u0142nomocnictwa<\/li><li>Pliki nieruchomo\u015bci<\/li><li>Procedury prawne<\/li><li>Post\u0119powanie rozwodowe<\/li><li>Prawne wydania<\/li><li>Listy intencyjne<\/li><li>Statut sp\u00f3\u0142ki<\/li><li>Protoko\u0142y kontroli<\/li><li>I wiele wi\u0119cej&#8230;<\/li><\/ul>\n\n\n\n<h2 class=\"wp-block-heading\">T\u0142umaczenia prawne we wszystkich j\u0119zykach<\/h2>\n\n\n\n<ul class=\"wp-block-list\"><li><a href=\"https:\/\/culturesconnection.com\/pl\/nasze-francuskie-tlumaczenia-prawne\/\">T\u0142umaczenia prawne na j\u0119zyk francuski<\/a><\/li><li><a href=\"https:\/\/culturesconnection.com\/pl\/nasze-prawnicze-uslugi-tlumaczeniowe-z-jezyka-hiszpanskiego\/\">T\u0142umaczenia prawne na j\u0119zyk hiszpa\u0144ski<\/a><\/li><li><a href=\"https:\/\/culturesconnection.com\/pl\/nasze-niemieckie-tlumaczenia-prawne\/\">T\u0142umaczenia prawne na j\u0119zyk niemiecki<\/a><\/li><li><a href=\"https:\/\/culturesconnection.com\/pl\/nasze-chinskie-uslugi-tlumaczen-prawnych\/\">T\u0142umaczenia prawne na j\u0119zyk chi\u0144ski<\/a><\/li><li><a href=\"https:\/\/culturesconnection.com\/pl\/nasze-arabskie-tlumaczenia-prawne\/\">T\u0142umaczenia prawne na j\u0119zyk arabski<\/a><\/li><li><a href=\"https:\/\/culturesconnection.com\/pl\/nasze-portugalskie-tlumaczenia-prawne\/\">T\u0142umaczenia prawne na j\u0119zyk portugalski<\/a><\/li><li><a href=\"https:\/\/culturesconnection.com\/pl\/nasze-wloskie-tlumaczenia-prawne\/\">T\u0142umaczenia prawne na j\u0119zyk w\u0142oski<\/a><\/li><li><a href=\"https:\/\/culturesconnection.com\/pl\/nasze-niderlandzkie-uslugi-tlumaczen-prawnych\/\">T\u0142umaczenia prawne na j\u0119zyk niderlandzki<\/a><\/li><li><a href=\"https:\/\/culturesconnection.com\/pl\/nasze-uslugi-tlumaczen-prawniczych-z-tureckiego\/\">T\u0142umaczenia prawne na j\u0119zyk turecki<\/a><\/li><li><a href=\"https:\/\/culturesconnection.com\/pl\/nasze-japonskie-uslugi-tlumaczen-prawnych\/\">T\u0142umaczenia prawne na j\u0119zyk japo\u0144ski<\/a><\/li><li><a href=\"https:\/\/culturesconnection.com\/pl\/nasze-tlumaczenia-prawnicze-z-jezyka-rosyjskiego\/\">T\u0142umaczenia prawne na j\u0119zyk rosyjski<\/a><\/li><\/ul>\n","protected":false},"excerpt":{"rendered":"<p>T\u0142umaczenia dokument\u00f3w prawnychDo\u015bwiadczenie i zrozumienie T\u0142umaczenia dokument\u00f3w prawnych s\u0105 zadaniem z\u0142o\u017conym intelektualnie. Przyk\u0142adowo, niekt\u00f3re poj\u0119cia i terminy prawne nie maj\u0105 swoich odpowiednik\u00f3w w innym kraju\/jurysdukcji. [&#8230;]<\/p>\n<p><a class=\"btn btn-secondary understrap-read-more-link\" href=\"https:\/\/culturesconnection.com\/pl\/nasze-tlumaczenia-dokumentow-prawnych\/\">Czytaj dalej\u2026<span class=\"screen-reader-text\"> from Nasze t\u0142umaczenia dokument\u00f3w prawnych<\/span><\/a><\/p>\n","protected":false},"author":22,"featured_media":12046,"parent":0,"menu_order":0,"comment_status":"closed","ping_status":"closed","template":"","meta":{"_acf_changed":false,"_editorskit_title_hidden":false,"_editorskit_reading_time":1,"_editorskit_is_block_options_detached":false,"_editorskit_block_options_position":"{}","footnotes":""},"class_list":["post-11682","page","type-page","status-publish","has-post-thumbnail","hentry"],"acf":[],"yoast_head":"<!-- This site is optimized with the Yoast SEO Premium plugin v23.4 (Yoast SEO v27.3) - https:\/\/yoast.com\/product\/yoast-seo-premium-wordpress\/ -->\n<title>Nasze t\u0142umaczenia dokument\u00f3w prawnych<\/title>\n<meta name=\"description\" content=\"Cultures Connection oferuje profesjonalne t\u0142umaczenia dokument\u00f3w prawnych. Konkurencyjne ceny, bezp\u0142atna wycena, terminowo\u015b\u0107 i szerokie do\u015bwiadczenie.\" \/>\n<meta name=\"robots\" content=\"index, follow, max-snippet:-1, max-image-preview:large, max-video-preview:-1\" \/>\n<link rel=\"canonical\" href=\"https:\/\/culturesconnection.com\/pl\/nasze-tlumaczenia-dokumentow-prawnych\/\" \/>\n<meta property=\"og:locale\" content=\"pl_PL\" \/>\n<meta property=\"og:type\" content=\"article\" \/>\n<meta property=\"og:title\" content=\"Nasze t\u0142umaczenia dokument\u00f3w prawnych\" \/>\n<meta property=\"og:description\" content=\"Cultures Connection oferuje profesjonalne t\u0142umaczenia dokument\u00f3w prawnych. Konkurencyjne ceny, bezp\u0142atna wycena, terminowo\u015b\u0107 i szerokie do\u015bwiadczenie.\" \/>\n<meta property=\"og:url\" content=\"https:\/\/culturesconnection.com\/pl\/nasze-tlumaczenia-dokumentow-prawnych\/\" \/>\n<meta property=\"og:site_name\" content=\"Cultures Connection\" \/>\n<meta property=\"article:publisher\" content=\"https:\/\/www.facebook.com\/CulturesConnection\" \/>\n<meta property=\"article:modified_time\" content=\"2022-07-18T10:35:31+00:00\" \/>\n<meta property=\"og:image\" content=\"https:\/\/culturesconnection.com\/wp-content\/uploads\/2013\/06\/background_legal-translation.png\" \/>\n\t<meta property=\"og:image:width\" content=\"1440\" \/>\n\t<meta property=\"og:image:height\" content=\"570\" \/>\n\t<meta property=\"og:image:type\" content=\"image\/png\" \/>\n<meta name=\"twitter:card\" content=\"summary_large_image\" \/>\n<meta name=\"twitter:site\" content=\"@CulturesCo_\" \/>\n<meta name=\"twitter:label1\" content=\"Szacowany czas czytania\" \/>\n\t<meta name=\"twitter:data1\" content=\"2 minuty\" \/>\n<script type=\"application\/ld+json\" class=\"yoast-schema-graph\">{\"@context\":\"https:\\\/\\\/schema.org\",\"@graph\":[{\"@type\":\"WebPage\",\"@id\":\"https:\\\/\\\/culturesconnection.com\\\/pl\\\/nasze-tlumaczenia-dokumentow-prawnych\\\/\",\"url\":\"https:\\\/\\\/culturesconnection.com\\\/pl\\\/nasze-tlumaczenia-dokumentow-prawnych\\\/\",\"name\":\"Nasze t\u0142umaczenia dokument\u00f3w prawnych\",\"isPartOf\":{\"@id\":\"https:\\\/\\\/culturesconnection.com\\\/fr\\\/#website\"},\"primaryImageOfPage\":{\"@id\":\"https:\\\/\\\/culturesconnection.com\\\/pl\\\/nasze-tlumaczenia-dokumentow-prawnych\\\/#primaryimage\"},\"image\":{\"@id\":\"https:\\\/\\\/culturesconnection.com\\\/pl\\\/nasze-tlumaczenia-dokumentow-prawnych\\\/#primaryimage\"},\"thumbnailUrl\":\"https:\\\/\\\/culturesconnection.com\\\/wp-content\\\/uploads\\\/2013\\\/06\\\/background_legal-translation.png\",\"datePublished\":\"2018-11-02T10:35:31+00:00\",\"dateModified\":\"2022-07-18T10:35:31+00:00\",\"description\":\"Cultures Connection oferuje profesjonalne t\u0142umaczenia dokument\u00f3w prawnych. Konkurencyjne ceny, bezp\u0142atna wycena, terminowo\u015b\u0107 i szerokie do\u015bwiadczenie.\",\"breadcrumb\":{\"@id\":\"https:\\\/\\\/culturesconnection.com\\\/pl\\\/nasze-tlumaczenia-dokumentow-prawnych\\\/#breadcrumb\"},\"inLanguage\":\"pl-PL\",\"potentialAction\":[{\"@type\":\"ReadAction\",\"target\":[\"https:\\\/\\\/culturesconnection.com\\\/pl\\\/nasze-tlumaczenia-dokumentow-prawnych\\\/\"]}]},{\"@type\":\"ImageObject\",\"inLanguage\":\"pl-PL\",\"@id\":\"https:\\\/\\\/culturesconnection.com\\\/pl\\\/nasze-tlumaczenia-dokumentow-prawnych\\\/#primaryimage\",\"url\":\"https:\\\/\\\/culturesconnection.com\\\/wp-content\\\/uploads\\\/2013\\\/06\\\/background_legal-translation.png\",\"contentUrl\":\"https:\\\/\\\/culturesconnection.com\\\/wp-content\\\/uploads\\\/2013\\\/06\\\/background_legal-translation.png\",\"width\":1440,\"height\":570,\"caption\":\"background_legal-translation\"},{\"@type\":\"BreadcrumbList\",\"@id\":\"https:\\\/\\\/culturesconnection.com\\\/pl\\\/nasze-tlumaczenia-dokumentow-prawnych\\\/#breadcrumb\",\"itemListElement\":[{\"@type\":\"ListItem\",\"position\":1,\"name\":\"Home\",\"item\":\"https:\\\/\\\/culturesconnection.com\\\/pl\\\/\"},{\"@type\":\"ListItem\",\"position\":2,\"name\":\"Nasze t\u0142umaczenia dokument\u00f3w prawnych\"}]},{\"@type\":\"WebSite\",\"@id\":\"https:\\\/\\\/culturesconnection.com\\\/fr\\\/#website\",\"url\":\"https:\\\/\\\/culturesconnection.com\\\/fr\\\/\",\"name\":\"Cultures Connection\",\"description\":\"Cultures Connection is a translation agency dedicated to the success of its international clients.\",\"publisher\":{\"@id\":\"https:\\\/\\\/culturesconnection.com\\\/fr\\\/#organization\"},\"potentialAction\":[{\"@type\":\"SearchAction\",\"target\":{\"@type\":\"EntryPoint\",\"urlTemplate\":\"https:\\\/\\\/culturesconnection.com\\\/fr\\\/?s={search_term_string}\"},\"query-input\":{\"@type\":\"PropertyValueSpecification\",\"valueRequired\":true,\"valueName\":\"search_term_string\"}}],\"inLanguage\":\"pl-PL\"},{\"@type\":\"Organization\",\"@id\":\"https:\\\/\\\/culturesconnection.com\\\/fr\\\/#organization\",\"name\":\"Cultures Connection\",\"url\":\"https:\\\/\\\/culturesconnection.com\\\/fr\\\/\",\"logo\":{\"@type\":\"ImageObject\",\"inLanguage\":\"pl-PL\",\"@id\":\"https:\\\/\\\/culturesconnection.com\\\/fr\\\/#\\\/schema\\\/logo\\\/image\\\/\",\"url\":\"https:\\\/\\\/culturesconnection.com\\\/wp-content\\\/uploads\\\/2022\\\/06\\\/cropped-favicon512x512.png\",\"contentUrl\":\"https:\\\/\\\/culturesconnection.com\\\/wp-content\\\/uploads\\\/2022\\\/06\\\/cropped-favicon512x512.png\",\"width\":512,\"height\":512,\"caption\":\"Cultures Connection\"},\"image\":{\"@id\":\"https:\\\/\\\/culturesconnection.com\\\/fr\\\/#\\\/schema\\\/logo\\\/image\\\/\"},\"sameAs\":[\"https:\\\/\\\/www.facebook.com\\\/CulturesConnection\",\"https:\\\/\\\/x.com\\\/CulturesCo_\"]}]}<\/script>\n<!-- \/ Yoast SEO Premium plugin. -->","yoast_head_json":{"title":"Nasze t\u0142umaczenia dokument\u00f3w prawnych","description":"Cultures Connection oferuje profesjonalne t\u0142umaczenia dokument\u00f3w prawnych. Konkurencyjne ceny, bezp\u0142atna wycena, terminowo\u015b\u0107 i szerokie do\u015bwiadczenie.","robots":{"index":"index","follow":"follow","max-snippet":"max-snippet:-1","max-image-preview":"max-image-preview:large","max-video-preview":"max-video-preview:-1"},"canonical":"https:\/\/culturesconnection.com\/pl\/nasze-tlumaczenia-dokumentow-prawnych\/","og_locale":"pl_PL","og_type":"article","og_title":"Nasze t\u0142umaczenia dokument\u00f3w prawnych","og_description":"Cultures Connection oferuje profesjonalne t\u0142umaczenia dokument\u00f3w prawnych. Konkurencyjne ceny, bezp\u0142atna wycena, terminowo\u015b\u0107 i szerokie do\u015bwiadczenie.","og_url":"https:\/\/culturesconnection.com\/pl\/nasze-tlumaczenia-dokumentow-prawnych\/","og_site_name":"Cultures Connection","article_publisher":"https:\/\/www.facebook.com\/CulturesConnection","article_modified_time":"2022-07-18T10:35:31+00:00","og_image":[{"width":1440,"height":570,"url":"https:\/\/culturesconnection.com\/wp-content\/uploads\/2013\/06\/background_legal-translation.png","type":"image\/png"}],"twitter_card":"summary_large_image","twitter_site":"@CulturesCo_","twitter_misc":{"Szacowany czas czytania":"2 minuty"},"schema":{"@context":"https:\/\/schema.org","@graph":[{"@type":"WebPage","@id":"https:\/\/culturesconnection.com\/pl\/nasze-tlumaczenia-dokumentow-prawnych\/","url":"https:\/\/culturesconnection.com\/pl\/nasze-tlumaczenia-dokumentow-prawnych\/","name":"Nasze t\u0142umaczenia dokument\u00f3w prawnych","isPartOf":{"@id":"https:\/\/culturesconnection.com\/fr\/#website"},"primaryImageOfPage":{"@id":"https:\/\/culturesconnection.com\/pl\/nasze-tlumaczenia-dokumentow-prawnych\/#primaryimage"},"image":{"@id":"https:\/\/culturesconnection.com\/pl\/nasze-tlumaczenia-dokumentow-prawnych\/#primaryimage"},"thumbnailUrl":"https:\/\/culturesconnection.com\/wp-content\/uploads\/2013\/06\/background_legal-translation.png","datePublished":"2018-11-02T10:35:31+00:00","dateModified":"2022-07-18T10:35:31+00:00","description":"Cultures Connection oferuje profesjonalne t\u0142umaczenia dokument\u00f3w prawnych. Konkurencyjne ceny, bezp\u0142atna wycena, terminowo\u015b\u0107 i szerokie do\u015bwiadczenie.","breadcrumb":{"@id":"https:\/\/culturesconnection.com\/pl\/nasze-tlumaczenia-dokumentow-prawnych\/#breadcrumb"},"inLanguage":"pl-PL","potentialAction":[{"@type":"ReadAction","target":["https:\/\/culturesconnection.com\/pl\/nasze-tlumaczenia-dokumentow-prawnych\/"]}]},{"@type":"ImageObject","inLanguage":"pl-PL","@id":"https:\/\/culturesconnection.com\/pl\/nasze-tlumaczenia-dokumentow-prawnych\/#primaryimage","url":"https:\/\/culturesconnection.com\/wp-content\/uploads\/2013\/06\/background_legal-translation.png","contentUrl":"https:\/\/culturesconnection.com\/wp-content\/uploads\/2013\/06\/background_legal-translation.png","width":1440,"height":570,"caption":"background_legal-translation"},{"@type":"BreadcrumbList","@id":"https:\/\/culturesconnection.com\/pl\/nasze-tlumaczenia-dokumentow-prawnych\/#breadcrumb","itemListElement":[{"@type":"ListItem","position":1,"name":"Home","item":"https:\/\/culturesconnection.com\/pl\/"},{"@type":"ListItem","position":2,"name":"Nasze t\u0142umaczenia dokument\u00f3w prawnych"}]},{"@type":"WebSite","@id":"https:\/\/culturesconnection.com\/fr\/#website","url":"https:\/\/culturesconnection.com\/fr\/","name":"Cultures Connection","description":"Cultures Connection is a translation agency dedicated to the success of its international clients.","publisher":{"@id":"https:\/\/culturesconnection.com\/fr\/#organization"},"potentialAction":[{"@type":"SearchAction","target":{"@type":"EntryPoint","urlTemplate":"https:\/\/culturesconnection.com\/fr\/?s={search_term_string}"},"query-input":{"@type":"PropertyValueSpecification","valueRequired":true,"valueName":"search_term_string"}}],"inLanguage":"pl-PL"},{"@type":"Organization","@id":"https:\/\/culturesconnection.com\/fr\/#organization","name":"Cultures Connection","url":"https:\/\/culturesconnection.com\/fr\/","logo":{"@type":"ImageObject","inLanguage":"pl-PL","@id":"https:\/\/culturesconnection.com\/fr\/#\/schema\/logo\/image\/","url":"https:\/\/culturesconnection.com\/wp-content\/uploads\/2022\/06\/cropped-favicon512x512.png","contentUrl":"https:\/\/culturesconnection.com\/wp-content\/uploads\/2022\/06\/cropped-favicon512x512.png","width":512,"height":512,"caption":"Cultures Connection"},"image":{"@id":"https:\/\/culturesconnection.com\/fr\/#\/schema\/logo\/image\/"},"sameAs":["https:\/\/www.facebook.com\/CulturesConnection","https:\/\/x.com\/CulturesCo_"]}]}},"_links":{"self":[{"href":"https:\/\/culturesconnection.com\/pl\/wp-json\/wp\/v2\/pages\/11682","targetHints":{"allow":["GET"]}}],"collection":[{"href":"https:\/\/culturesconnection.com\/pl\/wp-json\/wp\/v2\/pages"}],"about":[{"href":"https:\/\/culturesconnection.com\/pl\/wp-json\/wp\/v2\/types\/page"}],"author":[{"embeddable":true,"href":"https:\/\/culturesconnection.com\/pl\/wp-json\/wp\/v2\/users\/22"}],"replies":[{"embeddable":true,"href":"https:\/\/culturesconnection.com\/pl\/wp-json\/wp\/v2\/comments?post=11682"}],"version-history":[{"count":0,"href":"https:\/\/culturesconnection.com\/pl\/wp-json\/wp\/v2\/pages\/11682\/revisions"}],"wp:featuredmedia":[{"embeddable":true,"href":"https:\/\/culturesconnection.com\/pl\/wp-json\/wp\/v2\/media\/12046"}],"wp:attachment":[{"href":"https:\/\/culturesconnection.com\/pl\/wp-json\/wp\/v2\/media?parent=11682"}],"curies":[{"name":"wp","href":"https:\/\/api.w.org\/{rel}","templated":true}]}}