{"id":11680,"date":"2018-11-02T12:29:29","date_gmt":"2018-11-02T10:29:29","guid":{"rendered":"http:\/\/culturesconnection.com\/?page_id=11680"},"modified":"2022-07-18T12:47:16","modified_gmt":"2022-07-18T10:47:16","slug":"nasze-tlumaczenia-dokumentow-finansowych","status":"publish","type":"page","link":"https:\/\/culturesconnection.com\/pl\/nasze-tlumaczenia-dokumentow-finansowych\/","title":{"rendered":"Nasze t\u0142umaczenia dokument\u00f3w finansowych"},"content":{"rendered":"\n<h2 class=\"wp-block-heading\">T\u0142umaczenia dokument\u00f3w finansowych<br>Kwestia dok\u0142adno\u015bci<\/h2>\n\n\n\n<p>T\u0142umaczenia dokument\u00f3w finansowych wymagaj\u0105 szerokiej i precyzyjnej wiedzy tematu oraz bieg\u0142o\u015bci j\u0119zykowej w danej terminologii. Niezb\u0119dna jest wiedza specjalist\u00f3w, kt\u00f3rzy rozumiej\u0105 z\u0142o\u017cono\u015bci dokument\u00f3w finansowych. Jakikolwiek b\u0142\u0105d w t\u0142umaczeniu analizy informacji finansowej mo\u017ce wprowadzi\u0107 w b\u0142\u0105d czytelnik\u00f3w i ostatecznie wp\u0142yn\u0105\u0107 na proces decyzyjny. Nasze <a href=\"https:\/\/culturesconnection.com\/pl\/\">biuro t\u0142umacze\u0144<\/a>, \u015bwiadome katastrofalnych konsekwencji, jakie mo\u017ce spowodowa\u0107 niedok\u0142adne t\u0142umaczenie, wybiera profesjonalnych t\u0142umaczy specjalizuj\u0105cych si\u0119 w t\u0142umaczeniach finansowych Twoich projekt\u00f3w, na podstawie ich wykszta\u0142cenia i do\u015bwiadczenia. Cultures Connection oferuje szeroki wachlarz <a href=\"https:\/\/culturesconnection.com\/pl\/profesjonalne-uslugi-tlumaczeniowe-we-wszystkich-jezykach\/\">us\u0142ug t\u0142umaczeniowych<\/a> i jest najlepsz\u0105 gwarancj\u0105 <strong>wysokiej jako\u015bci profesjonalnych t\u0142umacze\u0144 finansowych<\/strong>.<\/p>\n\n\n\n<h2 class=\"wp-block-heading\">T\u0142umaczenie dokument\u00f3w finansowych<\/h2>\n\n\n\n<p>Bilanse i inne sprawozdania finansowe. Raporty funduszy. Badania rynku i ryzyka\/ dokumenty dotycz\u0105ce zarz\u0105dze\u0144 aktywami. Sprawozdania z audytu, listy kontrolne procesu due diligence oraz dokumenty dotycz\u0105ce fuzji oraz przej\u0119\u0107.<\/p>\n\n\n\n<p>Dokumenty finansowe mog\u0105 si\u0119 znacznie r\u00f3\u017cni\u0107, a <strong>specyfika terminologii finansowej mo\u017ce by\u0107 zawi\u0142a<\/strong>. Zapotrzebowanie na wyspecjalizowanych specjalist\u00f3w jest istotne dla wysokiej jako\u015bci us\u0142ug. Nasze biuro t\u0142umacze\u0144 polega na rozleg\u0142ej sieci kontakt\u00f3w profesjonalnych t\u0142umaczy selekcjonowanych na podstawie ich wykszta\u0142cenia i do\u015bwiadczenia.<\/p>\n\n\n\n<h2 class=\"wp-block-heading\">T\u0142umaczenie dokument\u00f3w ubezpieczeniowych<br>pokrewna dyscyplina<\/h2>\n\n\n\n<p>Cultures Connection zapewnia specjalistyczne us\u0142ugi t\u0142umaczeniowe dla bran\u017cy ubezpieczeniowej.&nbsp;Precyzyjne t\u0142umaczenia maj\u0105 kluczowe znaczenie w tej dziedzinie. Mog\u0142yby wp\u0142yn\u0105\u0107 nie tylko na mo\u017cliwo\u015b\u0107 zdobycia nowych klient\u00f3w, ale r\u00f3wnie\u017c mog\u0142yby zaw\u0119zi\u0107 zasi\u0119g Twojej dzia\u0142alno\u015bci. Niepoprawne t\u0142umaczenie dokumentacji ubezpieczeniowej mo\u017ce skutkowa\u0107 strat\u0105 milion\u00f3w dolar\u00f3w.&nbsp;Dokumenty ubezpieczeniowe maja szeroki zasi\u0119g, zawieraj\u0105 nie tylko warunki i informacje o samych polisach ubezpieczeniowych, ale r\u00f3wnie\u017c informacje prawne, finansowe i medyczne, jak r\u00f3wnie\u017c inne dane, cz\u0119sto o specyficznym charakterze.<\/p>\n\n\n\n<h2 class=\"wp-block-heading\">T\u0142umaczenia finansowe we wszystkich j\u0119zykach<\/h2>\n\n\n\n<ul class=\"wp-block-list\"><li><a href=\"https:\/\/culturesconnection.com\/pl\/nasze-francuskie-uslugi-tlumaczen-finansowych\/\">T\u0142umaczenia finansowe na j\u0119zyk francuski<\/a><\/li><li><a href=\"https:\/\/culturesconnection.com\/pl\/nasze-uslugi-tlumaczen-finansowych-z-jezyka-hiszpanskiego\/\">T\u0142umaczenia finansowe na j\u0119zyk hiszpa\u0144ski<\/a><\/li><li><a href=\"https:\/\/culturesconnection.com\/pl\/nasze-niemieckie-tlumaczenia-finansowe\/\">T\u0142umaczenia finansowe na j\u0119zyk niemiecki<\/a><\/li><li><a href=\"https:\/\/culturesconnection.com\/pl\/nasze-uslugi-chinskich-tlumaczen-finansowych\/\">T\u0142umaczenia finansowe na j\u0119zyk chi\u0144ski<\/a><\/li><li><a href=\"https:\/\/culturesconnection.com\/pl\/nasze-arabskie-uslugi-tlumaczen-finansowych\/\">T\u0142umaczenia finansowe na j\u0119zyk arabski<\/a><\/li><li><a href=\"https:\/\/culturesconnection.com\/pl\/?page_id=13392\">T\u0142umaczenia finansowe na j\u0119zyk portugalski<\/a><\/li><li><a href=\"https:\/\/culturesconnection.com\/pl\/nasze-wloskie-uslugi-tlumaczen-finansowych\/\">T\u0142umaczenia finansowe na j\u0119zyk w\u0142oski<\/a><\/li><li><a href=\"https:\/\/culturesconnection.com\/pl\/nasze-niderlandzkie-uslugi-tlumaczen-finansowych\/\">T\u0142umaczenia finansowe na j\u0119zyk niderlandzki<\/a><\/li><li><a href=\"https:\/\/culturesconnection.com\/pl\/nasze-uslugi-tlumaczen-finansowych-z-tureckiego\/\">T\u0142umaczenia finansowe na j\u0119zyk turecki<\/a><\/li><li><a href=\"https:\/\/culturesconnection.com\/pl\/nasze-japonskie-uslugi-tlumaczen-finansowych\/\">T\u0142umaczenia finansowe na j\u0119zyk japo\u0144ski<\/a><\/li><li><a href=\"https:\/\/culturesconnection.com\/pl\/nasze-tlumaczenia-finansowe-z-jezyka-rosyjskiego\/\">T\u0142umaczenia finansowe na j\u0119zyk rosyjski<\/a><\/li><\/ul>\n","protected":false},"excerpt":{"rendered":"<p>T\u0142umaczenia dokument\u00f3w finansowychKwestia dok\u0142adno\u015bci T\u0142umaczenia dokument\u00f3w finansowych wymagaj\u0105 szerokiej i precyzyjnej wiedzy tematu oraz bieg\u0142o\u015bci j\u0119zykowej w danej terminologii. Niezb\u0119dna jest wiedza specjalist\u00f3w, kt\u00f3rzy rozumiej\u0105 [&#8230;]<\/p>\n<p><a class=\"btn btn-secondary understrap-read-more-link\" href=\"https:\/\/culturesconnection.com\/pl\/nasze-tlumaczenia-dokumentow-finansowych\/\">Czytaj dalej\u2026<span class=\"screen-reader-text\"> from Nasze t\u0142umaczenia dokument\u00f3w finansowych<\/span><\/a><\/p>\n","protected":false},"author":22,"featured_media":12023,"parent":0,"menu_order":0,"comment_status":"closed","ping_status":"closed","template":"","meta":{"_acf_changed":false,"_editorskit_title_hidden":false,"_editorskit_reading_time":1,"_editorskit_is_block_options_detached":false,"_editorskit_block_options_position":"{}","footnotes":""},"class_list":["post-11680","page","type-page","status-publish","has-post-thumbnail","hentry"],"acf":[],"_links":{"self":[{"href":"https:\/\/culturesconnection.com\/pl\/wp-json\/wp\/v2\/pages\/11680","targetHints":{"allow":["GET"]}}],"collection":[{"href":"https:\/\/culturesconnection.com\/pl\/wp-json\/wp\/v2\/pages"}],"about":[{"href":"https:\/\/culturesconnection.com\/pl\/wp-json\/wp\/v2\/types\/page"}],"author":[{"embeddable":true,"href":"https:\/\/culturesconnection.com\/pl\/wp-json\/wp\/v2\/users\/22"}],"replies":[{"embeddable":true,"href":"https:\/\/culturesconnection.com\/pl\/wp-json\/wp\/v2\/comments?post=11680"}],"version-history":[{"count":0,"href":"https:\/\/culturesconnection.com\/pl\/wp-json\/wp\/v2\/pages\/11680\/revisions"}],"wp:featuredmedia":[{"embeddable":true,"href":"https:\/\/culturesconnection.com\/pl\/wp-json\/wp\/v2\/media\/12023"}],"wp:attachment":[{"href":"https:\/\/culturesconnection.com\/pl\/wp-json\/wp\/v2\/media?parent=11680"}],"curies":[{"name":"wp","href":"https:\/\/api.w.org\/{rel}","templated":true}]}}