{"id":11679,"date":"2018-11-02T11:35:39","date_gmt":"2018-11-02T09:35:39","guid":{"rendered":"http:\/\/culturesconnection.com\/?page_id=11679"},"modified":"2022-08-03T09:36:15","modified_gmt":"2022-08-03T07:36:15","slug":"nasze-tlumaczenia-konsekutywne","status":"publish","type":"page","link":"https:\/\/culturesconnection.com\/pl\/nasze-tlumaczenia-konsekutywne\/","title":{"rendered":"Nasze t\u0142umaczenia konsekutywne"},"content":{"rendered":"\n<h2 class=\"wp-block-heading\">Kiedy nale\u017cy wybra\u0107<br>t\u0142umaczenia konsekutywne?<\/h2>\n\n\n\n<p>Czy planujesz w trakcie wakacji spotkanie z uczestnikami z r\u00f3\u017cnych kultur i m\u00f3wi\u0105cych r\u00f3\u017cnymi j\u0119zykami? W takim przypadku potrzebujesz t\u0142umaczy ustnych. Jednak jak\u0105 ofert\u0119 t\u0142umaczeniow\u0105 powiniene\u015b wybra\u0107? Wszystko zale\u017cy od rodzaju wydarzenia, lokalizacji, dost\u0119pno\u015bci terminu, bud\u017cetu i ilo\u015bci uczestnik\u00f3w. Podczas konferencji, gdzie wymagane jest t\u0142umaczenie liaison lub konsekutywne, t\u0142umacze ustni s\u0105 w stanie dostosowa\u0107 si\u0119 do r\u00f3\u017cnych typ\u00f3w sytuacji.<\/p>\n\n\n\n<p>T\u0142umaczenie konsekutywne wci\u0105\u017c pozostaje wymogiem do pracy jako t\u0142umacz ustny. Rozmowy, t\u0142umaczone w spos\u00f3b konsekutywny,nie zawsze maj\u0105 charakter formalny. Jako \u017ce<strong>&nbsp;t\u0142umaczenia konsekutywne nie wymagaj\u0105 \u017cadnego specjalnego sprz\u0119tu, mo\u017ce by\u0107 ono dostosowane do wielu r\u00f3\u017cnych sytuacji: bankiet\u00f3w, przyj\u0119\u0107, inauguracji, wycieczek z przewodnikiem, delegacji biznesowych, wizyt dyplomatycznych lub s\u0142awnych os\u00f3b, obrad przy okr\u0105g\u0142ym stole, wycieczek motywacyjnych itd.<\/strong><\/p>\n\n\n\n<h2 class=\"wp-block-heading\">T\u0142umaczenia konsekutywne: metoda prosta i relaksuj\u0105ca<\/h2>\n\n\n\n<p>Przy stole, t\u0142umacz ustny sporz\u0105dza notatki, kt\u00f3re pomog\u0105 mu wiernie i dok\u0142adnie odtworzy\u0107 ca\u0142o\u015b\u0107, b\u0105d\u017a cz\u0119\u015b\u0107 przemowy w j\u0119zyku docelowym. W przeciwie\u0144stwie do t\u0142umaczenia ustnego, podczas tego typu t\u0142umacze\u0144, nie jest wymagany specjalistyczny sprz\u0119t, wystarcz\u0105 tylko notatnik i d\u0142ugopis.<\/p>\n\n\n\n<h2 class=\"wp-block-heading\">Us\u0142ugi t\u0142umacze\u0144 konsekutywnych<\/h2>\n\n\n\n<p>Nasza <a href=\"https:\/\/culturesconnection.com\/pl\/\">agencja t\u0142umacze\u0144 ustnych<\/a> wsp\u00f3\u0142pracuje z profesjonalnymi t\u0142umaczami ustnymi posiadaj\u0105cymi dyplom i do\u015bwiadczenie w swojej dziedzinie. Oferta Cultures Connection, obejmuj\u0105ca prawie 80 par j\u0119zykowych <a href=\"https:\/\/culturesconnection.com\/pl\/nasze-uslugi-tlumaczen-ustnych\/\">us\u0142ug t\u0142umacze\u0144 ustnych<\/a> (mi\u0119dzy innymi angielski, francuski, niemiecki, hiszpa\u0144ski, chi\u0144ski, rosyjski, w\u0142oski, fi\u0144ski, chorwacki, urdu, itp.) ma swoje siedziby w Pary\u017cu, Nicei, Buenos Aires i na ca\u0142ym \u015bwiecie, gdziekolwiek chcia\u0142by\u015b porozumie\u0107 si\u0119 w innym j\u0119zyku.<\/p>\n","protected":false},"excerpt":{"rendered":"<p>Kiedy nale\u017cy wybra\u0107t\u0142umaczenia konsekutywne? Czy planujesz w trakcie wakacji spotkanie z uczestnikami z r\u00f3\u017cnych kultur i m\u00f3wi\u0105cych r\u00f3\u017cnymi j\u0119zykami? W takim przypadku potrzebujesz t\u0142umaczy ustnych. [&#8230;]<\/p>\n<p><a class=\"btn btn-secondary understrap-read-more-link\" href=\"https:\/\/culturesconnection.com\/pl\/nasze-tlumaczenia-konsekutywne\/\">Czytaj dalej\u2026<span class=\"screen-reader-text\"> from Nasze t\u0142umaczenia konsekutywne<\/span><\/a><\/p>\n","protected":false},"author":22,"featured_media":12032,"parent":0,"menu_order":0,"comment_status":"closed","ping_status":"closed","template":"","meta":{"_acf_changed":false,"_editorskit_title_hidden":false,"_editorskit_reading_time":1,"_editorskit_is_block_options_detached":false,"_editorskit_block_options_position":"{}","footnotes":""},"class_list":["post-11679","page","type-page","status-publish","has-post-thumbnail","hentry"],"acf":[],"_links":{"self":[{"href":"https:\/\/culturesconnection.com\/pl\/wp-json\/wp\/v2\/pages\/11679","targetHints":{"allow":["GET"]}}],"collection":[{"href":"https:\/\/culturesconnection.com\/pl\/wp-json\/wp\/v2\/pages"}],"about":[{"href":"https:\/\/culturesconnection.com\/pl\/wp-json\/wp\/v2\/types\/page"}],"author":[{"embeddable":true,"href":"https:\/\/culturesconnection.com\/pl\/wp-json\/wp\/v2\/users\/22"}],"replies":[{"embeddable":true,"href":"https:\/\/culturesconnection.com\/pl\/wp-json\/wp\/v2\/comments?post=11679"}],"version-history":[{"count":0,"href":"https:\/\/culturesconnection.com\/pl\/wp-json\/wp\/v2\/pages\/11679\/revisions"}],"wp:featuredmedia":[{"embeddable":true,"href":"https:\/\/culturesconnection.com\/pl\/wp-json\/wp\/v2\/media\/12032"}],"wp:attachment":[{"href":"https:\/\/culturesconnection.com\/pl\/wp-json\/wp\/v2\/media?parent=11679"}],"curies":[{"name":"wp","href":"https:\/\/api.w.org\/{rel}","templated":true}]}}