{"id":11677,"date":"2018-11-06T13:24:55","date_gmt":"2018-11-06T11:24:55","guid":{"rendered":"http:\/\/culturesconnection.com\/?page_id=11677"},"modified":"2022-06-22T05:21:23","modified_gmt":"2022-06-22T03:21:23","slug":"nasze-uslugi-tlumaczen-stron-internetowych-z-hiszpanskiego","status":"publish","type":"page","link":"https:\/\/culturesconnection.com\/pl\/nasze-hiszpanskie-uslugi-tlumaczeniowe\/nasze-uslugi-tlumaczen-stron-internetowych-z-hiszpanskiego\/","title":{"rendered":"Nasze us\u0142ugi t\u0142umacze\u0144 stron internetowych z hiszpa\u0144skiego"},"content":{"rendered":"\n<h2 class=\"wp-block-heading\">Profesjonalne us\u0142ugi t\u0142umacze\u0144 stron internetowych z hiszpa\u0144skiego<\/h2>\n\n\n\n<p>Globalizacja otwiera dost\u0119p do rynk\u00f3w mi\u0119dzynarodowych, a internet stanowi globaln\u0105 sie\u0107. W tym wypadku, je\u015bli chcia\u0142by\u015b rozszerzy\u0107 dzia\u0142alno\u015b\u0107 swojej firmy, Twoja strona internetowa b\u0119dzie idealnym sprzymierze\u0144cem. Dla udanego rozwoju wa\u017cne jest powierzenie jej t\u0142umaczenia kompetentnemu t\u0142umaczowi \u015bwiadcz\u0105cemu us\u0142ugi t\u0142umacze\u0144 stron internetowych z hiszpa\u0144skiego. W rzeczy samej, dobrze sformu\u0142owana witryna b\u0119dzie wzbudza\u0107 wi\u0119cej zaufania ni\u017c ta, kt\u00f3ra zawiera b\u0142\u0119dy. Nasi hiszpa\u0144sko-polscy i polsko-hiszpa\u0144scy t\u0142umacze pomog\u0105 Ci zbudowa\u0107 wiarygodno\u015b\u0107 i przyci\u0105gn\u0105\u0107 nowych klient\u00f3w poprzez jako\u015b\u0107 pracy.<\/p>\n\n\n\n<h2 class=\"wp-block-heading\">Nasza agencja us\u0142ug t\u0142umaczeniowych<\/h2>\n\n\n\n<p>Z rozleg\u0142ym do\u015bwiadczeniem w t\u0142umaczeniu stron internetowych, <a href=\"https:\/\/culturesconnection.com\/pl\/\">Cultures Connection<\/a> zapewnia us\u0142ugi, spe\u0142niaj\u0105ce wysokie standardy jako\u015bci. Niewa\u017cne czy chcia\u0142by\u015b rozwin\u0105\u0107 sw\u00f3j biznes w Hiszpanii, Ameryce \u0141aci\u0144skiej lub w innej cz\u0119\u015bci \u015bwiata, zawsze przydzielamy projekty t\u0142umaczom pochodz\u0105cym z rynk\u00f3w docelowych. Dostosowuj\u0105 r\u00f3wnie\u017c zawarto\u015b\u0107 portalu do lokalnej kultury i je\u015bli jest potrzeba, dopasowuj\u0105 elementy graficzne, poniewa\u017c kolory nie zawsze s\u0105 wsz\u0119dzie postrzegane w ten sam spos\u00f3b. Nasza firma oferuje <a href=\"https:\/\/culturesconnection.com\/pl\/profesjonalne-uslugi-tlumaczeniowe-we-wszystkich-jezykach\/\">us\u0142ugi t\u0142umaczeniowe<\/a> jakich szukasz.<\/p>\n\n\n\n<h2 class=\"wp-block-heading\">Nasze us\u0142ugi t\u0142umacze\u0144 stron internetowych na j\u0119zyk hiszpa\u0144ski<\/h2>\n\n\n\n<p>Nasze us\u0142ugi <a href=\"https:\/\/culturesconnection.com\/pl\/tlumaczenie-strony-internetowej-nasze-uslugi-tlumaczen-stron-internetowych\/\">t\u0142umacze\u0144 stron internetowych<\/a> obejmuj\u0105 wiele rodzaj\u00f3w medi\u00f3w internetowych. Poni\u017cej znajdziesz kilka przyk\u0142ad\u00f3w:<\/p>\n\n\n\n<ul class=\"wp-block-list\"><li>Zawarto\u015b\u0107 strony internetowej<\/li><li>Strony e-commerce<\/li><li>Aplikacje mobilne<\/li><li>Platformy handlowe<\/li><li>Podsumowania produkt\u00f3w<\/li><\/ul>\n\n\n\n<h3 class=\"wp-block-heading\">&nbsp;T\u0142umaczenia stron internetowych we wszystkich j\u0119zykach<\/h3>\n\n\n\n<ul class=\"wp-block-list\"><li><a href=\"https:\/\/culturesconnection.com\/pl\/nasze-francuskie-uslugi-tlumaczen-stron-internetowych\/\">T\u0142umaczenia stron internetowych na j\u0119zyk francuski<\/a><\/li><li><a href=\"https:\/\/culturesconnection.com\/pl\/nasze-tlumaczenia-stron-internetowych-w-jezyku-niemieckim\/\">T\u0142umaczenia stron internetowych na j\u0119zyk niemiecki<\/a><\/li><li><a href=\"https:\/\/culturesconnection.com\/pl\/nasze-chinskie-tlumaczenia-stron-internetowych\/\">T\u0142umaczenia stron internetowych na j\u0119zyk chi\u0144ski<\/a><\/li><li><a href=\"https:\/\/culturesconnection.com\/pl\/nasze-uslugi-tlumaczen-arabskich-stron-internetowych\/\">T\u0142umaczenia stron internetowych na j\u0119zyk arabski<\/a><\/li><li><a href=\"https:\/\/culturesconnection.com\/pl\/?page_id=13396\">T\u0142umaczenia stron internetowych na j\u0119zyk portugalski<\/a><\/li><li><a href=\"https:\/\/culturesconnection.com\/pl\/uslugi-tlumaczen-stron-internetowych-z-wloskiego\/\">T\u0142umaczenia stron internetowych na j\u0119zyk w\u0142oski<\/a><\/li><li><a href=\"https:\/\/culturesconnection.com\/pl\/nasze-uslugi-tlumaczen-stron-internetowych-na-jezyk-niderlandzki\/\">T\u0142umaczenia stron internetowych na j\u0119zyk niderlandzki<\/a><\/li><li><a href=\"https:\/\/culturesconnection.com\/pl\/?page_id=13389\">T\u0142umaczenia stron internetowych na j\u0119zyk turecki<\/a><\/li><li><a href=\"https:\/\/culturesconnection.com\/pl\/nasze-japonskie-tlumaczenia-stron-internetowych\/\">T\u0142umaczenia stron internetowych na j\u0119zyk japo\u0144ski<\/a><\/li><li><a href=\"https:\/\/culturesconnection.com\/pl\/nasze-tlumaczenia-stron-internetowych-z-jezyka-rosyjskiego\/\">T\u0142umaczenia stron internetowych na j\u0119zyk rosyjski<\/a><\/li><\/ul>\n","protected":false},"excerpt":{"rendered":"<p>Profesjonalne us\u0142ugi t\u0142umacze\u0144 stron internetowych z hiszpa\u0144skiego Globalizacja otwiera dost\u0119p do rynk\u00f3w mi\u0119dzynarodowych, a internet stanowi globaln\u0105 sie\u0107. W tym wypadku, je\u015bli chcia\u0142by\u015b rozszerzy\u0107 dzia\u0142alno\u015b\u0107 [&#8230;]<\/p>\n<p><a class=\"btn btn-secondary understrap-read-more-link\" href=\"https:\/\/culturesconnection.com\/pl\/nasze-hiszpanskie-uslugi-tlumaczeniowe\/nasze-uslugi-tlumaczen-stron-internetowych-z-hiszpanskiego\/\">Czytaj dalej\u2026<span class=\"screen-reader-text\"> from Nasze us\u0142ugi t\u0142umacze\u0144 stron internetowych z hiszpa\u0144skiego<\/span><\/a><\/p>\n","protected":false},"author":22,"featured_media":24334,"parent":11676,"menu_order":0,"comment_status":"closed","ping_status":"closed","template":"","meta":{"_acf_changed":false,"_editorskit_title_hidden":false,"_editorskit_reading_time":0,"_editorskit_is_block_options_detached":false,"_editorskit_block_options_position":"{}","footnotes":""},"class_list":["post-11677","page","type-page","status-publish","has-post-thumbnail","hentry"],"acf":[],"_links":{"self":[{"href":"https:\/\/culturesconnection.com\/pl\/wp-json\/wp\/v2\/pages\/11677","targetHints":{"allow":["GET"]}}],"collection":[{"href":"https:\/\/culturesconnection.com\/pl\/wp-json\/wp\/v2\/pages"}],"about":[{"href":"https:\/\/culturesconnection.com\/pl\/wp-json\/wp\/v2\/types\/page"}],"author":[{"embeddable":true,"href":"https:\/\/culturesconnection.com\/pl\/wp-json\/wp\/v2\/users\/22"}],"replies":[{"embeddable":true,"href":"https:\/\/culturesconnection.com\/pl\/wp-json\/wp\/v2\/comments?post=11677"}],"version-history":[{"count":0,"href":"https:\/\/culturesconnection.com\/pl\/wp-json\/wp\/v2\/pages\/11677\/revisions"}],"up":[{"embeddable":true,"href":"https:\/\/culturesconnection.com\/pl\/wp-json\/wp\/v2\/pages\/11676"}],"wp:featuredmedia":[{"embeddable":true,"href":"https:\/\/culturesconnection.com\/pl\/wp-json\/wp\/v2\/media\/24334"}],"wp:attachment":[{"href":"https:\/\/culturesconnection.com\/pl\/wp-json\/wp\/v2\/media?parent=11677"}],"curies":[{"name":"wp","href":"https:\/\/api.w.org\/{rel}","templated":true}]}}