{"id":11675,"date":"2018-11-06T13:37:58","date_gmt":"2018-11-06T11:37:58","guid":{"rendered":"http:\/\/culturesconnection.com\/?page_id=11675"},"modified":"2022-06-18T21:23:18","modified_gmt":"2022-06-18T19:23:18","slug":"nasze-uslugi-tlumaczen-technicznych-z-jezyka-hiszpanskiego","status":"publish","type":"page","link":"https:\/\/culturesconnection.com\/pl\/nasze-hiszpanskie-uslugi-tlumaczeniowe\/nasze-uslugi-tlumaczen-technicznych-z-jezyka-hiszpanskiego\/","title":{"rendered":"Nasze us\u0142ugi t\u0142umacze\u0144 technicznych z j\u0119zyka hiszpa\u0144skiego"},"content":{"rendered":"\n<h2 class=\"wp-block-heading\">Nasze us\u0142ugi t\u0142umacze\u0144 technicznych z j\u0119zyka hiszpa\u0144skiego s\u0105 do Twojej dyspozycji<\/h2>\n\n\n\n<p>\u015awiat nauki i technologii opiera si\u0119 na jasno\u015bci i precyzji. Dlatego w <a href=\"https:\/\/culturesconnection.com\/pl\/\">Cultures Connection<\/a>, dok\u0142adno\u015b\u0107 jest podstaw\u0105 naszej pracy. Pomagamy korporacjom, kt\u00f3re chcia\u0142yby rozszerzy\u0107 swoj\u0105 dzia\u0142alno\u015b\u0107 w Hiszpanii i Ameryce \u0141aci\u0144skiej poprzez zapewnienie t\u0142umacze\u0144 technicznych z j\u0119zyka hiszpa\u0144skiego o nienagannej jako\u015bci. W tej dziedzinie t\u0142umacze musz\u0105 mie\u0107 doskona\u0142e umiej\u0119tno\u015bci j\u0119zykowe i techniczne. Mog\u0105 by\u0107 in\u017cynierami, lekarzami czy technikami, kt\u00f3rzy przekwalifikowali si\u0119 na t\u0142umaczy technicznych lub sami t\u0142umacze podejmuj\u0105 intensywne szkolenia w celu podniesienia swoich umiej\u0119tno\u015bci, aby poradzi\u0107 sobie z tym wymagaj\u0105cym zadaniem.<\/p>\n\n\n\n<h2 class=\"wp-block-heading\">Nasze us\u0142ugi t\u0142umacze\u0144 technicznych<\/h2>\n\n\n\n<p>Z nasz\u0105 agencj\u0105 t\u0142umaczeniow\u0105 mo\u017cesz by\u0107 pewien, \u017ce Tw\u00f3j projekt znajduje si\u0119 w dobrych r\u0119kach. Zawsze je przekazujemy odpowiednim specjalistom, \u017ceby je przet\u0142umaczyli z lub na hiszpa\u0144ski. Niezale\u017cnie od rodzaju <a href=\"https:\/\/culturesconnection.com\/pl\/profesjonalne-uslugi-tlumaczeniowe-we-wszystkich-jezykach\/\">us\u0142ugi t\u0142umaczeniowej<\/a>, to terminologia gra kluczow\u0105 rol\u0119 i w \u017cadnym wypadku nie powinno by\u0107 miejsca na b\u0142\u0119dy lub nie\u015bcis\u0142o\u015bci w dokumencie docelowym. Ryzykujesz, \u017ce odbiorcy, kt\u00f3rzy b\u0119d\u0105 go czyta\u0107, nie potraktuj\u0105 go powa\u017cnie. Aby unikn\u0105\u0107 takiej sytuacji korzystamy z us\u0142ug naszego grona t\u0142umaczy technicznych. Maj\u0105 kwalifikacje, do\u015bwiadczenie i zawsze t\u0142umacz\u0105 na sw\u00f3j j\u0119zyk ojczysty. Tw\u00f3j projekt mo\u017ce obejmowa\u0107 aeronautyk\u0119, chemi\u0119 lub wyroby stalowe: zawsze posiadamy specjalist\u00f3w potrzebnych do t\u0142umacze\u0144 technicznych z j\u0119zyka hiszpa\u0144skiego.<\/p>\n\n\n\n<h2 class=\"wp-block-heading\">T\u0142umaczenie dokument\u00f3w technicznych na j\u0119zyk hiszpa\u0144ski<\/h2>\n\n\n\n<p>Nasi klienci powierzaj\u0105 nam wiele rodzaj\u00f3w <a href=\"https:\/\/culturesconnection.com\/pl\/nasze-tlumaczenia-dokumentow-technicznych\/\">technicznych dokument\u00f3w<\/a> do t\u0142umaczenia z i na j\u0119zyk hiszpa\u0144ski. Poni\u017cej wymieniamy kilka przyk\u0142ad\u00f3w:<\/p>\n\n\n\n<ul class=\"wp-block-list\"><li>Wycena<\/li><li>Teksty in\u017cynieryjne<\/li><li>Podr\u0119czniki dla obrabiarek (lub innych rodzaj\u00f3w maszyn)<\/li><li>Opisy i arkusze danych technicznych<\/li><li>Standardy techniczne<\/li><li>Specyfikacje techniczne<\/li><li>Patenty techniczne<\/li><li>Instrukcje techniczne<\/li><li>Instrukcje obs\u0142ugi<\/li><li>Przewodniki u\u017cytkownika<\/li><\/ul>\n\n\n\n<h2 class=\"wp-block-heading\">T\u0142umaczenia techniczne we wszystkich j\u0119zykach<\/h2>\n\n\n\n<ul class=\"wp-block-list\"><li><a href=\"https:\/\/culturesconnection.com\/pl\/nasze-francuskie-tlumaczenia-techniczne\/\">T\u0142umaczenia techniczne na j\u0119zyk francuski<\/a><\/li><li><a href=\"https:\/\/culturesconnection.com\/pl\/nasze-niemieckie-tlumaczenia-techniczne\/\">T\u0142umaczenia techniczne na j\u0119zyk niemiecki<\/a><\/li><li><a href=\"https:\/\/culturesconnection.com\/pl\/nasze-chinskie-tlumaczenia-techniczne\/\">T\u0142umaczenia techniczne na j\u0119zyk chi\u0144ski<\/a><\/li><li><a href=\"https:\/\/culturesconnection.com\/pl\/nasze-uslugi-tlumaczen-technicznych-z-jezyka-arabskiego\/\">T\u0142umaczenia techniczne na j\u0119zyk arabski<\/a><\/li><li><a href=\"https:\/\/culturesconnection.com\/pl\/?page_id=13395\">T\u0142umaczenia techniczne na j\u0119zyk portugalski<\/a><\/li><li><a href=\"https:\/\/culturesconnection.com\/pl\/nasze-wloskie-uslugi-tlumaczen-technicznych\/\">T\u0142umaczenia techniczne na j\u0119zyk w\u0142oski<\/a><\/li><li><a href=\"https:\/\/culturesconnection.com\/pl\/nasze-niderlandzkie-uslugi-tlumaczen-technicznych\/\">T\u0142umaczenia techniczne na j\u0119zyk niderlandzki<\/a><\/li><li><a href=\"https:\/\/culturesconnection.com\/pl\/?page_id=13388\">T\u0142umaczenia techniczne na j\u0119zyk turecki<\/a><\/li><li><a href=\"https:\/\/culturesconnection.com\/pl\/nasze-uslugi-w-zakresie-japonskich-tlumaczen-technicznych\/\">T\u0142umaczenia techniczne na j\u0119zyk japo\u0144ski<\/a><\/li><li><a href=\"https:\/\/culturesconnection.com\/pl\/nasze-uslugi-tlumaczen-technicznych-z-jezyka-rosyjskiego\/\">T\u0142umaczenia techniczne na j\u0119zyk rosyjski<\/a><\/li><\/ul>\n","protected":false},"excerpt":{"rendered":"<p>Nasze us\u0142ugi t\u0142umacze\u0144 technicznych z j\u0119zyka hiszpa\u0144skiego s\u0105 do Twojej dyspozycji \u015awiat nauki i technologii opiera si\u0119 na jasno\u015bci i precyzji. Dlatego w Cultures Connection, [&#8230;]<\/p>\n<p><a class=\"btn btn-secondary understrap-read-more-link\" href=\"https:\/\/culturesconnection.com\/pl\/nasze-hiszpanskie-uslugi-tlumaczeniowe\/nasze-uslugi-tlumaczen-technicznych-z-jezyka-hiszpanskiego\/\">Czytaj dalej\u2026<span class=\"screen-reader-text\"> from Nasze us\u0142ugi t\u0142umacze\u0144 technicznych z j\u0119zyka hiszpa\u0144skiego<\/span><\/a><\/p>\n","protected":false},"author":22,"featured_media":24334,"parent":11676,"menu_order":0,"comment_status":"closed","ping_status":"closed","template":"","meta":{"_acf_changed":false,"_editorskit_title_hidden":false,"_editorskit_reading_time":0,"_editorskit_is_block_options_detached":false,"_editorskit_block_options_position":"{}","footnotes":""},"class_list":["post-11675","page","type-page","status-publish","has-post-thumbnail","hentry"],"acf":[],"_links":{"self":[{"href":"https:\/\/culturesconnection.com\/pl\/wp-json\/wp\/v2\/pages\/11675","targetHints":{"allow":["GET"]}}],"collection":[{"href":"https:\/\/culturesconnection.com\/pl\/wp-json\/wp\/v2\/pages"}],"about":[{"href":"https:\/\/culturesconnection.com\/pl\/wp-json\/wp\/v2\/types\/page"}],"author":[{"embeddable":true,"href":"https:\/\/culturesconnection.com\/pl\/wp-json\/wp\/v2\/users\/22"}],"replies":[{"embeddable":true,"href":"https:\/\/culturesconnection.com\/pl\/wp-json\/wp\/v2\/comments?post=11675"}],"version-history":[{"count":0,"href":"https:\/\/culturesconnection.com\/pl\/wp-json\/wp\/v2\/pages\/11675\/revisions"}],"up":[{"embeddable":true,"href":"https:\/\/culturesconnection.com\/pl\/wp-json\/wp\/v2\/pages\/11676"}],"wp:featuredmedia":[{"embeddable":true,"href":"https:\/\/culturesconnection.com\/pl\/wp-json\/wp\/v2\/media\/24334"}],"wp:attachment":[{"href":"https:\/\/culturesconnection.com\/pl\/wp-json\/wp\/v2\/media?parent=11675"}],"curies":[{"name":"wp","href":"https:\/\/api.w.org\/{rel}","templated":true}]}}