{"id":11674,"date":"2018-11-06T13:54:13","date_gmt":"2018-11-06T11:54:13","guid":{"rendered":"http:\/\/culturesconnection.com\/?page_id=11674"},"modified":"2022-06-21T18:10:05","modified_gmt":"2022-06-21T16:10:05","slug":"nasze-uslugi-tworzenia-napisow-z-hiszpanskiego","status":"publish","type":"page","link":"https:\/\/culturesconnection.com\/pl\/nasze-hiszpanskie-uslugi-tlumaczeniowe\/nasze-uslugi-tworzenia-napisow-z-hiszpanskiego\/","title":{"rendered":"Nasze us\u0142ugi tworzenia napis\u00f3w z hiszpa\u0144skiego"},"content":{"rendered":"\n<h2 class=\"wp-block-heading\">Us\u0142ugi tworzenia napis\u00f3w z hiszpa\u0144skiego: eksportuj swoje materia\u0142y<\/h2>\n\n\n\n<p>Chcia\u0142by\u015b przet\u0142umaczy\u0107 film, dokument lub reklam\u0119 wideo z lub na hiszpa\u0144ski? <a href=\"https:\/\/culturesconnection.com\/pl\/\">Cultures Connection<\/a> wykona w ca\u0142o\u015bci to zadanie dla Ciebie, musisz tylko wys\u0142a\u0107 nam sw\u00f3j projekt! Niewa\u017cne czy m\u00f3wimy o dubbingu, lektorze czy napisach, nasz profesjonalny zesp\u00f3\u0142 zapisuje tekst, t\u0142umaczy go i dostosowuje materia\u0142 po hiszpa\u0144sku, jednocze\u015bnie zachowuj\u0105c ograniczenia czasu i przestrzeni. Dzi\u0119ki ich doskona\u0142ej znajomo\u015bci polskiego i hiszpa\u0144skiego s\u0105 najbardziej odpowiednimi osobami, b\u0119d\u0105cymi w stanie dostosowa\u0107 tre\u015b\u0107 filmu do norm Hiszpanii lub Ameryki \u0141aci\u0144skiej i dostarczy\u0107 profesjonalne us\u0142ugi tworzenia napis\u00f3w z hiszpa\u0144skiego.<\/p>\n\n\n\n<h2 class=\"wp-block-heading\">Us\u0142ugi tworzenia napis\u00f3w przez nasz\u0105 agencj\u0119<\/h2>\n\n\n\n<p>Nasi t\u0142umacze posiadaj\u0105 dobr\u0105 znajomo\u015b\u0107 bran\u017cy, w kt\u00f3rej t\u0142umacz\u0105. W zale\u017cno\u015bci od ich specjalno\u015bci, poradz\u0105 sobie z dubbingiem, <a href=\"https:\/\/culturesconnection.com\/pl\/nasze-uslugi-tworzenia-napisow\/\">tworzeniem napis\u00f3w <\/a>czy lektorem do materia\u0142\u00f3w audio i wideo. Wspierani w swojej pracy przez technik\u00f3w lub kierownik\u00f3w projektu, specjalizuj\u0105cych si\u0119 w tym rodzaju t\u0142umaczeniach, w pe\u0142ni wykorzystaj\u0105 swoj\u0105 wiedz\u0119, aby zapewni\u0107 doskona\u0142e t\u0142umaczenie. Skorzystasz nie tylko z profesjonalnych umiej\u0119tno\u015bci j\u0119zykowych naszego zespo\u0142u, ale r\u00f3wnie\u017c i technicznych. Je\u015bli chodzi o wersj\u0119 hiszpa\u0144sk\u0105 Twoich materia\u0142\u00f3w, mo\u017cesz polega\u0107 na naszych <a href=\"https:\/\/culturesconnection.com\/pl\/profesjonalne-uslugi-tlumaczeniowe-we-wszystkich-jezykach\/\">us\u0142ugach t\u0142umaczeniowych<\/a>.<\/p>\n\n\n\n<h2 class=\"wp-block-heading\">Twoje materia\u0142y audiowizualne z j\u0119zyka hiszpa\u0144skiego<\/h2>\n\n\n\n<p>Zajmujemy si\u0119 t\u0142umaczeniem r\u00f3\u017cnych rodzaj\u00f3w <a href=\"https:\/\/culturesconnection.com\/pl\/nasze-uslugi-tworzenia-napisow\/\">materia\u0142\u00f3w audiowizualnych<\/a> mi\u0119dzy innymi:<\/p>\n\n\n\n<ul class=\"wp-block-list\"><li>Filmy reklamowe i komercyjne<\/li><li>Filmy korporacyjne<\/li><li>Filmy instytucjonalne<\/li><li>Teksty d\u017awi\u0119kowe<\/li><li>Filmy dokumentalne<\/li><li>Gry wideo<\/li><\/ul>\n\n\n\n<h3 class=\"wp-block-heading\">&nbsp;Us\u0142ugi tworzenia napis\u00f3w na wszystkie j\u0119zyki<\/h3>\n\n\n\n<ul class=\"wp-block-list\"><li><a href=\"https:\/\/culturesconnection.com\/pl\/nasze-francuskie-uslugi-tworzenia-napisow\/\">Tworzenie napis\u00f3w na j\u0119zyk francuski<\/a><\/li><li><a href=\"https:\/\/culturesconnection.com\/pl\/nasze-polsko-niemieckie-uslugi-tworzenia-napisow\/\">Tworzenie napis\u00f3w na j\u0119zyk niemiecki<\/a><\/li><li><a href=\"https:\/\/culturesconnection.com\/pl\/nasze-chinskie-uslugi-tworzenia-napisow\/\">Tworzenie napis\u00f3w na j\u0119zyk chi\u0144ski<\/a><\/li><li><a href=\"https:\/\/culturesconnection.com\/pl\/nasze-arabskie-uslugi-tworzenia-napisow\/\">Tworzenie napis\u00f3w na j\u0119zyk arabski<\/a><\/li><li><a href=\"https:\/\/culturesconnection.com\/pl\/nasze-uslugi-tworzenia-napisow-z-jezyka-portugalskiego\/\">Tworzenie napis\u00f3w na j\u0119zyk portugalski<\/a><\/li><li><a href=\"https:\/\/culturesconnection.com\/pl\/nasze-wloskie-uslugi-tworzenia-napisow\/\">Tworzenie napis\u00f3w na j\u0119zyk w\u0142oski<\/a><\/li><li><a href=\"https:\/\/culturesconnection.com\/pl\/niderlandzkie-uslugi-tworzenia-napisow\/\">Tworzenie napis\u00f3w na j\u0119zyk niderlandzki<\/a><\/li><li><a href=\"https:\/\/culturesconnection.com\/pl\/?page_id=13387\">Tworzenie napis\u00f3w na j\u0119zyk turecki<\/a><\/li><li><a href=\"https:\/\/culturesconnection.com\/pl\/nasze-japonskie-uslugi-w-zakresie-tworzenia-napisow\/\">Tworzenie napis\u00f3w na j\u0119zyk japo\u0144ski<\/a><\/li><li><a href=\"https:\/\/culturesconnection.com\/pl\/nasze-uslugi-tworzenia-napisow-z-rosyjskiego\/\">Tworzenie napis\u00f3w na j\u0119zyk rosyjski<\/a><\/li><\/ul>\n","protected":false},"excerpt":{"rendered":"<p>Us\u0142ugi tworzenia napis\u00f3w z hiszpa\u0144skiego: eksportuj swoje materia\u0142y Chcia\u0142by\u015b przet\u0142umaczy\u0107 film, dokument lub reklam\u0119 wideo z lub na hiszpa\u0144ski? Cultures Connection wykona w ca\u0142o\u015bci to [&#8230;]<\/p>\n<p><a class=\"btn btn-secondary understrap-read-more-link\" href=\"https:\/\/culturesconnection.com\/pl\/nasze-hiszpanskie-uslugi-tlumaczeniowe\/nasze-uslugi-tworzenia-napisow-z-hiszpanskiego\/\">Czytaj dalej\u2026<span class=\"screen-reader-text\"> from Nasze us\u0142ugi tworzenia napis\u00f3w z hiszpa\u0144skiego<\/span><\/a><\/p>\n","protected":false},"author":22,"featured_media":24334,"parent":11676,"menu_order":0,"comment_status":"closed","ping_status":"closed","template":"","meta":{"_acf_changed":false,"_editorskit_title_hidden":false,"_editorskit_reading_time":0,"_editorskit_is_block_options_detached":false,"_editorskit_block_options_position":"{}","footnotes":""},"class_list":["post-11674","page","type-page","status-publish","has-post-thumbnail","hentry"],"acf":[],"_links":{"self":[{"href":"https:\/\/culturesconnection.com\/pl\/wp-json\/wp\/v2\/pages\/11674","targetHints":{"allow":["GET"]}}],"collection":[{"href":"https:\/\/culturesconnection.com\/pl\/wp-json\/wp\/v2\/pages"}],"about":[{"href":"https:\/\/culturesconnection.com\/pl\/wp-json\/wp\/v2\/types\/page"}],"author":[{"embeddable":true,"href":"https:\/\/culturesconnection.com\/pl\/wp-json\/wp\/v2\/users\/22"}],"replies":[{"embeddable":true,"href":"https:\/\/culturesconnection.com\/pl\/wp-json\/wp\/v2\/comments?post=11674"}],"version-history":[{"count":0,"href":"https:\/\/culturesconnection.com\/pl\/wp-json\/wp\/v2\/pages\/11674\/revisions"}],"up":[{"embeddable":true,"href":"https:\/\/culturesconnection.com\/pl\/wp-json\/wp\/v2\/pages\/11676"}],"wp:featuredmedia":[{"embeddable":true,"href":"https:\/\/culturesconnection.com\/pl\/wp-json\/wp\/v2\/media\/24334"}],"wp:attachment":[{"href":"https:\/\/culturesconnection.com\/pl\/wp-json\/wp\/v2\/media?parent=11674"}],"curies":[{"name":"wp","href":"https:\/\/api.w.org\/{rel}","templated":true}]}}