{"id":11673,"date":"2018-11-06T11:37:27","date_gmt":"2018-11-06T09:37:27","guid":{"rendered":"http:\/\/culturesconnection.com\/?page_id=11673"},"modified":"2022-06-21T04:57:08","modified_gmt":"2022-06-21T02:57:08","slug":"nasze-tlumaczenia-naukowe-z-jezyka-hiszpanskiego","status":"publish","type":"page","link":"https:\/\/culturesconnection.com\/pl\/nasze-hiszpanskie-uslugi-tlumaczeniowe\/nasze-tlumaczenia-naukowe-z-jezyka-hiszpanskiego\/","title":{"rendered":"Nasze t\u0142umaczenia naukowe z j\u0119zyka hiszpa\u0144skiego"},"content":{"rendered":"\n<h2 class=\"wp-block-heading\">T\u0142umaczenia naukowe z j\u0119zyka hiszpa\u0144skiego<\/h2>\n\n\n\n<p>Rozmawiaj\u0105c o t\u0142umaczeniach naukowych z polskiego na hiszpa\u0144ski, koniecznie jest powierzenie swojego projektu <a href=\"https:\/\/culturesconnection.com\/pl\/\">biurze t\u0142umacze\u0144<\/a>, kt\u00f3re zapewnia szerok\u0105 ofert\u0119&nbsp;<a href=\"https:\/\/culturesconnection.com\/pl\/profesjonalne-uslugi-tlumaczeniowe-we-wszystkich-jezykach\/\">us\u0142ug t\u0142umaczeniowych<\/a> i gdzie nast\u0119pnie b\u0119d\u0105 one przekazane najlepiej przeszkolonym specjalistom. Terminologia techniczna wymaga szczeg\u00f3lnej uwagi. Nie wa\u017cne czy m\u00f3wimy o manipulacji DNA, bior\u00f3\u017cnorodno\u015bci lub biotechnologii, u\u017cycie w\u0142a\u015bciwych termin\u00f3w jest obowi\u0105zkowe! Dla uzyskania najlepszych wynik\u00f3w, to z\u0142o\u017cone zadanie powinno by\u0107 przypisane hiszpa\u0144skiemu t\u0142umaczowi od j\u0119zyka naukowego. Wierzcie nam, kiedy m\u00f3wimy, \u017ce nasz liczny zesp\u00f3\u0142 t\u0142umaczy bez w\u0105tpienia umo\u017cliwi nam znalezienie dla Ciebie specjalisty, kt\u00f3ry wykona t\u0142umaczenia naukowe z j\u0119zyka hiszpa\u0144skiego.<\/p>\n\n\n\n<h2 class=\"wp-block-heading\">Nasza agencja t\u0142umacze\u0144<\/h2>\n\n\n\n<p>Cultures Connection posiada rozleg\u0142e do\u015bwiadczenie i praktyk\u0119 w obszarze t\u0142umacze\u0144 naukowych z hiszpa\u0144skiego i na hiszpa\u0144ski. Dzi\u0119ki ich obszernej wiedzy na temat zarz\u0105dzania projektami i selekcji wykwalifikowanych t\u0142umaczy, z pewno\u015bci\u0105 sprosta Twoim wymaganiom. Zasada jest prosta: nad ka\u017cdym projektem pracuje tylko jeden t\u0142umacz! Musisz wys\u0142a\u0107 dokumenty naukowe do Hiszpanii lub Ameryki \u0141aci\u0144skiej? Nie szukaj dalej, w\u0142a\u015bnie trafi\u0142e\u015b w dobre r\u0119ce. Oferujemy Pa\u0144stwu t\u0142umaczenia najwy\u017cszej jako\u015bci, kt\u00f3re b\u0119d\u0105 spe\u0142nia\u0142y oczekiwania czytelnik\u00f3w.<\/p>\n\n\n\n<h2 class=\"wp-block-heading\">T\u0142umaczenie dokument\u00f3w naukowych na j\u0119zyk hiszpa\u0144ski<\/h2>\n\n\n\n<p>Powierzone nam <a href=\"https:\/\/culturesconnection.com\/pl\/nasze-tlumaczenia-materialow-naukowych\/\">t\u0142umaczenia naukowe<\/a> r\u00f3\u017cni\u0105 si\u0119 od siebie. Poni\u017cej przedstawiamy przyk\u0142ady dokument\u00f3w, kt\u00f3re t\u0142umaczymy z hiszpa\u0144skiego i na hiszpa\u0144ski:<\/p>\n\n\n\n<ul class=\"wp-block-list\"><li>Leksykony, encyklopedie naukowe i s\u0142owniki<\/li><li>Dokumenty techniczne i artyku\u0142y naukowe<\/li><li>Podr\u0119czniki operatora i instrukcje obs\u0142ugi<\/li><li>Badania laboratoryjne, protoko\u0142y bada\u0144<\/li><li>Dokumenty prawne, patenty i wytyczne<\/li><li>Specyfikacje<\/li><li>Mi\u0119dzynarodowe badania projektu i rynku<\/li><li>Oprogramowania symulacyjne (biotechnologia, \u015brodowisko, przekszta\u0142cenie teren\u00f3w przemys\u0142owych)<\/li><li>Prezentacje multimedialne i wideo<\/li><li>T\u0142umaczenie i lokalizacja stron internetowych<\/li><li>T\u0142umaczenie podr\u0119cznik\u00f3w technicznych, prezentacje konferencyjne<\/li><\/ul>\n\n\n\n<h3 class=\"wp-block-heading\">&nbsp;T\u0142umaczenia naukowe we wszystkich j\u0119zykach<\/h3>\n\n\n\n<ul class=\"wp-block-list\"><li><a href=\"https:\/\/culturesconnection.com\/pl\/nasze-francuskie-uslugi-tlumaczen-naukowych\/\">T\u0142umaczenia naukowe na j\u0119zyk francuski<\/a><\/li><li><a href=\"https:\/\/culturesconnection.com\/pl\/nasze-niemieckie-uslugi-tlumaczen-naukowych\/\">T\u0142umaczenia naukowe na j\u0119zyk niemiecki<\/a><\/li><li><a href=\"https:\/\/culturesconnection.com\/pl\/nasze-tlumaczenia-naukowe-z-jezyka-chinskiego\/\">T\u0142umaczenia naukowe na j\u0119zyk chi\u0144ski<\/a><\/li><li><a href=\"https:\/\/culturesconnection.com\/pl\/nasze-arabskie-uslugi-tlumaczen-naukowych\/\">T\u0142umaczenia naukowe na j\u0119zyk arabski<\/a><\/li><li><a href=\"https:\/\/culturesconnection.com\/pl\/?page_id=13394\">T\u0142umaczenia naukowe na j\u0119zyk portugalski<\/a><\/li><li><a href=\"https:\/\/culturesconnection.com\/pl\/nasze-wloskie-tlumaczenia-naukowe\/\">T\u0142umaczenia naukowe na j\u0119zyk w\u0142oski<\/a><\/li><li><a href=\"https:\/\/culturesconnection.com\/pl\/nasze-niderlandzkie-uslugi-tlumaczen-naukowych\/\">T\u0142umaczenia naukowe na j\u0119zyk niderlandzki<\/a><\/li><li><a href=\"https:\/\/culturesconnection.com\/pl\/?page_id=13386\">T\u0142umaczenia naukowe na j\u0119zyk turecki<\/a><\/li><li><a href=\"https:\/\/culturesconnection.com\/pl\/nasze-japonskie-uslugi-tlumaczen-naukowych\/\">T\u0142umaczenia naukowe na j\u0119zyk japo\u0144ski<\/a><\/li><li><a href=\"https:\/\/culturesconnection.com\/pl\/nasze-tlumaczenia-naukowe-z-jezyka-rosyjskiego\/\">T\u0142umaczenia naukowe na j\u0119zyk rosyjski<\/a><\/li><\/ul>\n","protected":false},"excerpt":{"rendered":"<p>T\u0142umaczenia naukowe z j\u0119zyka hiszpa\u0144skiego Rozmawiaj\u0105c o t\u0142umaczeniach naukowych z polskiego na hiszpa\u0144ski, koniecznie jest powierzenie swojego projektu biurze t\u0142umacze\u0144, kt\u00f3re zapewnia szerok\u0105 ofert\u0119&nbsp;us\u0142ug t\u0142umaczeniowych [&#8230;]<\/p>\n<p><a class=\"btn btn-secondary understrap-read-more-link\" href=\"https:\/\/culturesconnection.com\/pl\/nasze-hiszpanskie-uslugi-tlumaczeniowe\/nasze-tlumaczenia-naukowe-z-jezyka-hiszpanskiego\/\">Czytaj dalej\u2026<span class=\"screen-reader-text\"> from Nasze t\u0142umaczenia naukowe z j\u0119zyka hiszpa\u0144skiego<\/span><\/a><\/p>\n","protected":false},"author":22,"featured_media":24334,"parent":11676,"menu_order":0,"comment_status":"closed","ping_status":"closed","template":"","meta":{"_acf_changed":false,"_editorskit_title_hidden":false,"_editorskit_reading_time":0,"_editorskit_is_block_options_detached":false,"_editorskit_block_options_position":"{}","footnotes":""},"class_list":["post-11673","page","type-page","status-publish","has-post-thumbnail","hentry"],"acf":[],"_links":{"self":[{"href":"https:\/\/culturesconnection.com\/pl\/wp-json\/wp\/v2\/pages\/11673","targetHints":{"allow":["GET"]}}],"collection":[{"href":"https:\/\/culturesconnection.com\/pl\/wp-json\/wp\/v2\/pages"}],"about":[{"href":"https:\/\/culturesconnection.com\/pl\/wp-json\/wp\/v2\/types\/page"}],"author":[{"embeddable":true,"href":"https:\/\/culturesconnection.com\/pl\/wp-json\/wp\/v2\/users\/22"}],"replies":[{"embeddable":true,"href":"https:\/\/culturesconnection.com\/pl\/wp-json\/wp\/v2\/comments?post=11673"}],"version-history":[{"count":0,"href":"https:\/\/culturesconnection.com\/pl\/wp-json\/wp\/v2\/pages\/11673\/revisions"}],"up":[{"embeddable":true,"href":"https:\/\/culturesconnection.com\/pl\/wp-json\/wp\/v2\/pages\/11676"}],"wp:featuredmedia":[{"embeddable":true,"href":"https:\/\/culturesconnection.com\/pl\/wp-json\/wp\/v2\/media\/24334"}],"wp:attachment":[{"href":"https:\/\/culturesconnection.com\/pl\/wp-json\/wp\/v2\/media?parent=11673"}],"curies":[{"name":"wp","href":"https:\/\/api.w.org\/{rel}","templated":true}]}}