{"id":11565,"date":"2018-11-06T11:10:31","date_gmt":"2018-11-06T09:10:31","guid":{"rendered":"http:\/\/culturesconnection.com\/?page_id=11565"},"modified":"2022-06-18T23:17:25","modified_gmt":"2022-06-18T21:17:25","slug":"nasze-tlumaczenia-medyczne-z-jezyka-hiszpanskiego","status":"publish","type":"page","link":"https:\/\/culturesconnection.com\/pl\/nasze-hiszpanskie-uslugi-tlumaczeniowe\/nasze-tlumaczenia-medyczne-z-jezyka-hiszpanskiego\/","title":{"rendered":"Nasze t\u0142umaczenia medyczne z j\u0119zyka hiszpa\u0144skiego"},"content":{"rendered":"\n<h2 class=\"wp-block-heading\">T\u0142umaczenia medyczne z j\u0119zyka hiszpa\u0144skiego: wiedza dost\u0119pna dla ka\u017cdego<\/h2>\n\n\n\n<p>Nie da si\u0119 zaprzeczy\u0107, i\u017c obecnie rozpowszechnianie wiedzy medycznej jest niezb\u0119dne, a nawet obowi\u0105zkowe. Czy wiesz, \u017ce prawie ponad 400 milion\u00f3w ludzi na ca\u0142ym \u015bwiecie ma j\u0119zyk hiszpa\u0144ski za sw\u00f3j j\u0119zyk ojczysty? Decyduj\u0105c si\u0119 na t\u0142umaczenia medyczne z j\u0119zyka hiszpa\u0144skiego sprawiasz, \u017ce staj\u0105 si\u0119 one dost\u0119pne dla 400 milion\u00f3w os\u00f3b. Jak rozpocz\u0105\u0107 ten proces? Nasze biuro t\u0142umacze\u0144 wszystkim si\u0119 zajmie. Powierz nam sw\u00f3j projekt! T\u0142umaczymy dokumenty techniczne, etykiety, ulotki oraz instrukcje, dlatego Twoje produkty s\u0105 w pe\u0142ni zgodne z lokalnymi rynkami, w kt\u00f3rych chcesz prowadzi\u0107 dzia\u0142alno\u015b\u0107.<\/p>\n\n\n\n<h2 class=\"wp-block-heading\">Us\u0142ugi t\u0142umacze\u0144 medycznych naszej agencji s\u0105 do Twojej dyspozycji<\/h2>\n\n\n\n<p>Szukasz mo\u017ce polsko-hiszpa\u0144skiego t\u0142umacza z obszaru medycyny? Lub hiszpa\u0144sko-polskiego? Nasze <a href=\"https:\/\/culturesconnection.com\/pl\/\">biuro t\u0142umacze\u0144<\/a>&nbsp;od lat zajmuje si\u0119 t\u0142umaczeniami medycznymi. Nasze do\u015bwiadczenie pozwoli\u0142o nam stopniowo uformowa\u0107 szerokie grono 740 profesjonalnych t\u0142umaczy. Nale\u017c\u0105 do nich specjali\u015bci od t\u0142umacze\u0144 medycznych z i na j\u0119zyk hiszpa\u0144ski. Zostali oni starannie wybrani na podstawie do\u015bwiadczenia, j\u0119zykowych umiej\u0119tno\u015bci i znajomo\u015bci medycznego \u017cargonu. Tw\u00f3j projekt dotyczy kardiologii, radiologii, a mo\u017ce biomedycyny? Mamy ekspert\u00f3w, kt\u00f3rych potrzebujesz! Je\u015bli szukasz szerokiej oferty&nbsp;<a href=\"https:\/\/culturesconnection.com\/pl\/profesjonalne-uslugi-tlumaczeniowe-we-wszystkich-jezykach\/\">us\u0142ug t\u0142umaczeniowych<\/a>, zaufaj nam i wybierz profesjonalizm i jako\u015b\u0107!<\/p>\n\n\n\n<h2 class=\"wp-block-heading\">T\u0142umaczenie dokument\u00f3w medycznych na j\u0119zyk hiszpa\u0144ski<\/h2>\n\n\n\n<p>Niezale\u017cnie od projektu, pami\u0119taj, \u017ce \u017caden dokument nie jest nam obcy. Nasze wieloletnie do\u015bwiadczenie w dziedzinie <a href=\"https:\/\/culturesconnection.com\/pl\/nasze-uslugi-tlumaczen-medycznych\/\">t\u0142umacze\u0144 medycznych<\/a>&nbsp;pozwala nam okre\u015bla\u0107 si\u0119 mianem specjalist\u00f3w od dokumentacji medycznej. Oto kilka przyk\u0142ad\u00f3w:<\/p>\n\n\n\n<ul class=\"wp-block-list\"><li>Czasopisma<\/li><li>Relacje z konferencji<\/li><li>Publikacje<\/li><li>Sprawozdania z projekt\u00f3w i bada\u0144<\/li><li>Wyniki bada\u0144 naukowych i doniesienia naukowe<\/li><li>Prace u\u017cyteczno\u015bci publicznej<\/li><li>Raporty bada\u0144<\/li><li>Kwestionariusze<\/li><li>Ulotki<\/li><li>Dozowanie nowych produkt\u00f3w<\/li><li>Wyniki bada\u0144 klinicznych<\/li><li>Prawo farmaceutyczne<\/li><li>Raporty medyczne<\/li><\/ul>\n\n\n\n<h2 class=\"wp-block-heading\">T\u0142umaczenia medyczne we wszystkich j\u0119zykach<\/h2>\n\n\n\n<ul class=\"wp-block-list\"><li><a href=\"https:\/\/culturesconnection.com\/pl\/nasze-francuskie-tlumaczenia-medyczne\/\">T\u0142umaczenia medyczne na j\u0119zyk francuski<\/a><\/li><li><a href=\"https:\/\/culturesconnection.com\/pl\/nasze-niemieckie-tlumaczenia-medyczne\/\">T\u0142umaczenia medyczne na j\u0119zyk niemiecki<\/a><\/li><li><a href=\"https:\/\/culturesconnection.com\/pl\/nasze-chinskie-tlumaczenia-medyczne\/\">T\u0142umaczenia medyczne na j\u0119zyk chi\u0144ski<\/a><\/li><li><a href=\"https:\/\/culturesconnection.com\/pl\/nasze-arabskie-tlumaczenia-medyczne\/\">T\u0142umaczenia medyczne na j\u0119zyk arabski<\/a><\/li><li><a href=\"https:\/\/culturesconnection.com\/pl\/?page_id=13690\">T\u0142umaczenia medyczne na j\u0119zyk portugalski<\/a><\/li><li><a href=\"https:\/\/culturesconnection.com\/pl\/nasze-wloskie-tlumaczenia-medyczne\/\">T\u0142umaczenia medyczne na j\u0119zyk w\u0142oski<\/a><\/li><li><a href=\"https:\/\/culturesconnection.com\/pl\/nasze-niderlandzkie-uslugi-tlumaczen-medycznych\/\">T\u0142umaczenia medyczne na j\u0119zyk niderlandzki<\/a><\/li><li><a href=\"https:\/\/culturesconnection.com\/pl\/?page_id=13385\">T\u0142umaczenia medyczne na j\u0119zyk turecki<\/a><\/li><li><a href=\"https:\/\/culturesconnection.com\/pl\/nasze-japonskie-tlumaczenia-medyczne\/\">T\u0142umaczenia medyczne na j\u0119zyk japo\u0144ski<\/a><\/li><li><a href=\"https:\/\/culturesconnection.com\/pl\/nasze-medyczne-tlumaczenia-z-jezyka-rosyjskiego\/\">T\u0142umaczenia medyczne na j\u0119zyk rosyjski<\/a><\/li><\/ul>\n","protected":false},"excerpt":{"rendered":"<p>T\u0142umaczenia medyczne z j\u0119zyka hiszpa\u0144skiego: wiedza dost\u0119pna dla ka\u017cdego Nie da si\u0119 zaprzeczy\u0107, i\u017c obecnie rozpowszechnianie wiedzy medycznej jest niezb\u0119dne, a nawet obowi\u0105zkowe. Czy wiesz, [&#8230;]<\/p>\n<p><a class=\"btn btn-secondary understrap-read-more-link\" href=\"https:\/\/culturesconnection.com\/pl\/nasze-hiszpanskie-uslugi-tlumaczeniowe\/nasze-tlumaczenia-medyczne-z-jezyka-hiszpanskiego\/\">Czytaj dalej\u2026<span class=\"screen-reader-text\"> from Nasze t\u0142umaczenia medyczne z j\u0119zyka hiszpa\u0144skiego<\/span><\/a><\/p>\n","protected":false},"author":22,"featured_media":24334,"parent":11676,"menu_order":0,"comment_status":"closed","ping_status":"closed","template":"","meta":{"_acf_changed":false,"_editorskit_title_hidden":false,"_editorskit_reading_time":0,"_editorskit_is_block_options_detached":false,"_editorskit_block_options_position":"{}","footnotes":""},"class_list":["post-11565","page","type-page","status-publish","has-post-thumbnail","hentry"],"acf":[],"_links":{"self":[{"href":"https:\/\/culturesconnection.com\/pl\/wp-json\/wp\/v2\/pages\/11565","targetHints":{"allow":["GET"]}}],"collection":[{"href":"https:\/\/culturesconnection.com\/pl\/wp-json\/wp\/v2\/pages"}],"about":[{"href":"https:\/\/culturesconnection.com\/pl\/wp-json\/wp\/v2\/types\/page"}],"author":[{"embeddable":true,"href":"https:\/\/culturesconnection.com\/pl\/wp-json\/wp\/v2\/users\/22"}],"replies":[{"embeddable":true,"href":"https:\/\/culturesconnection.com\/pl\/wp-json\/wp\/v2\/comments?post=11565"}],"version-history":[{"count":0,"href":"https:\/\/culturesconnection.com\/pl\/wp-json\/wp\/v2\/pages\/11565\/revisions"}],"up":[{"embeddable":true,"href":"https:\/\/culturesconnection.com\/pl\/wp-json\/wp\/v2\/pages\/11676"}],"wp:featuredmedia":[{"embeddable":true,"href":"https:\/\/culturesconnection.com\/pl\/wp-json\/wp\/v2\/media\/24334"}],"wp:attachment":[{"href":"https:\/\/culturesconnection.com\/pl\/wp-json\/wp\/v2\/media?parent=11565"}],"curies":[{"name":"wp","href":"https:\/\/api.w.org\/{rel}","templated":true}]}}