{"id":11562,"date":"2018-11-06T12:38:39","date_gmt":"2018-11-06T10:38:39","guid":{"rendered":"http:\/\/culturesconnection.com\/?page_id=11562"},"modified":"2022-06-21T21:15:18","modified_gmt":"2022-06-21T19:15:18","slug":"nasze-uslugi-tlumaczen-biznesowych-z-jezyka-hiszpanskiego","status":"publish","type":"page","link":"https:\/\/culturesconnection.com\/pl\/nasze-hiszpanskie-uslugi-tlumaczeniowe\/nasze-uslugi-tlumaczen-biznesowych-z-jezyka-hiszpanskiego\/","title":{"rendered":"Nasze us\u0142ugi t\u0142umacze\u0144 biznesowych z j\u0119zyka hiszpa\u0144skiego"},"content":{"rendered":"\n<h2 class=\"wp-block-heading\">Us\u0142ugi t\u0142umacze\u0144 biznesowych z j\u0119zyka hiszpa\u0144skiego: dla wi\u0119kszej wiarygodno\u015bci<\/h2>\n\n\n\n<p>T\u0142umaczenia biznesowe z hiszpa\u0144skiego i na hiszpa\u0144ski jest g\u0142\u00f3wnym wyzwaniem dla ka\u017cdej firmy chc\u0105cej rozszerzy\u0107 dzia\u0142alno\u015b\u0107 na kraje hiszpa\u0144skoj\u0119zyczne. Zapewnienie Twoim biznesowym partnerom przet\u0142umaczonych dokument\u00f3w na ich j\u0119zyk ojczysty jest niezaprzeczalnym atutem. To Ci pozwoli na promowanie firmy zapewniaj\u0105c jednocze\u015bnie wi\u0119ksz\u0105 wiarygodno\u015b\u0107. Kolejny punkt nie do przeoczenia: korporacyjne zwyczaje, kt\u00f3re r\u00f3\u017cni\u0105 si\u0119 w zale\u017cno\u015bci od kraju. Na przyk\u0142ad, podpisanie umowy nie odb\u0119dzie si\u0119 w ten sam spos\u00f3b w Hiszpanii, Ameryce \u0141aci\u0144skiej i Polsce. W\u0142a\u015bnie dlatego ten rodzaj pracy musi by\u0107 wykonany przez t\u0142umacza \u015bwiadcz\u0105cego us\u0142ugi t\u0142umacze\u0144 biznesowych z j\u0119zyka hiszpa\u0144skiego, kt\u00f3ry posiada dog\u0142\u0119bn\u0105 znajomo\u015b\u0107 kultury biznesowej danego kraju.<\/p>\n\n\n\n<h2 class=\"wp-block-heading\">Szukasz agencji t\u0142umacze\u0144 biznesowych?<\/h2>\n\n\n\n<p>Nasze <a href=\"https:\/\/culturesconnection.com\/pl\/\">biuro t\u0142umacze\u0144<\/a> mo\u017ce skorzysta\u0107 ze swojego szerokiego grona do\u015bwiadczonych t\u0142umaczy biznesowych, kt\u00f3rzy spe\u0142ni\u0105 standardy jako\u015bci. Operuj\u0105 biegle hiszpa\u0144skim i polskim i zawsze wykonuj\u0105 t\u0142umaczenia na sw\u00f3j j\u0119zyk ojczysty. Wszyscy byli wybierani na podstawie ich wykszta\u0142cenia, do\u015bwiadczenia i kwalifikacji. Przechodz\u0105 r\u00f3wnie\u017c przez wiele wymagaj\u0105cych test\u00f3w w celu regularnej weryfikacji ich umiej\u0119tno\u015bci.<\/p>\n\n\n\n<h2 class=\"wp-block-heading\">T\u0142umaczenie dokument\u00f3w biznesowych na j\u0119zyk hiszpa\u0144ski<\/h2>\n\n\n\n<p>Cultures Connection zapewnia profesjonalne <a href=\"https:\/\/culturesconnection.com\/pl\/profesjonalne-uslugi-tlumaczeniowe-we-wszystkich-jezykach\/\">us\u0142ugi t\u0142umaczeniowe<\/a>, t\u0142umaczymy wiele rodzaj\u00f3w <a href=\"https:\/\/culturesconnection.com\/pl\/nasze-tlumaczenia-dokumentow-biznesowych\/\">dokument\u00f3w biznesowych<\/a>, kt\u00f3re pozwalaj\u0105 nam towarzyszy\u0107 Ci w Twoim mi\u0119dzynarodowym rozwoju. Poni\u017cej przedstawiamy przyk\u0142ady dokument\u00f3w, kt\u00f3re cz\u0119sto t\u0142umaczymy z hiszpa\u0144skiego:<\/p>\n\n\n\n<ul class=\"wp-block-list\"><li>Broszury<\/li><li>Ulotki<\/li><li>Wizyt\u00f3wki s\u0142u\u017cbowe<\/li><li>Publikacje<\/li><li>Kampanie<\/li><li>Strony internetowe<\/li><li>Katalogi<\/li><li>Prezentacje<\/li><li>Reklamy<\/li><li>Badania rynku<\/li><li>Newslettery biznesowe<\/li><li>Bia\u0142e ksi\u0119gi<\/li><li>Dokumenty reklamowe<\/li><\/ul>\n\n\n\n<h3 class=\"wp-block-heading\">&nbsp;T\u0142umaczenia biznesowe we wszystkich j\u0119zykach<\/h3>\n\n\n\n<ul class=\"wp-block-list\"><li><a href=\"https:\/\/culturesconnection.com\/pl\/nasze-francuskie-uslugi-tlumaczen-biznesowych\/\">T\u0142umaczenia biznesowe na j\u0119zyk francuski<\/a><\/li><li><a href=\"https:\/\/culturesconnection.com\/pl\/nasze-niemieckie-tlumaczenia-biznesowe\/\">T\u0142umaczenia biznesowe na j\u0119zyk niemiecki<\/a><\/li><li><a href=\"https:\/\/culturesconnection.com\/pl\/nasze-chinskie-tlumaczenia-biznesowe\/\">T\u0142umaczenia biznesowe na j\u0119zyk chi\u0144ski<\/a><\/li><li><a href=\"https:\/\/culturesconnection.com\/pl\/nasze-biznesowe-tlumaczenia-polsko-arabskie\/\">T\u0142umaczenia biznesowe na j\u0119zyk arabski<\/a><\/li><li><a href=\"https:\/\/culturesconnection.com\/pl\/?page_id=13688\">T\u0142umaczenia biznesowe na j\u0119zyk portugalski<\/a><\/li><li><a href=\"https:\/\/culturesconnection.com\/pl\/nasze-wloskie-tlumaczenia-biznesowe\/\">T\u0142umaczenia biznesowe na j\u0119zyk w\u0142oski<\/a><\/li><li><a href=\"https:\/\/culturesconnection.com\/pl\/nasze-niderlandzkie-uslugi-tlumaczen-biznesowych\/\">T\u0142umaczenia biznesowe na j\u0119zyk niderlandzki<\/a><\/li><li><a href=\"https:\/\/culturesconnection.com\/pl\/nasze-uslugi-tureckich-tlumaczen-biznesowych\/\">T\u0142umaczenia biznesowe na j\u0119zyk turecki<\/a><\/li><li><a href=\"https:\/\/culturesconnection.com\/pl\/nasze-japonskie-tlumaczenia-biznesowe\/\">T\u0142umaczenia biznesowe na j\u0119zyk japo\u0144ski<\/a><\/li><li><a href=\"https:\/\/culturesconnection.com\/pl\/nasze-rosyjskie-tlumaczenia-biznesowe\/\">T\u0142umaczenia biznesowe na j\u0119zyk rosyjski<\/a><\/li><\/ul>\n","protected":false},"excerpt":{"rendered":"<p>Us\u0142ugi t\u0142umacze\u0144 biznesowych z j\u0119zyka hiszpa\u0144skiego: dla wi\u0119kszej wiarygodno\u015bci T\u0142umaczenia biznesowe z hiszpa\u0144skiego i na hiszpa\u0144ski jest g\u0142\u00f3wnym wyzwaniem dla ka\u017cdej firmy chc\u0105cej rozszerzy\u0107 dzia\u0142alno\u015b\u0107 [&#8230;]<\/p>\n<p><a class=\"btn btn-secondary understrap-read-more-link\" href=\"https:\/\/culturesconnection.com\/pl\/nasze-hiszpanskie-uslugi-tlumaczeniowe\/nasze-uslugi-tlumaczen-biznesowych-z-jezyka-hiszpanskiego\/\">Czytaj dalej\u2026<span class=\"screen-reader-text\"> from Nasze us\u0142ugi t\u0142umacze\u0144 biznesowych z j\u0119zyka hiszpa\u0144skiego<\/span><\/a><\/p>\n","protected":false},"author":22,"featured_media":24334,"parent":11676,"menu_order":0,"comment_status":"closed","ping_status":"closed","template":"","meta":{"_acf_changed":false,"_editorskit_title_hidden":false,"_editorskit_reading_time":0,"_editorskit_is_block_options_detached":false,"_editorskit_block_options_position":"{}","footnotes":""},"class_list":["post-11562","page","type-page","status-publish","has-post-thumbnail","hentry"],"acf":[],"_links":{"self":[{"href":"https:\/\/culturesconnection.com\/pl\/wp-json\/wp\/v2\/pages\/11562","targetHints":{"allow":["GET"]}}],"collection":[{"href":"https:\/\/culturesconnection.com\/pl\/wp-json\/wp\/v2\/pages"}],"about":[{"href":"https:\/\/culturesconnection.com\/pl\/wp-json\/wp\/v2\/types\/page"}],"author":[{"embeddable":true,"href":"https:\/\/culturesconnection.com\/pl\/wp-json\/wp\/v2\/users\/22"}],"replies":[{"embeddable":true,"href":"https:\/\/culturesconnection.com\/pl\/wp-json\/wp\/v2\/comments?post=11562"}],"version-history":[{"count":0,"href":"https:\/\/culturesconnection.com\/pl\/wp-json\/wp\/v2\/pages\/11562\/revisions"}],"up":[{"embeddable":true,"href":"https:\/\/culturesconnection.com\/pl\/wp-json\/wp\/v2\/pages\/11676"}],"wp:featuredmedia":[{"embeddable":true,"href":"https:\/\/culturesconnection.com\/pl\/wp-json\/wp\/v2\/media\/24334"}],"wp:attachment":[{"href":"https:\/\/culturesconnection.com\/pl\/wp-json\/wp\/v2\/media?parent=11562"}],"curies":[{"name":"wp","href":"https:\/\/api.w.org\/{rel}","templated":true}]}}