{"id":11561,"date":"2018-11-06T12:00:19","date_gmt":"2018-11-06T10:00:19","guid":{"rendered":"http:\/\/culturesconnection.com\/?page_id=11561"},"modified":"2022-06-22T18:39:12","modified_gmt":"2022-06-22T16:39:12","slug":"nasze-tlumaczenia-stron-internetowych-z-jezyka-rosyjskiego","status":"publish","type":"page","link":"https:\/\/culturesconnection.com\/pl\/nasze-tlumaczenia-z-jezyka-rosyjskiego\/nasze-tlumaczenia-stron-internetowych-z-jezyka-rosyjskiego\/","title":{"rendered":"Nasze t\u0142umaczenia stron internetowych z j\u0119zyka rosyjskiego"},"content":{"rendered":"\n<h2 class=\"wp-block-heading\">Profesjonalne t\u0142umaczenia stron internetowych z j\u0119zyka rosyjskiego &#8211; nowe rynki w zasi\u0119gu r\u0119ki<\/h2>\n\n\n\n<p>W dzisiejszych czasach portale online oferuj\u0105 wiele mo\u017cliwo\u015bci w celu odkrycia \u015bwiata i rozszerzenia interes\u00f3w na arenie mi\u0119dzynarodowej. Wszystko zaczyna si\u0119 od strony internetowej, kt\u00f3ra jest zapowiedzi\u0105 Twojego biznesu. Aby dotrze\u0107 do znacznie szerszego grona os\u00f3b, konieczne jest jej przet\u0142umaczenie i dostosowanie w j\u0119zykach rynk\u00f3w docelowych.. Je\u015bli chcesz sprzedawa\u0107 produkty i \u015bwiadczy\u0107 us\u0142ugi w Rosji, zdecyduj si\u0119 na t\u0142umaczenie witryny na j\u0119zyk rosyjski. Aczkolwiek, b\u0105d\u017a ostro\u017cny przy wyborze t\u0142umacza. Niezale\u017cnie od ko\u0144cowego efektu, t\u0142umaczenie wywrze silny wp\u0142yw na Tw\u00f3j biznes, mo\u017ce przynie\u015b\u0107 korzy\u015bci, albo wyrz\u0105dzi\u0107 szkody. Nasza <a href=\"https:\/\/culturesconnection.com\/pl\/\">agencja t\u0142umaczeniowa<\/a> posiada t\u0142umaczy, wykonuj\u0105cych profesjonalne t\u0142umaczenia stron internetowych z j\u0119zyka rosyjskiego.<\/p>\n\n\n\n<h2 class=\"wp-block-heading\">Nasze us\u0142ugi t\u0142umacze\u0144<\/h2>\n\n\n\n<p>Cultures Connection pomo\u017ce rozwin\u0105\u0107 si\u0119 Twojej firmie, gwarantuj\u0105c jako\u015b\u0107 t\u0142umacze\u0144 internetowych. Jak mo\u017cesz by\u0107 tego pewien? Bez wzgl\u0119du na \u015bwiadczon\u0105&nbsp;<a href=\"https:\/\/culturesconnection.com\/pl\/profesjonalne-uslugi-tlumaczeniowe-we-wszystkich-jezykach\/\">us\u0142ug\u0119 t\u0142umaczeniow\u0105<\/a> pracujemy wy\u0142\u0105cznie z najlepszymi t\u0142umaczami, kt\u00f3rzy pochodz\u0105 z kraju rynku docelowego i maj\u0105 za sob\u0105 d\u0142ugie do\u015bwiadczenie w danej dziedzinie. Zajmuj\u0105 si\u0119 nie tylko samym t\u0142umaczeniem, ale r\u00f3wnie\u017c dostosowuj\u0105 tekst pod wzgl\u0119dem kulturowym oraz stron\u0119 internetow\u0105 pod wzgl\u0119dem wizualnym. Szukasz t\u0142umacza rosyjskiego, kt\u00f3ry specjalizuje si\u0119 w t\u0142umaczeniu witryn internetowych? Cultures Connection jest firm\u0105 zajmuj\u0105c\u0105 si\u0119 <a href=\"https:\/\/culturesconnection.com\/pl\/tlumaczenie-strony-internetowej-nasze-uslugi-tlumaczen-stron-internetowych\/\">lokalizacj\u0105 stron internetowych<\/a>, kt\u00f3rej w\u0142a\u015bnie potrzebujesz.<\/p>\n\n\n\n<h2 class=\"wp-block-heading\">Us\u0142ugi t\u0142umacze\u0144 stron internetowych na j\u0119zyk rosyjski<\/h2>\n\n\n\n<p>Cultures Connection t\u0142umaczy wiele rodzaj\u00f3w plik\u00f3w internetowych. Oto kilka przyk\u0142ad\u00f3w:<\/p>\n\n\n\n<ul class=\"wp-block-list\"><li>Zawarto\u015b\u0107 strony internetowej<\/li><li>Strony e-commerce<\/li><li>Aplikacje mobilne<\/li><li>Platformy handlowe<\/li><li>Podsumowania produkt\u00f3w<\/li><\/ul>\n\n\n\n<h3 class=\"wp-block-heading\">&nbsp;T\u0142umaczenia stron internetowych we wszystkich j\u0119zykach<\/h3>\n\n\n\n<ul class=\"wp-block-list\"><li><a href=\"https:\/\/culturesconnection.com\/pl\/nasze-francuskie-uslugi-tlumaczen-stron-internetowych\/\">T\u0142umaczenia stron internetowych na j\u0119zyk francuski<\/a><\/li><li><a href=\"https:\/\/culturesconnection.com\/pl\/nasze-uslugi-tlumaczen-stron-internetowych-z-hiszpanskiego\/\">T\u0142umaczenia stron internetowych na j\u0119zyk hiszpa\u0144ski<\/a><\/li><li><a href=\"https:\/\/culturesconnection.com\/pl\/nasze-tlumaczenia-stron-internetowych-w-jezyku-niemieckim\/\">T\u0142umaczenia stron internetowych na j\u0119zyk niemiecki<\/a><\/li><li><a href=\"https:\/\/culturesconnection.com\/pl\/nasze-chinskie-tlumaczenia-stron-internetowych\/\">T\u0142umaczenia stron internetowych na j\u0119zyk chi\u0144ski<\/a><\/li><li><a href=\"https:\/\/culturesconnection.com\/pl\/nasze-uslugi-tlumaczen-arabskich-stron-internetowych\/\">T\u0142umaczenia stron internetowych na j\u0119zyk arabski<\/a><\/li><li><a href=\"https:\/\/culturesconnection.com\/pl\/?page_id=13396\">T\u0142umaczenia stron internetowych na j\u0119zyk portugalski<\/a><\/li><li><a href=\"https:\/\/culturesconnection.com\/pl\/uslugi-tlumaczen-stron-internetowych-z-wloskiego\/\">T\u0142umaczenia stron internetowych na j\u0119zyk w\u0142oski<\/a><\/li><li><a href=\"https:\/\/culturesconnection.com\/pl\/nasze-uslugi-tlumaczen-stron-internetowych-na-jezyk-niderlandzki\/\">T\u0142umaczenia stron internetowych na j\u0119zyk niderlandzki<\/a><\/li><li><a href=\"https:\/\/culturesconnection.com\/pl\/?page_id=13389\">T\u0142umaczenia stron internetowych na j\u0119zyk turecki<\/a><\/li><li><a href=\"https:\/\/culturesconnection.com\/pl\/nasze-japonskie-tlumaczenia-stron-internetowych\/\">T\u0142umaczenia stron internetowych na j\u0119zyk japo\u0144ski<\/a><\/li><\/ul>\n","protected":false},"excerpt":{"rendered":"<p>Profesjonalne t\u0142umaczenia stron internetowych z j\u0119zyka rosyjskiego &#8211; nowe rynki w zasi\u0119gu r\u0119ki W dzisiejszych czasach portale online oferuj\u0105 wiele mo\u017cliwo\u015bci w celu odkrycia \u015bwiata [&#8230;]<\/p>\n<p><a class=\"btn btn-secondary understrap-read-more-link\" href=\"https:\/\/culturesconnection.com\/pl\/nasze-tlumaczenia-z-jezyka-rosyjskiego\/nasze-tlumaczenia-stron-internetowych-z-jezyka-rosyjskiego\/\">Czytaj dalej\u2026<span class=\"screen-reader-text\"> from Nasze t\u0142umaczenia stron internetowych z j\u0119zyka rosyjskiego<\/span><\/a><\/p>\n","protected":false},"author":22,"featured_media":24334,"parent":11428,"menu_order":0,"comment_status":"closed","ping_status":"closed","template":"","meta":{"_acf_changed":false,"_editorskit_title_hidden":false,"_editorskit_reading_time":0,"_editorskit_is_block_options_detached":false,"_editorskit_block_options_position":"{}","footnotes":""},"class_list":["post-11561","page","type-page","status-publish","has-post-thumbnail","hentry"],"acf":[],"_links":{"self":[{"href":"https:\/\/culturesconnection.com\/pl\/wp-json\/wp\/v2\/pages\/11561","targetHints":{"allow":["GET"]}}],"collection":[{"href":"https:\/\/culturesconnection.com\/pl\/wp-json\/wp\/v2\/pages"}],"about":[{"href":"https:\/\/culturesconnection.com\/pl\/wp-json\/wp\/v2\/types\/page"}],"author":[{"embeddable":true,"href":"https:\/\/culturesconnection.com\/pl\/wp-json\/wp\/v2\/users\/22"}],"replies":[{"embeddable":true,"href":"https:\/\/culturesconnection.com\/pl\/wp-json\/wp\/v2\/comments?post=11561"}],"version-history":[{"count":0,"href":"https:\/\/culturesconnection.com\/pl\/wp-json\/wp\/v2\/pages\/11561\/revisions"}],"up":[{"embeddable":true,"href":"https:\/\/culturesconnection.com\/pl\/wp-json\/wp\/v2\/pages\/11428"}],"wp:featuredmedia":[{"embeddable":true,"href":"https:\/\/culturesconnection.com\/pl\/wp-json\/wp\/v2\/media\/24334"}],"wp:attachment":[{"href":"https:\/\/culturesconnection.com\/pl\/wp-json\/wp\/v2\/media?parent=11561"}],"curies":[{"name":"wp","href":"https:\/\/api.w.org\/{rel}","templated":true}]}}