{"id":11560,"date":"2018-11-06T13:41:16","date_gmt":"2018-11-06T11:41:16","guid":{"rendered":"http:\/\/culturesconnection.com\/?page_id=11560"},"modified":"2022-06-18T03:03:08","modified_gmt":"2022-06-18T01:03:08","slug":"nasze-uslugi-tlumaczen-technicznych-z-jezyka-rosyjskiego","status":"publish","type":"page","link":"https:\/\/culturesconnection.com\/pl\/nasze-tlumaczenia-z-jezyka-rosyjskiego\/nasze-uslugi-tlumaczen-technicznych-z-jezyka-rosyjskiego\/","title":{"rendered":"Nasze us\u0142ugi t\u0142umacze\u0144 technicznych z j\u0119zyka rosyjskiego"},"content":{"rendered":"\n<h2 class=\"wp-block-heading\">Specjali\u015bci od t\u0142umacze\u0144 technicznych z j\u0119zyka rosyjskiego s\u0105 do Twojej dyspozycji <\/h2>\n\n\n\n<p>Wraz z post\u0119pem globalizacji, korporacje coraz cz\u0119\u015bciej korzystaj\u0105 z us\u0142ug <a href=\"https:\/\/culturesconnection.com\/pl\/\">biur t\u0142umacze\u0144<\/a>. T\u0142umaczenia techniczne sta\u0142y si\u0119 wymogiem niezb\u0119dnym dla firm chc\u0105cych podbi\u0107 inne rynki poprzez eksport swoich produkt\u00f3w za granic\u0119. T\u0142umaczenie materia\u0142\u00f3w technicznych jest skomplikowane i ponad wszystko wymaga specjalistycznej wiedzy i znajomo\u015bci termin\u00f3w potrzebnych do rozgryzienia jak dzia\u0142a dany produkt. W takim przypadku specjali\u015bci od t\u0142umacze\u0144 technicznych z j\u0119zyka rosyjskiego powinni \u0142\u0105czy\u0107 zaawansowan\u0105 wiedz\u0119 lingwistyczn\u0105 z techniczn\u0105, aby zapewni\u0107 jasne i dok\u0142adne t\u0142umaczenie tekstu \u017ar\u00f3d\u0142owego.<\/p>\n\n\n\n<h2 class=\"wp-block-heading\">Nasze us\u0142ugi t\u0142umacze\u0144 technicznych<\/h2>\n\n\n\n<p>Cultures Connection starannie wybra\u0142o t\u0142umaczy technicznych, z kt\u00f3rymi wsp\u00f3\u0142pracuj\u0105 opieraj\u0105c si\u0119 na ich kwalifikacjach i do\u015bwiadczeniu. Zdobyli je po uko\u0144czeniu intensywnego szkolenia lub po karierze w przemy\u015ble technicznym. Opr\u00f3cz j\u0119zykowych umiej\u0119tno\u015bci z polskiego i rosyjskiego, posiadaj\u0105 r\u00f3wnie\u017c solidne umiej\u0119tno\u015bci techniczne. W celu dostarczenia najlepszej jako\u015bci, nasi specjali\u015bci t\u0142umacz\u0105 wy\u0142\u0105cznie na ich rodzimy j\u0119zyk, bez wzgl\u0119du na rodzaj <a href=\"https:\/\/culturesconnection.com\/pl\/profesjonalne-uslugi-tlumaczeniowe-we-wszystkich-jezykach\/\">us\u0142ugi t\u0142umaczeniowej<\/a>. Obszar ich umiej\u0119tno\u015bci obejmuje dziedziny takie jak produkcja przemys\u0142owa, in\u017cynieria, produkty naftowe, stal, energia s\u0142oneczna i wiele innych!<\/p>\n\n\n\n<h2 class=\"wp-block-heading\">T\u0142umaczenie dokument\u00f3w technicznych w j\u0119zyku rosyjskim<\/h2>\n\n\n\n<p>Nasza agencja \u015bwiadczy us\u0142ugi t\u0142umaczeniowe wielu rodzaj\u00f3w dokument\u00f3w technicznych. Poni\u017cej znajdziesz przyk\u0142ady wykonanych przez nas t\u0142umacze\u0144:<\/p>\n\n\n\n<ul class=\"wp-block-list\"><li>Wycena<\/li><li>Teksty in\u017cynieryjne<\/li><li>Podr\u0119czniki dla obrabiarek (lub innych rodzaj\u00f3w maszyn)<\/li><li>Opisy i arkusze danych technicznych<\/li><li>Standardy techniczne<\/li><li>Specyfikacje techniczne<\/li><li>Patenty techniczne<\/li><li>Instrukcje techniczne<\/li><li>Instrukcje obs\u0142ugi<\/li><li>Przewodniki u\u017cytkownika<\/li><\/ul>\n\n\n\n<h2 class=\"wp-block-heading\">T\u0142umaczenia techniczne we wszystkich j\u0119zykach<\/h2>\n\n\n\n<ul class=\"wp-block-list\"><li><a href=\"https:\/\/culturesconnection.com\/pl\/nasze-francuskie-tlumaczenia-techniczne\/\">T\u0142umaczenia techniczne na j\u0119zyk francuski<\/a><\/li><li><a href=\"https:\/\/culturesconnection.com\/pl\/nasze-uslugi-tlumaczen-technicznych-z-jezyka-hiszpanskiego\/\">T\u0142umaczenia techniczne na j\u0119zyk hiszpa\u0144ski<\/a><\/li><li><a href=\"https:\/\/culturesconnection.com\/pl\/nasze-niemieckie-tlumaczenia-techniczne\/\">T\u0142umaczenia techniczne na j\u0119zyk niemiecki<\/a><\/li><li><a href=\"https:\/\/culturesconnection.com\/pl\/nasze-chinskie-tlumaczenia-techniczne\/\">T\u0142umaczenia techniczne na j\u0119zyk chi\u0144ski<\/a><\/li><li><a href=\"https:\/\/culturesconnection.com\/pl\/nasze-uslugi-tlumaczen-technicznych-z-jezyka-arabskiego\/\">T\u0142umaczenia techniczne na j\u0119zyk arabski<\/a><\/li><li><a href=\"https:\/\/culturesconnection.com\/pl\/?page_id=13395\">T\u0142umaczenia techniczne na j\u0119zyk portugalski<\/a><\/li><li><a href=\"https:\/\/culturesconnection.com\/pl\/nasze-wloskie-uslugi-tlumaczen-technicznych\/\">T\u0142umaczenia techniczne na j\u0119zyk w\u0142oski<\/a><\/li><li><a href=\"https:\/\/culturesconnection.com\/pl\/nasze-niderlandzkie-uslugi-tlumaczen-technicznych\/\">T\u0142umaczenia techniczne na j\u0119zyk niderlandzki<\/a><\/li><li><a href=\"https:\/\/culturesconnection.com\/pl\/?page_id=13388\">T\u0142umaczenia techniczne na j\u0119zyk turecki<\/a><\/li><li><a href=\"https:\/\/culturesconnection.com\/pl\/nasze-uslugi-w-zakresie-japonskich-tlumaczen-technicznych\/\">T\u0142umaczenia techniczne na j\u0119zyk japo\u0144ski<\/a><\/li><\/ul>\n","protected":false},"excerpt":{"rendered":"<p>Specjali\u015bci od t\u0142umacze\u0144 technicznych z j\u0119zyka rosyjskiego s\u0105 do Twojej dyspozycji Wraz z post\u0119pem globalizacji, korporacje coraz cz\u0119\u015bciej korzystaj\u0105 z us\u0142ug biur t\u0142umacze\u0144. T\u0142umaczenia techniczne [&#8230;]<\/p>\n<p><a class=\"btn btn-secondary understrap-read-more-link\" href=\"https:\/\/culturesconnection.com\/pl\/nasze-tlumaczenia-z-jezyka-rosyjskiego\/nasze-uslugi-tlumaczen-technicznych-z-jezyka-rosyjskiego\/\">Czytaj dalej\u2026<span class=\"screen-reader-text\"> from Nasze us\u0142ugi t\u0142umacze\u0144 technicznych z j\u0119zyka rosyjskiego<\/span><\/a><\/p>\n","protected":false},"author":22,"featured_media":24334,"parent":11428,"menu_order":0,"comment_status":"closed","ping_status":"closed","template":"","meta":{"_acf_changed":false,"_editorskit_title_hidden":false,"_editorskit_reading_time":0,"_editorskit_is_block_options_detached":false,"_editorskit_block_options_position":"{}","footnotes":""},"class_list":["post-11560","page","type-page","status-publish","has-post-thumbnail","hentry"],"acf":[],"_links":{"self":[{"href":"https:\/\/culturesconnection.com\/pl\/wp-json\/wp\/v2\/pages\/11560","targetHints":{"allow":["GET"]}}],"collection":[{"href":"https:\/\/culturesconnection.com\/pl\/wp-json\/wp\/v2\/pages"}],"about":[{"href":"https:\/\/culturesconnection.com\/pl\/wp-json\/wp\/v2\/types\/page"}],"author":[{"embeddable":true,"href":"https:\/\/culturesconnection.com\/pl\/wp-json\/wp\/v2\/users\/22"}],"replies":[{"embeddable":true,"href":"https:\/\/culturesconnection.com\/pl\/wp-json\/wp\/v2\/comments?post=11560"}],"version-history":[{"count":0,"href":"https:\/\/culturesconnection.com\/pl\/wp-json\/wp\/v2\/pages\/11560\/revisions"}],"up":[{"embeddable":true,"href":"https:\/\/culturesconnection.com\/pl\/wp-json\/wp\/v2\/pages\/11428"}],"wp:featuredmedia":[{"embeddable":true,"href":"https:\/\/culturesconnection.com\/pl\/wp-json\/wp\/v2\/media\/24334"}],"wp:attachment":[{"href":"https:\/\/culturesconnection.com\/pl\/wp-json\/wp\/v2\/media?parent=11560"}],"curies":[{"name":"wp","href":"https:\/\/api.w.org\/{rel}","templated":true}]}}