{"id":11558,"date":"2018-11-06T11:41:21","date_gmt":"2018-11-06T09:41:21","guid":{"rendered":"http:\/\/culturesconnection.com\/?page_id=11558"},"modified":"2022-06-21T06:02:34","modified_gmt":"2022-06-21T04:02:34","slug":"nasze-tlumaczenia-naukowe-z-jezyka-rosyjskiego","status":"publish","type":"page","link":"https:\/\/culturesconnection.com\/pl\/nasze-tlumaczenia-z-jezyka-rosyjskiego\/nasze-tlumaczenia-naukowe-z-jezyka-rosyjskiego\/","title":{"rendered":"Nasze t\u0142umaczenia naukowe z j\u0119zyka rosyjskiego"},"content":{"rendered":"\n<h2 class=\"wp-block-heading\">T\u0142umaczenia naukowe z j\u0119zyka rosyjskiego wymagaj\u0105 ci\u0119\u017ckiej pracy<\/h2>\n\n\n\n<p>Zanim t\u0142umacz podejmie si\u0119 t\u0142umaczenia dokumentu naukowego powinien przestudiowa\u0107 specjalistyczne s\u0142ownictwo. Terminologie r\u00f3\u017cni\u0105 si\u0119 od siebie w zale\u017cno\u015bci od dziedziny t\u0142umaczenia. T\u0142umacze musz\u0105 by\u0107 zaznajomieni z dan\u0105 specjalizacj\u0105 i z typowym dla niej s\u0142ownictwem w obu j\u0119zykach, kt\u00f3rymi operuj\u0105. Oczywi\u015bcie specjalistyczne s\u0142owniki i podr\u0119czniki s\u0105 do ich dyspozycji w razie potrzeby. W t\u0142umaczeniu, a m\u00f3wi\u0105c dok\u0142adniej, w obszarze t\u0142umacze\u0144 naukowych, s\u0142owa nabieraj\u0105 szczeg\u00f3lnej wagi i z\u0142e t\u0142umaczenie mo\u017ce za sob\u0105 poci\u0105gn\u0105\u0107 ci\u0119\u017ckie konsekwencje. To dlatego w\u0142a\u015bnie po\u015bwi\u0119camy wiele uwagi pocz\u0105tkowemu etapowi t\u0142umaczenia.<\/p>\n\n\n\n<h2 class=\"wp-block-heading\">Nasza agencja t\u0142umacze\u0144<\/h2>\n\n\n\n<p>Biologia, ekologia, zr\u00f3wnowa\u017cony rozw\u00f3j, zdrowie i odnawialne \u017ar\u00f3d\u0142a energii to niekt\u00f3re dziedziny w jakich specjalizuj\u0105 si\u0119 nasi t\u0142umacze. <a href=\"https:\/\/culturesconnection.com\/pl\/\">Cultures Connection<\/a> oferuje szeroki wachlarz <a href=\"https:\/\/culturesconnection.com\/pl\/profesjonalne-uslugi-tlumaczeniowe-we-wszystkich-jezykach\/\">us\u0142ug t\u0142umaczeniowych<\/a> i wsp\u00f3\u0142pracuje z kompetentnym zespo\u0142em t\u0142umaczy rosyjskich. Ka\u017cdy t\u0142umacz pracuje odpowiednio w swojej dziedzinie, oferuj\u0105c skrupulatne t\u0142umaczenia naukowe z j\u0119zyka rosyjskiego, gdzie \u017caden szczeg\u00f3\u0142 nie jest w stanie im umkn\u0105\u0107.<\/p>\n\n\n\n<h2 class=\"wp-block-heading\">T\u0142umaczenie dokument\u00f3w naukowych na j\u0119zyk rosyjski<\/h2>\n\n\n\n<p>Poni\u017cej przedstawiamy kilka przyk\u0142ad\u00f3w <a href=\"https:\/\/culturesconnection.com\/pl\/nasze-tlumaczenia-materialow-naukowych\/\">dokument\u00f3w naukowych<\/a>, jakie nasza agencja przet\u0142umaczy\u0142a z j\u0119zyka rosyjskiego.<\/p>\n\n\n\n<ul class=\"wp-block-list\"><li>Leksykony, encyklopedie naukowe i s\u0142owniki<\/li><li>Dokumenty techniczne i artyku\u0142y naukowe<\/li><li>Podr\u0119czniki operatora i instrukcje obs\u0142ugi<\/li><li>Badania laboratoryjne, protoko\u0142y bada\u0144<\/li><li>Dokumenty prawne, patenty i wytyczne<\/li><li>Specyfikacje<\/li><li>Mi\u0119dzynarodowe badania projektu i rynku<\/li><li>Oprogramowania symulacyjne (biotechnologia, \u015brodowisko, przekszta\u0142cenie teren\u00f3w przemys\u0142owych)<\/li><li>Prezentacje multimedialne i wideo<\/li><li>T\u0142umaczenie i lokalizacja stron internetowych<\/li><li>T\u0142umaczenie podr\u0119cznik\u00f3w technicznych, prezentacje konferencyjne<\/li><\/ul>\n\n\n\n<h2 class=\"wp-block-heading\">T\u0142umaczenia naukowe we wszystkich j\u0119zykach<\/h2>\n\n\n\n<ul class=\"wp-block-list\"><li><a href=\"https:\/\/culturesconnection.com\/pl\/nasze-francuskie-uslugi-tlumaczen-naukowych\/\">T\u0142umaczenia naukowe na j\u0119zyk francuski<\/a><\/li><li><a href=\"https:\/\/culturesconnection.com\/pl\/nasze-tlumaczenia-naukowe-z-jezyka-hiszpanskiego\/\">T\u0142umaczenia naukowe na j\u0119zyk hiszpa\u0144ski<\/a><\/li><li><a href=\"https:\/\/culturesconnection.com\/pl\/nasze-niemieckie-uslugi-tlumaczen-naukowych\/\">T\u0142umaczenia naukowe na j\u0119zyk niemiecki<\/a><\/li><li><a href=\"https:\/\/culturesconnection.com\/pl\/nasze-tlumaczenia-naukowe-z-jezyka-chinskiego\/\">T\u0142umaczenia naukowe na j\u0119zyk chi\u0144ski<\/a><\/li><li><a href=\"https:\/\/culturesconnection.com\/pl\/nasze-arabskie-uslugi-tlumaczen-naukowych\/\">T\u0142umaczenia naukowe na j\u0119zyk arabski<\/a><\/li><li><a href=\"https:\/\/culturesconnection.com\/pl\/?page_id=13394\">T\u0142umaczenia naukowe na j\u0119zyk portugalski<\/a><\/li><li><a href=\"https:\/\/culturesconnection.com\/pl\/nasze-wloskie-tlumaczenia-naukowe\/\">T\u0142umaczenia naukowe na j\u0119zyk w\u0142oski<\/a><\/li><li><a href=\"https:\/\/culturesconnection.com\/pl\/nasze-niderlandzkie-uslugi-tlumaczen-naukowych\/\">T\u0142umaczenia naukowe na j\u0119zyk niderlandzki<\/a><\/li><li><a href=\"https:\/\/culturesconnection.com\/pl\/?page_id=13386\">T\u0142umaczenia naukowe na j\u0119zyk turecki<\/a><\/li><li><a href=\"https:\/\/culturesconnection.com\/pl\/nasze-japonskie-uslugi-tlumaczen-naukowych\/\">T\u0142umaczenia naukowe na j\u0119zyk japo\u0144ski<\/a><\/li><\/ul>\n","protected":false},"excerpt":{"rendered":"<p>T\u0142umaczenia naukowe z j\u0119zyka rosyjskiego wymagaj\u0105 ci\u0119\u017ckiej pracy Zanim t\u0142umacz podejmie si\u0119 t\u0142umaczenia dokumentu naukowego powinien przestudiowa\u0107 specjalistyczne s\u0142ownictwo. Terminologie r\u00f3\u017cni\u0105 si\u0119 od siebie w [&#8230;]<\/p>\n<p><a class=\"btn btn-secondary understrap-read-more-link\" href=\"https:\/\/culturesconnection.com\/pl\/nasze-tlumaczenia-z-jezyka-rosyjskiego\/nasze-tlumaczenia-naukowe-z-jezyka-rosyjskiego\/\">Czytaj dalej\u2026<span class=\"screen-reader-text\"> from Nasze t\u0142umaczenia naukowe z j\u0119zyka rosyjskiego<\/span><\/a><\/p>\n","protected":false},"author":22,"featured_media":24334,"parent":11428,"menu_order":0,"comment_status":"closed","ping_status":"closed","template":"","meta":{"_acf_changed":false,"_editorskit_title_hidden":false,"_editorskit_reading_time":0,"_editorskit_is_block_options_detached":false,"_editorskit_block_options_position":"{}","footnotes":""},"class_list":["post-11558","page","type-page","status-publish","has-post-thumbnail","hentry"],"acf":[],"_links":{"self":[{"href":"https:\/\/culturesconnection.com\/pl\/wp-json\/wp\/v2\/pages\/11558","targetHints":{"allow":["GET"]}}],"collection":[{"href":"https:\/\/culturesconnection.com\/pl\/wp-json\/wp\/v2\/pages"}],"about":[{"href":"https:\/\/culturesconnection.com\/pl\/wp-json\/wp\/v2\/types\/page"}],"author":[{"embeddable":true,"href":"https:\/\/culturesconnection.com\/pl\/wp-json\/wp\/v2\/users\/22"}],"replies":[{"embeddable":true,"href":"https:\/\/culturesconnection.com\/pl\/wp-json\/wp\/v2\/comments?post=11558"}],"version-history":[{"count":0,"href":"https:\/\/culturesconnection.com\/pl\/wp-json\/wp\/v2\/pages\/11558\/revisions"}],"up":[{"embeddable":true,"href":"https:\/\/culturesconnection.com\/pl\/wp-json\/wp\/v2\/pages\/11428"}],"wp:featuredmedia":[{"embeddable":true,"href":"https:\/\/culturesconnection.com\/pl\/wp-json\/wp\/v2\/media\/24334"}],"wp:attachment":[{"href":"https:\/\/culturesconnection.com\/pl\/wp-json\/wp\/v2\/media?parent=11558"}],"curies":[{"name":"wp","href":"https:\/\/api.w.org\/{rel}","templated":true}]}}