{"id":11556,"date":"2018-11-06T11:49:14","date_gmt":"2018-11-06T09:49:14","guid":{"rendered":"http:\/\/culturesconnection.com\/?page_id=11556"},"modified":"2022-06-19T18:40:40","modified_gmt":"2022-06-19T16:40:40","slug":"nasze-tlumaczenia-prawnicze-z-jezyka-rosyjskiego","status":"publish","type":"page","link":"https:\/\/culturesconnection.com\/pl\/nasze-tlumaczenia-z-jezyka-rosyjskiego\/nasze-tlumaczenia-prawnicze-z-jezyka-rosyjskiego\/","title":{"rendered":"Nasze t\u0142umaczenia prawnicze z j\u0119zyka rosyjskiego"},"content":{"rendered":"\n<h2 class=\"wp-block-heading\">Specjali\u015bci wykonuj\u0105cy t\u0142umaczenia prawnicze z j\u0119zyka rosyjskiego<\/h2>\n\n\n\n<p>T\u0142umaczenia prawnicze z j\u0119zyka rosyjskiego nie zawsze s\u0105 \u0142atwym zadaniem. Praca ta wymaga szczeg\u00f3\u0142owej wiedzy na dany temat. Opr\u00f3cz tego, \u017ce ka\u017cdy kraj ma odr\u0119bne poj\u0119cia prawne i jurysdykcje, terminy prawnicze r\u00f3\u017cni\u0105 si\u0119 w ka\u017cdym j\u0119zyku i mog\u0105 nie mie\u0107 swojego odpowiednika. W dziedzinie prawa, a szczeg\u00f3lnie w prawie sp\u00f3\u0142ek, nawet najmniejszy b\u0142\u0105d mo\u017ce poci\u0105gn\u0105\u0107 za sob\u0105 powa\u017cne konsekwencje. T\u0142umacz musi by\u0107 bardzo precyzyjny je\u015bli chodzi o dob\u00f3r s\u0142\u00f3w. Definicje, kt\u00f3re maj\u0105 zosta\u0107 przet\u0142umaczone s\u0105 doskonale zrozumia\u0142e przez nasz zesp\u00f3\u0142 specjalizuj\u0105cy si\u0119 w t\u0142umaczeniach prawniczych.<\/p>\n\n\n\n<h2 class=\"wp-block-heading\">Nasza agencja t\u0142umaczeniowa<\/h2>\n\n\n\n<p>Poprzez \u0142\u0105czenie jako\u015bci, dok\u0142adno\u015bci i terminowo\u015bci, <a href=\"https:\/\/culturesconnection.com\/pl\/\">Cultures Connection<\/a> jest najlepszym wyborem je\u015bli chodzi o t\u0142umaczenia prawnicze z j\u0119zyka rosyjskiego. Nasze <a href=\"https:\/\/culturesconnection.com\/pl\/profesjonalne-uslugi-tlumaczeniowe-we-wszystkich-jezykach\/\">us\u0142ugi t\u0142umaczeniowe<\/a> obejmuj\u0105 t\u0142umaczenie wielu dokument\u00f3w prawnych w j\u0119zyku rosyjskim. Zesp\u00f3\u0142, kt\u00f3ry tworzy nasz\u0105 agencj\u0119 t\u0142umaczeniow\u0105 sk\u0142ada si\u0119 z wykwalifikowanych t\u0142umaczy i korektor\u00f3w. Ich do\u015bwiadczenie w tej specjalistycznej dziedzinie opiera si\u0119 na wieloletnim do\u015bwiadczeniu zawodowym jako byli prawnicy i eksperci od prawa lub na profesjonalnym szkoleniu jakie odbyli. W celu zapewnienia wysokiej jako\u015bci us\u0142ug, nasi t\u0142umacze p\u0142ynnie pos\u0142uguj\u0105 si\u0119 swoimi j\u0119zykami docelowymi. <a href=\"https:\/\/culturesconnection.com\/pl\/nasze-tlumaczenia-dokumentow-prawnych\/\">T\u0142umaczenia prawnicze<\/a> wymagaj\u0105 szczeg\u00f3lnej uwagi, co jest powodem ich wy\u017cszej ceny w por\u00f3wnaniu ze zwyk\u0142ymi t\u0142umaczeniami.<\/p>\n\n\n\n<h2 class=\"wp-block-heading\">T\u0142umaczenie dokument\u00f3w prawnych na j\u0119zyk rosyjski<\/h2>\n\n\n\n<p>Cultures Connection&nbsp;t\u0142umaczy wiele dokument\u00f3w prawnych na j\u0119zyk rosyjski. Rodzaje i tematy dokument\u00f3w s\u0105 r\u00f3\u017cne, ale wszystkie tak samo wymagaj\u0105 dok\u0142adnej pracy i doboru w\u0142a\u015bciwej terminologii. Przyk\u0142adowe zlecenia naszych klient\u00f3w:<\/p>\n\n\n\n<ul class=\"wp-block-list\"><li>Umowy dystrybucji, sprzeda\u017cy i zatrudnienia<\/li><li>Skargi<\/li><li>Procedury prawne<\/li><li>Regulaminy<\/li><li>Ekspertyzy<\/li><li>Regulacje<\/li><li>Rejestry spadkowe<\/li><li>Pozwy rozwodowe<\/li><li>Klauzule o zakazie konkurencji i klauzule poufno\u015bci<\/li><li>Listy intencyjne<\/li><li>Dokumenty pe\u0142nomocnictwa<\/li><li>Dokumenty s\u0105dowe zwalniaj\u0105ce od odpowiedzialno\u015bci<\/li><li>Dokumenty statutowe<\/li><\/ul>\n\n\n\n<h3 class=\"wp-block-heading\">&nbsp;T\u0142umaczenia prawne we wszystkich j\u0119zykach<\/h3>\n\n\n\n<ul class=\"wp-block-list\"><li><a href=\"https:\/\/culturesconnection.com\/pl\/nasze-francuskie-tlumaczenia-prawne\/\">T\u0142umaczenia prawne na j\u0119zyk francuski<\/a><\/li><li><a href=\"https:\/\/culturesconnection.com\/pl\/nasze-prawnicze-uslugi-tlumaczeniowe-z-jezyka-hiszpanskiego\/\">T\u0142umaczenia prawne na j\u0119zyk hiszpa\u0144ski<\/a><\/li><li><a href=\"https:\/\/culturesconnection.com\/pl\/nasze-niemieckie-tlumaczenia-prawne\/\">T\u0142umaczenia prawne na j\u0119zyk niemiecki<\/a><\/li><li><a href=\"https:\/\/culturesconnection.com\/pl\/nasze-chinskie-uslugi-tlumaczen-prawnych\/\">T\u0142umaczenia prawne na j\u0119zyk chi\u0144ski<\/a><\/li><li><a href=\"https:\/\/culturesconnection.com\/pl\/nasze-arabskie-tlumaczenia-prawne\/\">T\u0142umaczenia prawne na j\u0119zyk arabski<\/a><\/li><li><a href=\"https:\/\/culturesconnection.com\/pl\/nasze-portugalskie-tlumaczenia-prawne\/\">T\u0142umaczenia prawne na j\u0119zyk portugalski<\/a><\/li><li><a href=\"https:\/\/culturesconnection.com\/pl\/nasze-wloskie-tlumaczenia-prawne\/\">T\u0142umaczenia prawne na j\u0119zyk w\u0142oski<\/a><\/li><li><a href=\"https:\/\/culturesconnection.com\/pl\/nasze-niderlandzkie-uslugi-tlumaczen-prawnych\/\">T\u0142umaczenia prawne na j\u0119zyk niderlandzki<\/a><\/li><li><a href=\"https:\/\/culturesconnection.com\/pl\/nasze-uslugi-tlumaczen-prawniczych-z-tureckiego\/\">T\u0142umaczenia prawne na j\u0119zyk turecki<\/a><\/li><li><a href=\"https:\/\/culturesconnection.com\/pl\/nasze-japonskie-uslugi-tlumaczen-prawnych\/\">T\u0142umaczenia prawne na j\u0119zyk japo\u0144ski<\/a><\/li><\/ul>\n","protected":false},"excerpt":{"rendered":"<p>Specjali\u015bci wykonuj\u0105cy t\u0142umaczenia prawnicze z j\u0119zyka rosyjskiego T\u0142umaczenia prawnicze z j\u0119zyka rosyjskiego nie zawsze s\u0105 \u0142atwym zadaniem. Praca ta wymaga szczeg\u00f3\u0142owej wiedzy na dany temat. [&#8230;]<\/p>\n<p><a class=\"btn btn-secondary understrap-read-more-link\" href=\"https:\/\/culturesconnection.com\/pl\/nasze-tlumaczenia-z-jezyka-rosyjskiego\/nasze-tlumaczenia-prawnicze-z-jezyka-rosyjskiego\/\">Czytaj dalej\u2026<span class=\"screen-reader-text\"> from Nasze t\u0142umaczenia prawnicze z j\u0119zyka rosyjskiego<\/span><\/a><\/p>\n","protected":false},"author":22,"featured_media":24334,"parent":11428,"menu_order":0,"comment_status":"closed","ping_status":"closed","template":"","meta":{"_acf_changed":false,"_editorskit_title_hidden":false,"_editorskit_reading_time":0,"_editorskit_is_block_options_detached":false,"_editorskit_block_options_position":"{}","footnotes":""},"class_list":["post-11556","page","type-page","status-publish","has-post-thumbnail","hentry"],"acf":[],"_links":{"self":[{"href":"https:\/\/culturesconnection.com\/pl\/wp-json\/wp\/v2\/pages\/11556","targetHints":{"allow":["GET"]}}],"collection":[{"href":"https:\/\/culturesconnection.com\/pl\/wp-json\/wp\/v2\/pages"}],"about":[{"href":"https:\/\/culturesconnection.com\/pl\/wp-json\/wp\/v2\/types\/page"}],"author":[{"embeddable":true,"href":"https:\/\/culturesconnection.com\/pl\/wp-json\/wp\/v2\/users\/22"}],"replies":[{"embeddable":true,"href":"https:\/\/culturesconnection.com\/pl\/wp-json\/wp\/v2\/comments?post=11556"}],"version-history":[{"count":0,"href":"https:\/\/culturesconnection.com\/pl\/wp-json\/wp\/v2\/pages\/11556\/revisions"}],"up":[{"embeddable":true,"href":"https:\/\/culturesconnection.com\/pl\/wp-json\/wp\/v2\/pages\/11428"}],"wp:featuredmedia":[{"embeddable":true,"href":"https:\/\/culturesconnection.com\/pl\/wp-json\/wp\/v2\/media\/24334"}],"wp:attachment":[{"href":"https:\/\/culturesconnection.com\/pl\/wp-json\/wp\/v2\/media?parent=11556"}],"curies":[{"name":"wp","href":"https:\/\/api.w.org\/{rel}","templated":true}]}}