{"id":11554,"date":"2018-11-05T10:54:36","date_gmt":"2018-11-05T08:54:36","guid":{"rendered":"http:\/\/culturesconnection.com\/?page_id=11554"},"modified":"2022-06-19T00:11:18","modified_gmt":"2022-06-18T22:11:18","slug":"nasze-japonskie-tlumaczenia-medyczne","status":"publish","type":"page","link":"https:\/\/culturesconnection.com\/pl\/nasze-japonskie-uslugi-tlumaczeniowe\/nasze-japonskie-tlumaczenia-medyczne\/","title":{"rendered":"Nasze japo\u0144skie t\u0142umaczenia medyczne"},"content":{"rendered":"\n<h2 class=\"wp-block-heading\">Specjali\u015bci wykonuj\u0105cy japo\u0144skie t\u0142umaczenia medyczne<\/h2>\n\n\n\n<p>Medycyna jest dziedzin\u0105, kt\u00f3ra staje si\u0119 coraz bardziej umi\u0119dzynarodowiona. W wyniku b\u0142\u0119du lekarskiego mo\u017cna zap\u0142aci\u0107 wysok\u0105 cen\u0119 i nawet narazi\u0107 czyje\u015b \u017cycie na niebezpiecze\u0144stwo. Podobnie mo\u017ce te\u017c by\u0107 z powodu b\u0142\u0119du w t\u0142umaczeniu. Przek\u0142ad tekstu medycznego z j\u0119zyka polskiego na japo\u0144ski jest bardzo z\u0142o\u017conym zadaniem ze wzgl\u0119du na trudno\u015bci zwi\u0105zane z j\u0119zykiem docelowym i dan\u0105 tematyk\u0105. Terminologia powinna by\u0107 precyzyjna i zgodna z tekstem \u017ar\u00f3d\u0142owym. Niezb\u0119dne jest skorzystanie z us\u0142ug t\u0142umacza medycznego, kt\u00f3ry specjalizuje si\u0119 w tematyce Twojego dokumentu.<\/p>\n\n\n\n<h2 class=\"wp-block-heading\">Czy szukasz biura t\u0142umacze\u0144 medycznych?<\/h2>\n\n\n\n<p>Czy poszukujesz us\u0142ug t\u0142umacza medycznego przek\u0142adaj\u0105cego z j\u0119zyka japo\u0144skiego na polski lub odwrotnie? Nasz zesp\u00f3\u0142 ekspert\u00f3w posiada umiej\u0119tno\u015bci j\u0119zykowe jak r\u00f3wnie\u017c wiedz\u0119 medyczn\u0105. <a href=\"https:\/\/culturesconnection.com\/pl\/\">Cultures Connection<\/a> u\u0142atwia rozpowszechnianie wiedzy medycznej pomi\u0119dzy u\u017cytkownikami j\u0119zyka japo\u0144skiego i polskiego. Nasze biuro t\u0142umacze\u0144, wykonuj\u0105ce japo\u0144skie t\u0142umaczenia medyczne, mo\u017ce przet\u0142umaczy\u0107 dokumenty w wielu specjalno\u015bciach: biochemii, chirurgii, dermatologii, geriatrii, hematologii, neurochirurgii i wielu innych! Cultures Connection zapewnia wysokiej jako\u015bci <a href=\"https:\/\/culturesconnection.com\/pl\/profesjonalne-uslugi-tlumaczeniowe-we-wszystkich-jezykach\/\">us\u0142ugi t\u0142umaczeniowe<\/a> i przek\u0142ada Twoje dokumenty poufnie i profesjonalnie.<\/p>\n\n\n\n<h2 class=\"wp-block-heading\">T\u0142umaczenie dokument\u00f3w medycznych na j\u0119zyk japo\u0144ski<\/h2>\n\n\n\n<p>Cultures Connection oferuje t\u0142umaczenia dla szerokiego zakresu <a href=\"https:\/\/culturesconnection.com\/pl\/nasze-uslugi-tlumaczen-medycznych\/\">dokument\u00f3w medycznych<\/a> z j\u0119zyka japo\u0144skiego lub na j\u0119zyk japo\u0144ski. Oto kilka przyk\u0142ad\u00f3w:<\/p>\n\n\n\n<ul class=\"wp-block-list\"><li>Czasopisma<\/li><li>Relacje z konferencji<\/li><li>Publikacje<\/li><li>Sprawozdania z projekt\u00f3w i bada\u0144<\/li><li>Wyniki bada\u0144 naukowych i doniesienia naukowe<\/li><li>Prace u\u017cyteczno\u015bci publicznej<\/li><li>Raporty bada\u0144<\/li><li>Kwestionariusze<\/li><li>Ulotki<\/li><li>Dozowanie dla nowych produkt\u00f3w<\/li><li>Wyniki bada\u0144 klinicznych<\/li><li>Prawo farmaceutyczne<\/li><li>Raporty medyczne<\/li><\/ul>\n\n\n\n<h2 class=\"wp-block-heading\">T\u0142umaczenia medyczne we wszystkich j\u0119zykach<\/h2>\n\n\n\n<ul class=\"wp-block-list\"><li><a href=\"https:\/\/culturesconnection.com\/pl\/nasze-francuskie-tlumaczenia-medyczne\/\">T\u0142umaczenia medyczne na j\u0119zyk francuski<\/a><\/li><li><a href=\"https:\/\/culturesconnection.com\/pl\/nasze-tlumaczenia-medyczne-z-jezyka-hiszpanskiego\/\">T\u0142umaczenia medyczne na j\u0119zyk hiszpa\u0144ski<\/a><\/li><li><a href=\"https:\/\/culturesconnection.com\/pl\/nasze-niemieckie-tlumaczenia-medyczne\/\">T\u0142umaczenia medyczne na j\u0119zyk niemiecki<\/a><\/li><li><a href=\"https:\/\/culturesconnection.com\/pl\/nasze-chinskie-tlumaczenia-medyczne\/\">T\u0142umaczenia medyczne na j\u0119zyk chi\u0144ski<\/a><\/li><li><a href=\"https:\/\/culturesconnection.com\/pl\/nasze-arabskie-tlumaczenia-medyczne\/\">T\u0142umaczenia medyczne na j\u0119zyk arabski<\/a><\/li><li><a href=\"https:\/\/culturesconnection.com\/pl\/?page_id=13393\">T\u0142umaczenia medyczne na j\u0119zyk portugalski<\/a><\/li><li><a href=\"https:\/\/culturesconnection.com\/pl\/nasze-wloskie-tlumaczenia-medyczne\/\">T\u0142umaczenia medyczne na j\u0119zyk w\u0142oski<\/a><\/li><li><a href=\"https:\/\/culturesconnection.com\/pl\/nasze-niderlandzkie-uslugi-tlumaczen-medycznych\/\">T\u0142umaczenia medyczne na j\u0119zyk niderlandzki<\/a><\/li><li><a href=\"https:\/\/culturesconnection.com\/pl\/?page_id=13385\">T\u0142umaczenia medyczne na j\u0119zyk turecki<\/a><\/li><li><a href=\"https:\/\/culturesconnection.com\/pl\/nasze-medyczne-tlumaczenia-z-jezyka-rosyjskiego\/\">T\u0142umaczenia medyczne na j\u0119zyk rosyjski<\/a><\/li><\/ul>\n","protected":false},"excerpt":{"rendered":"<p>Specjali\u015bci wykonuj\u0105cy japo\u0144skie t\u0142umaczenia medyczne Medycyna jest dziedzin\u0105, kt\u00f3ra staje si\u0119 coraz bardziej umi\u0119dzynarodowiona. W wyniku b\u0142\u0119du lekarskiego mo\u017cna zap\u0142aci\u0107 wysok\u0105 cen\u0119 i nawet narazi\u0107 [&#8230;]<\/p>\n<p><a class=\"btn btn-secondary understrap-read-more-link\" href=\"https:\/\/culturesconnection.com\/pl\/nasze-japonskie-uslugi-tlumaczeniowe\/nasze-japonskie-tlumaczenia-medyczne\/\">Czytaj dalej\u2026<span class=\"screen-reader-text\"> from Nasze japo\u0144skie t\u0142umaczenia medyczne<\/span><\/a><\/p>\n","protected":false},"author":22,"featured_media":24334,"parent":11551,"menu_order":0,"comment_status":"closed","ping_status":"closed","template":"","meta":{"_acf_changed":false,"_editorskit_title_hidden":false,"_editorskit_reading_time":0,"_editorskit_is_block_options_detached":false,"_editorskit_block_options_position":"{}","footnotes":""},"class_list":["post-11554","page","type-page","status-publish","has-post-thumbnail","hentry"],"acf":[],"_links":{"self":[{"href":"https:\/\/culturesconnection.com\/pl\/wp-json\/wp\/v2\/pages\/11554","targetHints":{"allow":["GET"]}}],"collection":[{"href":"https:\/\/culturesconnection.com\/pl\/wp-json\/wp\/v2\/pages"}],"about":[{"href":"https:\/\/culturesconnection.com\/pl\/wp-json\/wp\/v2\/types\/page"}],"author":[{"embeddable":true,"href":"https:\/\/culturesconnection.com\/pl\/wp-json\/wp\/v2\/users\/22"}],"replies":[{"embeddable":true,"href":"https:\/\/culturesconnection.com\/pl\/wp-json\/wp\/v2\/comments?post=11554"}],"version-history":[{"count":0,"href":"https:\/\/culturesconnection.com\/pl\/wp-json\/wp\/v2\/pages\/11554\/revisions"}],"up":[{"embeddable":true,"href":"https:\/\/culturesconnection.com\/pl\/wp-json\/wp\/v2\/pages\/11551"}],"wp:featuredmedia":[{"embeddable":true,"href":"https:\/\/culturesconnection.com\/pl\/wp-json\/wp\/v2\/media\/24334"}],"wp:attachment":[{"href":"https:\/\/culturesconnection.com\/pl\/wp-json\/wp\/v2\/media?parent=11554"}],"curies":[{"name":"wp","href":"https:\/\/api.w.org\/{rel}","templated":true}]}}