{"id":11552,"date":"2018-11-05T10:50:19","date_gmt":"2018-11-05T08:50:19","guid":{"rendered":"http:\/\/culturesconnection.com\/?page_id=11552"},"modified":"2022-06-21T23:29:27","modified_gmt":"2022-06-21T21:29:27","slug":"nasze-japonskie-tlumaczenia-biznesowe","status":"publish","type":"page","link":"https:\/\/culturesconnection.com\/pl\/nasze-japonskie-uslugi-tlumaczeniowe\/nasze-japonskie-tlumaczenia-biznesowe\/","title":{"rendered":"Nasze japo\u0144skie t\u0142umaczenia biznesowe"},"content":{"rendered":"\n<h2 class=\"wp-block-heading\">Japo\u0144skie t\u0142umaczenia biznesowe to wyzwanie<\/h2>\n\n\n\n<p>Z powodu globalizacji t\u0142umaczenia biznesowe i marketingowe sta\u0142y si\u0119 niezb\u0119dnym narz\u0119dziem dla firm pragn\u0105cych rozwin\u0105\u0107 swoj\u0105 dzia\u0142alno\u015b\u0107 za granic\u0105. S\u0105 dowody na to, \u017ce dokumenty biznesowe maj\u0105 wi\u0119kszy wp\u0142yw na klienta, je\u015bli s\u0105 one przedstawione w jego j\u0119zyku ojczystym. Jest tak szczeg\u00f3lnie wtedy, gdy chcesz nawi\u0105za\u0107 relacje biznesowe w Japonii. T\u0142umaczenie dokument\u00f3w biznesowych na j\u0119zyk japo\u0144ski nie jest jednak \u0142atwym zadaniem; istnieje wiele czynnik\u00f3w do rozwa\u017cenia w zale\u017cno\u015bci od j\u0119zyka i kultury grupy docelowej. Rzeczywi\u015bcie styl pisania, nawyki i zachowania r\u00f3\u017cni\u0105 si\u0119 w zale\u017cno\u015bci od j\u0119zyka. Dlatego te\u017c istotne jest, aby powierzy\u0107 tego typu zadanie t\u0142umaczom specjalizuj\u0105cym si\u0119 w dziedzinie biznesu i, kt\u00f3rzy posiadaj\u0105 rozleg\u0142\u0105 wiedz\u0119 na temat danych j\u0119zyk\u00f3w i kultur.<\/p>\n\n\n\n<h2 class=\"wp-block-heading\">Nasza agencja t\u0142umacze\u0144 biznesowych<\/h2>\n\n\n\n<p><a href=\"https:\/\/culturesconnection.com\/pl\/\">Cultures Connection<\/a> oferuje biznesowe <a href=\"https:\/\/culturesconnection.com\/pl\/profesjonalne-uslugi-tlumaczeniowe-we-wszystkich-jezykach\/\">us\u0142ugi t\u0142umaczeniowe<\/a> dla Twoich japo\u0144skich projekt\u00f3w t\u0142umaczeniowych. Wybierzemy Tobie najlepszych japo\u0144skich lingwist\u00f3w, wykonuj\u0105cych japo\u0144skie t\u0142umaczenia biznesowe. Nasi t\u0142umacze i korektorzy s\u0105 wykwalifikowani i posiadaj\u0105 dog\u0142\u0119bn\u0105 wiedz\u0119 na temat j\u0119zyk\u00f3w i kultur Polski i Japonii. Do\u015bwiadczenie, kt\u00f3re zgromadzili poprzez karier\u0119 zawodow\u0105 i\/lub poprzez solidne wykszta\u0142cenie akademickie, gwarantuje wysokiej jako\u015bci t\u0142umaczenia biznesowe i marketingowe na j\u0119zyk japo\u0144ski. Ponadto przek\u0142adaj\u0105 oni jedynie na sw\u00f3j j\u0119zyk ojczysty i w zwi\u0105zku z tym lepiej rozumiej\u0105 zawi\u0142o\u015bci rynku japo\u0144skiego.<\/p>\n\n\n\n<h2 class=\"wp-block-heading\">T\u0142umaczenie dokument\u00f3w biznesowych na j\u0119zyk japo\u0144ski<\/h2>\n\n\n\n<p>Cultures Connection oferuje marketingowe i biznesowe us\u0142ugi t\u0142umaczeniowe dla wszystkich typ\u00f3w <a href=\"https:\/\/culturesconnection.com\/pl\/nasze-tlumaczenia-dokumentow-biznesowych\/\">dokument\u00f3w<\/a>. Poni\u017cej znajduje si\u0119 przyk\u0142adowa lista dokument\u00f3w, kt\u00f3re nasza agencja ju\u017c przet\u0142umaczy\u0142a:<\/p>\n\n\n\n<ul class=\"wp-block-list\"><li>Broszury<\/li><li>Ulotki<\/li><li>Wizyt\u00f3wki s\u0142u\u017cbowe<\/li><li>Publikacje<\/li><li>Kampanie<\/li><li>Strony internetowe<\/li><li>Katalogi<\/li><li>Prezentacje<\/li><li>Media reklamowe<\/li><li>Badania rynku<\/li><li>Newslettery biznesowe<\/li><li>Bia\u0142e ksi\u0119gi<\/li><li>Dokumenty reklamowe<\/li><\/ul>\n\n\n\n<h3 class=\"wp-block-heading\">&nbsp;T\u0142umaczenia biznesowe we wszystkich j\u0119zykach<\/h3>\n\n\n\n<ul class=\"wp-block-list\"><li><a href=\"https:\/\/culturesconnection.com\/pl\/nasze-francuskie-uslugi-tlumaczen-biznesowych\/\">T\u0142umaczenia biznesowe na j\u0119zyk francuski<\/a><\/li><li><a href=\"https:\/\/culturesconnection.com\/pl\/nasze-uslugi-tlumaczen-biznesowych-z-jezyka-hiszpanskiego\/\">T\u0142umaczenia biznesowe na j\u0119zyk hiszpa\u0144ski<\/a><\/li><li><a href=\"https:\/\/culturesconnection.com\/pl\/nasze-niemieckie-tlumaczenia-biznesowe\/\">T\u0142umaczenia biznesowe na j\u0119zyk niemiecki<\/a><\/li><li><a href=\"https:\/\/culturesconnection.com\/pl\/nasze-chinskie-tlumaczenia-biznesowe\/\">T\u0142umaczenia biznesowe na j\u0119zyk chi\u0144ski<\/a><\/li><li><a href=\"https:\/\/culturesconnection.com\/pl\/nasze-biznesowe-tlumaczenia-polsko-arabskie\/\">T\u0142umaczenia biznesowe na j\u0119zyk arabski<\/a><\/li><li><a href=\"https:\/\/culturesconnection.com\/pl\/?page_id=13391\">T\u0142umaczenia biznesowe na j\u0119zyk portugalski<\/a><\/li><li><a href=\"https:\/\/culturesconnection.com\/pl\/nasze-wloskie-tlumaczenia-biznesowe\/\">T\u0142umaczenia biznesowe na j\u0119zyk w\u0142oski<\/a><\/li><li><a href=\"https:\/\/culturesconnection.com\/pl\/nasze-niderlandzkie-uslugi-tlumaczen-biznesowych\/\">T\u0142umaczenia biznesowe na j\u0119zyk niderlandzki<\/a><\/li><li><a href=\"https:\/\/culturesconnection.com\/pl\/nasze-uslugi-tureckich-tlumaczen-biznesowych\/\">T\u0142umaczenia biznesowe na j\u0119zyk turecki<\/a><\/li><li><a href=\"https:\/\/culturesconnection.com\/pl\/nasze-rosyjskie-tlumaczenia-biznesowe\/\">T\u0142umaczenia biznesowe na j\u0119zyk rosyjski<\/a><\/li><\/ul>\n","protected":false},"excerpt":{"rendered":"<p>Japo\u0144skie t\u0142umaczenia biznesowe to wyzwanie Z powodu globalizacji t\u0142umaczenia biznesowe i marketingowe sta\u0142y si\u0119 niezb\u0119dnym narz\u0119dziem dla firm pragn\u0105cych rozwin\u0105\u0107 swoj\u0105 dzia\u0142alno\u015b\u0107 za granic\u0105. S\u0105 [&#8230;]<\/p>\n<p><a class=\"btn btn-secondary understrap-read-more-link\" href=\"https:\/\/culturesconnection.com\/pl\/nasze-japonskie-uslugi-tlumaczeniowe\/nasze-japonskie-tlumaczenia-biznesowe\/\">Czytaj dalej\u2026<span class=\"screen-reader-text\"> from Nasze japo\u0144skie t\u0142umaczenia biznesowe<\/span><\/a><\/p>\n","protected":false},"author":22,"featured_media":24334,"parent":11551,"menu_order":0,"comment_status":"closed","ping_status":"closed","template":"","meta":{"_acf_changed":false,"_editorskit_title_hidden":false,"_editorskit_reading_time":0,"_editorskit_is_block_options_detached":false,"_editorskit_block_options_position":"{}","footnotes":""},"class_list":["post-11552","page","type-page","status-publish","has-post-thumbnail","hentry"],"acf":[],"_links":{"self":[{"href":"https:\/\/culturesconnection.com\/pl\/wp-json\/wp\/v2\/pages\/11552","targetHints":{"allow":["GET"]}}],"collection":[{"href":"https:\/\/culturesconnection.com\/pl\/wp-json\/wp\/v2\/pages"}],"about":[{"href":"https:\/\/culturesconnection.com\/pl\/wp-json\/wp\/v2\/types\/page"}],"author":[{"embeddable":true,"href":"https:\/\/culturesconnection.com\/pl\/wp-json\/wp\/v2\/users\/22"}],"replies":[{"embeddable":true,"href":"https:\/\/culturesconnection.com\/pl\/wp-json\/wp\/v2\/comments?post=11552"}],"version-history":[{"count":0,"href":"https:\/\/culturesconnection.com\/pl\/wp-json\/wp\/v2\/pages\/11552\/revisions"}],"up":[{"embeddable":true,"href":"https:\/\/culturesconnection.com\/pl\/wp-json\/wp\/v2\/pages\/11551"}],"wp:featuredmedia":[{"embeddable":true,"href":"https:\/\/culturesconnection.com\/pl\/wp-json\/wp\/v2\/media\/24334"}],"wp:attachment":[{"href":"https:\/\/culturesconnection.com\/pl\/wp-json\/wp\/v2\/media?parent=11552"}],"curies":[{"name":"wp","href":"https:\/\/api.w.org\/{rel}","templated":true}]}}