{"id":11549,"date":"2018-11-06T17:03:53","date_gmt":"2018-11-06T15:03:53","guid":{"rendered":"http:\/\/culturesconnection.com\/?page_id=11549"},"modified":"2022-08-03T10:04:33","modified_gmt":"2022-08-03T08:04:33","slug":"nasze-wloskie-uslugi-tlumaczeniowe","status":"publish","type":"page","link":"https:\/\/culturesconnection.com\/pl\/nasze-wloskie-uslugi-tlumaczeniowe\/","title":{"rendered":"Nasze w\u0142oskie us\u0142ugi t\u0142umaczeniowe"},"content":{"rendered":"\n<h2 class=\"wp-block-heading\">Profesjonalne w\u0142oskie us\u0142ugi t\u0142umaczeniowe<\/h2>\n\n\n\n<p>W\u0142ochy s\u0105 krajem przemys\u0142owym o zr\u00f3\u017cnicowanej gospodarce, co czyni je idealnym miejscem do nawi\u0105zania partnerstw gospodarczych. Nale\u017cy r\u00f3wnie\u017c zauwa\u017cy\u0107, \u017ce W\u0142ochy maj\u0105 najwy\u017cszy odsetek ma\u0142ych i \u015brednich przedsi\u0119biorstw w Europie, co r\u00f3wnie\u017c przyczynia si\u0119 do ich reputacji na \u015bwiecie jako \u201eknow-how\u201d.<\/p>\n\n\n\n<p>Twoi klienci z pewno\u015bci\u0105 doceni\u0105, je\u017celi skorzystasz z pomocy t\u0142umacza ustnego lub pisemnego podczas prowadzenia negocjacji biznesowych. Agencja Cultures Connection zarz\u0105dza wieloma projektami t\u0142umaczeniowymi w bran\u017cach, gdzie w\u0142oski jest powszechnie u\u017cywany (handel, energia, transport, bran\u017ca luksusowa, moda, turystyka, itp.). W\u0142oskie us\u0142ugi t\u0142umaczeniowe r\u00f3wnie\u017c stanowi\u0105 znaczn\u0105 cz\u0119\u015b\u0107 naszej dzia\u0142alno\u015bci.<\/p>\n\n\n\n<h2 class=\"wp-block-heading\">Czy potrzebujesz pomocy t\u0142umacza w\u0142oskiego?<\/h2>\n\n\n\n<p>Niezale\u017cnie od tego, czy szukasz w\u0142osko-polskiego lub polsko-w\u0142oskiego t\u0142umacza, nasza <a href=\"https:\/\/culturesconnection.com\/pl\/\">agencja t\u0142umacze\u0144<\/a> zaoferuje Tobie swoje fachowe us\u0142ugi. Nasi kierownicy projekt\u00f3w wybior\u0105 najlepszych specjalist\u00f3w do t\u0142umaczenia Twoich dokument\u00f3w, stron internetowych, witryn e-commerce, blog\u00f3w lub innych tekst\u00f3w. Podczas wieloletniego pobytu we W\u0142oszech za\u0142o\u017cyciel agencji Cultures Connection stworzy\u0142 baz\u0119 w\u0142oskich lingwist\u00f3w (t\u0142umacz\u0105cych z j\u0119zyka w\u0142oskiego lub na j\u0119zyk w\u0142oski) specjalizuj\u0105cych si\u0119 w rozmaitych dziedzinach jak finanse, marketing, medycyna, internet, a nawet tworzenie napis\u00f3w.<\/p>\n\n\n\n<p>W celu precyzyjnego t\u0142umaczenia subtelno\u015bci j\u0119zykowych i kulturowych oraz t\u0142umaczenia zgodnego z obowi\u0105zuj\u0105cymi przepisami, nasi profesjonalni t\u0142umacze przek\u0142adaj\u0105 jedynie na sw\u00f3j <a href=\"https:\/\/culturesconnection.com\/pl\/profesjonalne-tlumaczenia-w-ponad-40-jezykach\/\">j\u0119zyk<\/a> ojczysty. Mamy \u015bwiadomo\u015b\u0107, \u017ce jako\u015b\u0107 jest zawsze najlepszym wyborem oraz, \u017ce niekt\u00f3re firmy maj\u0105 ma\u0142y bud\u017cet. Z tego wzgl\u0119du agencja Cultures Connection oferuje cztery poziomy us\u0142ug t\u0142umaczeniowych (Podstawowe, Standardowe, Profesjonalne i Premium).<\/p>\n\n\n\n<h2 class=\"wp-block-heading\">Wszystkie z naszych w\u0142oskich us\u0142ug t\u0142umacze\u0144<\/h2>\n\n\n\n<ul class=\"wp-block-list\"><li><a href=\"https:\/\/culturesconnection.com\/pl\/nasze-wloskie-uslugi-tlumaczen-finansowych\/\">W\u0142oskie us\u0142ugi t\u0142umacze\u0144 finansowych<\/a><\/li><li><a href=\"https:\/\/culturesconnection.com\/pl\/nasze-wloskie-tlumaczenia-biznesowe\/\">W\u0142oskie us\u0142ugi t\u0142umacze\u0144 biznesowych<\/a><\/li><li><a href=\"https:\/\/culturesconnection.com\/pl\/nasze-wloskie-tlumaczenia-naukowe\/\">W\u0142oskie us\u0142ugi t\u0142umacze\u0144 naukowych<\/a><\/li><li><a href=\"https:\/\/culturesconnection.com\/pl\/nasze-wloskie-tlumaczenia-medyczne\/\">W\u0142oskie us\u0142ugi t\u0142umacze\u0144 medycznych<\/a><\/li><li><a href=\"https:\/\/culturesconnection.com\/pl\/nasze-wloskie-uslugi-tlumaczen-technicznych\/\">W\u0142oskie us\u0142ugi t\u0142umacze\u0144 technicznych<\/a><\/li><li><a href=\"https:\/\/culturesconnection.com\/pl\/nasze-wloskie-tlumaczenia-prawne\/\">W\u0142oskie us\u0142ugi t\u0142umacze\u0144 prawnych<\/a><\/li><li><a href=\"https:\/\/culturesconnection.com\/pl\/nasze-wloskie-tlumaczenia-marketingowe\/\">W\u0142oskie us\u0142ugi t\u0142umacze\u0144 marketingowych<\/a><\/li><li><a href=\"https:\/\/culturesconnection.com\/pl\/uslugi-tlumaczen-stron-internetowych-z-wloskiego\/\">W\u0142oskie us\u0142ugi t\u0142umacze\u0144 stron internetowych<\/a><\/li><li><a href=\"https:\/\/culturesconnection.com\/pl\/nasze-wloskie-uslugi-tworzenia-napisow\/\">W\u0142oskie us\u0142ugi tworzenia napis\u00f3w<\/a><\/li><li><a href=\"https:\/\/culturesconnection.com\/pl\/wloskie-tlumaczenia-gier-wideo\/\">W\u0142oskie us\u0142ugi t\u0142umacze\u0144 gier wideo<\/a><\/li><li>T\u0142umaczenia ekspresowe na j\u0119zyk w\u0142oski<\/li><\/ul>\n","protected":false},"excerpt":{"rendered":"<p>Profesjonalne w\u0142oskie us\u0142ugi t\u0142umaczeniowe W\u0142ochy s\u0105 krajem przemys\u0142owym o zr\u00f3\u017cnicowanej gospodarce, co czyni je idealnym miejscem do nawi\u0105zania partnerstw gospodarczych. Nale\u017cy r\u00f3wnie\u017c zauwa\u017cy\u0107, \u017ce W\u0142ochy [&#8230;]<\/p>\n<p><a class=\"btn btn-secondary understrap-read-more-link\" href=\"https:\/\/culturesconnection.com\/pl\/nasze-wloskie-uslugi-tlumaczeniowe\/\">Czytaj dalej\u2026<span class=\"screen-reader-text\"> from Nasze w\u0142oskie us\u0142ugi t\u0142umaczeniowe<\/span><\/a><\/p>\n","protected":false},"author":22,"featured_media":23256,"parent":0,"menu_order":0,"comment_status":"closed","ping_status":"closed","template":"","meta":{"_acf_changed":false,"_editorskit_title_hidden":false,"_editorskit_reading_time":1,"_editorskit_is_block_options_detached":false,"_editorskit_block_options_position":"{}","footnotes":""},"class_list":["post-11549","page","type-page","status-publish","has-post-thumbnail","hentry"],"acf":[],"yoast_head":"<!-- This site is optimized with the Yoast SEO Premium plugin v23.4 (Yoast SEO v27.3) - https:\/\/yoast.com\/product\/yoast-seo-premium-wordpress\/ -->\n<title>Nasze w\u0142oskie us\u0142ugi t\u0142umaczeniowe<\/title>\n<meta name=\"description\" content=\"Cultures Connection oferuje profesjonalne w\u0142oskie us\u0142ugi t\u0142umaczeniowe. Konkurencyjne ceny, terminowo\u015b\u0107, bezp\u0142atna wycena, wieloletnie do\u015bwiadczenie.\" \/>\n<meta name=\"robots\" content=\"index, follow, max-snippet:-1, max-image-preview:large, max-video-preview:-1\" \/>\n<link rel=\"canonical\" href=\"https:\/\/culturesconnection.com\/pl\/nasze-wloskie-uslugi-tlumaczeniowe\/\" \/>\n<meta property=\"og:locale\" content=\"pl_PL\" \/>\n<meta property=\"og:type\" content=\"article\" \/>\n<meta property=\"og:title\" content=\"Nasze w\u0142oskie us\u0142ugi t\u0142umaczeniowe\" \/>\n<meta property=\"og:description\" content=\"Cultures Connection oferuje profesjonalne w\u0142oskie us\u0142ugi t\u0142umaczeniowe. Konkurencyjne ceny, terminowo\u015b\u0107, bezp\u0142atna wycena, wieloletnie do\u015bwiadczenie.\" \/>\n<meta property=\"og:url\" content=\"https:\/\/culturesconnection.com\/pl\/nasze-wloskie-uslugi-tlumaczeniowe\/\" \/>\n<meta property=\"og:site_name\" content=\"Cultures Connection\" \/>\n<meta property=\"article:publisher\" content=\"https:\/\/www.facebook.com\/CulturesConnection\" \/>\n<meta property=\"article:modified_time\" content=\"2022-08-03T08:04:33+00:00\" \/>\n<meta property=\"og:image\" content=\"https:\/\/culturesconnection.com\/wp-content\/uploads\/2020\/09\/P\u00e4gina_Servicios_de_traducci\u00f3n_por_idioma.png\" \/>\n\t<meta property=\"og:image:width\" content=\"1417\" \/>\n\t<meta property=\"og:image:height\" content=\"561\" \/>\n\t<meta property=\"og:image:type\" content=\"image\/png\" \/>\n<meta name=\"twitter:card\" content=\"summary_large_image\" \/>\n<meta name=\"twitter:site\" content=\"@CulturesCo_\" \/>\n<meta name=\"twitter:label1\" content=\"Szacowany czas czytania\" \/>\n\t<meta name=\"twitter:data1\" content=\"2 minuty\" \/>\n<script type=\"application\/ld+json\" class=\"yoast-schema-graph\">{\"@context\":\"https:\\\/\\\/schema.org\",\"@graph\":[{\"@type\":\"WebPage\",\"@id\":\"https:\\\/\\\/culturesconnection.com\\\/pl\\\/nasze-wloskie-uslugi-tlumaczeniowe\\\/\",\"url\":\"https:\\\/\\\/culturesconnection.com\\\/pl\\\/nasze-wloskie-uslugi-tlumaczeniowe\\\/\",\"name\":\"Nasze w\u0142oskie us\u0142ugi t\u0142umaczeniowe\",\"isPartOf\":{\"@id\":\"https:\\\/\\\/culturesconnection.com\\\/fr\\\/#website\"},\"primaryImageOfPage\":{\"@id\":\"https:\\\/\\\/culturesconnection.com\\\/pl\\\/nasze-wloskie-uslugi-tlumaczeniowe\\\/#primaryimage\"},\"image\":{\"@id\":\"https:\\\/\\\/culturesconnection.com\\\/pl\\\/nasze-wloskie-uslugi-tlumaczeniowe\\\/#primaryimage\"},\"thumbnailUrl\":\"https:\\\/\\\/culturesconnection.com\\\/wp-content\\\/uploads\\\/2020\\\/09\\\/P\u00e4gina_Servicios_de_traducci\u00f3n_por_idioma.png\",\"datePublished\":\"2018-11-06T15:03:53+00:00\",\"dateModified\":\"2022-08-03T08:04:33+00:00\",\"description\":\"Cultures Connection oferuje profesjonalne w\u0142oskie us\u0142ugi t\u0142umaczeniowe. Konkurencyjne ceny, terminowo\u015b\u0107, bezp\u0142atna wycena, wieloletnie do\u015bwiadczenie.\",\"breadcrumb\":{\"@id\":\"https:\\\/\\\/culturesconnection.com\\\/pl\\\/nasze-wloskie-uslugi-tlumaczeniowe\\\/#breadcrumb\"},\"inLanguage\":\"pl-PL\",\"potentialAction\":[{\"@type\":\"ReadAction\",\"target\":[\"https:\\\/\\\/culturesconnection.com\\\/pl\\\/nasze-wloskie-uslugi-tlumaczeniowe\\\/\"]}]},{\"@type\":\"ImageObject\",\"inLanguage\":\"pl-PL\",\"@id\":\"https:\\\/\\\/culturesconnection.com\\\/pl\\\/nasze-wloskie-uslugi-tlumaczeniowe\\\/#primaryimage\",\"url\":\"https:\\\/\\\/culturesconnection.com\\\/wp-content\\\/uploads\\\/2020\\\/09\\\/P\u00e4gina_Servicios_de_traducci\u00f3n_por_idioma.png\",\"contentUrl\":\"https:\\\/\\\/culturesconnection.com\\\/wp-content\\\/uploads\\\/2020\\\/09\\\/P\u00e4gina_Servicios_de_traducci\u00f3n_por_idioma.png\",\"width\":1417,\"height\":561},{\"@type\":\"BreadcrumbList\",\"@id\":\"https:\\\/\\\/culturesconnection.com\\\/pl\\\/nasze-wloskie-uslugi-tlumaczeniowe\\\/#breadcrumb\",\"itemListElement\":[{\"@type\":\"ListItem\",\"position\":1,\"name\":\"Home\",\"item\":\"https:\\\/\\\/culturesconnection.com\\\/pl\\\/\"},{\"@type\":\"ListItem\",\"position\":2,\"name\":\"Nasze w\u0142oskie us\u0142ugi t\u0142umaczeniowe\"}]},{\"@type\":\"WebSite\",\"@id\":\"https:\\\/\\\/culturesconnection.com\\\/fr\\\/#website\",\"url\":\"https:\\\/\\\/culturesconnection.com\\\/fr\\\/\",\"name\":\"Cultures Connection\",\"description\":\"Cultures Connection is a translation agency dedicated to the success of its international clients.\",\"publisher\":{\"@id\":\"https:\\\/\\\/culturesconnection.com\\\/fr\\\/#organization\"},\"potentialAction\":[{\"@type\":\"SearchAction\",\"target\":{\"@type\":\"EntryPoint\",\"urlTemplate\":\"https:\\\/\\\/culturesconnection.com\\\/fr\\\/?s={search_term_string}\"},\"query-input\":{\"@type\":\"PropertyValueSpecification\",\"valueRequired\":true,\"valueName\":\"search_term_string\"}}],\"inLanguage\":\"pl-PL\"},{\"@type\":\"Organization\",\"@id\":\"https:\\\/\\\/culturesconnection.com\\\/fr\\\/#organization\",\"name\":\"Cultures Connection\",\"url\":\"https:\\\/\\\/culturesconnection.com\\\/fr\\\/\",\"logo\":{\"@type\":\"ImageObject\",\"inLanguage\":\"pl-PL\",\"@id\":\"https:\\\/\\\/culturesconnection.com\\\/fr\\\/#\\\/schema\\\/logo\\\/image\\\/\",\"url\":\"https:\\\/\\\/culturesconnection.com\\\/wp-content\\\/uploads\\\/2022\\\/06\\\/cropped-favicon512x512.png\",\"contentUrl\":\"https:\\\/\\\/culturesconnection.com\\\/wp-content\\\/uploads\\\/2022\\\/06\\\/cropped-favicon512x512.png\",\"width\":512,\"height\":512,\"caption\":\"Cultures Connection\"},\"image\":{\"@id\":\"https:\\\/\\\/culturesconnection.com\\\/fr\\\/#\\\/schema\\\/logo\\\/image\\\/\"},\"sameAs\":[\"https:\\\/\\\/www.facebook.com\\\/CulturesConnection\",\"https:\\\/\\\/x.com\\\/CulturesCo_\"]}]}<\/script>\n<!-- \/ Yoast SEO Premium plugin. -->","yoast_head_json":{"title":"Nasze w\u0142oskie us\u0142ugi t\u0142umaczeniowe","description":"Cultures Connection oferuje profesjonalne w\u0142oskie us\u0142ugi t\u0142umaczeniowe. Konkurencyjne ceny, terminowo\u015b\u0107, bezp\u0142atna wycena, wieloletnie do\u015bwiadczenie.","robots":{"index":"index","follow":"follow","max-snippet":"max-snippet:-1","max-image-preview":"max-image-preview:large","max-video-preview":"max-video-preview:-1"},"canonical":"https:\/\/culturesconnection.com\/pl\/nasze-wloskie-uslugi-tlumaczeniowe\/","og_locale":"pl_PL","og_type":"article","og_title":"Nasze w\u0142oskie us\u0142ugi t\u0142umaczeniowe","og_description":"Cultures Connection oferuje profesjonalne w\u0142oskie us\u0142ugi t\u0142umaczeniowe. Konkurencyjne ceny, terminowo\u015b\u0107, bezp\u0142atna wycena, wieloletnie do\u015bwiadczenie.","og_url":"https:\/\/culturesconnection.com\/pl\/nasze-wloskie-uslugi-tlumaczeniowe\/","og_site_name":"Cultures Connection","article_publisher":"https:\/\/www.facebook.com\/CulturesConnection","article_modified_time":"2022-08-03T08:04:33+00:00","og_image":[{"width":1417,"height":561,"url":"https:\/\/culturesconnection.com\/wp-content\/uploads\/2020\/09\/P\u00e4gina_Servicios_de_traducci\u00f3n_por_idioma.png","type":"image\/png"}],"twitter_card":"summary_large_image","twitter_site":"@CulturesCo_","twitter_misc":{"Szacowany czas czytania":"2 minuty"},"schema":{"@context":"https:\/\/schema.org","@graph":[{"@type":"WebPage","@id":"https:\/\/culturesconnection.com\/pl\/nasze-wloskie-uslugi-tlumaczeniowe\/","url":"https:\/\/culturesconnection.com\/pl\/nasze-wloskie-uslugi-tlumaczeniowe\/","name":"Nasze w\u0142oskie us\u0142ugi t\u0142umaczeniowe","isPartOf":{"@id":"https:\/\/culturesconnection.com\/fr\/#website"},"primaryImageOfPage":{"@id":"https:\/\/culturesconnection.com\/pl\/nasze-wloskie-uslugi-tlumaczeniowe\/#primaryimage"},"image":{"@id":"https:\/\/culturesconnection.com\/pl\/nasze-wloskie-uslugi-tlumaczeniowe\/#primaryimage"},"thumbnailUrl":"https:\/\/culturesconnection.com\/wp-content\/uploads\/2020\/09\/P\u00e4gina_Servicios_de_traducci\u00f3n_por_idioma.png","datePublished":"2018-11-06T15:03:53+00:00","dateModified":"2022-08-03T08:04:33+00:00","description":"Cultures Connection oferuje profesjonalne w\u0142oskie us\u0142ugi t\u0142umaczeniowe. Konkurencyjne ceny, terminowo\u015b\u0107, bezp\u0142atna wycena, wieloletnie do\u015bwiadczenie.","breadcrumb":{"@id":"https:\/\/culturesconnection.com\/pl\/nasze-wloskie-uslugi-tlumaczeniowe\/#breadcrumb"},"inLanguage":"pl-PL","potentialAction":[{"@type":"ReadAction","target":["https:\/\/culturesconnection.com\/pl\/nasze-wloskie-uslugi-tlumaczeniowe\/"]}]},{"@type":"ImageObject","inLanguage":"pl-PL","@id":"https:\/\/culturesconnection.com\/pl\/nasze-wloskie-uslugi-tlumaczeniowe\/#primaryimage","url":"https:\/\/culturesconnection.com\/wp-content\/uploads\/2020\/09\/P\u00e4gina_Servicios_de_traducci\u00f3n_por_idioma.png","contentUrl":"https:\/\/culturesconnection.com\/wp-content\/uploads\/2020\/09\/P\u00e4gina_Servicios_de_traducci\u00f3n_por_idioma.png","width":1417,"height":561},{"@type":"BreadcrumbList","@id":"https:\/\/culturesconnection.com\/pl\/nasze-wloskie-uslugi-tlumaczeniowe\/#breadcrumb","itemListElement":[{"@type":"ListItem","position":1,"name":"Home","item":"https:\/\/culturesconnection.com\/pl\/"},{"@type":"ListItem","position":2,"name":"Nasze w\u0142oskie us\u0142ugi t\u0142umaczeniowe"}]},{"@type":"WebSite","@id":"https:\/\/culturesconnection.com\/fr\/#website","url":"https:\/\/culturesconnection.com\/fr\/","name":"Cultures Connection","description":"Cultures Connection is a translation agency dedicated to the success of its international clients.","publisher":{"@id":"https:\/\/culturesconnection.com\/fr\/#organization"},"potentialAction":[{"@type":"SearchAction","target":{"@type":"EntryPoint","urlTemplate":"https:\/\/culturesconnection.com\/fr\/?s={search_term_string}"},"query-input":{"@type":"PropertyValueSpecification","valueRequired":true,"valueName":"search_term_string"}}],"inLanguage":"pl-PL"},{"@type":"Organization","@id":"https:\/\/culturesconnection.com\/fr\/#organization","name":"Cultures Connection","url":"https:\/\/culturesconnection.com\/fr\/","logo":{"@type":"ImageObject","inLanguage":"pl-PL","@id":"https:\/\/culturesconnection.com\/fr\/#\/schema\/logo\/image\/","url":"https:\/\/culturesconnection.com\/wp-content\/uploads\/2022\/06\/cropped-favicon512x512.png","contentUrl":"https:\/\/culturesconnection.com\/wp-content\/uploads\/2022\/06\/cropped-favicon512x512.png","width":512,"height":512,"caption":"Cultures Connection"},"image":{"@id":"https:\/\/culturesconnection.com\/fr\/#\/schema\/logo\/image\/"},"sameAs":["https:\/\/www.facebook.com\/CulturesConnection","https:\/\/x.com\/CulturesCo_"]}]}},"_links":{"self":[{"href":"https:\/\/culturesconnection.com\/pl\/wp-json\/wp\/v2\/pages\/11549","targetHints":{"allow":["GET"]}}],"collection":[{"href":"https:\/\/culturesconnection.com\/pl\/wp-json\/wp\/v2\/pages"}],"about":[{"href":"https:\/\/culturesconnection.com\/pl\/wp-json\/wp\/v2\/types\/page"}],"author":[{"embeddable":true,"href":"https:\/\/culturesconnection.com\/pl\/wp-json\/wp\/v2\/users\/22"}],"replies":[{"embeddable":true,"href":"https:\/\/culturesconnection.com\/pl\/wp-json\/wp\/v2\/comments?post=11549"}],"version-history":[{"count":0,"href":"https:\/\/culturesconnection.com\/pl\/wp-json\/wp\/v2\/pages\/11549\/revisions"}],"wp:featuredmedia":[{"embeddable":true,"href":"https:\/\/culturesconnection.com\/pl\/wp-json\/wp\/v2\/media\/23256"}],"wp:attachment":[{"href":"https:\/\/culturesconnection.com\/pl\/wp-json\/wp\/v2\/media?parent=11549"}],"curies":[{"name":"wp","href":"https:\/\/api.w.org\/{rel}","templated":true}]}}