{"id":11548,"date":"2018-11-06T16:58:21","date_gmt":"2018-11-06T14:58:21","guid":{"rendered":"http:\/\/culturesconnection.com\/?page_id=11548"},"modified":"2022-06-18T02:20:39","modified_gmt":"2022-06-18T00:20:39","slug":"nasze-wloskie-uslugi-tlumaczen-technicznych","status":"publish","type":"page","link":"https:\/\/culturesconnection.com\/pl\/nasze-wloskie-uslugi-tlumaczeniowe\/nasze-wloskie-uslugi-tlumaczen-technicznych\/","title":{"rendered":"Nasze w\u0142oskie us\u0142ugi t\u0142umacze\u0144 technicznych"},"content":{"rendered":"\n<h2 class=\"wp-block-heading\">Polsko-w\u0142oskie us\u0142ugi t\u0142umacze\u0144 technicznych <\/h2>\n\n\n\n<p>T\u0142umaczenie dokument\u00f3w technicznych jest niezb\u0119dne dla firm pragn\u0105cych rozwin\u0105\u0107 swoj\u0105 dzia\u0142alno\u015b\u0107 na arenie mi\u0119dzynarodowej. Je\u017celi chc\u0105 one eksportowa\u0107 swoje towary do W\u0142och, przet\u0142umaczenie dokument\u00f3w jest istotne. W\u0142oskie us\u0142ugi t\u0142umacze\u0144 technicznych nie s\u0105 \u0142atwym zadaniem. Lingwi\u015bci nie tylko t\u0142umacz\u0105 s\u0142owa, ale musz\u0105 te\u017c zrozumie\u0107, w jaki spos\u00f3b dzia\u0142a produkt, aby klienci mogli go poprawnie u\u017cywa\u0107. Musz\u0105 oni biegle pos\u0142ugiwa\u0107 si\u0119 obydwoma j\u0119zykami, w kt\u00f3rych pracuj\u0105, precyzyjnie t\u0142umaczy\u0107 terminy techniczne, oraz musz\u0105 dostosowa\u0107 je do kultury docelowej<\/p>\n\n\n\n<h2 class=\"wp-block-heading\">Szukasz agencji t\u0142umacze\u0144 technicznych?<\/h2>\n\n\n\n<p>Agencja <a href=\"https:\/\/culturesconnection.com\/pl\/\">Cultures Connection<\/a> mo\u017ce polega\u0107 na swoim zespole w\u0142oskich t\u0142umaczy technicznych, kt\u00f3rzy zajm\u0105 si\u0119 Twoimi arkuszami danych, patentami technicznymi i instrukcjami. Dziedziny, w kt\u00f3rych specjalizuj\u0105 si\u0119 oni to: produkcja przemys\u0142owa, przemys\u0142 chemiczny, przemys\u0142 stalowy i odnawialne \u017ar\u00f3d\u0142a energii. Nasi t\u0142umacze i korektorzy s\u0105 starannie wybierani na podstawie ich kwalifikacji i do\u015bwiadczenia. Ich umiej\u0119tno\u015bci j\u0119zykowe s\u0105 doskona\u0142e; biegle pos\u0142uguj\u0105 si\u0119 w\u0142oskim i polskim oraz maj\u0105 \u015bwietn\u0105 wiedz\u0119 na temat terminologii technicznej, specyficznej dla tych dw\u00f3ch j\u0119zyk\u00f3w. Aby zagwarantowa\u0107 przek\u0142ad o precyzyjnym odzwierciedleniu tekstu \u017ar\u00f3d\u0142owego, t\u0142umacz\u0105 oni tylko na sw\u00f3j j\u0119zyk ojczysty. Wybieraj\u0105c nasze <a href=\"https:\/\/culturesconnection.com\/pl\/profesjonalne-uslugi-tlumaczeniowe-we-wszystkich-jezykach\/\">us\u0142ugi t\u0142umaczeniowe<\/a> otrzymujesz gwarancj\u0119 wysokiej jako\u015bci pracy.<\/p>\n\n\n\n<h2 class=\"wp-block-heading\">T\u0142umaczenie dokument\u00f3w technicznych na j\u0119zyk w\u0142oski<\/h2>\n\n\n\n<p>Nasza agencja oferuje swoje us\u0142ugi <a href=\"https:\/\/culturesconnection.com\/pl\/nasze-tlumaczenia-dokumentow-technicznych\/\">t\u0142umacze\u0144 technicznych<\/a> dla szerokiej gamy dokument\u00f3w. Oto kilka przyk\u0142ad\u00f3w:<\/p>\n\n\n\n<ul class=\"wp-block-list\"><li>Wycena<\/li><li>Teksty in\u017cynieryjne<\/li><li>Podr\u0119czniki dla obrabiarek (lub innych rodzaj\u00f3w maszyn)<\/li><li>Opisy i arkusze danych technicznych<\/li><li>Standardy techniczne<\/li><li>Specyfikacje techniczne<\/li><li>Patenty techniczne<\/li><li>Instrukcje techniczne<\/li><li>Instrukcje obs\u0142ugi<\/li><li>Przewodniki u\u017cytkownika<\/li><\/ul>\n\n\n\n<h2 class=\"wp-block-heading\">T\u0142umaczenia techniczne we wszystkich j\u0119zykach<\/h2>\n\n\n\n<ul class=\"wp-block-list\"><li><a href=\"https:\/\/culturesconnection.com\/pl\/nasze-francuskie-tlumaczenia-techniczne\/\">T\u0142umaczenia techniczne na j\u0119zyk francuski<\/a><\/li><li><a href=\"https:\/\/culturesconnection.com\/pl\/nasze-uslugi-tlumaczen-technicznych-z-jezyka-hiszpanskiego\/\">T\u0142umaczenia techniczne na j\u0119zyk hiszpa\u0144ski<\/a><\/li><li><a href=\"https:\/\/culturesconnection.com\/pl\/nasze-niemieckie-tlumaczenia-techniczne\/\">T\u0142umaczenia techniczne na j\u0119zyk niemiecki<\/a><\/li><li><a href=\"https:\/\/culturesconnection.com\/pl\/nasze-chinskie-tlumaczenia-techniczne\/\">T\u0142umaczenia techniczne na j\u0119zyk chi\u0144ski<\/a><\/li><li><a href=\"https:\/\/culturesconnection.com\/pl\/nasze-uslugi-tlumaczen-technicznych-z-jezyka-arabskiego\/\">T\u0142umaczenia techniczne na j\u0119zyk arabski<\/a><\/li><li><a href=\"https:\/\/culturesconnection.com\/pl\/?page_id=13395\">T\u0142umaczenia techniczne na j\u0119zyk portugalski<\/a><\/li><li><a href=\"https:\/\/culturesconnection.com\/pl\/nasze-niderlandzkie-uslugi-tlumaczen-technicznych\/\">T\u0142umaczenia techniczne na j\u0119zyk niderlandzki<\/a><\/li><li><a href=\"https:\/\/culturesconnection.com\/pl\/?page_id=13388\">T\u0142umaczenia techniczne na j\u0119zyk turecki<\/a><\/li><li><a href=\"https:\/\/culturesconnection.com\/pl\/nasze-uslugi-w-zakresie-japonskich-tlumaczen-technicznych\/\">T\u0142umaczenia techniczne na j\u0119zyk japo\u0144ski<\/a><\/li><li><a href=\"https:\/\/culturesconnection.com\/pl\/nasze-uslugi-tlumaczen-technicznych-z-jezyka-rosyjskiego\/\">T\u0142umaczenia techniczne na j\u0119zyk rosyjski<\/a><\/li><\/ul>\n","protected":false},"excerpt":{"rendered":"<p>Polsko-w\u0142oskie us\u0142ugi t\u0142umacze\u0144 technicznych T\u0142umaczenie dokument\u00f3w technicznych jest niezb\u0119dne dla firm pragn\u0105cych rozwin\u0105\u0107 swoj\u0105 dzia\u0142alno\u015b\u0107 na arenie mi\u0119dzynarodowej. Je\u017celi chc\u0105 one eksportowa\u0107 swoje towary do [&#8230;]<\/p>\n<p><a class=\"btn btn-secondary understrap-read-more-link\" href=\"https:\/\/culturesconnection.com\/pl\/nasze-wloskie-uslugi-tlumaczeniowe\/nasze-wloskie-uslugi-tlumaczen-technicznych\/\">Czytaj dalej\u2026<span class=\"screen-reader-text\"> from Nasze w\u0142oskie us\u0142ugi t\u0142umacze\u0144 technicznych<\/span><\/a><\/p>\n","protected":false},"author":22,"featured_media":24334,"parent":11549,"menu_order":0,"comment_status":"closed","ping_status":"closed","template":"","meta":{"_acf_changed":false,"_editorskit_title_hidden":false,"_editorskit_reading_time":0,"_editorskit_is_block_options_detached":false,"_editorskit_block_options_position":"{}","footnotes":""},"class_list":["post-11548","page","type-page","status-publish","has-post-thumbnail","hentry"],"acf":[],"_links":{"self":[{"href":"https:\/\/culturesconnection.com\/pl\/wp-json\/wp\/v2\/pages\/11548","targetHints":{"allow":["GET"]}}],"collection":[{"href":"https:\/\/culturesconnection.com\/pl\/wp-json\/wp\/v2\/pages"}],"about":[{"href":"https:\/\/culturesconnection.com\/pl\/wp-json\/wp\/v2\/types\/page"}],"author":[{"embeddable":true,"href":"https:\/\/culturesconnection.com\/pl\/wp-json\/wp\/v2\/users\/22"}],"replies":[{"embeddable":true,"href":"https:\/\/culturesconnection.com\/pl\/wp-json\/wp\/v2\/comments?post=11548"}],"version-history":[{"count":0,"href":"https:\/\/culturesconnection.com\/pl\/wp-json\/wp\/v2\/pages\/11548\/revisions"}],"up":[{"embeddable":true,"href":"https:\/\/culturesconnection.com\/pl\/wp-json\/wp\/v2\/pages\/11549"}],"wp:featuredmedia":[{"embeddable":true,"href":"https:\/\/culturesconnection.com\/pl\/wp-json\/wp\/v2\/media\/24334"}],"wp:attachment":[{"href":"https:\/\/culturesconnection.com\/pl\/wp-json\/wp\/v2\/media?parent=11548"}],"curies":[{"name":"wp","href":"https:\/\/api.w.org\/{rel}","templated":true}]}}