{"id":11547,"date":"2018-11-06T17:14:06","date_gmt":"2018-11-06T15:14:06","guid":{"rendered":"http:\/\/culturesconnection.com\/?page_id=11547"},"modified":"2022-06-21T18:43:08","modified_gmt":"2022-06-21T16:43:08","slug":"nasze-wloskie-uslugi-tworzenia-napisow","status":"publish","type":"page","link":"https:\/\/culturesconnection.com\/pl\/nasze-wloskie-uslugi-tlumaczeniowe\/nasze-wloskie-uslugi-tworzenia-napisow\/","title":{"rendered":"Nasze w\u0142oskie us\u0142ugi tworzenia napis\u00f3w"},"content":{"rendered":"\n<h2 class=\"wp-block-heading\">Polsko-w\u0142oskie us\u0142ugi tworzenia napis\u00f3w: Twoje materia\u0142y multimedialne we W\u0142oszech<\/h2>\n\n\n\n<p>Czy chcesz przet\u0142umaczy\u0107 swoje materia\u0142y multimedialne z j\u0119zyka w\u0142oskiego lub odwrotnie? Zle\u0107 swoje materia\u0142y audio i wideo naszej <a href=\"https:\/\/culturesconnection.com\/pl\/\">agencji t\u0142umacze\u0144<\/a>, \u015bwiadcz\u0105cej w\u0142oskie us\u0142ugi tworzenia napis\u00f3w. Ich celem jest udost\u0119pnienie tre\u015bci multimedialnych du\u017cej liczbie os\u00f3b. Napisy, podk\u0142ad g\u0142osowy, dubbing, istnieje wiele mo\u017cliwo\u015bci. Zadanie to wymaga specjalnych umiej\u0119tno\u015bci. Ka\u017cdy rodzaj <a href=\"https:\/\/culturesconnection.com\/pl\/profesjonalne-uslugi-tlumaczeniowe-we-wszystkich-jezykach\/\">us\u0142ug t\u0142umaczeniowych<\/a> jest unikalny. W przypadku <a href=\"https:\/\/culturesconnection.com\/pl\/nasze-uslugi-tworzenia-napisow\/\">us\u0142ug tworzenia napis\u00f3w<\/a> nale\u017cy obserwowa\u0107 dost\u0119pn\u0105 przestrze\u0144 oraz czas, i odpowiednio dostosowa\u0107 tekst.<\/p>\n\n\n\n<h2 class=\"wp-block-heading\">Tworzenie napis\u00f3w w naszej agencji<\/h2>\n\n\n\n<p>Agencja Cultures Connection wsp\u00f3\u0142pracuje z polsko-w\u0142oskimi lub w\u0142osko-polskimi lingwistami, kt\u00f3rzy wykonuj\u0105 zlecone przez Ciebie t\u0142umaczenia. Wszyscy z nich maj\u0105 wykszta\u0142cenie i wieloletnie do\u015bwiadczenie w bran\u017cy audiowizualnej. Posiadaj\u0105 doskona\u0142e umiej\u0119tno\u015bci j\u0119zykowe; pracuj\u0105 w swoim j\u0119zyku ojczystym i biegle pos\u0142uguj\u0105 si\u0119 j\u0119zykiem \u017ar\u00f3d\u0142owym. Dlatego te\u017c Twoje projekty t\u0142umaczeniowe s\u0105 w dobrych r\u0119kach. Mo\u017cesz zaufa\u0107 us\u0142ugom oferowanym przez nasze biuro t\u0142umacze\u0144.<\/p>\n\n\n\n<h2 class=\"wp-block-heading\">T\u0142umaczenie materia\u0142\u00f3w audiowizualnych na j\u0119zyk w\u0142oski<\/h2>\n\n\n\n<p>Nasza agencja t\u0142umacze\u0144 oferuje us\u0142ugi tworzenia napis\u00f3w na j\u0119zyk w\u0142oski w szerokim zakresie materia\u0142\u00f3w audio i wideo. Oto kilka przyk\u0142ad\u00f3w:<\/p>\n\n\n\n<ul class=\"wp-block-list\"><li>Filmy reklamowe i komercyjne<\/li><li>Filmy korporacyjne<\/li><li>Filmy instytucjonalne<\/li><li>Teksty d\u017awi\u0119kowe<\/li><li>Filmy dokumentalne<\/li><li>Gry wideo<\/li><\/ul>\n\n\n\n<h3 class=\"wp-block-heading\">&nbsp;Us\u0142ugi tworzenia napis\u00f3w na wszystkie j\u0119zyki<\/h3>\n\n\n\n<ul class=\"wp-block-list\"><li><a href=\"https:\/\/culturesconnection.com\/pl\/nasze-francuskie-uslugi-tworzenia-napisow\/\">Tworzenie napis\u00f3w na j\u0119zyk francuski<\/a><\/li><li><a href=\"https:\/\/culturesconnection.com\/pl\/nasze-uslugi-tworzenia-napisow-z-hiszpanskiego\/\">Tworzenie napis\u00f3w na j\u0119zyk hiszpa\u0144ski<\/a><\/li><li><a href=\"https:\/\/culturesconnection.com\/pl\/nasze-polsko-niemieckie-uslugi-tworzenia-napisow\/\">Tworzenie napis\u00f3w na j\u0119zyk niemiecki<\/a><\/li><li><a href=\"https:\/\/culturesconnection.com\/pl\/nasze-chinskie-uslugi-tworzenia-napisow\/\">Tworzenie napis\u00f3w na j\u0119zyk chi\u0144ski<\/a><\/li><li><a href=\"https:\/\/culturesconnection.com\/pl\/nasze-arabskie-uslugi-tworzenia-napisow\/\">Tworzenie napis\u00f3w na j\u0119zyk arabski<\/a><\/li><li><a href=\"https:\/\/culturesconnection.com\/pl\/nasze-uslugi-tworzenia-napisow-z-jezyka-portugalskiego\/\">Tworzenie napis\u00f3w na j\u0119zyk portugalski<\/a><\/li><li><a href=\"https:\/\/culturesconnection.com\/pl\/niderlandzkie-uslugi-tworzenia-napisow\/\">Tworzenie napis\u00f3w na j\u0119zyk niderlandzki<\/a><\/li><li><a href=\"https:\/\/culturesconnection.com\/pl\/?page_id=13387\">Tworzenie napis\u00f3w na j\u0119zyk turecki<\/a><\/li><li><a href=\"https:\/\/culturesconnection.com\/pl\/nasze-japonskie-uslugi-w-zakresie-tworzenia-napisow\/\">Tworzenie napis\u00f3w na j\u0119zyk japo\u0144ski<\/a><\/li><li><a href=\"https:\/\/culturesconnection.com\/pl\/nasze-uslugi-tworzenia-napisow-z-rosyjskiego\/\">Tworzenie napis\u00f3w na j\u0119zyk rosyjski<\/a><\/li><\/ul>\n","protected":false},"excerpt":{"rendered":"<p>Polsko-w\u0142oskie us\u0142ugi tworzenia napis\u00f3w: Twoje materia\u0142y multimedialne we W\u0142oszech Czy chcesz przet\u0142umaczy\u0107 swoje materia\u0142y multimedialne z j\u0119zyka w\u0142oskiego lub odwrotnie? Zle\u0107 swoje materia\u0142y audio i [&#8230;]<\/p>\n<p><a class=\"btn btn-secondary understrap-read-more-link\" href=\"https:\/\/culturesconnection.com\/pl\/nasze-wloskie-uslugi-tlumaczeniowe\/nasze-wloskie-uslugi-tworzenia-napisow\/\">Czytaj dalej\u2026<span class=\"screen-reader-text\"> from Nasze w\u0142oskie us\u0142ugi tworzenia napis\u00f3w<\/span><\/a><\/p>\n","protected":false},"author":22,"featured_media":24334,"parent":11549,"menu_order":0,"comment_status":"closed","ping_status":"closed","template":"","meta":{"_acf_changed":false,"_editorskit_title_hidden":false,"_editorskit_reading_time":0,"_editorskit_is_block_options_detached":false,"_editorskit_block_options_position":"{}","footnotes":""},"class_list":["post-11547","page","type-page","status-publish","has-post-thumbnail","hentry"],"acf":[],"_links":{"self":[{"href":"https:\/\/culturesconnection.com\/pl\/wp-json\/wp\/v2\/pages\/11547","targetHints":{"allow":["GET"]}}],"collection":[{"href":"https:\/\/culturesconnection.com\/pl\/wp-json\/wp\/v2\/pages"}],"about":[{"href":"https:\/\/culturesconnection.com\/pl\/wp-json\/wp\/v2\/types\/page"}],"author":[{"embeddable":true,"href":"https:\/\/culturesconnection.com\/pl\/wp-json\/wp\/v2\/users\/22"}],"replies":[{"embeddable":true,"href":"https:\/\/culturesconnection.com\/pl\/wp-json\/wp\/v2\/comments?post=11547"}],"version-history":[{"count":0,"href":"https:\/\/culturesconnection.com\/pl\/wp-json\/wp\/v2\/pages\/11547\/revisions"}],"up":[{"embeddable":true,"href":"https:\/\/culturesconnection.com\/pl\/wp-json\/wp\/v2\/pages\/11549"}],"wp:featuredmedia":[{"embeddable":true,"href":"https:\/\/culturesconnection.com\/pl\/wp-json\/wp\/v2\/media\/24334"}],"wp:attachment":[{"href":"https:\/\/culturesconnection.com\/pl\/wp-json\/wp\/v2\/media?parent=11547"}],"curies":[{"name":"wp","href":"https:\/\/api.w.org\/{rel}","templated":true}]}}