{"id":11546,"date":"2018-11-06T15:47:40","date_gmt":"2018-11-06T13:47:40","guid":{"rendered":"http:\/\/culturesconnection.com\/?page_id=11546"},"modified":"2022-06-21T04:47:48","modified_gmt":"2022-06-21T02:47:48","slug":"nasze-wloskie-tlumaczenia-naukowe","status":"publish","type":"page","link":"https:\/\/culturesconnection.com\/pl\/nasze-wloskie-uslugi-tlumaczeniowe\/nasze-wloskie-tlumaczenia-naukowe\/","title":{"rendered":"Nasze w\u0142oskie t\u0142umaczenia naukowe"},"content":{"rendered":"\n<h2 class=\"wp-block-heading\">Polsko-w\u0142oskie t\u0142umaczenia naukowe<\/h2>\n\n\n\n<p>T\u0142umaczenia naukowe obejmuj\u0105 wiele obszar\u00f3w specjalizacji. Przed rozpocz\u0119ciem projektu t\u0142umacz tekst\u00f3w naukowych musi przeprowadzi\u0107 dok\u0142adn\u0105 analiz\u0119 terminologii, kt\u00f3r\u0105 b\u0119dzie si\u0119 pos\u0142ugiwa\u0142 w przek\u0142adzie. Praca ta wymaga precyzji i dok\u0142adno\u015bci, kt\u00f3re s\u0105 dwoma nieod\u0142\u0105cznymi cechami t\u0142umaczenia naukowego. Naszym celem jest znalezienie najbardziej odpowiedniej terminologii, poniewa\u017c zdajemy sobie spraw\u0119 ze znaczenia s\u0142\u00f3w w tak specjalistycznej dziedzinie, jak w\u0142oskie t\u0142umaczenia naukowe.<\/p>\n\n\n\n<h2 class=\"wp-block-heading\">Nasza agencja t\u0142umacze\u0144<\/h2>\n\n\n\n<p>Nasza <a href=\"https:\/\/culturesconnection.com\/pl\/\">agencja t\u0142umacze\u0144<\/a> posiada rozleg\u0142\u0105 baz\u0119 wsp\u00f3\u0142pracownik\u00f3w: kierownik\u00f3w projektu, t\u0142umaczy, weryfikator\u00f3w, korektor\u00f3w&#8230; W\u015br\u00f3d nich znajdziesz wielu ekspert\u00f3w od w\u0142oskich t\u0142umacze\u0144 naukowych, specjalizuj\u0105cych si\u0119 w tak zr\u00f3\u017cnicowanych dziedzinach jak fizjologia molekularna, zoologia, odnawialne \u017ar\u00f3d\u0142a energii, wirusologia, itp. Istotne jest, aby zawsze zleci\u0107 t\u0142umaczenia naukowe fachowcom w danym temacie oraz takim, kt\u00f3rzy posiadaj\u0105 \u015bwietn\u0105 znajomo\u015b\u0107 j\u0119zyka w\u0142oskiego i polskiego. W agencji Cultures Connection zapewniamy wysokiej jako\u015bci <a href=\"https:\/\/culturesconnection.com\/pl\/profesjonalne-uslugi-tlumaczeniowe-we-wszystkich-jezykach\/\">us\u0142ugi t\u0142umacze\u0144<\/a> oraz mamy lingwist\u0119, kt\u00f3rego potrzebujesz do pracy nad Twoimi dokumentami w j\u0119zyku w\u0142oskim.<\/p>\n\n\n\n<h2 class=\"wp-block-heading\">T\u0142umaczenie dokument\u00f3w naukowych na j\u0119zyk w\u0142oski<\/h2>\n\n\n\n<p>Poni\u017cej znajduj\u0105 si\u0119 przyk\u0142ady r\u00f3\u017cnych rodzaj\u00f3w <a href=\"https:\/\/culturesconnection.com\/pl\/nasze-tlumaczenia-materialow-naukowych\/\">dokument\u00f3w naukowych<\/a>, jakie nasza agencja przet\u0142umaczy\u0142a z j\u0119zyka w\u0142oskiego i na j\u0119zyk w\u0142oski:<\/p>\n\n\n\n<ul class=\"wp-block-list\"><li>Leksykony, encyklopedie naukowe i s\u0142owniki<\/li><li>Dokumenty techniczne i artyku\u0142y naukowe<\/li><li>Podr\u0119czniki operatora i instrukcje obs\u0142ugi<\/li><li>Badania laboratoryjne, protoko\u0142y bada\u0144<\/li><li>Dokumenty prawne, patenty i wytyczne<\/li><li>Specyfikacje<\/li><li>Mi\u0119dzynarodowe badania projektu i rynku<\/li><li>Oprogramowania symulacyjne (biotechnologia, \u015brodowisko, przekszta\u0142cenie teren\u00f3w przemys\u0142owych)<\/li><li>Prezentacje multimedialne i wideo<\/li><li>T\u0142umaczenie i lokalizacja stron internetowych<\/li><li>T\u0142umaczenie podr\u0119cznik\u00f3w technicznych, prezentacje konferencyjne<\/li><\/ul>\n\n\n\n<h2 class=\"wp-block-heading\">T\u0142umaczenia naukowe we wszystkich j\u0119zykach<\/h2>\n\n\n\n<ul class=\"wp-block-list\"><li><a href=\"https:\/\/culturesconnection.com\/pl\/nasze-francuskie-uslugi-tlumaczen-naukowych\/\">T\u0142umaczenia naukowe na j\u0119zyk francuski<\/a><\/li><li><a href=\"https:\/\/culturesconnection.com\/pl\/nasze-tlumaczenia-naukowe-z-jezyka-hiszpanskiego\/\">T\u0142umaczenia naukowe na j\u0119zyk hiszpa\u0144ski<\/a><\/li><li><a href=\"https:\/\/culturesconnection.com\/pl\/nasze-niemieckie-uslugi-tlumaczen-naukowych\/\">T\u0142umaczenia naukowe na j\u0119zyk niemiecki<\/a><\/li><li><a href=\"https:\/\/culturesconnection.com\/pl\/nasze-tlumaczenia-naukowe-z-jezyka-chinskiego\/\">T\u0142umaczenia naukowe na j\u0119zyk chi\u0144ski<\/a><\/li><li><a href=\"https:\/\/culturesconnection.com\/pl\/nasze-arabskie-uslugi-tlumaczen-naukowych\/\">T\u0142umaczenia naukowe na j\u0119zyk arabski<\/a><\/li><li><a href=\"https:\/\/culturesconnection.com\/pl\/?page_id=13394\">T\u0142umaczenia naukowe na j\u0119zyk portugalski<\/a><\/li><li><a href=\"https:\/\/culturesconnection.com\/pl\/nasze-niderlandzkie-uslugi-tlumaczen-naukowych\/\">T\u0142umaczenia naukowe na j\u0119zyk niderlandzki<\/a><\/li><li><a href=\"https:\/\/culturesconnection.com\/pl\/?page_id=13386\">T\u0142umaczenia naukowe na j\u0119zyk turecki<\/a><\/li><li><a href=\"https:\/\/culturesconnection.com\/pl\/nasze-japonskie-uslugi-tlumaczen-naukowych\/\">T\u0142umaczenia naukowe na j\u0119zyk japo\u0144ski<\/a><\/li><li><a href=\"https:\/\/culturesconnection.com\/pl\/nasze-tlumaczenia-naukowe-z-jezyka-rosyjskiego\/\">T\u0142umaczenia naukowe na j\u0119zyk rosyjski<\/a><\/li><\/ul>\n","protected":false},"excerpt":{"rendered":"<p>Polsko-w\u0142oskie t\u0142umaczenia naukowe T\u0142umaczenia naukowe obejmuj\u0105 wiele obszar\u00f3w specjalizacji. Przed rozpocz\u0119ciem projektu t\u0142umacz tekst\u00f3w naukowych musi przeprowadzi\u0107 dok\u0142adn\u0105 analiz\u0119 terminologii, kt\u00f3r\u0105 b\u0119dzie si\u0119 pos\u0142ugiwa\u0142 w [&#8230;]<\/p>\n<p><a class=\"btn btn-secondary understrap-read-more-link\" href=\"https:\/\/culturesconnection.com\/pl\/nasze-wloskie-uslugi-tlumaczeniowe\/nasze-wloskie-tlumaczenia-naukowe\/\">Czytaj dalej\u2026<span class=\"screen-reader-text\"> from Nasze w\u0142oskie t\u0142umaczenia naukowe<\/span><\/a><\/p>\n","protected":false},"author":22,"featured_media":24334,"parent":11549,"menu_order":0,"comment_status":"closed","ping_status":"closed","template":"","meta":{"_acf_changed":false,"_editorskit_title_hidden":false,"_editorskit_reading_time":0,"_editorskit_is_block_options_detached":false,"_editorskit_block_options_position":"{}","footnotes":""},"class_list":["post-11546","page","type-page","status-publish","has-post-thumbnail","hentry"],"acf":[],"_links":{"self":[{"href":"https:\/\/culturesconnection.com\/pl\/wp-json\/wp\/v2\/pages\/11546","targetHints":{"allow":["GET"]}}],"collection":[{"href":"https:\/\/culturesconnection.com\/pl\/wp-json\/wp\/v2\/pages"}],"about":[{"href":"https:\/\/culturesconnection.com\/pl\/wp-json\/wp\/v2\/types\/page"}],"author":[{"embeddable":true,"href":"https:\/\/culturesconnection.com\/pl\/wp-json\/wp\/v2\/users\/22"}],"replies":[{"embeddable":true,"href":"https:\/\/culturesconnection.com\/pl\/wp-json\/wp\/v2\/comments?post=11546"}],"version-history":[{"count":0,"href":"https:\/\/culturesconnection.com\/pl\/wp-json\/wp\/v2\/pages\/11546\/revisions"}],"up":[{"embeddable":true,"href":"https:\/\/culturesconnection.com\/pl\/wp-json\/wp\/v2\/pages\/11549"}],"wp:featuredmedia":[{"embeddable":true,"href":"https:\/\/culturesconnection.com\/pl\/wp-json\/wp\/v2\/media\/24334"}],"wp:attachment":[{"href":"https:\/\/culturesconnection.com\/pl\/wp-json\/wp\/v2\/media?parent=11546"}],"curies":[{"name":"wp","href":"https:\/\/api.w.org\/{rel}","templated":true}]}}