{"id":11545,"date":"2018-11-06T15:41:35","date_gmt":"2018-11-06T13:41:35","guid":{"rendered":"http:\/\/culturesconnection.com\/?page_id=11545"},"modified":"2022-06-19T00:01:35","modified_gmt":"2022-06-18T22:01:35","slug":"nasze-wloskie-tlumaczenia-medyczne","status":"publish","type":"page","link":"https:\/\/culturesconnection.com\/pl\/nasze-wloskie-uslugi-tlumaczeniowe\/nasze-wloskie-tlumaczenia-medyczne\/","title":{"rendered":"Nasze w\u0142oskie t\u0142umaczenia medyczne"},"content":{"rendered":"\n<h2 class=\"wp-block-heading\">Polsko-w\u0142oskie t\u0142umaczenia medyczne<\/h2>\n\n\n\n<p>T\u0142umaczenie medyczne to jedna z naszych najbardziej po\u017c\u0105danych specjalizacji, szczeg\u00f3lnie z j\u0119zyka w\u0142oskiego i na j\u0119zyk w\u0142oski. Jest to dziedzina wymagaj\u0105ca zdyscyplinowania. Polsko-w\u0142oski lub w\u0142osko-polski t\u0142umacz nie mo\u017ce sobie pozwoli\u0107 na nieprecyzyjne t\u0142umaczenia, kt\u00f3re mog\u0105 mie\u0107 katastrofalne skutki. Lekarze specjalizuj\u0105 si\u0119 w wybranych przez siebie obszarach medycyny i tak samo jest w przypadku t\u0142umaczy. Wa\u017cne jest, aby wybra\u0107 dostawc\u0119 us\u0142ug j\u0119zykowych, kt\u00f3ry jest zaznajomiony z tematem Twojego dokumentu medycznego. <a href=\"https:\/\/culturesconnection.com\/pl\/\">Cultures Connection<\/a> znajdzie specjalist\u0119 do pracy nad Twoim projektem, wykonuj\u0105c jako\u015bciowe w\u0142oskie t\u0142umaczenia medyczne.<\/p>\n\n\n\n<h2 class=\"wp-block-heading\">Szukasz agencji t\u0142umacze\u0144 medycznych?<\/h2>\n\n\n\n<p>Wszyscy nasi t\u0142umacze medyczni specjalizuj\u0105 si\u0119 w okre\u015blonym obszarze i w zwi\u0105zku z tym s\u0105 \u015bwiadomi reali\u00f3w i wymog\u00f3w z nim zwi\u0105zanych. Specjalno\u015bci oferowane przez nasze biuro t\u0142umacze\u0144 obejmuj\u0105 mi\u0119dzy innymi: medycyn\u0119 og\u00f3ln\u0105, weterynaryjn\u0105, stomatologi\u0119 i kardiologi\u0119. Nasi specjali\u015bci pos\u0142uguj\u0105 si\u0119 r\u00f3wnie\u017c \u017cargonem medycznym w j\u0119zyku polskim, jak r\u00f3wnie\u017c w j\u0119zyku w\u0142oskim, dzi\u0119ki czemu zapewni\u0105 Tobie dobrej jako\u015bci t\u0142umaczenia, zgodne z tekstem \u017ar\u00f3d\u0142owym. Mo\u017cesz zaufa\u0107 naszym <a href=\"https:\/\/culturesconnection.com\/pl\/profesjonalne-uslugi-tlumaczeniowe-we-wszystkich-jezykach\/\">us\u0142ugom t\u0142umaczeniowym<\/a>.<\/p>\n\n\n\n<h2 class=\"wp-block-heading\">T\u0142umaczenie dokument\u00f3w medycznych na j\u0119zyk w\u0142oski<\/h2>\n\n\n\n<p>Poni\u017cej znajdziesz niepe\u0142ny wykaz przyk\u0142ad\u00f3w <a href=\"https:\/\/culturesconnection.com\/pl\/nasze-uslugi-tlumaczen-medycznych\/\">dokument\u00f3w medycznych<\/a>, kt\u00f3re agencja Cultures Connection przet\u0142umaczy\u0142a w przesz\u0142o\u015bci:<\/p>\n\n\n\n<ul class=\"wp-block-list\"><li>Czasopisma<\/li><li>Relacje z konferencji<\/li><li>Publikacje<\/li><li>Sprawozdania z projekt\u00f3w i bada\u0144<\/li><li>Wyniki bada\u0144 naukowych i doniesienia naukowe<\/li><li>Prace u\u017cyteczno\u015bci publicznej<\/li><li>Raporty bada\u0144<\/li><li>Kwestionariusze<\/li><li>Ulotki<\/li><li>Dozowanie dla nowych produkt\u00f3w<\/li><li>Wyniki bada\u0144 klinicznych<\/li><li>Prawo farmaceutyczne<\/li><li>Raporty medyczne<\/li><\/ul>\n\n\n\n<h3 class=\"wp-block-heading\">&nbsp;T\u0142umaczenia medyczne we wszystkich j\u0119zykach<\/h3>\n\n\n\n<ul class=\"wp-block-list\"><li><a href=\"https:\/\/culturesconnection.com\/pl\/nasze-francuskie-tlumaczenia-medyczne\/\">T\u0142umaczenia medyczne na j\u0119zyk francuski<\/a><\/li><li><a href=\"https:\/\/culturesconnection.com\/pl\/nasze-tlumaczenia-medyczne-z-jezyka-hiszpanskiego\/\">T\u0142umaczenia medyczne na j\u0119zyk hiszpa\u0144ski<\/a><\/li><li><a href=\"https:\/\/culturesconnection.com\/pl\/nasze-niemieckie-tlumaczenia-medyczne\/\">T\u0142umaczenia medyczne na j\u0119zyk niemiecki<\/a><\/li><li><a href=\"https:\/\/culturesconnection.com\/pl\/nasze-chinskie-tlumaczenia-medyczne\/\">T\u0142umaczenia medyczne na j\u0119zyk chi\u0144ski<\/a><\/li><li><a href=\"https:\/\/culturesconnection.com\/pl\/nasze-arabskie-tlumaczenia-medyczne\/\">T\u0142umaczenia medyczne na j\u0119zyk arabski<\/a><\/li><li><a href=\"https:\/\/culturesconnection.com\/pl\/?page_id=13690\">T\u0142umaczenia medyczne na j\u0119zyk portugalski<\/a><\/li><li><a href=\"https:\/\/culturesconnection.com\/pl\/nasze-niderlandzkie-uslugi-tlumaczen-medycznych\/\">T\u0142umaczenia medyczne na j\u0119zyk niderlandzki<\/a><\/li><li><a href=\"https:\/\/culturesconnection.com\/pl\/?page_id=13385\">T\u0142umaczenia medyczne na j\u0119zyk turecki<\/a><\/li><li><a href=\"https:\/\/culturesconnection.com\/pl\/nasze-japonskie-tlumaczenia-medyczne\/\">T\u0142umaczenia medyczne na j\u0119zyk japo\u0144ski<\/a><\/li><li><a href=\"https:\/\/culturesconnection.com\/pl\/nasze-medyczne-tlumaczenia-z-jezyka-rosyjskiego\/\">T\u0142umaczenia medyczne na j\u0119zyk rosyjski<\/a><\/li><\/ul>\n","protected":false},"excerpt":{"rendered":"<p>Polsko-w\u0142oskie t\u0142umaczenia medyczne T\u0142umaczenie medyczne to jedna z naszych najbardziej po\u017c\u0105danych specjalizacji, szczeg\u00f3lnie z j\u0119zyka w\u0142oskiego i na j\u0119zyk w\u0142oski. Jest to dziedzina wymagaj\u0105ca zdyscyplinowania. [&#8230;]<\/p>\n<p><a class=\"btn btn-secondary understrap-read-more-link\" href=\"https:\/\/culturesconnection.com\/pl\/nasze-wloskie-uslugi-tlumaczeniowe\/nasze-wloskie-tlumaczenia-medyczne\/\">Czytaj dalej\u2026<span class=\"screen-reader-text\"> from Nasze w\u0142oskie t\u0142umaczenia medyczne<\/span><\/a><\/p>\n","protected":false},"author":22,"featured_media":24334,"parent":11549,"menu_order":0,"comment_status":"closed","ping_status":"closed","template":"","meta":{"_acf_changed":false,"_editorskit_title_hidden":false,"_editorskit_reading_time":0,"_editorskit_is_block_options_detached":false,"_editorskit_block_options_position":"{}","footnotes":""},"class_list":["post-11545","page","type-page","status-publish","has-post-thumbnail","hentry"],"acf":[],"_links":{"self":[{"href":"https:\/\/culturesconnection.com\/pl\/wp-json\/wp\/v2\/pages\/11545","targetHints":{"allow":["GET"]}}],"collection":[{"href":"https:\/\/culturesconnection.com\/pl\/wp-json\/wp\/v2\/pages"}],"about":[{"href":"https:\/\/culturesconnection.com\/pl\/wp-json\/wp\/v2\/types\/page"}],"author":[{"embeddable":true,"href":"https:\/\/culturesconnection.com\/pl\/wp-json\/wp\/v2\/users\/22"}],"replies":[{"embeddable":true,"href":"https:\/\/culturesconnection.com\/pl\/wp-json\/wp\/v2\/comments?post=11545"}],"version-history":[{"count":0,"href":"https:\/\/culturesconnection.com\/pl\/wp-json\/wp\/v2\/pages\/11545\/revisions"}],"up":[{"embeddable":true,"href":"https:\/\/culturesconnection.com\/pl\/wp-json\/wp\/v2\/pages\/11549"}],"wp:featuredmedia":[{"embeddable":true,"href":"https:\/\/culturesconnection.com\/pl\/wp-json\/wp\/v2\/media\/24334"}],"wp:attachment":[{"href":"https:\/\/culturesconnection.com\/pl\/wp-json\/wp\/v2\/media?parent=11545"}],"curies":[{"name":"wp","href":"https:\/\/api.w.org\/{rel}","templated":true}]}}