{"id":11544,"date":"2018-11-06T14:27:40","date_gmt":"2018-11-06T12:27:40","guid":{"rendered":"http:\/\/culturesconnection.com\/?page_id=11544"},"modified":"2022-06-22T02:03:41","modified_gmt":"2022-06-22T00:03:41","slug":"nasze-wloskie-tlumaczenia-marketingowe","status":"publish","type":"page","link":"https:\/\/culturesconnection.com\/pl\/nasze-wloskie-uslugi-tlumaczeniowe\/nasze-wloskie-tlumaczenia-marketingowe\/","title":{"rendered":"Nasze w\u0142oskie t\u0142umaczenia marketingowe"},"content":{"rendered":"\n<h2 class=\"wp-block-heading\">W\u0142oskie t\u0142umaczenia marketingowe i lokalizacja Twojego produktu<\/h2>\n\n\n\n<p>Wyra\u017cenie \u201et\u0142umaczenia marketingowe\u201d nie odzwierciedla rzeczywisto\u015bci; bardziej poprawne jest u\u017cycie terminu \u201elokalizacja marketingowa\u201d. W samej rzeczy, praca t\u0142umacza lub lokalizatora marketingowego obejmuje wi\u0119cej ni\u017c same t\u0142umaczenie. Lokalizacja marketingowa wymaga dostosowania komunikacji lub materia\u0142\u00f3w reklamowych do innego rynku. Zamiast t\u0142umacze\u0144 s\u0142\u00f3w, wieloj\u0119zyczny specjalista musi przet\u0142umaczy\u0107 wiadomo\u015b\u0107. W dziedzinie marketingu i reklam klasycznych t\u0142umaczenie rzadko przynosi po\u017c\u0105dane efekty i mo\u017ce prowadzi\u0107 do nieporozumie\u0144, powoduj\u0105c straty ekonomiczne dla firmy. Dostosowanie tre\u015bci musi by\u0107 wykonane tak, aby wzbudzi\u0107 zainteresowanie odbiorc\u00f3w docelowych i przekaza\u0107 w\u0142a\u015bciw\u0105 wiadomo\u015b\u0107, \u015bwiadcz\u0105c w\u0142oskie t\u0142umaczenia marketingowe.<\/p>\n\n\n\n<h2 class=\"wp-block-heading\">Nasze us\u0142ugi t\u0142umacze\u0144 marketingowych<\/h2>\n\n\n\n<p>Dzi\u0119ki swojej rozleg\u0142ej bazie profesjonalnych t\u0142umaczy, <a href=\"https:\/\/culturesconnection.com\/pl\/\">Cultures Connection<\/a> mo\u017ce znale\u017a\u0107 Tobie najbardziej odpowiednich specjalist\u00f3w do pracy nad Twoimi w\u0142oskimi projektami t\u0142umacze\u0144 marketingowych. Nasi lingwi\u015bci t\u0142umacz\u0105 tylko na sw\u00f3j j\u0119zyk ojczysty, dzi\u0119ki czemu mog\u0105 wybra\u0107 terminologi\u0119 najbardziej odpowiedni\u0105 do rynku docelowego i w ten spos\u00f3b oferuj\u0105 prac\u0119 o wysokiej jako\u015bci. Posiadaj\u0105 oni do\u015bwiadczenie w dziedzinie t\u0142umacze\u0144 na j\u0119zyk w\u0142oski, a tak\u017ce w \u015bwiecie biznesu. Je\u017celi chcesz unikn\u0105\u0107 k\u0142opotliwych sytuacji z powodu niew\u0142a\u015bciwego przek\u0142adu marketingowego, skorzystaj z naszych <a href=\"https:\/\/culturesconnection.com\/pl\/profesjonalne-uslugi-tlumaczeniowe-we-wszystkich-jezykach\/\">us\u0142ug t\u0142umaczeniowych<\/a>.<\/p>\n\n\n\n<h2 class=\"wp-block-heading\">T\u0142umaczenie dokument\u00f3w marketingowych na j\u0119zyk w\u0142oski<\/h2>\n\n\n\n<p>Poni\u017cej znajduje si\u0119 wykaz przyk\u0142adowych <a href=\"https:\/\/culturesconnection.com\/pl\/nasze-uslugi-tlumaczen-marketingowych\/\">dokument\u00f3w marketingowych<\/a>, kt\u00f3re t\u0142umaczymy z j\u0119zyka w\u0142oskiego i na j\u0119zyk w\u0142oski:<\/p>\n\n\n\n<ul class=\"wp-block-list\"><li>Broszury<\/li><li>Materia\u0142y reklamowe<\/li><li>Newslettery<\/li><li>Strony e-commerce<\/li><li>Ulotki<\/li><li>Kampanie marketingowe<\/li><li>Reklamy<\/li><li>Strony internetowe<\/li><li>Slogany<\/li><li>Logotypy<\/li><li>Prezentacje<\/li><li>Wprowadzenie produktu na rynek<\/li><li>Komunikaty prasowe<\/li><li>E-ksi\u0105\u017cki<\/li><\/ul>\n\n\n\n<h3 class=\"wp-block-heading\">&nbsp;T\u0142umaczenia marketingowe we wszystkich j\u0119zykach<\/h3>\n\n\n\n<ul class=\"wp-block-list\"><li><a href=\"https:\/\/culturesconnection.com\/pl\/nasze-francuskie-uslugi-tlumaczen-marketingowych\/\">T\u0142umaczenia marketingowe na j\u0119zyk francuski<\/a><\/li><li><a href=\"https:\/\/culturesconnection.com\/pl\/?page_id=13496\">T\u0142umaczenia marketingowe na j\u0119zyk hiszpa\u0144ski<\/a><\/li><li><a href=\"https:\/\/culturesconnection.com\/pl\/nasze-niemieckie-tlumaczenia-marketingowe\/\">T\u0142umaczenia marketingowe na j\u0119zyk niemiecki<\/a><\/li><li><a href=\"https:\/\/culturesconnection.com\/pl\/nasze-chinskie-tlumaczenia-marketingowe\/\">T\u0142umaczenia marketingowe na j\u0119zyk chi\u0144ski<\/a><\/li><li><a href=\"https:\/\/culturesconnection.com\/pl\/nasze-uslugi-arabskich-tlumaczen-marketingowych\/\">T\u0142umaczenia marketingowe na j\u0119zyk arabski<\/a><\/li><li><a href=\"https:\/\/culturesconnection.com\/pl\/nasze-portugalskie-tlumaczenia-marketingowe\/\">T\u0142umaczenia marketingowe na j\u0119zyk portugalski<\/a><\/li><li><a href=\"https:\/\/culturesconnection.com\/pl\/nasze-niderlandzkie-uslugi-tlumaczen-marketingowych\/\">T\u0142umaczenia marketingowe na j\u0119zyk niderlandzki<\/a><\/li><li><a href=\"https:\/\/culturesconnection.com\/pl\/?page_id=13692\">T\u0142umaczenia marketingowe na j\u0119zyk turecki<\/a><\/li><li><a href=\"https:\/\/culturesconnection.com\/pl\/nasze-uslugi-tlumaczen-marketingowych-z-japonskiego\/\">T\u0142umaczenia marketingowe na j\u0119zyk japo\u0144ski<\/a><\/li><li><a href=\"https:\/\/culturesconnection.com\/pl\/?page_id=13691\">T\u0142umaczenia marketingowe na j\u0119zyk rosyjski<\/a><\/li><\/ul>\n","protected":false},"excerpt":{"rendered":"<p>W\u0142oskie t\u0142umaczenia marketingowe i lokalizacja Twojego produktu Wyra\u017cenie \u201et\u0142umaczenia marketingowe\u201d nie odzwierciedla rzeczywisto\u015bci; bardziej poprawne jest u\u017cycie terminu \u201elokalizacja marketingowa\u201d. W samej rzeczy, praca t\u0142umacza [&#8230;]<\/p>\n<p><a class=\"btn btn-secondary understrap-read-more-link\" href=\"https:\/\/culturesconnection.com\/pl\/nasze-wloskie-uslugi-tlumaczeniowe\/nasze-wloskie-tlumaczenia-marketingowe\/\">Czytaj dalej\u2026<span class=\"screen-reader-text\"> from Nasze w\u0142oskie t\u0142umaczenia marketingowe<\/span><\/a><\/p>\n","protected":false},"author":22,"featured_media":24334,"parent":11549,"menu_order":0,"comment_status":"closed","ping_status":"closed","template":"","meta":{"_acf_changed":false,"_editorskit_title_hidden":false,"_editorskit_reading_time":0,"_editorskit_is_block_options_detached":false,"_editorskit_block_options_position":"{}","footnotes":""},"class_list":["post-11544","page","type-page","status-publish","has-post-thumbnail","hentry"],"acf":[],"_links":{"self":[{"href":"https:\/\/culturesconnection.com\/pl\/wp-json\/wp\/v2\/pages\/11544","targetHints":{"allow":["GET"]}}],"collection":[{"href":"https:\/\/culturesconnection.com\/pl\/wp-json\/wp\/v2\/pages"}],"about":[{"href":"https:\/\/culturesconnection.com\/pl\/wp-json\/wp\/v2\/types\/page"}],"author":[{"embeddable":true,"href":"https:\/\/culturesconnection.com\/pl\/wp-json\/wp\/v2\/users\/22"}],"replies":[{"embeddable":true,"href":"https:\/\/culturesconnection.com\/pl\/wp-json\/wp\/v2\/comments?post=11544"}],"version-history":[{"count":0,"href":"https:\/\/culturesconnection.com\/pl\/wp-json\/wp\/v2\/pages\/11544\/revisions"}],"up":[{"embeddable":true,"href":"https:\/\/culturesconnection.com\/pl\/wp-json\/wp\/v2\/pages\/11549"}],"wp:featuredmedia":[{"embeddable":true,"href":"https:\/\/culturesconnection.com\/pl\/wp-json\/wp\/v2\/media\/24334"}],"wp:attachment":[{"href":"https:\/\/culturesconnection.com\/pl\/wp-json\/wp\/v2\/media?parent=11544"}],"curies":[{"name":"wp","href":"https:\/\/api.w.org\/{rel}","templated":true}]}}