{"id":11543,"date":"2018-11-06T16:39:55","date_gmt":"2018-11-06T14:39:55","guid":{"rendered":"http:\/\/culturesconnection.com\/?page_id=11543"},"modified":"2022-06-19T18:53:36","modified_gmt":"2022-06-19T16:53:36","slug":"nasze-wloskie-tlumaczenia-prawne","status":"publish","type":"page","link":"https:\/\/culturesconnection.com\/pl\/nasze-wloskie-uslugi-tlumaczeniowe\/nasze-wloskie-tlumaczenia-prawne\/","title":{"rendered":"Nasze w\u0142oskie t\u0142umaczenia prawne"},"content":{"rendered":"\n<h2 class=\"wp-block-heading\">Praca wykonana przez specjalist\u00f3w \u015bwiadcz\u0105cych w\u0142oskie t\u0142umaczenia prawne<\/h2>\n\n\n\n<p>T\u0142umaczenie tekst\u00f3w prawnych jest skomplikowane. Wiele termin\u00f3w r\u00f3\u017cni si\u0119 w zale\u017cno\u015bci od j\u0119zyka lub po prostu dlatego, \u017ce nie maj\u0105 one swoich odpowiednik\u00f3w. Poj\u0119cia prawne r\u00f3\u017cni\u0105 si\u0119 w zale\u017cno\u015bci od kraju lub jurysdykcji. Precyzja j\u0119zykowa jest niezb\u0119dna w dziedzinie prawa, poniewa\u017c ka\u017cda pomy\u0142ka mo\u017ce mie\u0107 powa\u017cne konsekwencje. Dobra znajomo\u015b\u0107 kwestii prawnych, zar\u00f3wno w tekstach \u017ar\u00f3d\u0142owych jak i docelowych jest zatem niezb\u0119dna, aby wykonywa\u0107 w\u0142oskie t\u0142umaczenia prawne.<\/p>\n\n\n\n<h2 class=\"wp-block-heading\">Nasza agencja t\u0142umacze\u0144 prawnych<\/h2>\n\n\n\n<p>Wybieraj\u0105c <a href=\"https:\/\/culturesconnection.com\/pl\/\">Cultures Connection<\/a> do swoich w\u0142oskich t\u0142umacze\u0144 prawnych, decydujesz si\u0119 na terminowo\u015b\u0107, dok\u0142adno\u015b\u0107 i niezawodno\u015b\u0107. Nasze biuro t\u0142umacze\u0144 cieszy si\u0119 udokumentowanym do\u015bwiadczeniem w t\u0142umaczeniu r\u00f3\u017cnego rodzaju dokument\u00f3w prawnych na j\u0119zyk w\u0142oski. Nasze standardy s\u0105 bardzo wysokie. Wszystkie projekty, kt\u00f3re przyjmujemy, zlecamy naszemu zespo\u0142owi profesjonalnych t\u0142umaczy i korektor\u00f3w. Specjalizuj\u0105 si\u0119 oni w j\u0119zyku w\u0142oskim i polskim, a tak\u017ce w dziedzinie t\u0142umacze\u0144 prawnych. Pracowali w tej dziedzinie jako prawnicy, eksperci prawni lub pracowali w innych pokrewnych zawodach, lub przeszli intensywne szkolenia. Cena tego typu <a href=\"https:\/\/culturesconnection.com\/pl\/profesjonalne-uslugi-tlumaczeniowe-we-wszystkich-jezykach\/\">us\u0142ug t\u0142umaczeniowych<\/a> jest zazwyczaj wy\u017csza ni\u017c w przypadku zwyk\u0142ych t\u0142umacze\u0144, poniewa\u017c musz\u0105 one by\u0107 wykonane przez ekspert\u00f3w w tej bran\u017cy.<\/p>\n\n\n\n<h2 class=\"wp-block-heading\">T\u0142umaczenie dokument\u00f3w prawnych na j\u0119zyk w\u0142oski<\/h2>\n\n\n\n<p>Poni\u017cej znajduj\u0105 si\u0119 przyk\u0142ady r\u00f3\u017cnych rodzaj\u00f3w <a href=\"https:\/\/culturesconnection.com\/pl\/nasze-tlumaczenia-dokumentow-prawnych\/\">dokument\u00f3w prawnych<\/a>, jakie nasza agencja przet\u0142umaczy\u0142a:<\/p>\n\n\n\n<ul class=\"wp-block-list\"><li>Umowy dystrybucji, sprzeda\u017cy i zatrudnienia<\/li><li>Z\u0142o\u017cenie skargi<\/li><li>Procedury prawne<\/li><li>Regulaminy<\/li><li>Ekspertyzy<\/li><li>Regulacje<\/li><li>Rejestr spadkowy<\/li><li>Pozwy rozwodowe<\/li><li>Klauzule o zakazie konkurencji i klauzule poufno\u015bci<\/li><li>Listy intencyjne<\/li><li>Dokumenty pe\u0142nomocnictwa<\/li><li>S\u0105dowe dokumenty zwalniaj\u0105ce od odpowiedzialno\u015bci<\/li><li>Dokumenty statutowe<\/li><\/ul>\n\n\n\n<h2 class=\"wp-block-heading\">T\u0142umaczenia prawne we wszystkich j\u0119zykach<\/h2>\n\n\n\n<ul class=\"wp-block-list\"><li><a href=\"https:\/\/culturesconnection.com\/pl\/nasze-francuskie-tlumaczenia-prawne\/\">T\u0142umaczenia prawne na j\u0119zyk francuski<\/a><\/li><li><a href=\"https:\/\/culturesconnection.com\/pl\/nasze-prawnicze-uslugi-tlumaczeniowe-z-jezyka-hiszpanskiego\/\">T\u0142umaczenia prawne na j\u0119zyk hiszpa\u0144ski<\/a><\/li><li><a href=\"https:\/\/culturesconnection.com\/pl\/nasze-niemieckie-tlumaczenia-prawne\/\">T\u0142umaczenia prawne na j\u0119zyk niemiecki<\/a><\/li><li><a href=\"https:\/\/culturesconnection.com\/pl\/nasze-chinskie-uslugi-tlumaczen-prawnych\/\">T\u0142umaczenia prawne na j\u0119zyk chi\u0144ski<\/a><\/li><li><a href=\"https:\/\/culturesconnection.com\/pl\/nasze-arabskie-tlumaczenia-prawne\/\">T\u0142umaczenia prawne na j\u0119zyk arabski<\/a><\/li><li><a href=\"https:\/\/culturesconnection.com\/pl\/nasze-portugalskie-tlumaczenia-prawne\/\">T\u0142umaczenia prawne na j\u0119zyk portugalski<\/a><\/li><li><a href=\"https:\/\/culturesconnection.com\/pl\/nasze-niderlandzkie-uslugi-tlumaczen-prawnych\/\">T\u0142umaczenia prawne na j\u0119zyk niderlandzki<\/a><\/li><li><a href=\"https:\/\/culturesconnection.com\/pl\/nasze-uslugi-tlumaczen-prawniczych-z-tureckiego\/\">T\u0142umaczenia prawne na j\u0119zyk turecki<\/a><\/li><li><a href=\"https:\/\/culturesconnection.com\/pl\/nasze-japonskie-uslugi-tlumaczen-prawnych\/\">T\u0142umaczenia prawne na j\u0119zyk japo\u0144ski<\/a><\/li><li><a href=\"https:\/\/culturesconnection.com\/pl\/nasze-tlumaczenia-prawnicze-z-jezyka-rosyjskiego\/\">T\u0142umaczenia prawne na j\u0119zyk rosyjski<\/a><\/li><\/ul>\n","protected":false},"excerpt":{"rendered":"<p>Praca wykonana przez specjalist\u00f3w \u015bwiadcz\u0105cych w\u0142oskie t\u0142umaczenia prawne T\u0142umaczenie tekst\u00f3w prawnych jest skomplikowane. Wiele termin\u00f3w r\u00f3\u017cni si\u0119 w zale\u017cno\u015bci od j\u0119zyka lub po prostu dlatego, [&#8230;]<\/p>\n<p><a class=\"btn btn-secondary understrap-read-more-link\" href=\"https:\/\/culturesconnection.com\/pl\/nasze-wloskie-uslugi-tlumaczeniowe\/nasze-wloskie-tlumaczenia-prawne\/\">Czytaj dalej\u2026<span class=\"screen-reader-text\"> from Nasze w\u0142oskie t\u0142umaczenia prawne<\/span><\/a><\/p>\n","protected":false},"author":22,"featured_media":24334,"parent":11549,"menu_order":0,"comment_status":"closed","ping_status":"closed","template":"","meta":{"_acf_changed":false,"_editorskit_title_hidden":false,"_editorskit_reading_time":0,"_editorskit_is_block_options_detached":false,"_editorskit_block_options_position":"{}","footnotes":""},"class_list":["post-11543","page","type-page","status-publish","has-post-thumbnail","hentry"],"acf":[],"_links":{"self":[{"href":"https:\/\/culturesconnection.com\/pl\/wp-json\/wp\/v2\/pages\/11543","targetHints":{"allow":["GET"]}}],"collection":[{"href":"https:\/\/culturesconnection.com\/pl\/wp-json\/wp\/v2\/pages"}],"about":[{"href":"https:\/\/culturesconnection.com\/pl\/wp-json\/wp\/v2\/types\/page"}],"author":[{"embeddable":true,"href":"https:\/\/culturesconnection.com\/pl\/wp-json\/wp\/v2\/users\/22"}],"replies":[{"embeddable":true,"href":"https:\/\/culturesconnection.com\/pl\/wp-json\/wp\/v2\/comments?post=11543"}],"version-history":[{"count":0,"href":"https:\/\/culturesconnection.com\/pl\/wp-json\/wp\/v2\/pages\/11543\/revisions"}],"up":[{"embeddable":true,"href":"https:\/\/culturesconnection.com\/pl\/wp-json\/wp\/v2\/pages\/11549"}],"wp:featuredmedia":[{"embeddable":true,"href":"https:\/\/culturesconnection.com\/pl\/wp-json\/wp\/v2\/media\/24334"}],"wp:attachment":[{"href":"https:\/\/culturesconnection.com\/pl\/wp-json\/wp\/v2\/media?parent=11543"}],"curies":[{"name":"wp","href":"https:\/\/api.w.org\/{rel}","templated":true}]}}