{"id":11542,"date":"2018-11-06T16:51:00","date_gmt":"2018-11-06T14:51:00","guid":{"rendered":"http:\/\/culturesconnection.com\/?page_id=11542"},"modified":"2022-06-21T01:12:11","modified_gmt":"2022-06-20T23:12:11","slug":"nasze-wloskie-uslugi-tlumaczen-finansowych","status":"publish","type":"page","link":"https:\/\/culturesconnection.com\/pl\/nasze-wloskie-uslugi-tlumaczeniowe\/nasze-wloskie-uslugi-tlumaczen-finansowych\/","title":{"rendered":"Nasze w\u0142oskie us\u0142ugi t\u0142umacze\u0144 finansowych"},"content":{"rendered":"\n<h2 class=\"wp-block-heading\">Do Twojej dyspozycji specjali\u015bci \u015bwiadcz\u0105cy w\u0142oskie us\u0142ugi t\u0142umacze\u0144 finansowych<\/h2>\n\n\n\n<p>Wykonuj\u0105c w\u0142oskie us\u0142ugi t\u0142umacze\u0144 finansowych dok\u0142adno\u015b\u0107 i dyscyplina s\u0105 niezb\u0119dne. T\u0142umacz musi zna\u0107 bran\u017c\u0119 i by\u0107 ekspertem w terminologii finansowej w j\u0119zyku w\u0142oskim lub polskim. Powinien tak\u017ce posiada\u0107 wiedz\u0119 specjalistyczn\u0105 w zakresie wytycznych w \u015bwiecie finans\u00f3w. B\u0142\u0105d w t\u0142umaczeniu mo\u017ce utrudni\u0107 zrozumienie i podj\u0119cie decyzji i, w zwi\u0105zku z tym mo\u017ce mie\u0107 powa\u017cne skutki finansowe. Aby unikn\u0105\u0107 takich problem\u00f3w, nale\u017cy zachowa\u0107 ostro\u017cno\u015b\u0107 wybieraj\u0105c <a href=\"https:\/\/culturesconnection.com\/pl\/\">firm\u0119 t\u0142umaczeniow\u0105<\/a>.<\/p>\n\n\n\n<h2 class=\"wp-block-heading\">Nasza agencja t\u0142umacze\u0144 finansowych<\/h2>\n\n\n\n<p>Cultures Connection starannie wybiera najlepszych specjalist\u00f3w do t\u0142umacze\u0144 finansowych i korekty na podstawie ich kwalifikacji i do\u015bwiadczenia. Wi\u0119kszo\u015b\u0107 z nich uko\u0144czy\u0142o szkolenie akademickie w finansach i j\u0119zykach, jak r\u00f3wnie\u017c posiadaj\u0105 wieloletnie do\u015bwiadczenie w dziedzinie finans\u00f3w. Dok\u0142adnie rozumiej\u0105 j\u0119zyki, w kt\u00f3rych pracuj\u0105, w tym przypadku w\u0142oski i polski. Twoje projekty zlecamy profesjonalnym t\u0142umaczom, kt\u00f3rzy pracuj\u0105 zgodnie z wysokimi standardami jako\u015bci. Dokumenty dotycz\u0105ce sektora finansowego posiadaj\u0105 wysoce delikatn\u0105 zawarto\u015b\u0107. Dlatego te\u017c, t\u0142umacze pracuj\u0105cy dla agencji Cultures Connection zobowi\u0105zani s\u0105 do zachowania tajemnicy s\u0142u\u017cbowej i trzymania si\u0119 \u015bcis\u0142ych um\u00f3w o poufno\u015bci. Nasza agencja oferuje doskona\u0142e <a href=\"https:\/\/culturesconnection.com\/pl\/profesjonalne-uslugi-tlumaczeniowe-we-wszystkich-jezykach\/\">us\u0142ugi t\u0142umaczeniowe<\/a>. Dlatego wybieraj\u0105c nasze biuro, decydujesz si\u0119 na jako\u015bciowe <a href=\"https:\/\/culturesconnection.com\/pl\/nasze-tlumaczenia-dokumentow-finansowych\/\">t\u0142umaczenia finansowe<\/a>.<\/p>\n\n\n\n<h2 class=\"wp-block-heading\">T\u0142umaczenie dokument\u00f3w finansowych na j\u0119zyk w\u0142oski<\/h2>\n\n\n\n<p>Poni\u017cej znajdziesz wykaz przyk\u0142adowych dokument\u00f3w finansowych i gospodarczych przet\u0142umaczonych z j\u0119zyka w\u0142oskiego lub na j\u0119zyk w\u0142oski:<\/p>\n\n\n\n<ul class=\"wp-block-list\"><li>Dokumenty zawieraj\u0105ce kluczowe informacje dla inwestor\u00f3w<\/li><li>Ulotki<\/li><li>Sprawozdania finansowe funduszy inwestycyjnych<\/li><li>Sprawozdania z dzia\u0142alno\u015bci<\/li><li>Bilanse<\/li><li>Gie\u0142dy papier\u00f3w warto\u015bciowych<\/li><li>Dokumenty bankowe<\/li><li>Dokumenty zawieraj\u0105ce informacje finansowe<\/li><li>Dokumenty dochodzeniowe<\/li><li>Dokumenty dotycz\u0105ce zarz\u0105dzania ryzykiem i zarz\u0105dzania aktywami<\/li><li>Sprawozdania z audytu<\/li><li>Teksty dotycz\u0105ce fuzji i przej\u0119\u0107<\/li><\/ul>\n\n\n\n<h2 class=\"wp-block-heading\">T\u0142umaczenia finansowe we wszystkich j\u0119zykach<\/h2>\n\n\n\n<ul class=\"wp-block-list\"><li><a href=\"https:\/\/culturesconnection.com\/pl\/nasze-francuskie-uslugi-tlumaczen-finansowych\/\">T\u0142umaczenia finansowe na j\u0119zyk francuski<\/a><\/li><li><a href=\"https:\/\/culturesconnection.com\/pl\/nasze-uslugi-tlumaczen-finansowych-z-jezyka-hiszpanskiego\/\">T\u0142umaczenia finansowe na j\u0119zyk hiszpa\u0144ski<\/a><\/li><li><a href=\"https:\/\/culturesconnection.com\/pl\/nasze-niemieckie-tlumaczenia-finansowe\/\">T\u0142umaczenia finansowe na j\u0119zyk niemiecki<\/a><\/li><li><a href=\"https:\/\/culturesconnection.com\/pl\/nasze-uslugi-chinskich-tlumaczen-finansowych\/\">T\u0142umaczenia finansowe na j\u0119zyk chi\u0144ski<\/a><\/li><li><a href=\"https:\/\/culturesconnection.com\/pl\/nasze-arabskie-uslugi-tlumaczen-finansowych\/\">T\u0142umaczenia finansowe na j\u0119zyk arabski<\/a><\/li><li><a href=\"https:\/\/culturesconnection.com\/pl\/?page_id=13392\">T\u0142umaczenia finansowe na j\u0119zyk portugalski<\/a><\/li><li><a href=\"https:\/\/culturesconnection.com\/pl\/nasze-niderlandzkie-uslugi-tlumaczen-finansowych\/\">T\u0142umaczenia finansowe na j\u0119zyk niderlandzki<\/a><\/li><li><a href=\"https:\/\/culturesconnection.com\/pl\/nasze-uslugi-tlumaczen-finansowych-z-tureckiego\/\">T\u0142umaczenia finansowe na j\u0119zyk turecki<\/a><\/li><li><a href=\"https:\/\/culturesconnection.com\/pl\/nasze-japonskie-uslugi-tlumaczen-finansowych\/\">T\u0142umaczenia finansowe na j\u0119zyk japo\u0144ski<\/a><\/li><li><a href=\"https:\/\/culturesconnection.com\/pl\/nasze-tlumaczenia-finansowe-z-jezyka-rosyjskiego\/\">T\u0142umaczenia finansowe na j\u0119zyk rosyjski<\/a><\/li><\/ul>\n","protected":false},"excerpt":{"rendered":"<p>Do Twojej dyspozycji specjali\u015bci \u015bwiadcz\u0105cy w\u0142oskie us\u0142ugi t\u0142umacze\u0144 finansowych Wykonuj\u0105c w\u0142oskie us\u0142ugi t\u0142umacze\u0144 finansowych dok\u0142adno\u015b\u0107 i dyscyplina s\u0105 niezb\u0119dne. T\u0142umacz musi zna\u0107 bran\u017c\u0119 i by\u0107 [&#8230;]<\/p>\n<p><a class=\"btn btn-secondary understrap-read-more-link\" href=\"https:\/\/culturesconnection.com\/pl\/nasze-wloskie-uslugi-tlumaczeniowe\/nasze-wloskie-uslugi-tlumaczen-finansowych\/\">Czytaj dalej\u2026<span class=\"screen-reader-text\"> from Nasze w\u0142oskie us\u0142ugi t\u0142umacze\u0144 finansowych<\/span><\/a><\/p>\n","protected":false},"author":22,"featured_media":24334,"parent":11549,"menu_order":0,"comment_status":"closed","ping_status":"closed","template":"","meta":{"_acf_changed":false,"_editorskit_title_hidden":false,"_editorskit_reading_time":0,"_editorskit_is_block_options_detached":false,"_editorskit_block_options_position":"{}","footnotes":""},"class_list":["post-11542","page","type-page","status-publish","has-post-thumbnail","hentry"],"acf":[],"_links":{"self":[{"href":"https:\/\/culturesconnection.com\/pl\/wp-json\/wp\/v2\/pages\/11542","targetHints":{"allow":["GET"]}}],"collection":[{"href":"https:\/\/culturesconnection.com\/pl\/wp-json\/wp\/v2\/pages"}],"about":[{"href":"https:\/\/culturesconnection.com\/pl\/wp-json\/wp\/v2\/types\/page"}],"author":[{"embeddable":true,"href":"https:\/\/culturesconnection.com\/pl\/wp-json\/wp\/v2\/users\/22"}],"replies":[{"embeddable":true,"href":"https:\/\/culturesconnection.com\/pl\/wp-json\/wp\/v2\/comments?post=11542"}],"version-history":[{"count":0,"href":"https:\/\/culturesconnection.com\/pl\/wp-json\/wp\/v2\/pages\/11542\/revisions"}],"up":[{"embeddable":true,"href":"https:\/\/culturesconnection.com\/pl\/wp-json\/wp\/v2\/pages\/11549"}],"wp:featuredmedia":[{"embeddable":true,"href":"https:\/\/culturesconnection.com\/pl\/wp-json\/wp\/v2\/media\/24334"}],"wp:attachment":[{"href":"https:\/\/culturesconnection.com\/pl\/wp-json\/wp\/v2\/media?parent=11542"}],"curies":[{"name":"wp","href":"https:\/\/api.w.org\/{rel}","templated":true}]}}