{"id":11518,"date":"2018-11-06T11:54:59","date_gmt":"2018-11-06T09:54:59","guid":{"rendered":"http:\/\/culturesconnection.com\/?page_id=11518"},"modified":"2022-06-22T18:23:32","modified_gmt":"2022-06-22T16:23:32","slug":"nasze-tlumaczenia-stron-internetowych-w-jezyku-niemieckim","status":"publish","type":"page","link":"https:\/\/culturesconnection.com\/pl\/nasze-niemieckie-uslugi-tlumaczeniowe\/nasze-tlumaczenia-stron-internetowych-w-jezyku-niemieckim\/","title":{"rendered":"Nasze t\u0142umaczenia stron internetowych w j\u0119zyku niemieckim"},"content":{"rendered":"\n<h2 class=\"wp-block-heading\">Profesjonalne t\u0142umaczenia stron internetowych w j\u0119zyku niemieckim<\/h2>\n\n\n\n<p>Planujesz rozwin\u0105\u0107 baz\u0119 swoich klient\u00f3w w Niemczech? Oczywi\u015bcie pierwszym krokiem do osi\u0105gni\u0119cia tego celu b\u0119dzie przet\u0142umaczenie Twojej strony internetowej na j\u0119zyk niemiecki. Pozwoli Ci to dotrze\u0107 do potencjalnych klient\u00f3w i zwi\u0119kszy\u0107 sprzeda\u017c. Musisz pami\u0119ta\u0107, \u017ce ludzie preferuj\u0105 mie\u0107 dost\u0119p do informacji w ojczystym j\u0119zyku. Ponadto, b\u0119d\u0105 bardziej sk\u0142onni kupi\u0107 produkt lub skorzysta\u0107 z us\u0142ugi, je\u015bli przedstawisz im je w ich w\u0142asnym j\u0119zyku.<\/p>\n\n\n\n<h2 class=\"wp-block-heading\">Nasza agencja us\u0142ug t\u0142umaczeniowych<\/h2>\n\n\n\n<p>Je\u017celi chcesz, aby Twoja strona internetowa osi\u0105gn\u0119\u0142a sukces, musisz wzi\u0105\u0107 pod uwag\u0119 pewne czynniki. Czy uwa\u017casz, \u017ce Niemiec i Polak zrozumiej\u0105 i zinterpretuj\u0105 komunikat w ten sam spos\u00f3b? Niekoniecznie! W rzeczy samej, je\u015bli dwie kultury r\u00f3\u017cni\u0105 si\u0119 od siebie, istotne jest dopasowanie i lokalizacja wiadomo\u015bci, kt\u00f3r\u0105 chcesz przekaza\u0107. Dlatego w agencji Cultures Connection,&nbsp;gdzie \u015bwiadczymy us\u0142ugi t\u0142umaczenia stron internetowych w j\u0119zyku niemieckim, pracujemy tylko z niemiecko-polskimi lub polsko-niemieckimi lingwistami, kt\u00f3rzy specjalizuj\u0105 si\u0119 w t\u0142umaczeniu stron internetowych. P\u0142ynnie pos\u0142uguj\u0105 si\u0119 j\u0119zykiem niemieckim i polskim, oraz dobrze rozumiej\u0105 obydwie kultury. Nasi profesjonalni t\u0142umacze zawsze upewniaj\u0105 si\u0119, \u017ce zawarto\u015b\u0107 Twojej witryny jest doskonale przystosowana do docelowej grupy odbiorc\u00f3w. Wybieraj\u0105c nasze <a href=\"https:\/\/culturesconnection.com\/pl\/profesjonalne-uslugi-tlumaczeniowe-we-wszystkich-jezykach\/\">us\u0142ugi t\u0142umaczeniowe<\/a> decydujesz si\u0119 na jako\u015b\u0107 i konkurencyjne ceny.<\/p>\n\n\n\n<h2 class=\"wp-block-heading\">Us\u0142ugi t\u0142umacze\u0144 stron internetowych na j\u0119zyk niemiecki<\/h2>\n\n\n\n<p>Nasza agencja <a href=\"https:\/\/culturesconnection.com\/pl\/tlumaczenie-strony-internetowej-nasze-uslugi-tlumaczen-stron-internetowych\/\">t\u0142umacze\u0144 stron internetowych<\/a> specjalizuje si\u0119 w:<\/p>\n\n\n\n<ul class=\"wp-block-list\"><li>Zawarto\u015bciach strony internetowej<\/li><li>Stronach e-commerce<\/li><li>Aplikacjach mobilnych<\/li><li>Platformach obrotu<\/li><li>Kartach produktu<\/li><\/ul>\n\n\n\n<h3 class=\"wp-block-heading\">&nbsp;T\u0142umaczenia stron internetowych we wszystkich j\u0119zykach<\/h3>\n\n\n\n<ul class=\"wp-block-list\"><li><a href=\"https:\/\/culturesconnection.com\/pl\/nasze-francuskie-uslugi-tlumaczen-stron-internetowych\/\">T\u0142umaczenia stron internetowych na j\u0119zyk francuski<\/a><\/li><li><a href=\"https:\/\/culturesconnection.com\/pl\/nasze-uslugi-tlumaczen-stron-internetowych-z-hiszpanskiego\/\">T\u0142umaczenia stron internetowych na j\u0119zyk hiszpa\u0144ski<\/a><\/li><li><a href=\"https:\/\/culturesconnection.com\/pl\/nasze-chinskie-tlumaczenia-stron-internetowych\/\">T\u0142umaczenia stron internetowych na j\u0119zyk chi\u0144ski<\/a><\/li><li><a href=\"https:\/\/culturesconnection.com\/pl\/nasze-uslugi-tlumaczen-arabskich-stron-internetowych\/\">T\u0142umaczenia stron internetowych na j\u0119zyk arabski<\/a><\/li><li><a href=\"https:\/\/culturesconnection.com\/pl\/?page_id=13396\">T\u0142umaczenia stron internetowych na j\u0119zyk portugalski<\/a><\/li><li><a href=\"https:\/\/culturesconnection.com\/pl\/uslugi-tlumaczen-stron-internetowych-z-wloskiego\/\">T\u0142umaczenia stron internetowych na j\u0119zyk w\u0142oski<\/a><\/li><li><a href=\"https:\/\/culturesconnection.com\/pl\/nasze-uslugi-tlumaczen-stron-internetowych-na-jezyk-niderlandzki\/\">T\u0142umaczenia stron internetowych na j\u0119zyk niderlandzki<\/a><\/li><li><a href=\"https:\/\/culturesconnection.com\/pl\/?page_id=13389\">T\u0142umaczenia stron internetowych na j\u0119zyk turecki<\/a><\/li><li><a href=\"https:\/\/culturesconnection.com\/pl\/nasze-japonskie-tlumaczenia-stron-internetowych\/\">T\u0142umaczenia stron internetowych na j\u0119zyk japo\u0144ski<\/a><\/li><li><a href=\"https:\/\/culturesconnection.com\/pl\/nasze-tlumaczenia-stron-internetowych-z-jezyka-rosyjskiego\/\">T\u0142umaczenia stron internetowych na j\u0119zyk rosyjski<\/a><\/li><\/ul>\n","protected":false},"excerpt":{"rendered":"<p>Profesjonalne t\u0142umaczenia stron internetowych w j\u0119zyku niemieckim Planujesz rozwin\u0105\u0107 baz\u0119 swoich klient\u00f3w w Niemczech? Oczywi\u015bcie pierwszym krokiem do osi\u0105gni\u0119cia tego celu b\u0119dzie przet\u0142umaczenie Twojej strony [&#8230;]<\/p>\n<p><a class=\"btn btn-secondary understrap-read-more-link\" href=\"https:\/\/culturesconnection.com\/pl\/nasze-niemieckie-uslugi-tlumaczeniowe\/nasze-tlumaczenia-stron-internetowych-w-jezyku-niemieckim\/\">Czytaj dalej\u2026<span class=\"screen-reader-text\"> from Nasze t\u0142umaczenia stron internetowych w j\u0119zyku niemieckim<\/span><\/a><\/p>\n","protected":false},"author":22,"featured_media":24334,"parent":11517,"menu_order":0,"comment_status":"closed","ping_status":"closed","template":"","meta":{"_acf_changed":false,"_editorskit_title_hidden":false,"_editorskit_reading_time":0,"_editorskit_is_block_options_detached":false,"_editorskit_block_options_position":"{}","footnotes":""},"class_list":["post-11518","page","type-page","status-publish","has-post-thumbnail","hentry"],"acf":[],"_links":{"self":[{"href":"https:\/\/culturesconnection.com\/pl\/wp-json\/wp\/v2\/pages\/11518","targetHints":{"allow":["GET"]}}],"collection":[{"href":"https:\/\/culturesconnection.com\/pl\/wp-json\/wp\/v2\/pages"}],"about":[{"href":"https:\/\/culturesconnection.com\/pl\/wp-json\/wp\/v2\/types\/page"}],"author":[{"embeddable":true,"href":"https:\/\/culturesconnection.com\/pl\/wp-json\/wp\/v2\/users\/22"}],"replies":[{"embeddable":true,"href":"https:\/\/culturesconnection.com\/pl\/wp-json\/wp\/v2\/comments?post=11518"}],"version-history":[{"count":0,"href":"https:\/\/culturesconnection.com\/pl\/wp-json\/wp\/v2\/pages\/11518\/revisions"}],"up":[{"embeddable":true,"href":"https:\/\/culturesconnection.com\/pl\/wp-json\/wp\/v2\/pages\/11517"}],"wp:featuredmedia":[{"embeddable":true,"href":"https:\/\/culturesconnection.com\/pl\/wp-json\/wp\/v2\/media\/24334"}],"wp:attachment":[{"href":"https:\/\/culturesconnection.com\/pl\/wp-json\/wp\/v2\/media?parent=11518"}],"curies":[{"name":"wp","href":"https:\/\/api.w.org\/{rel}","templated":true}]}}