{"id":11517,"date":"2018-11-05T18:13:12","date_gmt":"2018-11-05T16:13:12","guid":{"rendered":"http:\/\/culturesconnection.com\/?page_id=11517"},"modified":"2022-08-03T10:15:04","modified_gmt":"2022-08-03T08:15:04","slug":"nasze-niemieckie-uslugi-tlumaczeniowe","status":"publish","type":"page","link":"https:\/\/culturesconnection.com\/pl\/nasze-niemieckie-uslugi-tlumaczeniowe\/","title":{"rendered":"Nasze niemieckie us\u0142ugi t\u0142umaczeniowe"},"content":{"rendered":"\n<h2 class=\"wp-block-heading\">Profesjonalne niemieckie us\u0142ugi t\u0142umaczeniowe<\/h2>\n\n\n\n<p>Najwi\u0119ksza gospodarka w Europie i trzecia na \u015bwiecie, Niemcy przoduj\u0105 w dziedzinie eksportu. W czasie kiedy rozw\u00f3j Niemiec zaskakuje ekonomist\u00f3w swoj\u0105 si\u0142\u0105 i dynamizmem, niemieckie firmy s\u0105 coraz bardziej obecne za granic\u0105, szczeg\u00f3lnie w Polsce. Nawet je\u015bli znajomo\u015b\u0107 j\u0119zyka niemieckiego nie jest niezb\u0119dnym kryterium do pracy z niemieckimi partnerami, to z pewno\u015bci\u0105 t\u0142umaczenie dokument\u00f3w na niemiecki jest du\u017c\u0105 zalet\u0105 je\u015bli chodzi o negocjacje handlowe i wymian\u0119 informacji.<\/p>\n\n\n\n<p>Twoi niemieckoj\u0119zyczni wsp\u00f3lnicy z pewno\u015bci\u0105 doceni\u0105 wk\u0142ad z Twojej strony, jednak aby osi\u0105gn\u0105\u0107 po\u017c\u0105dany rezultat koniecznym jest, aby Twoje t\u0142umaczenia polsko-niemieckie by\u0142y jak najlepszej jako\u015bci . Cultures Connection wykonuje niemieckie us\u0142ugi t\u0142umaczeniowe w dziedzinach gdzie niemiecki jest powszechnie u\u017cywany (biznes, nauka, badania, innowacje, turystyka, nowe technologie, itp.). Co wi\u0119cej, wiele firm polskich posiada swoje oddzia\u0142y w Niemczech, dlatego t\u0142umaczenia niemiecko-polskie s\u0105 jednymi z naszych najcz\u0119\u015bciej wykonywanych us\u0142ug.<\/p>\n\n\n\n<h2 class=\"wp-block-heading\">Szukasz niemieckiego t\u0142umacza?<\/h2>\n\n\n\n<p>Czy potrzebujesz niemiecko-polskiego t\u0142umacza? T\u0142umacz polsko-niemiecki? Dlaczego nie wybierzesz naszej firmy t\u0142umaczeniowej? Cultures Connection wsp\u00f3\u0142pracuje ze specjalistami od t\u0142umacze\u0144 z niemieckiego i na niemiecki w takich dziedzinach jak finanse, marketing, medycyna, aeronautyka, technologie informacyjne czy strony internetowe. S\u0105 oni wybierani na podstawie ich umiej\u0119tno\u015bci j\u0119zykowych,&nbsp;wykszta\u0142cenia, posiadaj\u0105 co najmniej pi\u0119cioletnie do\u015bwiadczenie oraz s\u0105 poddawani regularnym testom sprawdzaj\u0105cym ich kompetencje.<\/p>\n\n\n\n<p>W celu zapewnienia najlepszej jako\u015bci wyceny nasze us\u0142ugi t\u0142umaczeniowe s\u0105 dost\u0119pne w czterech opcjach (podstawowe, standardowe, profesjonalne i premium). Cultures Connection dostosowuje si\u0119 do Twoich wymaga\u0144 i gwarantuje wykonanie t\u0142umacze\u0144 z j\u0119zyka niemieckiego tak szybko jak jest to mo\u017cliwe, nawet w przypadku pilnych t\u0142umacze\u0144.<\/p>\n\n\n\n<h2 class=\"wp-block-heading\">Nasze niemieckie us\u0142ugi t\u0142umaczeniowe<\/h2>\n\n\n\n<ul class=\"wp-block-list\"><li>Niemieckie us\u0142ugi t\u0142umacze\u0144 finansowych<\/li><li>Niemieckie us\u0142ugi t\u0142umacze\u0144 biznesowych<\/li><li>Niemieckie us\u0142ugi t\u0142umacze\u0144 naukowych<\/li><li>Niemieckie us\u0142ugi t\u0142umacze\u0144 medycznych<\/li><li>Niemieckie us\u0142ugi t\u0142umacze\u0144 technicznych<\/li><li>Niemieckie us\u0142ugi t\u0142umacze\u0144 prawnych<\/li><li>Niemieckie us\u0142ugi t\u0142umacze\u0144 marketingowych<\/li><li>Niemieckie us\u0142ugi t\u0142umacze\u0144 stron internetowych<\/li><li>Niemieckie us\u0142ugi w zakresie tworzenia napis\u00f3w<\/li><li>Niemieckie us\u0142ugi t\u0142umacze\u0144 gier wideo<\/li><li>Szybkie t\u0142umaczenia z j\u0119zyka niemieckiego<\/li><\/ul>\n","protected":false},"excerpt":{"rendered":"<p>Profesjonalne niemieckie us\u0142ugi t\u0142umaczeniowe Najwi\u0119ksza gospodarka w Europie i trzecia na \u015bwiecie, Niemcy przoduj\u0105 w dziedzinie eksportu. W czasie kiedy rozw\u00f3j Niemiec zaskakuje ekonomist\u00f3w swoj\u0105 [&#8230;]<\/p>\n<p><a class=\"btn btn-secondary understrap-read-more-link\" href=\"https:\/\/culturesconnection.com\/pl\/nasze-niemieckie-uslugi-tlumaczeniowe\/\">Czytaj dalej\u2026<span class=\"screen-reader-text\"> from Nasze niemieckie us\u0142ugi t\u0142umaczeniowe<\/span><\/a><\/p>\n","protected":false},"author":22,"featured_media":23256,"parent":0,"menu_order":0,"comment_status":"closed","ping_status":"closed","template":"","meta":{"_acf_changed":false,"_editorskit_title_hidden":false,"_editorskit_reading_time":1,"_editorskit_is_block_options_detached":false,"_editorskit_block_options_position":"{}","footnotes":""},"class_list":["post-11517","page","type-page","status-publish","has-post-thumbnail","hentry"],"acf":[],"_links":{"self":[{"href":"https:\/\/culturesconnection.com\/pl\/wp-json\/wp\/v2\/pages\/11517","targetHints":{"allow":["GET"]}}],"collection":[{"href":"https:\/\/culturesconnection.com\/pl\/wp-json\/wp\/v2\/pages"}],"about":[{"href":"https:\/\/culturesconnection.com\/pl\/wp-json\/wp\/v2\/types\/page"}],"author":[{"embeddable":true,"href":"https:\/\/culturesconnection.com\/pl\/wp-json\/wp\/v2\/users\/22"}],"replies":[{"embeddable":true,"href":"https:\/\/culturesconnection.com\/pl\/wp-json\/wp\/v2\/comments?post=11517"}],"version-history":[{"count":0,"href":"https:\/\/culturesconnection.com\/pl\/wp-json\/wp\/v2\/pages\/11517\/revisions"}],"wp:featuredmedia":[{"embeddable":true,"href":"https:\/\/culturesconnection.com\/pl\/wp-json\/wp\/v2\/media\/23256"}],"wp:attachment":[{"href":"https:\/\/culturesconnection.com\/pl\/wp-json\/wp\/v2\/media?parent=11517"}],"curies":[{"name":"wp","href":"https:\/\/api.w.org\/{rel}","templated":true}]}}