{"id":11516,"date":"2018-11-05T18:06:42","date_gmt":"2018-11-05T16:06:42","guid":{"rendered":"http:\/\/culturesconnection.com\/?page_id=11516"},"modified":"2022-06-18T21:49:49","modified_gmt":"2022-06-18T19:49:49","slug":"nasze-niemieckie-tlumaczenia-techniczne","status":"publish","type":"page","link":"https:\/\/culturesconnection.com\/pl\/nasze-niemieckie-uslugi-tlumaczeniowe\/nasze-niemieckie-tlumaczenia-techniczne\/","title":{"rendered":"Nasze niemieckie t\u0142umaczenia techniczne"},"content":{"rendered":"\n<h2 class=\"wp-block-heading\">Polsko-niemieckie t\u0142umaczenia techniczne: precyzyjna terminologia<\/h2>\n\n\n\n<p>W dzisiejszych czasach technologia i nauki \u015bcis\u0142e odgrywaj\u0105 wa\u017cn\u0105 rol\u0119 w naszym codziennym \u017cyciu. Jako \u017ce Niemcy s\u0105 najwi\u0119ksz\u0105 gospodark\u0105 Unii Europejskiej, t\u0142umaczenie tekst\u00f3w technicznych z j\u0119zyka niemieckiego i na j\u0119zyk niemiecki jest konieczno\u015bci\u0105 dla ka\u017cdej firmy, kt\u00f3ra chce rozwin\u0105\u0107 swoj\u0105 dzia\u0142alno\u015b\u0107 na rynku europejskim. W tej bran\u017cy nie ma miejsca na b\u0142\u0119dy i nie\u015bcis\u0142o\u015bci. Do ka\u017cdego terminu nale\u017cy znale\u017a\u0107 idealny odpowiednik w j\u0119zyku docelowym. Ponadto, adresaci tych t\u0142umacze\u0144 s\u0105 cz\u0119sto specjalistami, kt\u00f3rzy nie b\u0119d\u0105 zadowoleni je\u015bli przet\u0142umaczona terminologia jest myl\u0105ca. Aby zachowa\u0107 wiarygodno\u015b\u0107, powierz sw\u00f3j projekt specjali\u015bcie wykonuj\u0105cym niemieckie t\u0142umaczenia techniczne.<\/p>\n\n\n\n<h2 class=\"wp-block-heading\">Szukasz agencji t\u0142umacze\u0144 technicznych?<\/h2>\n\n\n\n<p>W agencji <a href=\"https:\/\/culturesconnection.com\/pl\/\">Cultures Connection<\/a> stawiamy na jako\u015b\u0107. Dlatego w\u0142a\u015bnie dbamy o to, aby zawsze powierzy\u0107 Twoje t\u0142umaczenia najbardziej kompetentnym specjalistom, kt\u00f3rzy posiadaj\u0105 zar\u00f3wno umiej\u0119tno\u015bci j\u0119zykowe jak i techniczne. S\u0105 oni wykwalifikowani w r\u00f3\u017cnych dziedzinach takich jak: przemys\u0142 motoryzacyjny, programy graficzne, a nawet technologie wykorzystuj\u0105ce energi\u0119 s\u0142oneczn\u0105. Bez wzgl\u0119du na rodzaj <a href=\"https:\/\/culturesconnection.com\/pl\/profesjonalne-uslugi-tlumaczeniowe-we-wszystkich-jezykach\/\">us\u0142ug t\u0142umaczeniowych<\/a>, nasza rozleg\u0142a baza fachowc\u00f3w pozwoli nam zaoferowa\u0107 Tobie najbardziej odpowiedniego profesjonalnego t\u0142umacza do pracy nad projektem. Mo\u017cesz polega\u0107 na pomocy agencji t\u0142umacze\u0144 w pracy nad Twoimi <a href=\"https:\/\/culturesconnection.com\/pl\/nasze-tlumaczenia-dokumentow-technicznych\/\">t\u0142umaczeniami technicznymi<\/a> na j\u0119zyk niemiecki i z j\u0119zyka niemieckiego. Otrzymasz precyzyjne, szybkie i niezawodne t\u0142umaczenia.<\/p>\n\n\n\n<h2 class=\"wp-block-heading\">T\u0142umaczenie dokument\u00f3w technicznych na j\u0119zyk niemiecki<\/h2>\n\n\n\n<p>Poni\u017cej znajdziesz niepe\u0142ny wykaz tekst\u00f3w technicznych, kt\u00f3re nasza agencja t\u0142umaczy z j\u0119zyka niemieckiego i na j\u0119zyk niemiecki:<\/p>\n\n\n\n<ul class=\"wp-block-list\"><li>Wycena<\/li><li>Teksty in\u017cynieryjne<\/li><li>Podr\u0119czniki dla obrabiarek (lub innych rodzaj\u00f3w maszyn)<\/li><li>Opisy i arkusze danych technicznych<\/li><li>Standardy techniczne<\/li><li>Specyfikacje techniczne<\/li><li>Patenty techniczne<\/li><li>Instrukcje techniczne<\/li><li>Instrukcje obs\u0142ugi<\/li><li>Przewodniki u\u017cytkownika<\/li><\/ul>\n\n\n\n<h3 class=\"wp-block-heading\">&nbsp;T\u0142umaczenia techniczne we wszystkich j\u0119zykach<\/h3>\n\n\n\n<ul class=\"wp-block-list\"><li><a href=\"https:\/\/culturesconnection.com\/pl\/nasze-francuskie-tlumaczenia-techniczne\/\">T\u0142umaczenia techniczne na j\u0119zyk francuski<\/a><\/li><li><a href=\"https:\/\/culturesconnection.com\/pl\/nasze-uslugi-tlumaczen-technicznych-z-jezyka-hiszpanskiego\/\">T\u0142umaczenia techniczne na j\u0119zyk hiszpa\u0144ski<\/a><\/li><li><a href=\"https:\/\/culturesconnection.com\/pl\/nasze-chinskie-tlumaczenia-techniczne\/\">T\u0142umaczenia techniczne na j\u0119zyk chi\u0144ski<\/a><\/li><li><a href=\"https:\/\/culturesconnection.com\/pl\/nasze-uslugi-tlumaczen-technicznych-z-jezyka-arabskiego\/\">T\u0142umaczenia techniczne na j\u0119zyk arabski<\/a><\/li><li><a href=\"https:\/\/culturesconnection.com\/pl\/?page_id=13395\">T\u0142umaczenia techniczne na j\u0119zyk portugalski<\/a><\/li><li><a href=\"https:\/\/culturesconnection.com\/pl\/nasze-wloskie-uslugi-tlumaczen-technicznych\/\">T\u0142umaczenia techniczne na j\u0119zyk w\u0142oski<\/a><\/li><li><a href=\"https:\/\/culturesconnection.com\/pl\/nasze-niderlandzkie-uslugi-tlumaczen-technicznych\/\">T\u0142umaczenia techniczne na j\u0119zyk niderlandzki<\/a><\/li><li><a href=\"https:\/\/culturesconnection.com\/pl\/?page_id=13388\">T\u0142umaczenia techniczne na j\u0119zyk turecki<\/a><\/li><li><a href=\"https:\/\/culturesconnection.com\/pl\/nasze-uslugi-w-zakresie-japonskich-tlumaczen-technicznych\/\">T\u0142umaczenia techniczne na j\u0119zyk japo\u0144ski<\/a><\/li><li><a href=\"https:\/\/culturesconnection.com\/pl\/nasze-uslugi-tlumaczen-technicznych-z-jezyka-rosyjskiego\/\">T\u0142umaczenia techniczne na j\u0119zyk rosyjski<\/a><\/li><\/ul>\n","protected":false},"excerpt":{"rendered":"<p>Polsko-niemieckie t\u0142umaczenia techniczne: precyzyjna terminologia W dzisiejszych czasach technologia i nauki \u015bcis\u0142e odgrywaj\u0105 wa\u017cn\u0105 rol\u0119 w naszym codziennym \u017cyciu. Jako \u017ce Niemcy s\u0105 najwi\u0119ksz\u0105 gospodark\u0105 [&#8230;]<\/p>\n<p><a class=\"btn btn-secondary understrap-read-more-link\" href=\"https:\/\/culturesconnection.com\/pl\/nasze-niemieckie-uslugi-tlumaczeniowe\/nasze-niemieckie-tlumaczenia-techniczne\/\">Czytaj dalej\u2026<span class=\"screen-reader-text\"> from Nasze niemieckie t\u0142umaczenia techniczne<\/span><\/a><\/p>\n","protected":false},"author":22,"featured_media":24334,"parent":11517,"menu_order":0,"comment_status":"closed","ping_status":"closed","template":"","meta":{"_acf_changed":false,"_editorskit_title_hidden":false,"_editorskit_reading_time":0,"_editorskit_is_block_options_detached":false,"_editorskit_block_options_position":"{}","footnotes":""},"class_list":["post-11516","page","type-page","status-publish","has-post-thumbnail","hentry"],"acf":[],"_links":{"self":[{"href":"https:\/\/culturesconnection.com\/pl\/wp-json\/wp\/v2\/pages\/11516","targetHints":{"allow":["GET"]}}],"collection":[{"href":"https:\/\/culturesconnection.com\/pl\/wp-json\/wp\/v2\/pages"}],"about":[{"href":"https:\/\/culturesconnection.com\/pl\/wp-json\/wp\/v2\/types\/page"}],"author":[{"embeddable":true,"href":"https:\/\/culturesconnection.com\/pl\/wp-json\/wp\/v2\/users\/22"}],"replies":[{"embeddable":true,"href":"https:\/\/culturesconnection.com\/pl\/wp-json\/wp\/v2\/comments?post=11516"}],"version-history":[{"count":0,"href":"https:\/\/culturesconnection.com\/pl\/wp-json\/wp\/v2\/pages\/11516\/revisions"}],"up":[{"embeddable":true,"href":"https:\/\/culturesconnection.com\/pl\/wp-json\/wp\/v2\/pages\/11517"}],"wp:featuredmedia":[{"embeddable":true,"href":"https:\/\/culturesconnection.com\/pl\/wp-json\/wp\/v2\/media\/24334"}],"wp:attachment":[{"href":"https:\/\/culturesconnection.com\/pl\/wp-json\/wp\/v2\/media?parent=11516"}],"curies":[{"name":"wp","href":"https:\/\/api.w.org\/{rel}","templated":true}]}}