{"id":11510,"date":"2018-11-05T17:55:01","date_gmt":"2018-11-05T15:55:01","guid":{"rendered":"http:\/\/culturesconnection.com\/?page_id=11510"},"modified":"2022-06-21T00:27:57","modified_gmt":"2022-06-20T22:27:57","slug":"nasze-niemieckie-tlumaczenia-finansowe","status":"publish","type":"page","link":"https:\/\/culturesconnection.com\/pl\/nasze-niemieckie-uslugi-tlumaczeniowe\/nasze-niemieckie-tlumaczenia-finansowe\/","title":{"rendered":"Nasze niemieckie t\u0142umaczenia finansowe"},"content":{"rendered":"\n<h2 class=\"wp-block-heading\">Polsko-niemieckie t\u0142umaczenia finansowe, kwestia precyzyjno\u015bci<\/h2>\n\n\n\n<p>T\u0142umaczenie dokument\u00f3w finansowych na j\u0119zyk niemiecki wymaga precyzji, dyscypliny i bardzo dobrej znajomo\u015bci \u015bwiata finans\u00f3w, jego terminologii oraz przepis\u00f3w. Profesjonalny lingwista, kt\u00f3remu powierzysz sw\u00f3j projekt t\u0142umacze\u0144, musi by\u0107 osob\u0105 wiarygodn\u0105, i musi by\u0107 w stanie zagwarantowa\u0107 najlepsze wyniki pod wzgl\u0119dem jako\u015bci. Ka\u017cdy b\u0142\u0105d w tego typu zadaniu mo\u017ce mie\u0107 negatywne konsekwencje, najcz\u0119\u015bciej finansowe, kt\u00f3re mog\u0105 by\u0107 powa\u017cne. Na przyk\u0142ad, cz\u0119sto tak jest, \u017ce firmy stopniowo trac\u0105 klient\u00f3w jako rezultat z\u0142ych t\u0142umacze\u0144, kt\u00f3re spowodowa\u0142y nieporozumienie i brak ufno\u015bci w\u015br\u00f3d klient\u00f3w. Innymi s\u0142owy, wyb\u00f3r solidnej <a href=\"https:\/\/culturesconnection.com\/pl\/\">agencji t\u0142umacze\u0144<\/a> jest niezwykle wa\u017cny.<\/p>\n\n\n\n<h2 class=\"wp-block-heading\">Szukasz agencji t\u0142umacze\u0144 finansowych?<\/h2>\n\n\n\n<p>Aby zapewni\u0107 Tobie wysokiej jako\u015bci niemieckie t\u0142umaczenia finansowe, wsp\u00f3\u0142pracujemy jedynie z profesjonalnymi lingwistami, kt\u00f3rzy maj\u0105 bogate do\u015bwiadczenie. Wszyscy z nich s\u0105 wybrani na podstawie posiadanych kwalifikacji, a ich umiej\u0119tno\u015bci sprawdzamy poprzez testy. Twoje projekty s\u0105 powierzone ekspertom finansowym, kt\u00f3rzy biegle pos\u0142uguj\u0105 si\u0119 j\u0119zykiem polskim i niemieckim i zawsze t\u0142umacz\u0105 na sw\u00f3j j\u0119zyk ojczysty. Je\u015bli szukasz us\u0142ug t\u0142umaczenia dokument\u00f3w finansowych na j\u0119zyk niemiecki, to trafi\u0142e\u015b we w\u0142a\u015bciwe miejsce. Cultures Connection&nbsp;zapewnia wysokiej jako\u015bci <a href=\"https:\/\/culturesconnection.com\/pl\/profesjonalne-uslugi-tlumaczeniowe-we-wszystkich-jezykach\/\">us\u0142ugi t\u0142umaczeniowe<\/a>.<\/p>\n\n\n\n<h2 class=\"wp-block-heading\">T\u0142umaczenie dokument\u00f3w finansowych na j\u0119zyk niemiecki<\/h2>\n\n\n\n<p>Poni\u017cej znajdziesz niewyczerpuj\u0105cy wykaz <a href=\"https:\/\/culturesconnection.com\/pl\/nasze-tlumaczenia-dokumentow-finansowych\/\">dokument\u00f3w finansowych<\/a>, jakie Cultures Connection cz\u0119sto t\u0142umaczy na j\u0119zyk niemiecki i z j\u0119zyka niemieckiego.<\/p>\n\n\n\n<ul class=\"wp-block-list\"><li>Dokumenty zawieraj\u0105ce kluczowe informacje dla inwestor\u00f3w<\/li><li>Ulotki<\/li><li>Sprawozdania finansowe funduszy inwestycyjnych<\/li><li>Sprawozdania z dzia\u0142alno\u015bci<\/li><li>Bilanse<\/li><li>Gie\u0142dy papier\u00f3w warto\u015bciowych<\/li><li>Dokumenty bankowe<\/li><li>Dokumenty zawieraj\u0105ce informacje finansowe<\/li><li>Dokumenty dochodzeniowe<\/li><li>Dokumenty dotycz\u0105ce zarz\u0105dzania ryzykiem i zarz\u0105dzania aktywami<\/li><li>Sprawozdania z audytu<\/li><li>Teksty dotycz\u0105ce fuzji i przej\u0119\u0107<\/li><\/ul>\n\n\n\n<h2 class=\"wp-block-heading\">T\u0142umaczenia finansowe we wszystkich j\u0119zykach<\/h2>\n\n\n\n<ul class=\"wp-block-list\"><li><a href=\"https:\/\/culturesconnection.com\/pl\/nasze-francuskie-uslugi-tlumaczen-finansowych\/\">T\u0142umaczenia finansowe na j\u0119zyk francuski<\/a><\/li><li><a href=\"https:\/\/culturesconnection.com\/pl\/nasze-uslugi-tlumaczen-finansowych-z-jezyka-hiszpanskiego\/\">T\u0142umaczenia finansowe na j\u0119zyk hiszpa\u0144ski<\/a><\/li><li><a href=\"https:\/\/culturesconnection.com\/pl\/nasze-uslugi-chinskich-tlumaczen-finansowych\/\">T\u0142umaczenia finansowe na j\u0119zyk chi\u0144ski<\/a><\/li><li><a href=\"https:\/\/culturesconnection.com\/pl\/nasze-arabskie-uslugi-tlumaczen-finansowych\/\">T\u0142umaczenia finansowe na j\u0119zyk arabski<\/a><\/li><li><a href=\"https:\/\/culturesconnection.com\/pl\/?page_id=13392\">T\u0142umaczenia finansowe na j\u0119zyk portugalski<\/a><\/li><li><a href=\"https:\/\/culturesconnection.com\/pl\/nasze-wloskie-uslugi-tlumaczen-finansowych\/\">T\u0142umaczenia finansowe na j\u0119zyk w\u0142oski<\/a><\/li><li><a href=\"https:\/\/culturesconnection.com\/pl\/nasze-niderlandzkie-uslugi-tlumaczen-finansowych\/\">T\u0142umaczenia finansowe na j\u0119zyk niderlandzki<\/a><\/li><li><a href=\"https:\/\/culturesconnection.com\/pl\/nasze-uslugi-tlumaczen-finansowych-z-tureckiego\/\">T\u0142umaczenia finansowe na j\u0119zyk turecki<\/a><\/li><li><a href=\"https:\/\/culturesconnection.com\/pl\/nasze-japonskie-uslugi-tlumaczen-finansowych\/\">T\u0142umaczenia finansowe na j\u0119zyk japo\u0144ski<\/a><\/li><li><a href=\"https:\/\/culturesconnection.com\/pl\/nasze-tlumaczenia-finansowe-z-jezyka-rosyjskiego\/\">T\u0142umaczenia finansowe na j\u0119zyk rosyjski<\/a><\/li><\/ul>\n","protected":false},"excerpt":{"rendered":"<p>Polsko-niemieckie t\u0142umaczenia finansowe, kwestia precyzyjno\u015bci T\u0142umaczenie dokument\u00f3w finansowych na j\u0119zyk niemiecki wymaga precyzji, dyscypliny i bardzo dobrej znajomo\u015bci \u015bwiata finans\u00f3w, jego terminologii oraz przepis\u00f3w. Profesjonalny [&#8230;]<\/p>\n<p><a class=\"btn btn-secondary understrap-read-more-link\" href=\"https:\/\/culturesconnection.com\/pl\/nasze-niemieckie-uslugi-tlumaczeniowe\/nasze-niemieckie-tlumaczenia-finansowe\/\">Czytaj dalej\u2026<span class=\"screen-reader-text\"> from Nasze niemieckie t\u0142umaczenia finansowe<\/span><\/a><\/p>\n","protected":false},"author":22,"featured_media":24334,"parent":11517,"menu_order":0,"comment_status":"closed","ping_status":"closed","template":"","meta":{"_acf_changed":false,"_editorskit_title_hidden":false,"_editorskit_reading_time":0,"_editorskit_is_block_options_detached":false,"_editorskit_block_options_position":"{}","footnotes":""},"class_list":["post-11510","page","type-page","status-publish","has-post-thumbnail","hentry"],"acf":[],"_links":{"self":[{"href":"https:\/\/culturesconnection.com\/pl\/wp-json\/wp\/v2\/pages\/11510","targetHints":{"allow":["GET"]}}],"collection":[{"href":"https:\/\/culturesconnection.com\/pl\/wp-json\/wp\/v2\/pages"}],"about":[{"href":"https:\/\/culturesconnection.com\/pl\/wp-json\/wp\/v2\/types\/page"}],"author":[{"embeddable":true,"href":"https:\/\/culturesconnection.com\/pl\/wp-json\/wp\/v2\/users\/22"}],"replies":[{"embeddable":true,"href":"https:\/\/culturesconnection.com\/pl\/wp-json\/wp\/v2\/comments?post=11510"}],"version-history":[{"count":0,"href":"https:\/\/culturesconnection.com\/pl\/wp-json\/wp\/v2\/pages\/11510\/revisions"}],"up":[{"embeddable":true,"href":"https:\/\/culturesconnection.com\/pl\/wp-json\/wp\/v2\/pages\/11517"}],"wp:featuredmedia":[{"embeddable":true,"href":"https:\/\/culturesconnection.com\/pl\/wp-json\/wp\/v2\/media\/24334"}],"wp:attachment":[{"href":"https:\/\/culturesconnection.com\/pl\/wp-json\/wp\/v2\/media?parent=11510"}],"curies":[{"name":"wp","href":"https:\/\/api.w.org\/{rel}","templated":true}]}}