{"id":11509,"date":"2018-11-05T17:52:00","date_gmt":"2018-11-05T15:52:00","guid":{"rendered":"http:\/\/culturesconnection.com\/?page_id=11509"},"modified":"2022-06-21T22:29:24","modified_gmt":"2022-06-21T20:29:24","slug":"nasze-niemieckie-tlumaczenia-biznesowe","status":"publish","type":"page","link":"https:\/\/culturesconnection.com\/pl\/nasze-niemieckie-uslugi-tlumaczeniowe\/nasze-niemieckie-tlumaczenia-biznesowe\/","title":{"rendered":"Nasze niemieckie t\u0142umaczenia biznesowe"},"content":{"rendered":"\n<h2 class=\"wp-block-heading\">Polsko-niemieckie t\u0142umaczenia biznesowe s\u0105 kwesti\u0105 wiarygodno\u015bci<\/h2>\n\n\n\n<p>T\u0142umaczenia biznesowe z j\u0119zyka niemieckiego i na j\u0119zyk niemiecki stanowi\u0105 du\u017ce wyzwanie dla ka\u017cdej firmy, kt\u00f3ra chce rozwin\u0105\u0107 swoj\u0105 dzia\u0142alno\u015b\u0107 na arenie mi\u0119dzynarodowej. W rzeczy samej, musisz zapewni\u0107 swoim partnerom biznesowym dokumenty przet\u0142umaczone na ich j\u0119zyk przez lingwist\u0119 specjalizuj\u0105cego si\u0119 w takiej dziedzinie. Dobrej jako\u015bci t\u0142umaczenia b\u0119d\u0105 w ten spos\u00f3b odzwierciedla\u0107 rzetelno\u015b\u0107 Twojej firmy i dadz\u0105 jej wi\u0119ksz\u0105 wiarygodno\u015b\u0107. Pami\u0119taj, \u017ce kultury biznesowe r\u00f3\u017cni\u0105 si\u0119 mi\u0119dzy krajami: kontrakt nie zostanie podpisany w ten sam spos\u00f3b w Warszawie, jak w Berlinie. Rozwi\u0105zanie? Podejmij wsp\u00f3\u0142prac\u0119 z <a href=\"https:\/\/culturesconnection.com\/pl\/\">agencj\u0105 t\u0142umacze\u0144, <\/a>wykonuj\u0105c\u0105 niemieckie t\u0142umaczenia biznesowe.<\/p>\n\n\n\n<h2 class=\"wp-block-heading\">Czy szukasz agencji t\u0142umacze\u0144 biznesowych?<\/h2>\n\n\n\n<p>Wybieraj\u0105c Cultures Connection do przet\u0142umaczenia swoich dokument\u00f3w biznesowych z j\u0119zyka niemieckiego lub na j\u0119zyk niemiecki, decydujesz si\u0119 na wysok\u0105 jako\u015b\u0107. Nasza agencja oferuje \u015bwietne <a href=\"https:\/\/culturesconnection.com\/pl\/profesjonalne-uslugi-tlumaczeniowe-we-wszystkich-jezykach\/\">us\u0142ugi t\u0142umacze\u0144<\/a> i polegamy na rozleg\u0142ej bazie niemieckich specjalist\u00f3w do <a href=\"https:\/\/culturesconnection.com\/pl\/nasze-tlumaczenia-dokumentow-biznesowych\/\">t\u0142umacze\u0144 biznesowych<\/a>, z kt\u00f3rych wszyscy z nich maj\u0105 kilkuletnie do\u015bwiadczenie w tej dziedzinie. Nasi polsko-niemieccy lingwi\u015bci zostali wybrani do wsp\u00f3\u0142pracy na podstawie ich umiej\u0119tno\u015bci, do\u015bwiadczenia i wykszta\u0142cenia. Regularnie sprawdzamy ich wiedz\u0119, aby zapewni\u0107 naszym klientom us\u0142ugi wysokiej jako\u015bci. Maj\u0105 oni wysoko wyspecjalizowane umiej\u0119tno\u015bci j\u0119zykowe, zar\u00f3wno w j\u0119zyku niemieckim jak i polskim, oraz zawsze t\u0142umacz\u0105 na sw\u00f3j j\u0119zyk ojczysty.<\/p>\n\n\n\n<h2 class=\"wp-block-heading\">T\u0142umaczenie dokument\u00f3w biznesowych na j\u0119zyk niemiecki<\/h2>\n\n\n\n<p>Oferujemy nasze us\u0142ugi do t\u0142umacze\u0144 szerokiej gamy dokument\u00f3w biznesowych. W zwi\u0105zku z tym, jeste\u015bmy w stanie pom\u00f3c w Twoich planach ekspansji mi\u0119dzynarodowej. Poni\u017cej znajdziesz niepe\u0142ny wykaz dokument\u00f3w, kt\u00f3re cz\u0119sto t\u0142umaczymy z j\u0119zyka niemieckiego i na j\u0119zyk niemiecki:<\/p>\n\n\n\n<ul class=\"wp-block-list\"><li>Broszury<\/li><li>Ulotki<\/li><li>Wizyt\u00f3wki s\u0142u\u017cbowe<\/li><li>Publikacje<\/li><li>Kampanie<\/li><li>Strony internetowe<\/li><li>Katalogi<\/li><li>Prezentacje<\/li><li>Media reklamowe<\/li><li>Badania rynku<\/li><li>Newslettery biznesowe<\/li><li>Bia\u0142e ksi\u0119gi<\/li><li>Dokumenty reklamowe<\/li><\/ul>\n\n\n\n<h3 class=\"wp-block-heading\">&nbsp;T\u0142umaczenia biznesowe we wszystkich j\u0119zykach<\/h3>\n\n\n\n<ul class=\"wp-block-list\"><li><a href=\"https:\/\/culturesconnection.com\/pl\/nasze-francuskie-uslugi-tlumaczen-biznesowych\/\">T\u0142umaczenia biznesowe na j\u0119zyk francuski<\/a><\/li><li><a href=\"https:\/\/culturesconnection.com\/pl\/nasze-uslugi-tlumaczen-biznesowych-z-jezyka-hiszpanskiego\/\">T\u0142umaczenia biznesowe na j\u0119zyk hiszpa\u0144ski<\/a><\/li><li><a href=\"https:\/\/culturesconnection.com\/pl\/nasze-chinskie-tlumaczenia-biznesowe\/\">T\u0142umaczenia biznesowe na j\u0119zyk chi\u0144ski<\/a><\/li><li><a href=\"https:\/\/culturesconnection.com\/pl\/nasze-biznesowe-tlumaczenia-polsko-arabskie\/\">T\u0142umaczenia biznesowe na j\u0119zyk arabski<\/a><\/li><li><a href=\"https:\/\/culturesconnection.com\/pl\/?page_id=13391\">T\u0142umaczenia biznesowe na j\u0119zyk portugalski<\/a><\/li><li><a href=\"https:\/\/culturesconnection.com\/pl\/nasze-wloskie-tlumaczenia-biznesowe\/\">T\u0142umaczenia biznesowe na j\u0119zyk w\u0142oski<\/a><\/li><li><a href=\"https:\/\/culturesconnection.com\/pl\/nasze-niderlandzkie-uslugi-tlumaczen-biznesowych\/\">T\u0142umaczenia biznesowe na j\u0119zyk niderlandzki<\/a><\/li><li><a href=\"https:\/\/culturesconnection.com\/pl\/nasze-uslugi-tureckich-tlumaczen-biznesowych\/\">T\u0142umaczenia biznesowe na j\u0119zyk turecki<\/a><\/li><li><a href=\"https:\/\/culturesconnection.com\/pl\/nasze-japonskie-tlumaczenia-biznesowe\/\">T\u0142umaczenia biznesowe na j\u0119zyk japo\u0144ski<\/a><\/li><li><a href=\"https:\/\/culturesconnection.com\/pl\/nasze-rosyjskie-tlumaczenia-biznesowe\/\">T\u0142umaczenia biznesowe na j\u0119zyk rosyjski<\/a><\/li><\/ul>\n","protected":false},"excerpt":{"rendered":"<p>Polsko-niemieckie t\u0142umaczenia biznesowe s\u0105 kwesti\u0105 wiarygodno\u015bci T\u0142umaczenia biznesowe z j\u0119zyka niemieckiego i na j\u0119zyk niemiecki stanowi\u0105 du\u017ce wyzwanie dla ka\u017cdej firmy, kt\u00f3ra chce rozwin\u0105\u0107 swoj\u0105 [&#8230;]<\/p>\n<p><a class=\"btn btn-secondary understrap-read-more-link\" href=\"https:\/\/culturesconnection.com\/pl\/nasze-niemieckie-uslugi-tlumaczeniowe\/nasze-niemieckie-tlumaczenia-biznesowe\/\">Czytaj dalej\u2026<span class=\"screen-reader-text\"> from Nasze niemieckie t\u0142umaczenia biznesowe<\/span><\/a><\/p>\n","protected":false},"author":22,"featured_media":24334,"parent":11517,"menu_order":0,"comment_status":"closed","ping_status":"closed","template":"","meta":{"_acf_changed":false,"_editorskit_title_hidden":false,"_editorskit_reading_time":0,"_editorskit_is_block_options_detached":false,"_editorskit_block_options_position":"{}","footnotes":""},"class_list":["post-11509","page","type-page","status-publish","has-post-thumbnail","hentry"],"acf":[],"_links":{"self":[{"href":"https:\/\/culturesconnection.com\/pl\/wp-json\/wp\/v2\/pages\/11509","targetHints":{"allow":["GET"]}}],"collection":[{"href":"https:\/\/culturesconnection.com\/pl\/wp-json\/wp\/v2\/pages"}],"about":[{"href":"https:\/\/culturesconnection.com\/pl\/wp-json\/wp\/v2\/types\/page"}],"author":[{"embeddable":true,"href":"https:\/\/culturesconnection.com\/pl\/wp-json\/wp\/v2\/users\/22"}],"replies":[{"embeddable":true,"href":"https:\/\/culturesconnection.com\/pl\/wp-json\/wp\/v2\/comments?post=11509"}],"version-history":[{"count":0,"href":"https:\/\/culturesconnection.com\/pl\/wp-json\/wp\/v2\/pages\/11509\/revisions"}],"up":[{"embeddable":true,"href":"https:\/\/culturesconnection.com\/pl\/wp-json\/wp\/v2\/pages\/11517"}],"wp:featuredmedia":[{"embeddable":true,"href":"https:\/\/culturesconnection.com\/pl\/wp-json\/wp\/v2\/media\/24334"}],"wp:attachment":[{"href":"https:\/\/culturesconnection.com\/pl\/wp-json\/wp\/v2\/media?parent=11509"}],"curies":[{"name":"wp","href":"https:\/\/api.w.org\/{rel}","templated":true}]}}