{"id":11508,"date":"2018-11-05T10:20:57","date_gmt":"2018-11-05T08:20:57","guid":{"rendered":"http:\/\/culturesconnection.com\/?page_id=11508"},"modified":"2022-06-22T04:08:08","modified_gmt":"2022-06-22T02:08:08","slug":"nasze-francuskie-uslugi-tlumaczen-stron-internetowych","status":"publish","type":"page","link":"https:\/\/culturesconnection.com\/pl\/nasze-francuskie-uslugi-tlumaczeniowe\/nasze-francuskie-uslugi-tlumaczen-stron-internetowych\/","title":{"rendered":"Nasze francuskie us\u0142ugi t\u0142umacze\u0144 stron internetowych"},"content":{"rendered":"\n<h2 class=\"wp-block-heading\">Francuskie us\u0142ugi t\u0142umacze\u0144 stron internetowych<\/h2>\n\n\n\n<p>W dzisiejszych czasach j\u0119zyk francuski jest wszechobecny we wsp\u00f3\u0142czesnym spo\u0142ecze\u0144stwie. Miliony ludzi na ca\u0142ym \u015bwiecie pos\u0142uguj\u0105 si\u0119 nim. W zwi\u0105zku z tym, t\u0142umaczenie stron internetowych na j\u0119zyk francuski jest g\u0142\u00f3wnym atutem, kt\u00f3ry pozwoli Ci dotrze\u0107 do rynk\u00f3w francuskoj\u0119zycznych. Jest to krok w kierunku post\u0119pu w sprzeda\u017cy mi\u0119dzynarodowej, szczeg\u00f3lnie, je\u015bli Twoja strona opiera si\u0119 na handlu internetowym.<\/p>\n\n\n\n<h2 class=\"wp-block-heading\">Nasze biuro t\u0142umacze\u0144 lokalizuje Twoje strony internetowe<\/h2>\n\n\n\n<p>T\u0142umaczenie witryny na j\u0119zyk francuski umo\u017cliwi Tobie dost\u0119p do tysi\u0119cy potencjalnych klient\u00f3w. Nale\u017cy jednak pami\u0119ta\u0107, \u017ce kultura r\u00f3\u017cni si\u0119 w zale\u017cno\u015bci od kraju. Na przyk\u0142ad wiadomo\u015b\u0107 we Francji nie jest interpretowana w ten sam spos\u00f3b jak w Polsce. Dlatego te\u017c nale\u017cy dostosowa\u0107 zawarto\u015b\u0107 strony internetowej do kultury docelowej Twoich czytelnik\u00f3w. W agencji <a href=\"https:\/\/culturesconnection.com\/pl\/\">Cultures Connection<\/a> wsp\u00f3\u0142pracujemy z zespo\u0142em polsko-francuskich i francusko-polskich lingwist\u00f3w \u015bwiadcz\u0105cych francuskie us\u0142ugi t\u0142umacze\u0144 stron internetowych. Bez wzgl\u0119du na rodzaj <a href=\"https:\/\/culturesconnection.com\/pl\/profesjonalne-uslugi-tlumaczeniowe-we-wszystkich-jezykach\/\">us\u0142ug t\u0142umaczeniowych<\/a> przez nich oferowanych, ka\u017cdy cz\u0142onek naszego zespo\u0142u jest zatrudniony na podstawie jego umiej\u0119tno\u015bci, szkolenia i kwalifikacji. Nasi lingwi\u015bci maj\u0105 \u015bwiadomo\u015b\u0107 tego, \u017ce t\u0142umaczenie witryny internetowej b\u0119dzie odzwierciedla\u0107 wizerunek Twojej firmy, i dlatego bardzo powa\u017cnie podchodzimy do tego zadania. W agencji Cultures Connection Twoje projekty <a href=\"https:\/\/culturesconnection.com\/pl\/tlumaczenie-strony-internetowej-nasze-uslugi-tlumaczen-stron-internetowych\/\">t\u0142umaczenia stron internetowych<\/a> s\u0105 w dobrych r\u0119kach.<\/p>\n\n\n\n<h2 class=\"wp-block-heading\">Us\u0142ugi t\u0142umacze\u0144 stron internetowych na j\u0119zyk francuski<\/h2>\n\n\n\n<p>Dzia\u0142alno\u015b\u0107 naszej agencji obejmuje t\u0142umaczenia r\u00f3\u017cnych rodzaj\u00f3w materia\u0142\u00f3w audiowizualnych, w tym:<\/p>\n\n\n\n<ul class=\"wp-block-list\"><li>Zawarto\u015b\u0107 strony internetowej<\/li><li>Strony e-commerce<\/li><li>Aplikacje mobilne<\/li><li>Platformy obrotu<\/li><li>Karty produktu<\/li><\/ul>\n\n\n\n<h3 class=\"wp-block-heading\">&nbsp;T\u0142umaczenia stron internetowych we wszystkich j\u0119zykach<\/h3>\n\n\n\n<ul class=\"wp-block-list\"><li><a href=\"https:\/\/culturesconnection.com\/pl\/nasze-uslugi-tlumaczen-stron-internetowych-z-hiszpanskiego\/\">T\u0142umaczenia stron internetowych na j\u0119zyk hiszpa\u0144ski<\/a><\/li><li><a href=\"https:\/\/culturesconnection.com\/pl\/nasze-tlumaczenia-stron-internetowych-w-jezyku-niemieckim\/\">T\u0142umaczenia stron internetowych na j\u0119zyk niemiecki<\/a><\/li><li><a href=\"https:\/\/culturesconnection.com\/pl\/nasze-chinskie-tlumaczenia-stron-internetowych\/\">T\u0142umaczenia stron internetowych na j\u0119zyk chi\u0144ski<\/a><\/li><li><a href=\"https:\/\/culturesconnection.com\/pl\/nasze-uslugi-tlumaczen-arabskich-stron-internetowych\/\">T\u0142umaczenia stron internetowych na j\u0119zyk arabski<\/a><\/li><li><a href=\"https:\/\/culturesconnection.com\/pl\/?page_id=13396\">T\u0142umaczenia stron internetowych na j\u0119zyk portugalski<\/a><\/li><li><a href=\"https:\/\/culturesconnection.com\/pl\/uslugi-tlumaczen-stron-internetowych-z-wloskiego\/\">T\u0142umaczenia stron internetowych na j\u0119zyk w\u0142oski<\/a><\/li><li><a href=\"https:\/\/culturesconnection.com\/pl\/nasze-uslugi-tlumaczen-stron-internetowych-na-jezyk-niderlandzki\/\">T\u0142umaczenia stron internetowych na j\u0119zyk niderlandzki<\/a><\/li><li><a href=\"https:\/\/culturesconnection.com\/pl\/?page_id=13389\">T\u0142umaczenia stron internetowych na j\u0119zyk turecki<\/a><\/li><li><a href=\"https:\/\/culturesconnection.com\/pl\/nasze-japonskie-tlumaczenia-stron-internetowych\/\">T\u0142umaczenia stron internetowych na j\u0119zyk japo\u0144ski<\/a><\/li><li><a href=\"https:\/\/culturesconnection.com\/pl\/nasze-tlumaczenia-stron-internetowych-z-jezyka-rosyjskiego\/\">T\u0142umaczenia stron internetowych na j\u0119zyk rosyjski<\/a><\/li><\/ul>\n","protected":false},"excerpt":{"rendered":"<p>Francuskie us\u0142ugi t\u0142umacze\u0144 stron internetowych W dzisiejszych czasach j\u0119zyk francuski jest wszechobecny we wsp\u00f3\u0142czesnym spo\u0142ecze\u0144stwie. Miliony ludzi na ca\u0142ym \u015bwiecie pos\u0142uguj\u0105 si\u0119 nim. W zwi\u0105zku [&#8230;]<\/p>\n<p><a class=\"btn btn-secondary understrap-read-more-link\" href=\"https:\/\/culturesconnection.com\/pl\/nasze-francuskie-uslugi-tlumaczeniowe\/nasze-francuskie-uslugi-tlumaczen-stron-internetowych\/\">Czytaj dalej\u2026<span class=\"screen-reader-text\"> from Nasze francuskie us\u0142ugi t\u0142umacze\u0144 stron internetowych<\/span><\/a><\/p>\n","protected":false},"author":22,"featured_media":24334,"parent":11499,"menu_order":0,"comment_status":"closed","ping_status":"closed","template":"","meta":{"_acf_changed":false,"_editorskit_title_hidden":false,"_editorskit_reading_time":0,"_editorskit_is_block_options_detached":false,"_editorskit_block_options_position":"{}","footnotes":""},"class_list":["post-11508","page","type-page","status-publish","has-post-thumbnail","hentry"],"acf":[],"_links":{"self":[{"href":"https:\/\/culturesconnection.com\/pl\/wp-json\/wp\/v2\/pages\/11508","targetHints":{"allow":["GET"]}}],"collection":[{"href":"https:\/\/culturesconnection.com\/pl\/wp-json\/wp\/v2\/pages"}],"about":[{"href":"https:\/\/culturesconnection.com\/pl\/wp-json\/wp\/v2\/types\/page"}],"author":[{"embeddable":true,"href":"https:\/\/culturesconnection.com\/pl\/wp-json\/wp\/v2\/users\/22"}],"replies":[{"embeddable":true,"href":"https:\/\/culturesconnection.com\/pl\/wp-json\/wp\/v2\/comments?post=11508"}],"version-history":[{"count":0,"href":"https:\/\/culturesconnection.com\/pl\/wp-json\/wp\/v2\/pages\/11508\/revisions"}],"up":[{"embeddable":true,"href":"https:\/\/culturesconnection.com\/pl\/wp-json\/wp\/v2\/pages\/11499"}],"wp:featuredmedia":[{"embeddable":true,"href":"https:\/\/culturesconnection.com\/pl\/wp-json\/wp\/v2\/media\/24334"}],"wp:attachment":[{"href":"https:\/\/culturesconnection.com\/pl\/wp-json\/wp\/v2\/media?parent=11508"}],"curies":[{"name":"wp","href":"https:\/\/api.w.org\/{rel}","templated":true}]}}