{"id":11506,"date":"2018-11-05T10:34:38","date_gmt":"2018-11-05T08:34:38","guid":{"rendered":"http:\/\/culturesconnection.com\/?page_id=11506"},"modified":"2022-06-21T17:50:25","modified_gmt":"2022-06-21T15:50:25","slug":"nasze-francuskie-uslugi-tworzenia-napisow","status":"publish","type":"page","link":"https:\/\/culturesconnection.com\/pl\/nasze-francuskie-uslugi-tlumaczeniowe\/nasze-francuskie-uslugi-tworzenia-napisow\/","title":{"rendered":"Nasze francuskie us\u0142ugi tworzenia napis\u00f3w"},"content":{"rendered":"\n<h2 class=\"wp-block-heading\">Polsko-francuskie us\u0142ugi tworzenia napis\u00f3w<\/h2>\n\n\n\n<p>Dlaczego powiniene\u015b przet\u0142umaczy\u0107 swoje materia\u0142y audiowizualne na j\u0119zyk francuski? Odpowied\u017a jest prosta. Bez wzgl\u0119du na to, czy jest to dla telewizji, internetu, kina lub firm, korzystanie z us\u0142ug tworzenia napis\u00f3w i podk\u0142adu g\u0142osowego, umo\u017cliwia Twoim multimediom dotarcie do wi\u0119kszej liczby os\u00f3b. Je\u015bli chcesz, aby Twoja dzia\u0142alno\u015b\u0107 odnios\u0142a mi\u0119dzynarodowy sukces, nieuniknionym s\u0105 dubbing i stworzenie napis\u00f3w do Twoich materia\u0142\u00f3w. Ka\u017cdy rodzaj t\u0142umaczenia audiowizualnego w j\u0119zyku francuskim jest szczeg\u00f3lnie skomplikowanym zadaniem. Dlatego te\u017c, powiniene\u015b wybra\u0107 <a href=\"https:\/\/culturesconnection.com\/pl\/\">agencj\u0119 t\u0142umacze\u0144<\/a>, kt\u00f3ra najlepiej spe\u0142ni Twoje wymagania.<\/p>\n\n\n\n<h2 class=\"wp-block-heading\">Tworzenia napis\u00f3w w naszej agencji<\/h2>\n\n\n\n<p>W naszej agencji Cultures Connection posiadamy du\u017ce do\u015bwiadczenie w dziedzinie t\u0142umacze\u0144 audiowizualnych i w tworzeniu napis\u00f3w, ale r\u00f3wnie\u017c w wielu innych <a href=\"https:\/\/culturesconnection.com\/pl\/profesjonalne-uslugi-tlumaczeniowe-we-wszystkich-jezykach\/\">us\u0142ugach t\u0142umaczeniowych<\/a>. Wsp\u00f3\u0142pracujemy r\u00f3wnie\u017c z wieloma polsko-francuskimi i francusko-polskimi t\u0142umaczami. Zostali oni wybrani, poniewa\u017c wyr\u00f3\u017cniaj\u0105 si\u0119 w tym co robi\u0105. S\u0105 wysoko wykwalifikowani i dlatego b\u0119d\u0105 w stanie dok\u0142adnie przepisa\u0107 Twoje filmy i teksty audio, aby te sta\u0142y si\u0119 dost\u0119pne dla szerszej publiczno\u015bci. Oferujemy r\u00f3\u017cne rodzaje <a href=\"https:\/\/culturesconnection.com\/pl\/nasze-uslugi-tworzenia-napisow\/\">us\u0142ug audiowizualnych<\/a>: transkrypcje, t\u0142umaczenie, dostosowanie napis\u00f3w, podk\u0142ad g\u0142osowy&#8230; Mo\u017cesz na nas polega\u0107. Z ca\u0142\u0105 pewno\u015bci\u0105 spe\u0142nimy Twoje oczekiwania, wykonuj\u0105c francuskie us\u0142ugi tworzenia napis\u00f3w.<\/p>\n\n\n\n<h2 class=\"wp-block-heading\">T\u0142umaczenie materia\u0142\u00f3w audiowizualnych na j\u0119zyk francuski<\/h2>\n\n\n\n<p>Wszystkie rodzaje dokument\u00f3w audiowizualnych spisujemy tak dok\u0142adnie, jak jest to mo\u017cliwe:<\/p>\n\n\n\n<ul class=\"wp-block-list\"><li>Filmy reklamowe i komercyjne<\/li><li>Filmy korporacyjne<\/li><li>Filmy instytucjonalne<\/li><li>Teksty d\u017awi\u0119kowe<\/li><li>Filmy dokumentalne<\/li><li>Gry wideo<\/li><\/ul>\n\n\n\n<h3 class=\"wp-block-heading\">&nbsp;Us\u0142ugi tworzenia napis\u00f3w na wszystkie j\u0119zyki<\/h3>\n\n\n\n<ul class=\"wp-block-list\"><li><a href=\"https:\/\/culturesconnection.com\/pl\/nasze-uslugi-tworzenia-napisow-z-hiszpanskiego\/\">Tworzenie napis\u00f3w na j\u0119zyk hiszpa\u0144ski<\/a><\/li><li><a href=\"https:\/\/culturesconnection.com\/pl\/nasze-polsko-niemieckie-uslugi-tworzenia-napisow\/\">Tworzenie napis\u00f3w na j\u0119zyk niemiecki<\/a><\/li><li><a href=\"https:\/\/culturesconnection.com\/pl\/nasze-chinskie-uslugi-tworzenia-napisow\/\">Tworzenie napis\u00f3w na j\u0119zyk chi\u0144ski<\/a><\/li><li><a href=\"https:\/\/culturesconnection.com\/pl\/nasze-arabskie-uslugi-tworzenia-napisow\/\">Tworzenie napis\u00f3w na j\u0119zyk arabski<\/a><\/li><li><a href=\"https:\/\/culturesconnection.com\/pl\/nasze-uslugi-tworzenia-napisow-z-jezyka-portugalskiego\/\">Tworzenie napis\u00f3w na j\u0119zyk portugalski<\/a><\/li><li><a href=\"https:\/\/culturesconnection.com\/pl\/nasze-wloskie-uslugi-tworzenia-napisow\/\">Tworzenie napis\u00f3w na j\u0119zyk w\u0142oski<\/a><\/li><li><a href=\"https:\/\/culturesconnection.com\/pl\/niderlandzkie-uslugi-tworzenia-napisow\/\">Tworzenie napis\u00f3w na j\u0119zyk niderlandzki<\/a><\/li><li><a href=\"https:\/\/culturesconnection.com\/pl\/?page_id=13387\">Tworzenie napis\u00f3w na j\u0119zyk turecki<\/a><\/li><li><a href=\"https:\/\/culturesconnection.com\/pl\/nasze-japonskie-uslugi-w-zakresie-tworzenia-napisow\/\">Tworzenie napis\u00f3w na j\u0119zyk japo\u0144ski<\/a><\/li><li><a href=\"https:\/\/culturesconnection.com\/pl\/nasze-uslugi-tworzenia-napisow-z-rosyjskiego\/\">Tworzenie napis\u00f3w na j\u0119zyk rosyjski<\/a><\/li><\/ul>\n","protected":false},"excerpt":{"rendered":"<p>Polsko-francuskie us\u0142ugi tworzenia napis\u00f3w Dlaczego powiniene\u015b przet\u0142umaczy\u0107 swoje materia\u0142y audiowizualne na j\u0119zyk francuski? Odpowied\u017a jest prosta. Bez wzgl\u0119du na to, czy jest to dla telewizji, [&#8230;]<\/p>\n<p><a class=\"btn btn-secondary understrap-read-more-link\" href=\"https:\/\/culturesconnection.com\/pl\/nasze-francuskie-uslugi-tlumaczeniowe\/nasze-francuskie-uslugi-tworzenia-napisow\/\">Czytaj dalej\u2026<span class=\"screen-reader-text\"> from Nasze francuskie us\u0142ugi tworzenia napis\u00f3w<\/span><\/a><\/p>\n","protected":false},"author":22,"featured_media":24334,"parent":11499,"menu_order":0,"comment_status":"closed","ping_status":"closed","template":"","meta":{"_acf_changed":false,"_editorskit_title_hidden":false,"_editorskit_reading_time":0,"_editorskit_is_block_options_detached":false,"_editorskit_block_options_position":"{}","footnotes":""},"class_list":["post-11506","page","type-page","status-publish","has-post-thumbnail","hentry"],"acf":[],"_links":{"self":[{"href":"https:\/\/culturesconnection.com\/pl\/wp-json\/wp\/v2\/pages\/11506","targetHints":{"allow":["GET"]}}],"collection":[{"href":"https:\/\/culturesconnection.com\/pl\/wp-json\/wp\/v2\/pages"}],"about":[{"href":"https:\/\/culturesconnection.com\/pl\/wp-json\/wp\/v2\/types\/page"}],"author":[{"embeddable":true,"href":"https:\/\/culturesconnection.com\/pl\/wp-json\/wp\/v2\/users\/22"}],"replies":[{"embeddable":true,"href":"https:\/\/culturesconnection.com\/pl\/wp-json\/wp\/v2\/comments?post=11506"}],"version-history":[{"count":0,"href":"https:\/\/culturesconnection.com\/pl\/wp-json\/wp\/v2\/pages\/11506\/revisions"}],"up":[{"embeddable":true,"href":"https:\/\/culturesconnection.com\/pl\/wp-json\/wp\/v2\/pages\/11499"}],"wp:featuredmedia":[{"embeddable":true,"href":"https:\/\/culturesconnection.com\/pl\/wp-json\/wp\/v2\/media\/24334"}],"wp:attachment":[{"href":"https:\/\/culturesconnection.com\/pl\/wp-json\/wp\/v2\/media?parent=11506"}],"curies":[{"name":"wp","href":"https:\/\/api.w.org\/{rel}","templated":true}]}}