{"id":11505,"date":"2018-11-02T18:10:57","date_gmt":"2018-11-02T16:10:57","guid":{"rendered":"http:\/\/culturesconnection.com\/?page_id=11505"},"modified":"2022-06-21T03:01:06","modified_gmt":"2022-06-21T01:01:06","slug":"nasze-francuskie-uslugi-tlumaczen-naukowych","status":"publish","type":"page","link":"https:\/\/culturesconnection.com\/pl\/nasze-francuskie-uslugi-tlumaczeniowe\/nasze-francuskie-uslugi-tlumaczen-naukowych\/","title":{"rendered":"Nasze francuskie us\u0142ugi t\u0142umacze\u0144 naukowych"},"content":{"rendered":"\n<h2 class=\"wp-block-heading\">Polsko-francuskie us\u0142ugi t\u0142umacze\u0144 naukowych: przede wszystkim dok\u0142adno\u015b\u0107<\/h2>\n\n\n\n<p>Ka\u017cdy dokument naukowy zawiera z\u0142o\u017con\u0105 terminologi\u0119 specjalistyczn\u0105. Tylko lingwista specjalizuj\u0105cy si\u0119 w naukowych t\u0142umaczeniach w j\u0119zyku francuskim jest w stanie wykona\u0107 taki projekt i dostarczy\u0107 Tobie produkt wysokiej jako\u015bci.<\/p>\n\n\n\n<p>Bez wzgl\u0119du na rodzaj Twojego dokumentu naukowego, nasza <a href=\"https:\/\/culturesconnection.com\/pl\/\">agencja t\u0142umacze\u0144<\/a> gwarantuje, \u017ce zostanie on zlecony najbardziej kompetentnym t\u0142umaczom i korektorom, kt\u00f3rzy b\u0119d\u0105 w stanie poradzi\u0107 sobie z zawart\u0105 w nim specjalistyczn\u0105 terminologi\u0105, wykonuj\u0105c profesjonalne francuskie us\u0142ugi t\u0142umacze\u0144 naukowych. Nasi t\u0142umacze naukowi s\u0105 wybrani na podstawie ich wykszta\u0142cenia, kwalifikacji, do\u015bwiadczenia i znajomo\u015bci terminologii zwi\u0105zanej z projektem. Nasze obszary specjalizacji s\u0105 zr\u00f3\u017cnicowane: biotechnologia, zoologia, odnawialne \u017ar\u00f3d\u0142a energii, zr\u00f3wnowa\u017cony rozw\u00f3j, zdrowie, \u017cywno\u015b\u0107, fizjologia molekularna&#8230; i wiele innych.<\/p>\n\n\n\n<h2 class=\"wp-block-heading\">Nasza agencja t\u0142umacze\u0144<\/h2>\n\n\n\n<p>T\u0142umaczenie dokument\u00f3w naukowych z francuskiego na polski i z polskiego na francuski jest integraln\u0105 cz\u0119\u015bci\u0105 naszej pracy. Cultures Connection oferuje \u015bwietne <a href=\"https:\/\/culturesconnection.com\/pl\/profesjonalne-uslugi-tlumaczeniowe-we-wszystkich-jezykach\/\">us\u0142ugi t\u0142umaczeniowe<\/a> i upewnia si\u0119, \u017ce proces Twojego <a href=\"https:\/\/culturesconnection.com\/pl\/nasze-tlumaczenia-materialow-naukowych\/\">t\u0142umaczenia naukowego<\/a> przebiega p\u0142ynnie od pocz\u0105tku do ko\u0144ca. Ju\u017c przed rozpocz\u0119ciem procesu t\u0142umaczenia odpowiednio sprawdzamy terminologi\u0119, zapewniaj\u0105c w ten spos\u00f3b, \u017ce wszystkie fachowe poj\u0119cia s\u0105 w\u0142a\u015bciwie identyfikowane w ca\u0142ym t\u0142umaczonym dokumencie. Maj\u0105c pe\u0142n\u0105 \u015bwiadomo\u015b\u0107, \u017ce jedno s\u0142owo mo\u017ce mie\u0107 wiele t\u0142umacze\u0144, zwracamy uwag\u0119 na u\u017cywanie tylko dok\u0142adnych odpowiednik\u00f3w w tek\u015bcie docelowym, aby zachowa\u0107 warto\u015b\u0107 i dok\u0142adno\u015b\u0107 dokumentu \u017ar\u00f3d\u0142owego. Dlatego te\u017c u\u017cywamy materia\u0142\u00f3w pomocniczych, aby si\u0119 odnie\u015b\u0107 do tego samego tematu.<\/p>\n\n\n\n<h2 class=\"wp-block-heading\">T\u0142umaczenie dokument\u00f3w naukowych na j\u0119zyk francuski<\/h2>\n\n\n\n<p>T\u0142umaczymy szerok\u0105 gam\u0119 dokument\u00f3w naukowych z j\u0119zyka francuskiego i na j\u0119zyk francuski. Poni\u017cej znajduje si\u0119 przegl\u0105d:<\/p>\n\n\n\n<ul class=\"wp-block-list\"><li>Leksykony, encyklopedie naukowe i s\u0142owniki<\/li><li>Dokumenty techniczne i artyku\u0142y naukowe<\/li><li>Podr\u0119czniki operatora i instrukcje obs\u0142ugi<\/li><li>Badania laboratoryjne, protoko\u0142y bada\u0144<\/li><li>Dokumenty prawne, patenty i wytyczne<\/li><li>Specyfikacje<\/li><li>Mi\u0119dzynarodowe badania projektu i rynku<\/li><li>Oprogramowania symulacyjne (biotechnologia, \u015brodowisko, przekszta\u0142cenie teren\u00f3w przemys\u0142owych)<\/li><li>Prezentacje multimedialne i wideo<\/li><li>T\u0142umaczenie i lokalizacja stron internetowych<\/li><li>T\u0142umaczenie podr\u0119cznik\u00f3w technicznych, prezentacje konferencyjne<\/li><\/ul>\n\n\n\n<h2 class=\"wp-block-heading\">T\u0142umaczenia naukowe we wszystkich j\u0119zykach<\/h2>\n\n\n\n<ul class=\"wp-block-list\"><li><a href=\"https:\/\/culturesconnection.com\/pl\/nasze-tlumaczenia-naukowe-z-jezyka-hiszpanskiego\/\">T\u0142umaczenia naukowe na j\u0119zyk hiszpa\u0144ski<\/a><\/li><li><a href=\"https:\/\/culturesconnection.com\/pl\/nasze-niemieckie-uslugi-tlumaczen-naukowych\/\">T\u0142umaczenia naukowe na j\u0119zyk niemiecki<\/a><\/li><li><a href=\"https:\/\/culturesconnection.com\/pl\/nasze-tlumaczenia-naukowe-z-jezyka-chinskiego\/\">T\u0142umaczenia naukowe na j\u0119zyk chi\u0144ski<\/a><\/li><li><a href=\"https:\/\/culturesconnection.com\/pl\/nasze-arabskie-uslugi-tlumaczen-naukowych\/\">T\u0142umaczenia naukowe na j\u0119zyk arabski<\/a><\/li><li><a href=\"https:\/\/culturesconnection.com\/pl\/?page_id=13394\">T\u0142umaczenia naukowe na j\u0119zyk portugalski<\/a><\/li><li><a href=\"https:\/\/culturesconnection.com\/pl\/nasze-wloskie-tlumaczenia-naukowe\/\">T\u0142umaczenia naukowe na j\u0119zyk w\u0142oski<\/a><\/li><li><a href=\"https:\/\/culturesconnection.com\/pl\/nasze-niderlandzkie-uslugi-tlumaczen-naukowych\/\">T\u0142umaczenia naukowe na j\u0119zyk niderlandzki<\/a><\/li><li><a href=\"https:\/\/culturesconnection.com\/pl\/?page_id=13386\">T\u0142umaczenia naukowe na j\u0119zyk turecki<\/a><\/li><li><a href=\"https:\/\/culturesconnection.com\/pl\/nasze-japonskie-uslugi-tlumaczen-naukowych\/\">T\u0142umaczenia naukowe na j\u0119zyk japo\u0144ski<\/a><\/li><li><a href=\"https:\/\/culturesconnection.com\/pl\/nasze-tlumaczenia-naukowe-z-jezyka-rosyjskiego\/\">T\u0142umaczenia naukowe na j\u0119zyk rosyjski<\/a><\/li><\/ul>\n","protected":false},"excerpt":{"rendered":"<p>Polsko-francuskie us\u0142ugi t\u0142umacze\u0144 naukowych: przede wszystkim dok\u0142adno\u015b\u0107 Ka\u017cdy dokument naukowy zawiera z\u0142o\u017con\u0105 terminologi\u0119 specjalistyczn\u0105. Tylko lingwista specjalizuj\u0105cy si\u0119 w naukowych t\u0142umaczeniach w j\u0119zyku francuskim jest [&#8230;]<\/p>\n<p><a class=\"btn btn-secondary understrap-read-more-link\" href=\"https:\/\/culturesconnection.com\/pl\/nasze-francuskie-uslugi-tlumaczeniowe\/nasze-francuskie-uslugi-tlumaczen-naukowych\/\">Czytaj dalej\u2026<span class=\"screen-reader-text\"> from Nasze francuskie us\u0142ugi t\u0142umacze\u0144 naukowych<\/span><\/a><\/p>\n","protected":false},"author":22,"featured_media":24334,"parent":11499,"menu_order":0,"comment_status":"closed","ping_status":"closed","template":"","meta":{"_acf_changed":false,"_editorskit_title_hidden":false,"_editorskit_reading_time":0,"_editorskit_is_block_options_detached":false,"_editorskit_block_options_position":"{}","footnotes":""},"class_list":["post-11505","page","type-page","status-publish","has-post-thumbnail","hentry"],"acf":[],"_links":{"self":[{"href":"https:\/\/culturesconnection.com\/pl\/wp-json\/wp\/v2\/pages\/11505","targetHints":{"allow":["GET"]}}],"collection":[{"href":"https:\/\/culturesconnection.com\/pl\/wp-json\/wp\/v2\/pages"}],"about":[{"href":"https:\/\/culturesconnection.com\/pl\/wp-json\/wp\/v2\/types\/page"}],"author":[{"embeddable":true,"href":"https:\/\/culturesconnection.com\/pl\/wp-json\/wp\/v2\/users\/22"}],"replies":[{"embeddable":true,"href":"https:\/\/culturesconnection.com\/pl\/wp-json\/wp\/v2\/comments?post=11505"}],"version-history":[{"count":0,"href":"https:\/\/culturesconnection.com\/pl\/wp-json\/wp\/v2\/pages\/11505\/revisions"}],"up":[{"embeddable":true,"href":"https:\/\/culturesconnection.com\/pl\/wp-json\/wp\/v2\/pages\/11499"}],"wp:featuredmedia":[{"embeddable":true,"href":"https:\/\/culturesconnection.com\/pl\/wp-json\/wp\/v2\/media\/24334"}],"wp:attachment":[{"href":"https:\/\/culturesconnection.com\/pl\/wp-json\/wp\/v2\/media?parent=11505"}],"curies":[{"name":"wp","href":"https:\/\/api.w.org\/{rel}","templated":true}]}}