{"id":11504,"date":"2018-11-02T17:24:28","date_gmt":"2018-11-02T15:24:28","guid":{"rendered":"http:\/\/culturesconnection.com\/?page_id=11504"},"modified":"2022-06-18T22:44:24","modified_gmt":"2022-06-18T20:44:24","slug":"nasze-francuskie-tlumaczenia-medyczne","status":"publish","type":"page","link":"https:\/\/culturesconnection.com\/pl\/nasze-francuskie-uslugi-tlumaczeniowe\/nasze-francuskie-tlumaczenia-medyczne\/","title":{"rendered":"Nasze francuskie t\u0142umaczenia medyczne"},"content":{"rendered":"\n<h2 class=\"wp-block-heading\">Polsko-francuskie t\u0142umaczenia medyczne: przede wszystkim precyzja<\/h2>\n\n\n\n<p>Francuskie t\u0142umaczenia medyczne s\u0105 jednym z najbardziej skomplikowanych obszar\u00f3w t\u0142umaczenia. Tre\u015b\u0107 tego typu tekst\u00f3w wyra\u017cona jest poprzez konkretn\u0105 i niezwykle specyficzn\u0105 terminologi\u0119. T\u0142umaczenie medyczne opiera si\u0119 na wielu elementach, kt\u00f3re obejmuj\u0105 r\u00f3\u017cne specjalno\u015bci. Lekarz og\u00f3lny, onkolog i kardiolog pracuj\u0105 w r\u00f3\u017cnych dziedzinach. W przypadku t\u0142umaczenia jest podobnie. T\u0142umacz medyczny b\u0119dzie musia\u0142 skupi\u0107 si\u0119 na tekstach, kt\u00f3re s\u0105 cz\u0119\u015bci\u0105 dziedziny, w kt\u00f3rej si\u0119 on specjalizuje. W agencji <a href=\"https:\/\/culturesconnection.com\/pl\/\">Cultures Connection<\/a> jeste\u015bmy \u015bwiadomi jak wa\u017cna jest dok\u0142adno\u015b\u0107 w tekstach medycznych, dlatego te\u017c do wsp\u00f3\u0142pracy wybieramy francuskich t\u0142umaczy, kt\u00f3rzy specjalizuj\u0105 si\u0119 w dziedzinie Twojego projektu.<\/p>\n\n\n\n<h2 class=\"wp-block-heading\">Szukasz agencji t\u0142umacze\u0144 medycznych?<\/h2>\n\n\n\n<p>W naszym biurze ju\u017c od lat specjalizujemy si\u0119 w dziedzinie t\u0142umacze\u0144 medycznych z j\u0119zyka francuskiego i na j\u0119zyk francuski i \u015bwiadczymy \u015bwietne <a href=\"https:\/\/culturesconnection.com\/pl\/profesjonalne-uslugi-tlumaczeniowe-we-wszystkich-jezykach\/\">us\u0142ugi t\u0142umaczeniowe<\/a>. W tym okresie stworzyli\u015bmy rozleg\u0142\u0105 baz\u0119 ekspert\u00f3w specjalizuj\u0105cych si\u0119 w r\u00f3\u017cnych dziedzinach i ekspert\u00f3w posiadaj\u0105cych bogat\u0105 wiedz\u0119 na temat terminologii medycznej w j\u0119zyku francuskim. Czy Tw\u00f3j dokument jest na temat wirusologii, wzajemnego oddzia\u0142ywania pomi\u0119dzy \u017cywicielem a czynnikiem chorobotw\u00f3rczym lub na temat biomedycyny? Mamy t\u0142umacza jakiego potrzebujesz! Zajmujemy si\u0119 wszystkimi zagadnieniami medycznymi i zapewniamy niezawodno\u015b\u0107 oraz wysok\u0105 jako\u015b\u0107 t\u0142umaczenia.<\/p>\n\n\n\n<h2 class=\"wp-block-heading\">T\u0142umaczenie dokument\u00f3w medycznych na j\u0119zyk francuski<\/h2>\n\n\n\n<p><a href=\"https:\/\/culturesconnection.com\/pl\/nasze-uslugi-tlumaczen-medycznych\/\">Dokumenty medyczne<\/a> wyst\u0119puj\u0105 w wielu odmianach. Poni\u017cej znajdziesz wykaz tekst\u00f3w, kt\u00f3re t\u0142umaczymy na co dzie\u0144:<\/p>\n\n\n\n<ul class=\"wp-block-list\"><li>Czasopisma<\/li><li>Relacje z konferencji<\/li><li>Publikacje<\/li><li>Sprawozdania z projekt\u00f3w i bada\u0144<\/li><li>Wyniki bada\u0144 naukowych i doniesienia naukowe<\/li><li>Prace u\u017cyteczno\u015bci publicznej<\/li><li>Raporty bada\u0144<\/li><li>Kwestionariusze<\/li><li>Ulotki<\/li><li>Dozowanie dla nowych produkt\u00f3w<\/li><li>Wyniki bada\u0144 klinicznych<\/li><li>Prawo farmaceutyczne<\/li><li>Raporty medyczne<\/li><\/ul>\n\n\n\n<h3 class=\"wp-block-heading\">&nbsp;T\u0142umaczenia medyczne we wszystkich j\u0119zykach<\/h3>\n\n\n\n<ul class=\"wp-block-list\"><li><a href=\"https:\/\/culturesconnection.com\/pl\/nasze-tlumaczenia-medyczne-z-jezyka-hiszpanskiego\/\">T\u0142umaczenia medyczne na j\u0119zyk hiszpa\u0144ski<\/a><\/li><li><a href=\"https:\/\/culturesconnection.com\/pl\/nasze-niemieckie-tlumaczenia-medyczne\/\">T\u0142umaczenia medyczne na j\u0119zyk niemiecki<\/a><\/li><li><a href=\"https:\/\/culturesconnection.com\/pl\/nasze-chinskie-tlumaczenia-medyczne\/\">T\u0142umaczenia medyczne na j\u0119zyk chi\u0144ski<\/a><\/li><li><a href=\"https:\/\/culturesconnection.com\/pl\/nasze-arabskie-tlumaczenia-medyczne\/\">T\u0142umaczenia medyczne na j\u0119zyk arabski<\/a><\/li><li><a href=\"https:\/\/culturesconnection.com\/pl\/?page_id=13393\">T\u0142umaczenia medyczne na j\u0119zyk portugalski<\/a><\/li><li><a href=\"https:\/\/culturesconnection.com\/pl\/nasze-wloskie-tlumaczenia-medyczne\/\">T\u0142umaczenia medyczne na j\u0119zyk w\u0142oski<\/a><\/li><li><a href=\"https:\/\/culturesconnection.com\/pl\/nasze-niderlandzkie-uslugi-tlumaczen-medycznych\/\">T\u0142umaczenia medyczne na j\u0119zyk niderlandzki<\/a><\/li><li><a href=\"https:\/\/culturesconnection.com\/pl\/?page_id=13385\">T\u0142umaczenia medyczne na j\u0119zyk turecki<\/a><\/li><li><a href=\"https:\/\/culturesconnection.com\/pl\/nasze-japonskie-tlumaczenia-medyczne\/\">T\u0142umaczenia medyczne na j\u0119zyk japo\u0144ski<\/a><\/li><li><a href=\"https:\/\/culturesconnection.com\/pl\/nasze-medyczne-tlumaczenia-z-jezyka-rosyjskiego\/\">T\u0142umaczenia medyczne na j\u0119zyk rosyjski<\/a><\/li><\/ul>\n","protected":false},"excerpt":{"rendered":"<p>Polsko-francuskie t\u0142umaczenia medyczne: przede wszystkim precyzja Francuskie t\u0142umaczenia medyczne s\u0105 jednym z najbardziej skomplikowanych obszar\u00f3w t\u0142umaczenia. Tre\u015b\u0107 tego typu tekst\u00f3w wyra\u017cona jest poprzez konkretn\u0105 i [&#8230;]<\/p>\n<p><a class=\"btn btn-secondary understrap-read-more-link\" href=\"https:\/\/culturesconnection.com\/pl\/nasze-francuskie-uslugi-tlumaczeniowe\/nasze-francuskie-tlumaczenia-medyczne\/\">Czytaj dalej\u2026<span class=\"screen-reader-text\"> from Nasze francuskie t\u0142umaczenia medyczne<\/span><\/a><\/p>\n","protected":false},"author":22,"featured_media":24334,"parent":11499,"menu_order":0,"comment_status":"closed","ping_status":"closed","template":"","meta":{"_acf_changed":false,"_editorskit_title_hidden":false,"_editorskit_reading_time":0,"_editorskit_is_block_options_detached":false,"_editorskit_block_options_position":"{}","footnotes":""},"class_list":["post-11504","page","type-page","status-publish","has-post-thumbnail","hentry"],"acf":[],"_links":{"self":[{"href":"https:\/\/culturesconnection.com\/pl\/wp-json\/wp\/v2\/pages\/11504","targetHints":{"allow":["GET"]}}],"collection":[{"href":"https:\/\/culturesconnection.com\/pl\/wp-json\/wp\/v2\/pages"}],"about":[{"href":"https:\/\/culturesconnection.com\/pl\/wp-json\/wp\/v2\/types\/page"}],"author":[{"embeddable":true,"href":"https:\/\/culturesconnection.com\/pl\/wp-json\/wp\/v2\/users\/22"}],"replies":[{"embeddable":true,"href":"https:\/\/culturesconnection.com\/pl\/wp-json\/wp\/v2\/comments?post=11504"}],"version-history":[{"count":0,"href":"https:\/\/culturesconnection.com\/pl\/wp-json\/wp\/v2\/pages\/11504\/revisions"}],"up":[{"embeddable":true,"href":"https:\/\/culturesconnection.com\/pl\/wp-json\/wp\/v2\/pages\/11499"}],"wp:featuredmedia":[{"embeddable":true,"href":"https:\/\/culturesconnection.com\/pl\/wp-json\/wp\/v2\/media\/24334"}],"wp:attachment":[{"href":"https:\/\/culturesconnection.com\/pl\/wp-json\/wp\/v2\/media?parent=11504"}],"curies":[{"name":"wp","href":"https:\/\/api.w.org\/{rel}","templated":true}]}}