{"id":11502,"date":"2018-11-02T17:42:58","date_gmt":"2018-11-02T15:42:58","guid":{"rendered":"http:\/\/culturesconnection.com\/?page_id=11502"},"modified":"2022-06-19T01:43:02","modified_gmt":"2022-06-18T23:43:02","slug":"nasze-francuskie-tlumaczenia-prawne","status":"publish","type":"page","link":"https:\/\/culturesconnection.com\/pl\/nasze-francuskie-uslugi-tlumaczeniowe\/nasze-francuskie-tlumaczenia-prawne\/","title":{"rendered":"Nasze francuskie t\u0142umaczenia prawne"},"content":{"rendered":"\n<h2 class=\"wp-block-heading\">Polsko-francuskie t\u0142umaczenia prawne s\u0105 wyzwaniem<\/h2>\n\n\n\n<p>T\u0142umaczenie prawne z j\u0119zyka francuskiego lub na j\u0119zyk francuski nale\u017cy do szczeg\u00f3lnie skomplikowanych zada\u0144, kt\u00f3re wymagaj\u0105 g\u0142\u0119bokiego zrozumienia j\u0119zyka, jak r\u00f3wnie\u017c dobrych kwalifikacji i kompetencji w dziedzinie prawa. W rzeczy samej, pewna terminologia prawna i koncepcje nie maj\u0105 odpowiednik\u00f3w w niekt\u00f3rych krajach lub jurysdykcjach. Wtedy w\u0142a\u015bnie zaleca si\u0119 skorzystanie z us\u0142ug profesjonalnego t\u0142umacza wykonuj\u0105cego francuskie t\u0142umaczenia prawne.<\/p>\n\n\n\n<h2 class=\"wp-block-heading\">Nasza agencja t\u0142umacze\u0144 prawnych<\/h2>\n\n\n\n<p>Nasza <a href=\"https:\/\/culturesconnection.com\/pl\/\">agencja t\u0142umaczeniowa<\/a> oferuje klientom wsp\u00f3\u0142prac\u0119 z rozleg\u0142\u0105 baz\u0105 profesjonalnych lingwist\u00f3w, kt\u00f3rzy w szczeg\u00f3lno\u015bci specjalizuj\u0105 si\u0119 w t\u0142umaczeniach prawnych na j\u0119zyk francuski. S\u0105 oni wysoko wykwalifikowani i wybrani przez nas na podstawie swoich umiej\u0119tno\u015bci i do\u015bwiadczenia w zakresie t\u0142umacze\u0144 prawnych. Oczywi\u015bcie Ci t\u0142umacze posiadaj\u0105 dog\u0142\u0119bn\u0105 znajomo\u015b\u0107 zagadnie\u0144 prawnych i s\u0105 w stanie pracowa\u0107 szybko, jednocze\u015bnie oferuj\u0105c niezawodno\u015b\u0107, precyzj\u0119 i wysok\u0105 jako\u015b\u0107. Bez wzgl\u0119du na rodzaj oferowanej przez nas <a href=\"https:\/\/culturesconnection.com\/pl\/profesjonalne-uslugi-tlumaczeniowe-we-wszystkich-jezykach\/\">us\u0142ugi t\u0142umaczeniowej<\/a> wszyscy nasi wsp\u00f3\u0142pracownicy s\u0105 oceniani podczas ca\u0142ej kolaboracji. Upewniamy si\u0119 w ten spos\u00f3b, \u017ce spe\u0142niaj\u0105 oni nasze \u015bcis\u0142e i wymagaj\u0105ce kryteria.<\/p>\n\n\n\n<h2 class=\"wp-block-heading\">T\u0142umaczenie dokument\u00f3w prawnych na j\u0119zyk francuski<\/h2>\n\n\n\n<p>Cultures Connection&nbsp;t\u0142umaczy wiele <a href=\"https:\/\/culturesconnection.com\/pl\/nasze-tlumaczenia-dokumentow-prawnych\/\">dokument\u00f3w prawnych<\/a> na j\u0119zyk francuski. Tematy i rodzaje dokument\u00f3w prawnych s\u0105 bardzo zr\u00f3\u017cnicowane, ale wszystkie z nich wymagaj\u0105 od t\u0142umacza zdyscyplinowania pod wzgl\u0119dem dok\u0142adno\u015bci i precyzyjnego wyboru w\u0142a\u015bciwej terminologii. Nasi klienci zlecaj\u0105 nam mi\u0119dzy innymi:<\/p>\n\n\n\n<ul class=\"wp-block-list\"><li>Umowy dystrybucji, sprzeda\u017cy i zatrudnienia<\/li><li>Z\u0142o\u017cenie skargi<\/li><li>Procedury prawne<\/li><li>Regulaminy<\/li><li>Ekspertyzy<\/li><li>Regulacje<\/li><li>Rejestr spadkowy<\/li><li>Pozwy rozwodowe<\/li><li>Klauzule o zakazie konkurencji i klauzule poufno\u015bci<\/li><li>Listy intencyjne<\/li><li>Dokumenty pe\u0142nomocnictwa<\/li><li>S\u0105dowe dokumenty zwalniaj\u0105ce od odpowiedzialno\u015bci<\/li><li>Dokumenty statutowe<\/li><\/ul>\n\n\n\n<h2 class=\"wp-block-heading\">T\u0142umaczenia prawne we wszystkich j\u0119zykach<\/h2>\n\n\n\n<ul class=\"wp-block-list\"><li><a href=\"https:\/\/culturesconnection.com\/pl\/nasze-prawnicze-uslugi-tlumaczeniowe-z-jezyka-hiszpanskiego\/\">T\u0142umaczenia prawne na j\u0119zyk hiszpa\u0144ski<\/a><\/li><li><a href=\"https:\/\/culturesconnection.com\/pl\/nasze-niemieckie-tlumaczenia-prawne\/\">T\u0142umaczenia prawne na j\u0119zyk niemiecki<\/a><\/li><li><a href=\"https:\/\/culturesconnection.com\/pl\/nasze-chinskie-uslugi-tlumaczen-prawnych\/\">T\u0142umaczenia prawne na j\u0119zyk chi\u0144ski<\/a><\/li><li><a href=\"https:\/\/culturesconnection.com\/pl\/nasze-arabskie-tlumaczenia-prawne\/\">T\u0142umaczenia prawne na j\u0119zyk arabski<\/a><\/li><li><a href=\"https:\/\/culturesconnection.com\/pl\/nasze-portugalskie-tlumaczenia-prawne\/\">T\u0142umaczenia prawne na j\u0119zyk portugalski<\/a><\/li><li><a href=\"https:\/\/culturesconnection.com\/pl\/nasze-wloskie-tlumaczenia-prawne\/\">T\u0142umaczenia prawne na j\u0119zyk w\u0142oski<\/a><\/li><li><a href=\"https:\/\/culturesconnection.com\/pl\/nasze-niderlandzkie-uslugi-tlumaczen-prawnych\/\">T\u0142umaczenia prawne na j\u0119zyk niderlandzki<\/a><\/li><li><a href=\"https:\/\/culturesconnection.com\/pl\/nasze-uslugi-tlumaczen-prawniczych-z-tureckiego\/\">T\u0142umaczenia prawne na j\u0119zyk turecki<\/a><\/li><li><a href=\"https:\/\/culturesconnection.com\/pl\/nasze-japonskie-uslugi-tlumaczen-prawnych\/\">T\u0142umaczenia prawne na j\u0119zyk japo\u0144ski<\/a><\/li><li><a href=\"https:\/\/culturesconnection.com\/pl\/nasze-tlumaczenia-prawnicze-z-jezyka-rosyjskiego\/\">T\u0142umaczenia prawne na j\u0119zyk rosyjski<\/a><\/li><\/ul>\n","protected":false},"excerpt":{"rendered":"<p>Polsko-francuskie t\u0142umaczenia prawne s\u0105 wyzwaniem T\u0142umaczenie prawne z j\u0119zyka francuskiego lub na j\u0119zyk francuski nale\u017cy do szczeg\u00f3lnie skomplikowanych zada\u0144, kt\u00f3re wymagaj\u0105 g\u0142\u0119bokiego zrozumienia j\u0119zyka, jak [&#8230;]<\/p>\n<p><a class=\"btn btn-secondary understrap-read-more-link\" href=\"https:\/\/culturesconnection.com\/pl\/nasze-francuskie-uslugi-tlumaczeniowe\/nasze-francuskie-tlumaczenia-prawne\/\">Czytaj dalej\u2026<span class=\"screen-reader-text\"> from Nasze francuskie t\u0142umaczenia prawne<\/span><\/a><\/p>\n","protected":false},"author":22,"featured_media":24334,"parent":11499,"menu_order":0,"comment_status":"closed","ping_status":"closed","template":"","meta":{"_acf_changed":false,"_editorskit_title_hidden":false,"_editorskit_reading_time":0,"_editorskit_is_block_options_detached":false,"_editorskit_block_options_position":"{}","footnotes":""},"class_list":["post-11502","page","type-page","status-publish","has-post-thumbnail","hentry"],"acf":[],"_links":{"self":[{"href":"https:\/\/culturesconnection.com\/pl\/wp-json\/wp\/v2\/pages\/11502","targetHints":{"allow":["GET"]}}],"collection":[{"href":"https:\/\/culturesconnection.com\/pl\/wp-json\/wp\/v2\/pages"}],"about":[{"href":"https:\/\/culturesconnection.com\/pl\/wp-json\/wp\/v2\/types\/page"}],"author":[{"embeddable":true,"href":"https:\/\/culturesconnection.com\/pl\/wp-json\/wp\/v2\/users\/22"}],"replies":[{"embeddable":true,"href":"https:\/\/culturesconnection.com\/pl\/wp-json\/wp\/v2\/comments?post=11502"}],"version-history":[{"count":0,"href":"https:\/\/culturesconnection.com\/pl\/wp-json\/wp\/v2\/pages\/11502\/revisions"}],"up":[{"embeddable":true,"href":"https:\/\/culturesconnection.com\/pl\/wp-json\/wp\/v2\/pages\/11499"}],"wp:featuredmedia":[{"embeddable":true,"href":"https:\/\/culturesconnection.com\/pl\/wp-json\/wp\/v2\/media\/24334"}],"wp:attachment":[{"href":"https:\/\/culturesconnection.com\/pl\/wp-json\/wp\/v2\/media?parent=11502"}],"curies":[{"name":"wp","href":"https:\/\/api.w.org\/{rel}","templated":true}]}}