{"id":11501,"date":"2018-11-02T18:00:51","date_gmt":"2018-11-02T16:00:51","guid":{"rendered":"http:\/\/culturesconnection.com\/?page_id=11501"},"modified":"2022-06-20T23:33:09","modified_gmt":"2022-06-20T21:33:09","slug":"nasze-francuskie-uslugi-tlumaczen-finansowych","status":"publish","type":"page","link":"https:\/\/culturesconnection.com\/pl\/nasze-francuskie-uslugi-tlumaczeniowe\/nasze-francuskie-uslugi-tlumaczen-finansowych\/","title":{"rendered":"Nasze francuskie us\u0142ugi t\u0142umacze\u0144 finansowych"},"content":{"rendered":"\n<h2 class=\"wp-block-heading\">Specjali\u015bci wykonuj\u0105cy francuskie us\u0142ugi t\u0142umacze\u0144 finansowych<\/h2>\n\n\n\n<p>T\u0142umaczenia finansowe wymagaj\u0105 od lingwisty g\u0142\u0119bokiego zrozumienia obszaru biznesowego, jak r\u00f3wnie\u017c du\u017cej wiedzy na temat terminologii zwi\u0105zanej z t\u0105 dziedzin\u0105. W sektorze finansowym zdyscyplinowanie i dok\u0142adno\u015b\u0107 s\u0105 niezb\u0119dne. Tylko jeden b\u0142\u0105d w dokumencie finansowym mo\u017ce prowadzi\u0107 do nieporozumie\u0144 i niew\u0142a\u015bciwych interpretacji przez czytelnika, co mo\u017ce mie\u0107 wp\u0142yw na to, jak\u0105 podejmie on decyzj\u0119. Aby unikn\u0105\u0107 tych rozbie\u017cno\u015bci i zapewni\u0107 wysokiej jako\u015bci us\u0142ugi t\u0142umaczeniowe, oferujemy Ci pomoc wielu kompetentnych t\u0142umaczy wykonuj\u0105cych francuskie us\u0142ugi t\u0142umacze\u0144 finansowych. Nasi lingwi\u015bci s\u0105 wybierani na podstawie referencji, kwalifikacji i do\u015bwiadczenia, kt\u00f3re posiadaj\u0105. Wszyscy maj\u0105 za sob\u0105 wieloletnie do\u015bwiadczenie w zakresie t\u0142umacze\u0144 finansowych, a ich umiej\u0119tno\u015bci sprawdzili\u015bmy poprzez testy.<\/p>\n\n\n\n<h2 class=\"wp-block-heading\">Nasza agencja t\u0142umacze\u0144 finansowych<\/h2>\n\n\n\n<p>Wybieraj\u0105c <a href=\"https:\/\/culturesconnection.com\/pl\/\">Cultures Connection<\/a> do swoich francuskich t\u0142umacze\u0144 finansowych, decydujesz si\u0119 na terminowo\u015b\u0107, jako\u015b\u0107 i niezawodno\u015b\u0107. Nasze biuro t\u0142umacze\u0144 posiada g\u0142\u0119bokie do\u015bwiadczenie w tym sektorze i oferuje \u015bwietne <a href=\"https:\/\/culturesconnection.com\/pl\/profesjonalne-uslugi-tlumaczeniowe-we-wszystkich-jezykach\/\">us\u0142ugi t\u0142umaczeniowe<\/a>. Ka\u017cdy projekt zlecamy wykwalifikowanym t\u0142umaczom, kt\u00f3rzy spe\u0142ni\u0105 Twoje wymagania i zapewni\u0105 jako\u015bciowe wyniki w konkurencyjnych cenach. Ci lingwi\u015bci biegle pos\u0142uguj\u0105 si\u0119 j\u0119zykiem polskim i francuskim, specjalizuj\u0105 si\u0119 w <a href=\"https:\/\/culturesconnection.com\/pl\/nasze-tlumaczenia-dokumentow-finansowych\/\">t\u0142umaczeniach finansowych<\/a>, spe\u0142niaj\u0105 nasze kryteria i ceni\u0105 sobie te same warto\u015bci co my.<\/p>\n\n\n\n<h2 class=\"wp-block-heading\">T\u0142umaczenie dokument\u00f3w finansowych na j\u0119zyk francuski<\/h2>\n\n\n\n<p>Poni\u017cej znajdziesz list\u0119 przyk\u0142ad\u00f3w dokument\u00f3w finansowych, kt\u00f3re zazwyczaj t\u0142umaczymy z j\u0119zyka francuskiego i na j\u0119zyk francuski. Nie jest to jednak pe\u0142na lista:<\/p>\n\n\n\n<ul class=\"wp-block-list\"><li>Dokumenty zawieraj\u0105ce kluczowe informacje dla inwestor\u00f3w<\/li><li>Ulotki<\/li><li>Sprawozdania finansowe funduszy inwestycyjnych<\/li><li>Sprawozdania z dzia\u0142alno\u015bci<\/li><li>Bilanse<\/li><li>Gie\u0142dy papier\u00f3w warto\u015bciowych<\/li><li>Dokumenty bankowe<\/li><li>Dokumenty zawieraj\u0105ce informacje finansowe<\/li><li>Dokumenty dochodzeniowe<\/li><li>Dokumenty dotycz\u0105ce zarz\u0105dzania ryzykiem i zarz\u0105dzania aktywami<\/li><li>Sprawozdania z audytu<\/li><li>Teksty dotycz\u0105ce fuzji i przej\u0119\u0107<\/li><\/ul>\n\n\n\n<h3 class=\"wp-block-heading\">&nbsp;T\u0142umaczenia finansowe we wszystkich j\u0119zykach<\/h3>\n\n\n\n<ul class=\"wp-block-list\"><li><a href=\"https:\/\/culturesconnection.com\/pl\/nasze-uslugi-tlumaczen-finansowych-z-jezyka-hiszpanskiego\/\">T\u0142umaczenia finansowe na j\u0119zyk hiszpa\u0144ski<\/a><\/li><li><a href=\"https:\/\/culturesconnection.com\/pl\/nasze-niemieckie-tlumaczenia-finansowe\/\">T\u0142umaczenia finansowe na j\u0119zyk niemiecki<\/a><\/li><li><a href=\"https:\/\/culturesconnection.com\/pl\/nasze-uslugi-chinskich-tlumaczen-finansowych\/\">T\u0142umaczenia finansowe na j\u0119zyk chi\u0144ski<\/a><\/li><li><a href=\"https:\/\/culturesconnection.com\/pl\/nasze-arabskie-uslugi-tlumaczen-finansowych\/\">T\u0142umaczenia finansowe na j\u0119zyk arabski<\/a><\/li><li><a href=\"https:\/\/culturesconnection.com\/pl\/?page_id=13392\">T\u0142umaczenia finansowe na j\u0119zyk portugalski<\/a><\/li><li><a href=\"https:\/\/culturesconnection.com\/pl\/nasze-wloskie-uslugi-tlumaczen-finansowych\/\">T\u0142umaczenia finansowe na j\u0119zyk w\u0142oski<\/a><\/li><li><a href=\"https:\/\/culturesconnection.com\/pl\/nasze-niderlandzkie-uslugi-tlumaczen-finansowych\/\">T\u0142umaczenia finansowe na j\u0119zyk niderlandzki<\/a><\/li><li><a href=\"https:\/\/culturesconnection.com\/pl\/nasze-uslugi-tlumaczen-finansowych-z-tureckiego\/\">T\u0142umaczenia finansowe na j\u0119zyk turecki<\/a><\/li><li><a href=\"https:\/\/culturesconnection.com\/pl\/nasze-japonskie-uslugi-tlumaczen-finansowych\/\">T\u0142umaczenia finansowe na j\u0119zyk japo\u0144ski<\/a><\/li><li><a href=\"https:\/\/culturesconnection.com\/pl\/nasze-tlumaczenia-finansowe-z-jezyka-rosyjskiego\/\">T\u0142umaczenia finansowe na j\u0119zyk rosyjski<\/a><\/li><\/ul>\n","protected":false},"excerpt":{"rendered":"<p>Specjali\u015bci wykonuj\u0105cy francuskie us\u0142ugi t\u0142umacze\u0144 finansowych T\u0142umaczenia finansowe wymagaj\u0105 od lingwisty g\u0142\u0119bokiego zrozumienia obszaru biznesowego, jak r\u00f3wnie\u017c du\u017cej wiedzy na temat terminologii zwi\u0105zanej z t\u0105 [&#8230;]<\/p>\n<p><a class=\"btn btn-secondary understrap-read-more-link\" href=\"https:\/\/culturesconnection.com\/pl\/nasze-francuskie-uslugi-tlumaczeniowe\/nasze-francuskie-uslugi-tlumaczen-finansowych\/\">Czytaj dalej\u2026<span class=\"screen-reader-text\"> from Nasze francuskie us\u0142ugi t\u0142umacze\u0144 finansowych<\/span><\/a><\/p>\n","protected":false},"author":22,"featured_media":24334,"parent":11499,"menu_order":0,"comment_status":"closed","ping_status":"closed","template":"","meta":{"_acf_changed":false,"_editorskit_title_hidden":false,"_editorskit_reading_time":0,"_editorskit_is_block_options_detached":false,"_editorskit_block_options_position":"{}","footnotes":""},"class_list":["post-11501","page","type-page","status-publish","has-post-thumbnail","hentry"],"acf":[],"yoast_head":"<!-- This site is optimized with the Yoast SEO Premium plugin v23.4 (Yoast SEO v27.3) - https:\/\/yoast.com\/product\/yoast-seo-premium-wordpress\/ -->\n<title>Nasze francuskie us\u0142ugi t\u0142umacze\u0144 finansowych<\/title>\n<meta name=\"description\" content=\"Cultures Connection \u015bwiadczy profesjonalne francuskie us\u0142ugi t\u0142umacze\u0144 finansowych. Atrakcyjne ceny, do\u015bwiadczenie, bezp\u0142atna wycena, terminowo\u015b\u0107.\" \/>\n<meta name=\"robots\" content=\"index, follow, max-snippet:-1, max-image-preview:large, max-video-preview:-1\" \/>\n<link rel=\"canonical\" href=\"https:\/\/culturesconnection.com\/pl\/nasze-francuskie-uslugi-tlumaczeniowe\/nasze-francuskie-uslugi-tlumaczen-finansowych\/\" \/>\n<meta property=\"og:locale\" content=\"pl_PL\" \/>\n<meta property=\"og:type\" content=\"article\" \/>\n<meta property=\"og:title\" content=\"Nasze francuskie us\u0142ugi t\u0142umacze\u0144 finansowych\" \/>\n<meta property=\"og:description\" content=\"Cultures Connection \u015bwiadczy profesjonalne francuskie us\u0142ugi t\u0142umacze\u0144 finansowych. Atrakcyjne ceny, do\u015bwiadczenie, bezp\u0142atna wycena, terminowo\u015b\u0107.\" \/>\n<meta property=\"og:url\" content=\"https:\/\/culturesconnection.com\/pl\/nasze-francuskie-uslugi-tlumaczeniowe\/nasze-francuskie-uslugi-tlumaczen-finansowych\/\" \/>\n<meta property=\"og:site_name\" content=\"Cultures Connection\" \/>\n<meta property=\"article:publisher\" content=\"https:\/\/www.facebook.com\/CulturesConnection\" \/>\n<meta property=\"article:modified_time\" content=\"2022-06-20T21:33:09+00:00\" \/>\n<meta property=\"og:image\" content=\"https:\/\/culturesconnection.com\/wp-content\/uploads\/2020\/09\/P\u00e1gina_Subservicios_de_traducci\u00f3n_por_idioma.png\" \/>\n\t<meta property=\"og:image:width\" content=\"1417\" \/>\n\t<meta property=\"og:image:height\" content=\"561\" \/>\n\t<meta property=\"og:image:type\" content=\"image\/png\" \/>\n<meta name=\"twitter:card\" content=\"summary_large_image\" \/>\n<meta name=\"twitter:site\" content=\"@CulturesCo_\" \/>\n<meta name=\"twitter:label1\" content=\"Szacowany czas czytania\" \/>\n\t<meta name=\"twitter:data1\" content=\"2 minuty\" \/>\n<script type=\"application\/ld+json\" class=\"yoast-schema-graph\">{\"@context\":\"https:\\\/\\\/schema.org\",\"@graph\":[{\"@type\":\"WebPage\",\"@id\":\"https:\\\/\\\/culturesconnection.com\\\/pl\\\/nasze-francuskie-uslugi-tlumaczeniowe\\\/nasze-francuskie-uslugi-tlumaczen-finansowych\\\/\",\"url\":\"https:\\\/\\\/culturesconnection.com\\\/pl\\\/nasze-francuskie-uslugi-tlumaczeniowe\\\/nasze-francuskie-uslugi-tlumaczen-finansowych\\\/\",\"name\":\"Nasze francuskie us\u0142ugi t\u0142umacze\u0144 finansowych\",\"isPartOf\":{\"@id\":\"https:\\\/\\\/culturesconnection.com\\\/fr\\\/#website\"},\"primaryImageOfPage\":{\"@id\":\"https:\\\/\\\/culturesconnection.com\\\/pl\\\/nasze-francuskie-uslugi-tlumaczeniowe\\\/nasze-francuskie-uslugi-tlumaczen-finansowych\\\/#primaryimage\"},\"image\":{\"@id\":\"https:\\\/\\\/culturesconnection.com\\\/pl\\\/nasze-francuskie-uslugi-tlumaczeniowe\\\/nasze-francuskie-uslugi-tlumaczen-finansowych\\\/#primaryimage\"},\"thumbnailUrl\":\"https:\\\/\\\/culturesconnection.com\\\/wp-content\\\/uploads\\\/2020\\\/09\\\/P\u00e1gina_Subservicios_de_traducci\u00f3n_por_idioma.png\",\"datePublished\":\"2018-11-02T16:00:51+00:00\",\"dateModified\":\"2022-06-20T21:33:09+00:00\",\"description\":\"Cultures Connection \u015bwiadczy profesjonalne francuskie us\u0142ugi t\u0142umacze\u0144 finansowych. Atrakcyjne ceny, do\u015bwiadczenie, bezp\u0142atna wycena, terminowo\u015b\u0107.\",\"breadcrumb\":{\"@id\":\"https:\\\/\\\/culturesconnection.com\\\/pl\\\/nasze-francuskie-uslugi-tlumaczeniowe\\\/nasze-francuskie-uslugi-tlumaczen-finansowych\\\/#breadcrumb\"},\"inLanguage\":\"pl-PL\",\"potentialAction\":[{\"@type\":\"ReadAction\",\"target\":[\"https:\\\/\\\/culturesconnection.com\\\/pl\\\/nasze-francuskie-uslugi-tlumaczeniowe\\\/nasze-francuskie-uslugi-tlumaczen-finansowych\\\/\"]}]},{\"@type\":\"ImageObject\",\"inLanguage\":\"pl-PL\",\"@id\":\"https:\\\/\\\/culturesconnection.com\\\/pl\\\/nasze-francuskie-uslugi-tlumaczeniowe\\\/nasze-francuskie-uslugi-tlumaczen-finansowych\\\/#primaryimage\",\"url\":\"https:\\\/\\\/culturesconnection.com\\\/wp-content\\\/uploads\\\/2020\\\/09\\\/P\u00e1gina_Subservicios_de_traducci\u00f3n_por_idioma.png\",\"contentUrl\":\"https:\\\/\\\/culturesconnection.com\\\/wp-content\\\/uploads\\\/2020\\\/09\\\/P\u00e1gina_Subservicios_de_traducci\u00f3n_por_idioma.png\",\"width\":1417,\"height\":561},{\"@type\":\"BreadcrumbList\",\"@id\":\"https:\\\/\\\/culturesconnection.com\\\/pl\\\/nasze-francuskie-uslugi-tlumaczeniowe\\\/nasze-francuskie-uslugi-tlumaczen-finansowych\\\/#breadcrumb\",\"itemListElement\":[{\"@type\":\"ListItem\",\"position\":1,\"name\":\"Home\",\"item\":\"https:\\\/\\\/culturesconnection.com\\\/pl\\\/\"},{\"@type\":\"ListItem\",\"position\":2,\"name\":\"Nasze francuskie us\u0142ugi t\u0142umaczeniowe\",\"item\":\"https:\\\/\\\/culturesconnection.com\\\/pl\\\/nasze-francuskie-uslugi-tlumaczeniowe\\\/\"},{\"@type\":\"ListItem\",\"position\":3,\"name\":\"Nasze francuskie us\u0142ugi t\u0142umacze\u0144 finansowych\"}]},{\"@type\":\"WebSite\",\"@id\":\"https:\\\/\\\/culturesconnection.com\\\/fr\\\/#website\",\"url\":\"https:\\\/\\\/culturesconnection.com\\\/fr\\\/\",\"name\":\"Cultures Connection\",\"description\":\"Cultures Connection is a translation agency dedicated to the success of its international clients.\",\"publisher\":{\"@id\":\"https:\\\/\\\/culturesconnection.com\\\/fr\\\/#organization\"},\"potentialAction\":[{\"@type\":\"SearchAction\",\"target\":{\"@type\":\"EntryPoint\",\"urlTemplate\":\"https:\\\/\\\/culturesconnection.com\\\/fr\\\/?s={search_term_string}\"},\"query-input\":{\"@type\":\"PropertyValueSpecification\",\"valueRequired\":true,\"valueName\":\"search_term_string\"}}],\"inLanguage\":\"pl-PL\"},{\"@type\":\"Organization\",\"@id\":\"https:\\\/\\\/culturesconnection.com\\\/fr\\\/#organization\",\"name\":\"Cultures Connection\",\"url\":\"https:\\\/\\\/culturesconnection.com\\\/fr\\\/\",\"logo\":{\"@type\":\"ImageObject\",\"inLanguage\":\"pl-PL\",\"@id\":\"https:\\\/\\\/culturesconnection.com\\\/fr\\\/#\\\/schema\\\/logo\\\/image\\\/\",\"url\":\"https:\\\/\\\/culturesconnection.com\\\/wp-content\\\/uploads\\\/2022\\\/06\\\/cropped-favicon512x512.png\",\"contentUrl\":\"https:\\\/\\\/culturesconnection.com\\\/wp-content\\\/uploads\\\/2022\\\/06\\\/cropped-favicon512x512.png\",\"width\":512,\"height\":512,\"caption\":\"Cultures Connection\"},\"image\":{\"@id\":\"https:\\\/\\\/culturesconnection.com\\\/fr\\\/#\\\/schema\\\/logo\\\/image\\\/\"},\"sameAs\":[\"https:\\\/\\\/www.facebook.com\\\/CulturesConnection\",\"https:\\\/\\\/x.com\\\/CulturesCo_\"]}]}<\/script>\n<!-- \/ Yoast SEO Premium plugin. -->","yoast_head_json":{"title":"Nasze francuskie us\u0142ugi t\u0142umacze\u0144 finansowych","description":"Cultures Connection \u015bwiadczy profesjonalne francuskie us\u0142ugi t\u0142umacze\u0144 finansowych. Atrakcyjne ceny, do\u015bwiadczenie, bezp\u0142atna wycena, terminowo\u015b\u0107.","robots":{"index":"index","follow":"follow","max-snippet":"max-snippet:-1","max-image-preview":"max-image-preview:large","max-video-preview":"max-video-preview:-1"},"canonical":"https:\/\/culturesconnection.com\/pl\/nasze-francuskie-uslugi-tlumaczeniowe\/nasze-francuskie-uslugi-tlumaczen-finansowych\/","og_locale":"pl_PL","og_type":"article","og_title":"Nasze francuskie us\u0142ugi t\u0142umacze\u0144 finansowych","og_description":"Cultures Connection \u015bwiadczy profesjonalne francuskie us\u0142ugi t\u0142umacze\u0144 finansowych. Atrakcyjne ceny, do\u015bwiadczenie, bezp\u0142atna wycena, terminowo\u015b\u0107.","og_url":"https:\/\/culturesconnection.com\/pl\/nasze-francuskie-uslugi-tlumaczeniowe\/nasze-francuskie-uslugi-tlumaczen-finansowych\/","og_site_name":"Cultures Connection","article_publisher":"https:\/\/www.facebook.com\/CulturesConnection","article_modified_time":"2022-06-20T21:33:09+00:00","og_image":[{"width":1417,"height":561,"url":"https:\/\/culturesconnection.com\/wp-content\/uploads\/2020\/09\/P\u00e1gina_Subservicios_de_traducci\u00f3n_por_idioma.png","type":"image\/png"}],"twitter_card":"summary_large_image","twitter_site":"@CulturesCo_","twitter_misc":{"Szacowany czas czytania":"2 minuty"},"schema":{"@context":"https:\/\/schema.org","@graph":[{"@type":"WebPage","@id":"https:\/\/culturesconnection.com\/pl\/nasze-francuskie-uslugi-tlumaczeniowe\/nasze-francuskie-uslugi-tlumaczen-finansowych\/","url":"https:\/\/culturesconnection.com\/pl\/nasze-francuskie-uslugi-tlumaczeniowe\/nasze-francuskie-uslugi-tlumaczen-finansowych\/","name":"Nasze francuskie us\u0142ugi t\u0142umacze\u0144 finansowych","isPartOf":{"@id":"https:\/\/culturesconnection.com\/fr\/#website"},"primaryImageOfPage":{"@id":"https:\/\/culturesconnection.com\/pl\/nasze-francuskie-uslugi-tlumaczeniowe\/nasze-francuskie-uslugi-tlumaczen-finansowych\/#primaryimage"},"image":{"@id":"https:\/\/culturesconnection.com\/pl\/nasze-francuskie-uslugi-tlumaczeniowe\/nasze-francuskie-uslugi-tlumaczen-finansowych\/#primaryimage"},"thumbnailUrl":"https:\/\/culturesconnection.com\/wp-content\/uploads\/2020\/09\/P\u00e1gina_Subservicios_de_traducci\u00f3n_por_idioma.png","datePublished":"2018-11-02T16:00:51+00:00","dateModified":"2022-06-20T21:33:09+00:00","description":"Cultures Connection \u015bwiadczy profesjonalne francuskie us\u0142ugi t\u0142umacze\u0144 finansowych. Atrakcyjne ceny, do\u015bwiadczenie, bezp\u0142atna wycena, terminowo\u015b\u0107.","breadcrumb":{"@id":"https:\/\/culturesconnection.com\/pl\/nasze-francuskie-uslugi-tlumaczeniowe\/nasze-francuskie-uslugi-tlumaczen-finansowych\/#breadcrumb"},"inLanguage":"pl-PL","potentialAction":[{"@type":"ReadAction","target":["https:\/\/culturesconnection.com\/pl\/nasze-francuskie-uslugi-tlumaczeniowe\/nasze-francuskie-uslugi-tlumaczen-finansowych\/"]}]},{"@type":"ImageObject","inLanguage":"pl-PL","@id":"https:\/\/culturesconnection.com\/pl\/nasze-francuskie-uslugi-tlumaczeniowe\/nasze-francuskie-uslugi-tlumaczen-finansowych\/#primaryimage","url":"https:\/\/culturesconnection.com\/wp-content\/uploads\/2020\/09\/P\u00e1gina_Subservicios_de_traducci\u00f3n_por_idioma.png","contentUrl":"https:\/\/culturesconnection.com\/wp-content\/uploads\/2020\/09\/P\u00e1gina_Subservicios_de_traducci\u00f3n_por_idioma.png","width":1417,"height":561},{"@type":"BreadcrumbList","@id":"https:\/\/culturesconnection.com\/pl\/nasze-francuskie-uslugi-tlumaczeniowe\/nasze-francuskie-uslugi-tlumaczen-finansowych\/#breadcrumb","itemListElement":[{"@type":"ListItem","position":1,"name":"Home","item":"https:\/\/culturesconnection.com\/pl\/"},{"@type":"ListItem","position":2,"name":"Nasze francuskie us\u0142ugi t\u0142umaczeniowe","item":"https:\/\/culturesconnection.com\/pl\/nasze-francuskie-uslugi-tlumaczeniowe\/"},{"@type":"ListItem","position":3,"name":"Nasze francuskie us\u0142ugi t\u0142umacze\u0144 finansowych"}]},{"@type":"WebSite","@id":"https:\/\/culturesconnection.com\/fr\/#website","url":"https:\/\/culturesconnection.com\/fr\/","name":"Cultures Connection","description":"Cultures Connection is a translation agency dedicated to the success of its international clients.","publisher":{"@id":"https:\/\/culturesconnection.com\/fr\/#organization"},"potentialAction":[{"@type":"SearchAction","target":{"@type":"EntryPoint","urlTemplate":"https:\/\/culturesconnection.com\/fr\/?s={search_term_string}"},"query-input":{"@type":"PropertyValueSpecification","valueRequired":true,"valueName":"search_term_string"}}],"inLanguage":"pl-PL"},{"@type":"Organization","@id":"https:\/\/culturesconnection.com\/fr\/#organization","name":"Cultures Connection","url":"https:\/\/culturesconnection.com\/fr\/","logo":{"@type":"ImageObject","inLanguage":"pl-PL","@id":"https:\/\/culturesconnection.com\/fr\/#\/schema\/logo\/image\/","url":"https:\/\/culturesconnection.com\/wp-content\/uploads\/2022\/06\/cropped-favicon512x512.png","contentUrl":"https:\/\/culturesconnection.com\/wp-content\/uploads\/2022\/06\/cropped-favicon512x512.png","width":512,"height":512,"caption":"Cultures Connection"},"image":{"@id":"https:\/\/culturesconnection.com\/fr\/#\/schema\/logo\/image\/"},"sameAs":["https:\/\/www.facebook.com\/CulturesConnection","https:\/\/x.com\/CulturesCo_"]}]}},"_links":{"self":[{"href":"https:\/\/culturesconnection.com\/pl\/wp-json\/wp\/v2\/pages\/11501","targetHints":{"allow":["GET"]}}],"collection":[{"href":"https:\/\/culturesconnection.com\/pl\/wp-json\/wp\/v2\/pages"}],"about":[{"href":"https:\/\/culturesconnection.com\/pl\/wp-json\/wp\/v2\/types\/page"}],"author":[{"embeddable":true,"href":"https:\/\/culturesconnection.com\/pl\/wp-json\/wp\/v2\/users\/22"}],"replies":[{"embeddable":true,"href":"https:\/\/culturesconnection.com\/pl\/wp-json\/wp\/v2\/comments?post=11501"}],"version-history":[{"count":0,"href":"https:\/\/culturesconnection.com\/pl\/wp-json\/wp\/v2\/pages\/11501\/revisions"}],"up":[{"embeddable":true,"href":"https:\/\/culturesconnection.com\/pl\/wp-json\/wp\/v2\/pages\/11499"}],"wp:featuredmedia":[{"embeddable":true,"href":"https:\/\/culturesconnection.com\/pl\/wp-json\/wp\/v2\/media\/24334"}],"wp:attachment":[{"href":"https:\/\/culturesconnection.com\/pl\/wp-json\/wp\/v2\/media?parent=11501"}],"curies":[{"name":"wp","href":"https:\/\/api.w.org\/{rel}","templated":true}]}}