{"id":11500,"date":"2018-11-02T17:54:04","date_gmt":"2018-11-02T15:54:04","guid":{"rendered":"http:\/\/culturesconnection.com\/?page_id=11500"},"modified":"2022-06-21T20:40:43","modified_gmt":"2022-06-21T18:40:43","slug":"nasze-francuskie-uslugi-tlumaczen-biznesowych","status":"publish","type":"page","link":"https:\/\/culturesconnection.com\/pl\/nasze-francuskie-uslugi-tlumaczeniowe\/nasze-francuskie-uslugi-tlumaczen-biznesowych\/","title":{"rendered":"Nasze francuskie us\u0142ugi t\u0142umacze\u0144 biznesowych"},"content":{"rendered":"\n<h2 class=\"wp-block-heading\">Polsko-francuskie us\u0142ugi t\u0142umacze\u0144 biznesowych to gwarancja udanej ekspansji mi\u0119dzynarodowej<\/h2>\n\n\n\n<p>W dzisiejszym \u015bwiecie globalizacja handlu jest rzeczywisto\u015bci\u0105. Z tego wzgl\u0119du t\u0142umaczenia biznesowe stanowi\u0105 powa\u017cne wyzwanie dla firm, kt\u00f3re chc\u0105 podbi\u0107 rynki mi\u0119dzynarodowe. Kultura biznesowa r\u00f3\u017cni si\u0119 w zale\u017cno\u015bci od kraju. Podpisanie umowy w Pary\u017cu, Warszawie czy Nowym Jorku nie odbywa si\u0119 w ten sam spos\u00f3b Jak pokonasz te r\u00f3\u017cnice kulturowe? Jak mo\u017cesz komunikowa\u0107 si\u0119 z francuskoj\u0119zycznymi partnerami biznesowymi? Skorzystaj z oferty Cultures Connection, \u015bwiadcz\u0105cej francuskie us\u0142ugi t\u0142umacze\u0144 biznesowych.<\/p>\n\n\n\n<h2 class=\"wp-block-heading\">Nasza agencja t\u0142umacze\u0144 biznesowych<\/h2>\n\n\n\n<p>Mo\u017cesz zaufa\u0107 naszej <a href=\"https:\/\/culturesconnection.com\/pl\/\">agencji t\u0142umacze\u0144<\/a> je\u015bli poszukujesz jako\u015bciowych <a href=\"https:\/\/culturesconnection.com\/pl\/profesjonalne-uslugi-tlumaczeniowe-we-wszystkich-jezykach\/\">us\u0142ug t\u0142umaczeniowych<\/a>. Specjalizujemy si\u0119 w tej dziedzinie i mo\u017cemy zaoferowa\u0107 Tobie nasz\u0105 baz\u0119 do\u015bwiadczonych t\u0142umaczy i korektor\u00f3w. Wszyscy z nich maj\u0105 udokumentowane do\u015bwiadczenie w t\u0142umaczeniu tekst\u00f3w finansowych i biegle pos\u0142uguj\u0105 si\u0119 j\u0119zykiem polskim i francuskim. T\u0142umacz\u0105 na sw\u00f3j j\u0119zyk ojczysty i, przed do\u0142\u0105czeniem do naszego zespo\u0142u, musieli zda\u0107 testy potwierdzaj\u0105ce ich umiej\u0119tno\u015bci.<\/p>\n\n\n\n<h2 class=\"wp-block-heading\">T\u0142umaczenie dokument\u00f3w biznesowych na j\u0119zyk francuski<\/h2>\n\n\n\n<p>Nasza agencja wspiera Ci\u0119 w rozwoju mi\u0119dzynarodowym Twojej firmy poprzez t\u0142umaczenie wszystkich <a href=\"https:\/\/culturesconnection.com\/pl\/nasze-tlumaczenia-dokumentow-biznesowych\/\">dokument\u00f3w biznesowych<\/a>. Oto kilka przyk\u0142ad\u00f3w projekt\u00f3w t\u0142umaczeniowych na j\u0119zyk francuski, z kt\u00f3rymi mamy do czynienia najcz\u0119\u015bciej:<\/p>\n\n\n\n<ul class=\"wp-block-list\"><li>Broszury<\/li><li>Ulotki<\/li><li>Wizyt\u00f3wki s\u0142u\u017cbowe<\/li><li>Publikacje<\/li><li>Kampanie<\/li><li>Strony internetowe<\/li><li>Katalogi<\/li><li>Prezentacje<\/li><li>Media reklamowe<\/li><li>Badania rynku<\/li><li>Newslettery biznesowe<\/li><li>Bia\u0142e ksi\u0119gi<\/li><li>Dokumenty reklamowe<\/li><\/ul>\n\n\n\n<h3 class=\"wp-block-heading\">&nbsp;T\u0142umaczenia biznesowe we wszystkich j\u0119zykach<\/h3>\n\n\n\n<ul class=\"wp-block-list\"><li><a href=\"https:\/\/culturesconnection.com\/pl\/nasze-uslugi-tlumaczen-biznesowych-z-jezyka-hiszpanskiego\/\">T\u0142umaczenia biznesowe na j\u0119zyk hiszpa\u0144ski<\/a><\/li><li><a href=\"https:\/\/culturesconnection.com\/pl\/nasze-niemieckie-tlumaczenia-biznesowe\/\">T\u0142umaczenia biznesowe na j\u0119zyk niemiecki<\/a><\/li><li><a href=\"https:\/\/culturesconnection.com\/pl\/nasze-chinskie-tlumaczenia-biznesowe\/\">T\u0142umaczenia biznesowe na j\u0119zyk chi\u0144ski<\/a><\/li><li><a href=\"https:\/\/culturesconnection.com\/pl\/nasze-biznesowe-tlumaczenia-polsko-arabskie\/\">T\u0142umaczenia biznesowe na j\u0119zyk arabski<\/a><\/li><li><a href=\"https:\/\/culturesconnection.com\/pl\/?page_id=13391\">T\u0142umaczenia biznesowe na j\u0119zyk portugalski<\/a><\/li><li><a href=\"https:\/\/culturesconnection.com\/pl\/nasze-wloskie-tlumaczenia-biznesowe\/\">T\u0142umaczenia biznesowe na j\u0119zyk w\u0142oski<\/a><\/li><li><a href=\"https:\/\/culturesconnection.com\/pl\/nasze-niderlandzkie-uslugi-tlumaczen-biznesowych\/\">T\u0142umaczenia biznesowe na j\u0119zyk niderlandzki<\/a><\/li><li><a href=\"https:\/\/culturesconnection.com\/pl\/nasze-uslugi-tureckich-tlumaczen-biznesowych\/\">T\u0142umaczenia biznesowe na j\u0119zyk turecki<\/a><\/li><li><a href=\"https:\/\/culturesconnection.com\/pl\/nasze-japonskie-tlumaczenia-biznesowe\/\">T\u0142umaczenia biznesowe na j\u0119zyk japo\u0144ski<\/a><\/li><li><a href=\"https:\/\/culturesconnection.com\/pl\/nasze-rosyjskie-tlumaczenia-biznesowe\/\">T\u0142umaczenia biznesowe na j\u0119zyk rosyjski<\/a><\/li><\/ul>\n","protected":false},"excerpt":{"rendered":"<p>Polsko-francuskie us\u0142ugi t\u0142umacze\u0144 biznesowych to gwarancja udanej ekspansji mi\u0119dzynarodowej W dzisiejszym \u015bwiecie globalizacja handlu jest rzeczywisto\u015bci\u0105. Z tego wzgl\u0119du t\u0142umaczenia biznesowe stanowi\u0105 powa\u017cne wyzwanie dla [&#8230;]<\/p>\n<p><a class=\"btn btn-secondary understrap-read-more-link\" href=\"https:\/\/culturesconnection.com\/pl\/nasze-francuskie-uslugi-tlumaczeniowe\/nasze-francuskie-uslugi-tlumaczen-biznesowych\/\">Czytaj dalej\u2026<span class=\"screen-reader-text\"> from Nasze francuskie us\u0142ugi t\u0142umacze\u0144 biznesowych<\/span><\/a><\/p>\n","protected":false},"author":22,"featured_media":24334,"parent":11499,"menu_order":0,"comment_status":"closed","ping_status":"closed","template":"","meta":{"_acf_changed":false,"_editorskit_title_hidden":false,"_editorskit_reading_time":0,"_editorskit_is_block_options_detached":false,"_editorskit_block_options_position":"{}","footnotes":""},"class_list":["post-11500","page","type-page","status-publish","has-post-thumbnail","hentry"],"acf":[],"_links":{"self":[{"href":"https:\/\/culturesconnection.com\/pl\/wp-json\/wp\/v2\/pages\/11500","targetHints":{"allow":["GET"]}}],"collection":[{"href":"https:\/\/culturesconnection.com\/pl\/wp-json\/wp\/v2\/pages"}],"about":[{"href":"https:\/\/culturesconnection.com\/pl\/wp-json\/wp\/v2\/types\/page"}],"author":[{"embeddable":true,"href":"https:\/\/culturesconnection.com\/pl\/wp-json\/wp\/v2\/users\/22"}],"replies":[{"embeddable":true,"href":"https:\/\/culturesconnection.com\/pl\/wp-json\/wp\/v2\/comments?post=11500"}],"version-history":[{"count":0,"href":"https:\/\/culturesconnection.com\/pl\/wp-json\/wp\/v2\/pages\/11500\/revisions"}],"up":[{"embeddable":true,"href":"https:\/\/culturesconnection.com\/pl\/wp-json\/wp\/v2\/pages\/11499"}],"wp:featuredmedia":[{"embeddable":true,"href":"https:\/\/culturesconnection.com\/pl\/wp-json\/wp\/v2\/media\/24334"}],"wp:attachment":[{"href":"https:\/\/culturesconnection.com\/pl\/wp-json\/wp\/v2\/media?parent=11500"}],"curies":[{"name":"wp","href":"https:\/\/api.w.org\/{rel}","templated":true}]}}