{"id":11495,"date":"2018-11-06T17:38:35","date_gmt":"2018-11-06T15:38:35","guid":{"rendered":"http:\/\/culturesconnection.com\/?page_id=11495"},"modified":"2022-06-21T18:36:52","modified_gmt":"2022-06-21T16:36:52","slug":"niderlandzkie-uslugi-tworzenia-napisow","status":"publish","type":"page","link":"https:\/\/culturesconnection.com\/pl\/nasze-niderlandzkie-uslugi-tlumaczeniowe\/niderlandzkie-uslugi-tworzenia-napisow\/","title":{"rendered":"Niderlandzkie us\u0142ugi tworzenia napis\u00f3w"},"content":{"rendered":"\n<h2 class=\"wp-block-heading\">Polsko-niderlandzkie us\u0142ugi tworzenia napis\u00f3w<\/h2>\n\n\n\n<p>Coraz wi\u0119cej firm polega na wyspecjalizowanych t\u0142umaczach audiowizualnych \u015bwiadcz\u0105cych niderlandzkie us\u0142ugi tworzenia napis\u00f3w. Spisuj\u0105 oni materia\u0142y i dostosowuj\u0105 je do nowego j\u0119zyka i kultury tak, aby w ten spos\u00f3b dotar\u0142y one do szerszej publiczno\u015bci. Materia\u0142y te wyst\u0119puj\u0105 w wielu postaciach; mog\u0105 to by\u0107 filmy, reporta\u017ce lub nawet reklamy. Proces t\u0142umaczenia tych dokument\u00f3w nie zawsze jest taki sam i mo\u017ce si\u0119 r\u00f3\u017cni\u0107 w zale\u017cno\u015bci od dokumentu. Tworzenie napis\u00f3w to skomplikowane zadanie, kt\u00f3re musi by\u0107 wykonane przez specjalist\u00f3w.<\/p>\n\n\n\n<h2 class=\"wp-block-heading\">Szukasz profesjonalnej agencji oferuj\u0105cej us\u0142ugi tworzenia napis\u00f3w?<\/h2>\n\n\n\n<p>Dzi\u0119ki bogatemu do\u015bwiadczeniu w bran\u017cy, agencja <a href=\"https:\/\/culturesconnection.com\/pl\/\">Cultures Connection <\/a>specjalizuje si\u0119 mi\u0119dzy innymi w procesie tworzenia napis\u00f3w, podk\u0142adzie g\u0142osowym i dubbingu na j\u0119zyk niderlandzki, jak i w innych <a href=\"https:\/\/culturesconnection.com\/pl\/profesjonalne-uslugi-tlumaczeniowe-we-wszystkich-jezykach\/\">us\u0142ugach t\u0142umaczeniowych<\/a>. Te r\u00f3\u017cne rodzaje t\u0142umacze\u0144 nie s\u0105 zgodne ze wszystkimi materia\u0142ami audiowizualnymi. W przypadku <a href=\"https:\/\/culturesconnection.com\/pl\/nasze-uslugi-tworzenia-napisow\/\">tworzenia napis\u00f3w<\/a>, mo\u017cesz zachowa\u0107 oryginaln\u0105 wersj\u0119 i mo\u017cesz zaoszcz\u0119dzi\u0107 czas i pieni\u0105dze. Dubbing jest procesem troch\u0119 bardziej pracoch\u0142onnym, poniewa\u017c sk\u0142ada si\u0119 on z zast\u0105pienia \u015bcie\u017cki d\u017awi\u0119kowej inn\u0105 \u015bcie\u017ck\u0105 w j\u0119zyku docelowym. W zwi\u0105zku z tym, t\u0142umacze audiowizualni musz\u0105 dopasowa\u0107 ruchy warg bohatera do przet\u0142umaczonego dialogu. Z tych powod\u00f3w wa\u017cne jest, aby powierzy\u0107 t\u0119 prac\u0119 polsko-niderlandzkiemu lub niderlandzko-polskiemu t\u0142umaczowi specjalizuj\u0105cemu si\u0119 w procesie tworzenia napis\u00f3w.<\/p>\n\n\n\n<h2 class=\"wp-block-heading\">T\u0142umaczenie materia\u0142\u00f3w audiowizualnych na j\u0119zyk niderlandzki<\/h2>\n\n\n\n<p>Nasza agencja t\u0142umacze\u0144 oferuje us\u0142ugi tworzenia napis\u00f3w na j\u0119zyk niderlandzki w szerokim zakresie materia\u0142\u00f3w audio i wideo. Poni\u017cej znajdziesz list\u0119 niekt\u00f3rych takich materia\u0142\u00f3w:<\/p>\n\n\n\n<ul class=\"wp-block-list\"><li>Filmy reklamowe i komercyjne<\/li><li>Filmy korporacyjne<\/li><li>Filmy instytucjonalne<\/li><li>Teksty d\u017awi\u0119kowe<\/li><li>Filmy dokumentalne<\/li><li>Gry wideo<\/li><\/ul>\n\n\n\n<h3 class=\"wp-block-heading\">&nbsp;Us\u0142ugi tworzenia napis\u00f3w na wszystkie j\u0119zyki<\/h3>\n\n\n\n<ul class=\"wp-block-list\"><li><a href=\"https:\/\/culturesconnection.com\/pl\/nasze-francuskie-uslugi-tworzenia-napisow\/\">Tworzenie napis\u00f3w na j\u0119zyk francuski<\/a><\/li><li><a href=\"https:\/\/culturesconnection.com\/pl\/nasze-uslugi-tworzenia-napisow-z-hiszpanskiego\/\">Tworzenie napis\u00f3w na j\u0119zyk hiszpa\u0144ski<\/a><\/li><li><a href=\"https:\/\/culturesconnection.com\/pl\/nasze-polsko-niemieckie-uslugi-tworzenia-napisow\/\">Tworzenie napis\u00f3w na j\u0119zyk niemiecki<\/a><\/li><li><a href=\"https:\/\/culturesconnection.com\/pl\/nasze-chinskie-uslugi-tworzenia-napisow\/\">Tworzenie napis\u00f3w na j\u0119zyk chi\u0144ski<\/a><\/li><li><a href=\"https:\/\/culturesconnection.com\/pl\/nasze-arabskie-uslugi-tworzenia-napisow\/\">Tworzenie napis\u00f3w na j\u0119zyk arabski<\/a><\/li><li><a href=\"https:\/\/culturesconnection.com\/pl\/nasze-uslugi-tworzenia-napisow-z-jezyka-portugalskiego\/\">Tworzenie napis\u00f3w na j\u0119zyk portugalski<\/a><\/li><li><a href=\"https:\/\/culturesconnection.com\/pl\/nasze-wloskie-uslugi-tworzenia-napisow\/\">Tworzenie napis\u00f3w na j\u0119zyk w\u0142oski<\/a><\/li><li><a href=\"https:\/\/culturesconnection.com\/pl\/?page_id=13387\">Tworzenie napis\u00f3w na j\u0119zyk turecki<\/a><\/li><li><a href=\"https:\/\/culturesconnection.com\/pl\/nasze-japonskie-uslugi-w-zakresie-tworzenia-napisow\/\">Tworzenie napis\u00f3w na j\u0119zyk japo\u0144ski<\/a><\/li><li><a href=\"https:\/\/culturesconnection.com\/pl\/nasze-uslugi-tworzenia-napisow-z-rosyjskiego\/\">Tworzenie napis\u00f3w na j\u0119zyk rosyjski<\/a><\/li><\/ul>\n","protected":false},"excerpt":{"rendered":"<p>Polsko-niderlandzkie us\u0142ugi tworzenia napis\u00f3w Coraz wi\u0119cej firm polega na wyspecjalizowanych t\u0142umaczach audiowizualnych \u015bwiadcz\u0105cych niderlandzkie us\u0142ugi tworzenia napis\u00f3w. Spisuj\u0105 oni materia\u0142y i dostosowuj\u0105 je do nowego [&#8230;]<\/p>\n<p><a class=\"btn btn-secondary understrap-read-more-link\" href=\"https:\/\/culturesconnection.com\/pl\/nasze-niderlandzkie-uslugi-tlumaczeniowe\/niderlandzkie-uslugi-tworzenia-napisow\/\">Czytaj dalej\u2026<span class=\"screen-reader-text\"> from Niderlandzkie us\u0142ugi tworzenia napis\u00f3w<\/span><\/a><\/p>\n","protected":false},"author":22,"featured_media":24334,"parent":11497,"menu_order":0,"comment_status":"closed","ping_status":"closed","template":"","meta":{"_acf_changed":false,"_editorskit_title_hidden":false,"_editorskit_reading_time":0,"_editorskit_is_block_options_detached":false,"_editorskit_block_options_position":"{}","footnotes":""},"class_list":["post-11495","page","type-page","status-publish","has-post-thumbnail","hentry"],"acf":[],"_links":{"self":[{"href":"https:\/\/culturesconnection.com\/pl\/wp-json\/wp\/v2\/pages\/11495","targetHints":{"allow":["GET"]}}],"collection":[{"href":"https:\/\/culturesconnection.com\/pl\/wp-json\/wp\/v2\/pages"}],"about":[{"href":"https:\/\/culturesconnection.com\/pl\/wp-json\/wp\/v2\/types\/page"}],"author":[{"embeddable":true,"href":"https:\/\/culturesconnection.com\/pl\/wp-json\/wp\/v2\/users\/22"}],"replies":[{"embeddable":true,"href":"https:\/\/culturesconnection.com\/pl\/wp-json\/wp\/v2\/comments?post=11495"}],"version-history":[{"count":0,"href":"https:\/\/culturesconnection.com\/pl\/wp-json\/wp\/v2\/pages\/11495\/revisions"}],"up":[{"embeddable":true,"href":"https:\/\/culturesconnection.com\/pl\/wp-json\/wp\/v2\/pages\/11497"}],"wp:featuredmedia":[{"embeddable":true,"href":"https:\/\/culturesconnection.com\/pl\/wp-json\/wp\/v2\/media\/24334"}],"wp:attachment":[{"href":"https:\/\/culturesconnection.com\/pl\/wp-json\/wp\/v2\/media?parent=11495"}],"curies":[{"name":"wp","href":"https:\/\/api.w.org\/{rel}","templated":true}]}}