{"id":11493,"date":"2018-11-05T12:22:46","date_gmt":"2018-11-05T10:22:46","guid":{"rendered":"http:\/\/culturesconnection.com\/?page_id=11493"},"modified":"2022-06-19T00:22:08","modified_gmt":"2022-06-18T22:22:08","slug":"nasze-niderlandzkie-uslugi-tlumaczen-medycznych","status":"publish","type":"page","link":"https:\/\/culturesconnection.com\/pl\/nasze-niderlandzkie-uslugi-tlumaczeniowe\/nasze-niderlandzkie-uslugi-tlumaczen-medycznych\/","title":{"rendered":"Nasze niderlandzkie us\u0142ugi t\u0142umacze\u0144 medycznych"},"content":{"rendered":"\n<h2 class=\"wp-block-heading\">Do Twojej dyspozycji specjali\u015bci \u015bwiadcz\u0105cy niderlandzkie us\u0142ugi t\u0142umacze\u0144 medycznych<\/h2>\n\n\n\n<p>W dzisiejszych czasach wiedza medyczna jest umi\u0119dzynarodowiona. Na przyk\u0142ad techniki, procedury czy zasoby, musz\u0105 by\u0107 przet\u0142umaczone, tak, aby \u015bwiat mia\u0142 do nich dost\u0119p. T\u0142umaczenie medyczne to wyspecjalizowany obszar, w kt\u00f3rym nie ma miejsca na w\u0105tpliwo\u015bci. T\u0142umaczenie musi by\u0107 tak dok\u0142adne jak to tylko mo\u017cliwe. Pomy\u0142ka mo\u017ce mie\u0107 dramatyczne konsekwencje i dlatego istotne jest, aby t\u0142umaczenie dokument\u00f3w medycznych by\u0142o wykonywane przez specjalist\u00f3w, kt\u00f3rzy s\u0105 znawcami tematu, do kt\u00f3rego nawi\u0105zuje tekst.<\/p>\n\n\n\n<h2 class=\"wp-block-heading\">Szukasz agencji t\u0142umacze\u0144 medycznych?<\/h2>\n\n\n\n<p>Medycyna obejmuje wiele dziedzin. <a href=\"https:\/\/culturesconnection.com\/pl\/\">Cultures Connection<\/a> pracuje z profesjonalnymi t\u0142umaczami, \u015bwiadcz\u0105cymi niderlandzkie us\u0142ugi t\u0142umacze\u0144 medycznych, specjalizuj\u0105cymi si\u0119 w medycynie og\u00f3lnej, neurologii, psychiatrii, reumatologii, urologii. To tylko kilka przyk\u0142ad\u00f3w. Opr\u00f3cz wiedzy technicznej oferuj\u0105 oni r\u00f3wnie\u017c wysokiej jako\u015bci umiej\u0119tno\u015bci j\u0119zykowe. Posiadaj\u0105 kilkuletnie do\u015bwiadczenie oraz doskona\u0142\u0105 znajomo\u015b\u0107 terminologii stosowanej w danej dziedzinie zar\u00f3wno w j\u0119zyku niderlandzkim jak i polskim. W zwi\u0105zku z tym nasze biuro t\u0142umacze\u0144 mo\u017ce przet\u0142umaczy\u0107 dokumenty medyczne na niderlandzki w spos\u00f3b dok\u0142adny i stosowny. Nie musisz ju\u017c d\u0142u\u017cej szuka\u0107 jako\u015bciowych <a href=\"https:\/\/culturesconnection.com\/pl\/profesjonalne-uslugi-tlumaczeniowe-we-wszystkich-jezykach\/\">us\u0142ug t\u0142umaczeniowych<\/a>, wybierz agencj\u0119 Cultures Connection.<\/p>\n\n\n\n<h2 class=\"wp-block-heading\">T\u0142umaczenie dokument\u00f3w medycznych na j\u0119zyk niderlandzki<\/h2>\n\n\n\n<p>Poni\u017cej znajdziesz przyk\u0142ady t\u0142umacze\u0144 <a href=\"https:\/\/culturesconnection.com\/pl\/nasze-uslugi-tlumaczen-medycznych\/\">dokument\u00f3w medycznych<\/a>, kt\u00f3re ju\u017c zosta\u0142y nam zlecone w przesz\u0142o\u015bci:<\/p>\n\n\n\n<ul class=\"wp-block-list\"><li>Czasopisma<\/li><li>Relacje z konferencji<\/li><li>Publikacje<\/li><li>Sprawozdania z projekt\u00f3w i bada\u0144<\/li><li>Wyniki bada\u0144 naukowych i doniesienia naukowe<\/li><li>Prace u\u017cyteczno\u015bci publicznej<\/li><li>Raporty bada\u0144<\/li><li>Kwestionariusze<\/li><li>Ulotki<\/li><li>Dozowanie dla nowych produkt\u00f3w<\/li><li>Wyniki bada\u0144 klinicznych<\/li><li>Prawo farmaceutyczne<\/li><li>Raporty medyczne<\/li><\/ul>\n\n\n\n<h3 class=\"wp-block-heading\">&nbsp;T\u0142umaczenia medyczne we wszystkich j\u0119zykach<\/h3>\n\n\n\n<ul class=\"wp-block-list\"><li><a href=\"https:\/\/culturesconnection.com\/pl\/nasze-francuskie-tlumaczenia-medyczne\/\">T\u0142umaczenia medyczne na j\u0119zyk francuski<\/a><\/li><li><a href=\"https:\/\/culturesconnection.com\/pl\/nasze-tlumaczenia-medyczne-z-jezyka-hiszpanskiego\/\">T\u0142umaczenia medyczne na j\u0119zyk hiszpa\u0144ski<\/a><\/li><li><a href=\"https:\/\/culturesconnection.com\/pl\/nasze-niemieckie-tlumaczenia-medyczne\/\">T\u0142umaczenia medyczne na j\u0119zyk niemiecki<\/a><\/li><li><a href=\"https:\/\/culturesconnection.com\/pl\/nasze-chinskie-tlumaczenia-medyczne\/\">T\u0142umaczenia medyczne na j\u0119zyk chi\u0144ski<\/a><\/li><li><a href=\"https:\/\/culturesconnection.com\/pl\/nasze-arabskie-tlumaczenia-medyczne\/\">T\u0142umaczenia medyczne na j\u0119zyk arabski<\/a><\/li><li><a href=\"https:\/\/culturesconnection.com\/pl\/?page_id=13690\">T\u0142umaczenia medyczne na j\u0119zyk portugalski<\/a><\/li><li><a href=\"https:\/\/culturesconnection.com\/pl\/nasze-wloskie-tlumaczenia-medyczne\/\">T\u0142umaczenia medyczne na j\u0119zyk w\u0142oski<\/a><\/li><li><a href=\"https:\/\/culturesconnection.com\/pl\/?page_id=13385\">T\u0142umaczenia medyczne na j\u0119zyk turecki<\/a><\/li><li><a href=\"https:\/\/culturesconnection.com\/pl\/nasze-japonskie-tlumaczenia-medyczne\/\">T\u0142umaczenia medyczne na j\u0119zyk japo\u0144ski<\/a><\/li><li><a href=\"https:\/\/culturesconnection.com\/pl\/nasze-medyczne-tlumaczenia-z-jezyka-rosyjskiego\/\">T\u0142umaczenia medyczne na j\u0119zyk rosyjski<\/a><\/li><\/ul>\n","protected":false},"excerpt":{"rendered":"<p>Do Twojej dyspozycji specjali\u015bci \u015bwiadcz\u0105cy niderlandzkie us\u0142ugi t\u0142umacze\u0144 medycznych W dzisiejszych czasach wiedza medyczna jest umi\u0119dzynarodowiona. Na przyk\u0142ad techniki, procedury czy zasoby, musz\u0105 by\u0107 przet\u0142umaczone, [&#8230;]<\/p>\n<p><a class=\"btn btn-secondary understrap-read-more-link\" href=\"https:\/\/culturesconnection.com\/pl\/nasze-niderlandzkie-uslugi-tlumaczeniowe\/nasze-niderlandzkie-uslugi-tlumaczen-medycznych\/\">Czytaj dalej\u2026<span class=\"screen-reader-text\"> from Nasze niderlandzkie us\u0142ugi t\u0142umacze\u0144 medycznych<\/span><\/a><\/p>\n","protected":false},"author":22,"featured_media":11945,"parent":11497,"menu_order":0,"comment_status":"closed","ping_status":"closed","template":"","meta":{"_acf_changed":false,"_editorskit_title_hidden":false,"_editorskit_reading_time":0,"_editorskit_is_block_options_detached":false,"_editorskit_block_options_position":"{}","footnotes":""},"class_list":["post-11493","page","type-page","status-publish","has-post-thumbnail","hentry"],"acf":[],"_links":{"self":[{"href":"https:\/\/culturesconnection.com\/pl\/wp-json\/wp\/v2\/pages\/11493","targetHints":{"allow":["GET"]}}],"collection":[{"href":"https:\/\/culturesconnection.com\/pl\/wp-json\/wp\/v2\/pages"}],"about":[{"href":"https:\/\/culturesconnection.com\/pl\/wp-json\/wp\/v2\/types\/page"}],"author":[{"embeddable":true,"href":"https:\/\/culturesconnection.com\/pl\/wp-json\/wp\/v2\/users\/22"}],"replies":[{"embeddable":true,"href":"https:\/\/culturesconnection.com\/pl\/wp-json\/wp\/v2\/comments?post=11493"}],"version-history":[{"count":0,"href":"https:\/\/culturesconnection.com\/pl\/wp-json\/wp\/v2\/pages\/11493\/revisions"}],"up":[{"embeddable":true,"href":"https:\/\/culturesconnection.com\/pl\/wp-json\/wp\/v2\/pages\/11497"}],"wp:featuredmedia":[{"embeddable":true,"href":"https:\/\/culturesconnection.com\/pl\/wp-json\/wp\/v2\/media\/11945"}],"wp:attachment":[{"href":"https:\/\/culturesconnection.com\/pl\/wp-json\/wp\/v2\/media?parent=11493"}],"curies":[{"name":"wp","href":"https:\/\/api.w.org\/{rel}","templated":true}]}}