{"id":11489,"date":"2018-11-05T12:01:54","date_gmt":"2018-11-05T10:01:54","guid":{"rendered":"http:\/\/culturesconnection.com\/?page_id=11489"},"modified":"2022-06-21T21:59:37","modified_gmt":"2022-06-21T19:59:37","slug":"nasze-niderlandzkie-uslugi-tlumaczen-biznesowych","status":"publish","type":"page","link":"https:\/\/culturesconnection.com\/pl\/nasze-niderlandzkie-uslugi-tlumaczeniowe\/nasze-niderlandzkie-uslugi-tlumaczen-biznesowych\/","title":{"rendered":"Nasze niderlandzkie us\u0142ugi t\u0142umacze\u0144 biznesowych"},"content":{"rendered":"\n<h2 class=\"wp-block-heading\">Do Twojej dyspozycji specjali\u015bci \u015bwiadcz\u0105cy niderlandzkie us\u0142ugi t\u0142umacze\u0144 biznesowych<\/h2>\n\n\n\n<p>Globalizacja sprawi\u0142a, \u017ce t\u0142umaczenia biznesowe i marketingowe sta\u0142y si\u0119 podstawowym narz\u0119dziem dla firm, kt\u00f3re chc\u0105 rozwin\u0105\u0107 dzia\u0142alno\u015b\u0107 na arenie mi\u0119dzynarodowej, a w szczeg\u00f3lno\u015bci w Holandii. Twoi klienci z pewno\u015bci\u0105 b\u0119d\u0105 wdzi\u0119czni, je\u015bli otrzymaj\u0105 od Ciebie dokument napisany w ich j\u0119zyku ojczystym. Nie zareaguj\u0105 w ten sam spos\u00f3b, je\u015bli przedstawisz im ten sam dokument napisany w innym j\u0119zyku, nawet je\u015bli si\u0119 nim pos\u0142uguj\u0105. Jest wiele dowod\u00f3w na to, \u017ce dokumenty biznesowe maj\u0105 wi\u0119kszy wp\u0142yw na klienta, kiedy s\u0105 przet\u0142umaczone na jego j\u0119zyk. Jednak nie wystarczy zwyk\u0142e t\u0142umaczenie tekstu \u017ar\u00f3d\u0142owego. T\u0142umacze, wykonuj\u0105cy niderlandzkie us\u0142ugi t\u0142umacze\u0144 biznesowych i marketingowych, musz\u0105 zna\u0107 standardowe praktyki, style pisania i zachowania kraju docelowego. Posiadanie wiedzy na temat kultury kraju, z kt\u00f3rym wsp\u00f3\u0142pracujemy, jest zatem istotne, aby unikn\u0105\u0107 jakichkolwiek niezr\u0119cznych i trudnych sytuacji.<\/p>\n\n\n\n<h2 class=\"wp-block-heading\">Nasza agencja t\u0142umacze\u0144 biznesowych<\/h2>\n\n\n\n<p>Agencja <a href=\"https:\/\/culturesconnection.com\/pl\/\">Cultures Connection<\/a> oferuje Tobie profesjonalist\u00f3w specjalizuj\u0105cych si\u0119 w niderlandzkich t\u0142umaczeniach biznesowych i marketingowych. Zostali oni starannie wybrani, aby zagwarantowa\u0107 wysokiej jako\u015bci <a href=\"https:\/\/culturesconnection.com\/pl\/profesjonalne-uslugi-tlumaczeniowe-we-wszystkich-jezykach\/\">us\u0142ugi t\u0142umaczeniowe<\/a>. Do\u015bwiadczenie zawodowe lub solidne wykszta\u0142cenie akademickie umo\u017cliwi\u0142y im zdobycie umiej\u0119tno\u015bci potrzebnych do t\u0142umacze\u0144 dokument\u00f3w biznesowych i marketingowych na j\u0119zyk niderlandzki. Wszyscy nasi t\u0142umacze i edytorzy s\u0105 wykwalifikowani i posiadaj\u0105 doskona\u0142\u0105 znajomo\u015b\u0107 j\u0119zyka niderlandzkiego i polskiego. Ponadto przek\u0142adaj\u0105 oni tylko na sw\u00f3j j\u0119zyk ojczysty, kt\u00f3rego kultura jest im doskonale znana.<\/p>\n\n\n\n<h2 class=\"wp-block-heading\">T\u0142umaczenie dokument\u00f3w biznesowych na j\u0119zyk niderlandzki<\/h2>\n\n\n\n<p>Us\u0142ugi t\u0142umacze\u0144 biznesowych i marketingowych, kt\u00f3re oferujemy dotycz\u0105 szerokiego zakresu <a href=\"https:\/\/culturesconnection.com\/pl\/nasze-tlumaczenia-dokumentow-biznesowych\/\">dokument\u00f3w<\/a>. Poni\u017cej znajdziesz przyk\u0142adow\u0105 list\u0119 dokument\u00f3w, jakie nasza agencja t\u0142umaczy:<\/p>\n\n\n\n<ul class=\"wp-block-list\"><li>Broszury<\/li><li>Ulotki<\/li><li>Wizyt\u00f3wki s\u0142u\u017cbowe<\/li><li>Publikacje<\/li><li>Kampanie<\/li><li>Strony internetowe<\/li><li>Katalogi<\/li><li>Prezentacje<\/li><li>Media reklamowe<\/li><li>Badania rynku<\/li><li>Newslettery biznesowe<\/li><li>Bia\u0142e ksi\u0119gi<\/li><li>Dokumenty reklamowe<\/li><\/ul>\n\n\n\n<h3 class=\"wp-block-heading\">&nbsp;T\u0142umaczenia biznesowe we wszystkich j\u0119zykach<\/h3>\n\n\n\n<ul class=\"wp-block-list\"><li><a href=\"https:\/\/culturesconnection.com\/pl\/nasze-francuskie-uslugi-tlumaczen-biznesowych\/\">T\u0142umaczenia biznesowe na j\u0119zyk francuski<\/a><\/li><li><a href=\"https:\/\/culturesconnection.com\/pl\/nasze-uslugi-tlumaczen-biznesowych-z-jezyka-hiszpanskiego\/\">T\u0142umaczenia biznesowe na j\u0119zyk hiszpa\u0144ski<\/a><\/li><li><a href=\"https:\/\/culturesconnection.com\/pl\/nasze-niemieckie-tlumaczenia-biznesowe\/\">T\u0142umaczenia biznesowe na j\u0119zyk niemiecki<\/a><\/li><li><a href=\"https:\/\/culturesconnection.com\/pl\/nasze-chinskie-tlumaczenia-biznesowe\/\">T\u0142umaczenia biznesowe na j\u0119zyk chi\u0144ski<\/a><\/li><li><a href=\"https:\/\/culturesconnection.com\/pl\/nasze-biznesowe-tlumaczenia-polsko-arabskie\/\">T\u0142umaczenia biznesowe na j\u0119zyk arabski<\/a><\/li><li><a href=\"https:\/\/culturesconnection.com\/pl\/?page_id=13688\">T\u0142umaczenia biznesowe na j\u0119zyk portugalski<\/a><\/li><li><a href=\"https:\/\/culturesconnection.com\/pl\/nasze-wloskie-tlumaczenia-biznesowe\/\">T\u0142umaczenia biznesowe na j\u0119zyk w\u0142oski<\/a><\/li><li><a href=\"https:\/\/culturesconnection.com\/pl\/nasze-uslugi-tureckich-tlumaczen-biznesowych\/\">T\u0142umaczenia biznesowe na j\u0119zyk turecki<\/a><\/li><li><a href=\"https:\/\/culturesconnection.com\/pl\/nasze-japonskie-tlumaczenia-biznesowe\/\">T\u0142umaczenia biznesowe na j\u0119zyk japo\u0144ski<\/a><\/li><li><a href=\"https:\/\/culturesconnection.com\/pl\/nasze-rosyjskie-tlumaczenia-biznesowe\/\">T\u0142umaczenia biznesowe na j\u0119zyk rosyjski<\/a><\/li><\/ul>\n","protected":false},"excerpt":{"rendered":"<p>Do Twojej dyspozycji specjali\u015bci \u015bwiadcz\u0105cy niderlandzkie us\u0142ugi t\u0142umacze\u0144 biznesowych Globalizacja sprawi\u0142a, \u017ce t\u0142umaczenia biznesowe i marketingowe sta\u0142y si\u0119 podstawowym narz\u0119dziem dla firm, kt\u00f3re chc\u0105 rozwin\u0105\u0107 [&#8230;]<\/p>\n<p><a class=\"btn btn-secondary understrap-read-more-link\" href=\"https:\/\/culturesconnection.com\/pl\/nasze-niderlandzkie-uslugi-tlumaczeniowe\/nasze-niderlandzkie-uslugi-tlumaczen-biznesowych\/\">Czytaj dalej\u2026<span class=\"screen-reader-text\"> from Nasze niderlandzkie us\u0142ugi t\u0142umacze\u0144 biznesowych<\/span><\/a><\/p>\n","protected":false},"author":22,"featured_media":24334,"parent":11497,"menu_order":0,"comment_status":"closed","ping_status":"closed","template":"","meta":{"_acf_changed":false,"_editorskit_title_hidden":false,"_editorskit_reading_time":0,"_editorskit_is_block_options_detached":false,"_editorskit_block_options_position":"{}","footnotes":""},"class_list":["post-11489","page","type-page","status-publish","has-post-thumbnail","hentry"],"acf":[],"_links":{"self":[{"href":"https:\/\/culturesconnection.com\/pl\/wp-json\/wp\/v2\/pages\/11489","targetHints":{"allow":["GET"]}}],"collection":[{"href":"https:\/\/culturesconnection.com\/pl\/wp-json\/wp\/v2\/pages"}],"about":[{"href":"https:\/\/culturesconnection.com\/pl\/wp-json\/wp\/v2\/types\/page"}],"author":[{"embeddable":true,"href":"https:\/\/culturesconnection.com\/pl\/wp-json\/wp\/v2\/users\/22"}],"replies":[{"embeddable":true,"href":"https:\/\/culturesconnection.com\/pl\/wp-json\/wp\/v2\/comments?post=11489"}],"version-history":[{"count":0,"href":"https:\/\/culturesconnection.com\/pl\/wp-json\/wp\/v2\/pages\/11489\/revisions"}],"up":[{"embeddable":true,"href":"https:\/\/culturesconnection.com\/pl\/wp-json\/wp\/v2\/pages\/11497"}],"wp:featuredmedia":[{"embeddable":true,"href":"https:\/\/culturesconnection.com\/pl\/wp-json\/wp\/v2\/media\/24334"}],"wp:attachment":[{"href":"https:\/\/culturesconnection.com\/pl\/wp-json\/wp\/v2\/media?parent=11489"}],"curies":[{"name":"wp","href":"https:\/\/api.w.org\/{rel}","templated":true}]}}