{"id":11488,"date":"2018-11-02T13:30:37","date_gmt":"2018-11-02T11:30:37","guid":{"rendered":"http:\/\/culturesconnection.com\/?page_id=11488"},"modified":"2022-06-22T18:13:31","modified_gmt":"2022-06-22T16:13:31","slug":"nasze-chinskie-tlumaczenia-stron-internetowych","status":"publish","type":"page","link":"https:\/\/culturesconnection.com\/pl\/nasze-chinskie-uslugi-tlumaczeniowe\/nasze-chinskie-tlumaczenia-stron-internetowych\/","title":{"rendered":"Nasze chi\u0144skie t\u0142umaczenia stron internetowych"},"content":{"rendered":"\n<h2 class=\"wp-block-heading\">Chi\u0144skie t\u0142umaczenia stron internetowych: podbij Chiny przy pomocy internetu<\/h2>\n\n\n\n<p>Czy chcesz dotrze\u0107 do potencjalnych klient\u00f3w w Chinach? Przede wszystkim musisz zacz\u0105\u0107 od przet\u0142umaczenia swojej witryny internetowej na j\u0119zyk chi\u0144ski. Je\u015bli chcesz wej\u015b\u0107 na rynek zagraniczny, musisz wzi\u0105\u0107 pod uwag\u0119 t\u0142umaczenie i lokalizacj\u0119 swojej strony. Wiele firm nie docenia warto\u015bci, jakie to za sob\u0105 niesie. Prawd\u0105 jest, \u017ce wi\u0119kszo\u015b\u0107 ludzi na \u015bwiecie czyta po angielsku i go rozumie, ale nie w przyapdku Chin, gdzie mandary\u0144ski i kanto\u0144ski s\u0105 dominuj\u0105ce. Nale\u017cy pami\u0119ta\u0107, \u017ce klient zawsze b\u0119dzie bardziej sk\u0142onny do zakupu produktu lub us\u0142ug, je\u015bli zapewnisz mu informacje w jego j\u0119zyku ojczystym. Jak rozpocz\u0105\u0107 proces t\u0142umaczenia? Odpowied\u017a jest prosta. Zle\u0107 nam sw\u00f3j projekt i nasza <a href=\"https:\/\/culturesconnection.com\/pl\/\">agencja t\u0142umacze\u0144<\/a> zajmie si\u0119 ca\u0142\u0105 reszt\u0105.<\/p>\n\n\n\n<h2 class=\"wp-block-heading\">Nasza firma us\u0142ug t\u0142umaczeniowych dostosuje Twoje tre\u015bci<\/h2>\n\n\n\n<p>Chi\u0144skie t\u0142umaczenia stron internetowych wymagaj\u0105 dostosowania niekt\u00f3rych tre\u015bci do chi\u0144skiej kultury. Strona internetowa musi by\u0107 zlokalizowana z powodu r\u00f3\u017cnic kulturowych mi\u0119dzy Polsk\u0105 a Chinami. Aby to zrobi\u0107, musisz skontaktowa\u0107 si\u0119 z polsko-chi\u0144skim specjalist\u0105, a w szczeg\u00f3lno\u015bci z takim, kt\u00f3ry posiada \u015bwietn\u0105 znajomo\u015b\u0107 praktyk i obyczaj\u00f3w obydwu kraj\u00f3w. Nasze biuro t\u0142umacze\u0144 zadba o znalezienie chi\u0144sko-polskiego lub polsko-chi\u0144skiego t\u0142umacza, kt\u00f3ry by\u0142by najbardziej odpowiedni do pracy nad Twoim projektem. Stworzyli\u015bmy rozleg\u0142\u0105 baz\u0119 specjalist\u00f3w w t\u0142umaczeniu stron internetowych na j\u0119zyk chi\u0144ski, co pozwala nam zaoferowa\u0107 Tobie najbardziej w\u0142a\u015bciwe us\u0142ugi. Popraw widoczno\u015b\u0107 Twojej firmy na arenie mi\u0119dzynarodowej i zwi\u0119ksz swoj\u0105 sprzeda\u017c! Mo\u017cesz polega\u0107 na <a href=\"https:\/\/culturesconnection.com\/pl\/profesjonalne-uslugi-tlumaczeniowe-we-wszystkich-jezykach\/\">us\u0142ugach t\u0142umaczeniowych<\/a> agencji Cultures Connection.<\/p>\n\n\n\n<h2 class=\"wp-block-heading\">Nasze us\u0142ugi t\u0142umacze\u0144 stron internetowych na j\u0119zyk chi\u0144ski<\/h2>\n\n\n\n<p>Dzia\u0142alno\u015b\u0107 naszej agencji obejmuje t\u0142umaczenia r\u00f3\u017cnych rodzaj\u00f3w <a href=\"https:\/\/culturesconnection.com\/pl\/profesjonalne-uslugi-tlumaczeniowe-we-wszystkich-jezykach\/\">materia\u0142\u00f3w audiowizualnych<\/a>, w tym:<\/p>\n\n\n\n<ul class=\"wp-block-list\"><li>Zawarto\u015b\u0107 strony internetowej<\/li><li>Strony e-commerce<\/li><li>Aplikacje mobilne<\/li><li>Platformy obrotu<\/li><li>Karty produktu<\/li><\/ul>\n\n\n\n<h3 class=\"wp-block-heading\">&nbsp;T\u0142umaczenia stron internetowych we wszystkich j\u0119zykach<\/h3>\n\n\n\n<ul class=\"wp-block-list\"><li><a href=\"https:\/\/culturesconnection.com\/pl\/nasze-francuskie-uslugi-tlumaczen-stron-internetowych\/\">T\u0142umaczenia stron internetowych na j\u0119zyk francuski<\/a><\/li><li><a href=\"https:\/\/culturesconnection.com\/pl\/nasze-uslugi-tlumaczen-stron-internetowych-z-hiszpanskiego\/\">T\u0142umaczenia stron internetowych na j\u0119zyk hiszpa\u0144ski<\/a><\/li><li><a href=\"https:\/\/culturesconnection.com\/pl\/nasze-tlumaczenia-stron-internetowych-w-jezyku-niemieckim\/\">T\u0142umaczenia stron internetowych na j\u0119zyk niemiecki<\/a><\/li><li><a href=\"https:\/\/culturesconnection.com\/pl\/nasze-uslugi-tlumaczen-arabskich-stron-internetowych\/\">T\u0142umaczenia stron internetowych na j\u0119zyk arabski<\/a><\/li><li><a href=\"https:\/\/culturesconnection.com\/pl\/?page_id=13396\">T\u0142umaczenia stron internetowych na j\u0119zyk portugalski<\/a><\/li><li><a href=\"https:\/\/culturesconnection.com\/pl\/uslugi-tlumaczen-stron-internetowych-z-wloskiego\/\">T\u0142umaczenia stron internetowych na j\u0119zyk w\u0142oski<\/a><\/li><li><a href=\"https:\/\/culturesconnection.com\/pl\/nasze-uslugi-tlumaczen-stron-internetowych-na-jezyk-niderlandzki\/\">T\u0142umaczenia stron internetowych na j\u0119zyk niderlandzki<\/a><\/li><li><a href=\"https:\/\/culturesconnection.com\/pl\/?page_id=13389\">T\u0142umaczenia stron internetowych na j\u0119zyk turecki<\/a><\/li><li><a href=\"https:\/\/culturesconnection.com\/pl\/nasze-japonskie-tlumaczenia-stron-internetowych\/\">T\u0142umaczenia stron internetowych na j\u0119zyk japo\u0144ski<\/a><\/li><li><a href=\"https:\/\/culturesconnection.com\/pl\/nasze-tlumaczenia-stron-internetowych-z-jezyka-rosyjskiego\/\">T\u0142umaczenia stron internetowych na j\u0119zyk rosyjski<\/a><\/li><\/ul>\n","protected":false},"excerpt":{"rendered":"<p>Chi\u0144skie t\u0142umaczenia stron internetowych: podbij Chiny przy pomocy internetu Czy chcesz dotrze\u0107 do potencjalnych klient\u00f3w w Chinach? Przede wszystkim musisz zacz\u0105\u0107 od przet\u0142umaczenia swojej witryny [&#8230;]<\/p>\n<p><a class=\"btn btn-secondary understrap-read-more-link\" href=\"https:\/\/culturesconnection.com\/pl\/nasze-chinskie-uslugi-tlumaczeniowe\/nasze-chinskie-tlumaczenia-stron-internetowych\/\">Czytaj dalej\u2026<span class=\"screen-reader-text\"> from Nasze chi\u0144skie t\u0142umaczenia stron internetowych<\/span><\/a><\/p>\n","protected":false},"author":22,"featured_media":24334,"parent":11487,"menu_order":0,"comment_status":"closed","ping_status":"closed","template":"","meta":{"_acf_changed":false,"_editorskit_title_hidden":false,"_editorskit_reading_time":0,"_editorskit_is_block_options_detached":false,"_editorskit_block_options_position":"{}","footnotes":""},"class_list":["post-11488","page","type-page","status-publish","has-post-thumbnail","hentry"],"acf":[],"_links":{"self":[{"href":"https:\/\/culturesconnection.com\/pl\/wp-json\/wp\/v2\/pages\/11488","targetHints":{"allow":["GET"]}}],"collection":[{"href":"https:\/\/culturesconnection.com\/pl\/wp-json\/wp\/v2\/pages"}],"about":[{"href":"https:\/\/culturesconnection.com\/pl\/wp-json\/wp\/v2\/types\/page"}],"author":[{"embeddable":true,"href":"https:\/\/culturesconnection.com\/pl\/wp-json\/wp\/v2\/users\/22"}],"replies":[{"embeddable":true,"href":"https:\/\/culturesconnection.com\/pl\/wp-json\/wp\/v2\/comments?post=11488"}],"version-history":[{"count":0,"href":"https:\/\/culturesconnection.com\/pl\/wp-json\/wp\/v2\/pages\/11488\/revisions"}],"up":[{"embeddable":true,"href":"https:\/\/culturesconnection.com\/pl\/wp-json\/wp\/v2\/pages\/11487"}],"wp:featuredmedia":[{"embeddable":true,"href":"https:\/\/culturesconnection.com\/pl\/wp-json\/wp\/v2\/media\/24334"}],"wp:attachment":[{"href":"https:\/\/culturesconnection.com\/pl\/wp-json\/wp\/v2\/media?parent=11488"}],"curies":[{"name":"wp","href":"https:\/\/api.w.org\/{rel}","templated":true}]}}