{"id":11487,"date":"2018-11-02T14:08:50","date_gmt":"2018-11-02T12:08:50","guid":{"rendered":"http:\/\/culturesconnection.com\/?page_id=11487"},"modified":"2022-08-03T10:34:00","modified_gmt":"2022-08-03T08:34:00","slug":"nasze-chinskie-uslugi-tlumaczeniowe","status":"publish","type":"page","link":"https:\/\/culturesconnection.com\/pl\/nasze-chinskie-uslugi-tlumaczeniowe\/","title":{"rendered":"Nasze chi\u0144skie us\u0142ugi t\u0142umaczeniowe"},"content":{"rendered":"\n<h2 class=\"wp-block-heading\">Profesjonalne chi\u0144skie us\u0142ugi t\u0142umaczeniowe<\/h2>\n\n\n\n<p>Dzi\u0119ki drugiemu co do wielko\u015bci PKB na \u015bwiecie, kt\u00f3re wci\u0105\u017c wzrasta, Chiny s\u0105 obszarem handlowym oferuj\u0105cym ogromne mo\u017cliwo\u015bci inwestycyjne dla Twojej firmy. Rynek chi\u0144ski, szacowany na 20 mld euro rocznie, jest szczeg\u00f3lnie atrakcyjny dla du\u017cych grup i M\u015aP. Ale przed wyruszeniem na podb\u00f3j Chin wa\u017cne jest, aby zapozna\u0107 si\u0119 z tamtejsz\u0105 kultur\u0105 biznesow\u0105 i przet\u0142umaczy\u0107 dokumenty na j\u0119zyk chi\u0144ski.<\/p>\n\n\n\n<p>Tylko wykwalifikowany polsko-chi\u0144ski t\u0142umacz mo\u017ce precyzyjnie prze\u0142o\u017cy\u0107 subtelno\u015bci tego j\u0119zyka s\u0142yn\u0105cego ze swojej z\u0142o\u017cono\u015bci. Cultures Connection prowadzi wiele chi\u0144skich projekt\u00f3w t\u0142umaczeniowych (mandary\u0144skich i kanto\u0144skich) w sektorach tak r\u00f3\u017cnych, jak sektor lotniczy, rolno spo\u017cywczy, rolniczy, chemiczny, farmaceutyczny czy kosmetyczny.<\/p>\n\n\n\n<h2 class=\"wp-block-heading\">Poszukujesz chi\u0144skiego t\u0142umacza?<\/h2>\n\n\n\n<p>Czy potrzebujesz t\u0142umacza \u015bwiadcz\u0105cego chi\u0144skie us\u0142ugi t\u0142umaczeniowe? Lub z j\u0119zyka chi\u0144skiego na polski? <a href=\"https:\/\/culturesconnection.com\/pl\/\">Cultures Connection<\/a> oferuje us\u0142ugi t\u0142umaczeniowe ekspert\u00f3w, kt\u00f3rzy s\u0105 kompetentni, niezawodni i, kt\u00f3rzy pasjonuj\u0105 si\u0119 tym co robi\u0105. Profesjonalni t\u0142umacze s\u0105 zarejestrowani w naszej bazie po uprzednim sprawdzeniu ich umiej\u0119tno\u015bci j\u0119zykowych i t\u0142umaczeniowych.<\/p>\n\n\n\n<p>Selekcjonujemy lingwist\u00f3w, kt\u00f3rych wiedza specjalistyczna odpowiada charakterowi Twojego projektu. Na przyk\u0142ad, je\u015bli potrzebujesz technicznego t\u0142umaczenia na j\u0119zyk chi\u0144ski, Cultures Connection skontaktuje si\u0119 z fachowcem, kt\u00f3ry ma udokumentowane do\u015bwiadczenie w tej dziedzinie. Wszyscy nasi t\u0142umacze chi\u0144scy posiadaj\u0105 wy\u017csze wykszta\u0142cenie i co najmniej pi\u0119\u0107 lat udokumentowanego do\u015bwiadczenia zawodowego. Zgodnie z obowi\u0105zuj\u0105cymi przepisami t\u0142umacz\u0105 oni tylko na sw\u00f3j <a href=\"https:\/\/culturesconnection.com\/pl\/profesjonalne-tlumaczenia-w-ponad-40-jezykach\/\">j\u0119zyk<\/a> ojczysty.<\/p>\n\n\n\n<h2 class=\"wp-block-heading\">Wszystkie z naszych chi\u0144skich us\u0142ug t\u0142umaczeniowych<\/h2>\n\n\n\n<ul class=\"wp-block-list\"><li><a href=\"https:\/\/culturesconnection.com\/pl\/nasze-uslugi-chinskich-tlumaczen-finansowych\/\">Chi\u0144skie us\u0142ugi t\u0142umacze\u0144 finansowych<\/a><\/li><li><a href=\"https:\/\/culturesconnection.com\/pl\/nasze-chinskie-tlumaczenia-biznesowe\/\">Chi\u0144skie us\u0142ugi t\u0142umacze\u0144 biznesowych<\/a><\/li><li><a href=\"https:\/\/culturesconnection.com\/pl\/nasze-tlumaczenia-naukowe-z-jezyka-chinskiego\/\">Chi\u0144skie us\u0142ugi t\u0142umacze\u0144 naukowych<\/a><\/li><li><a href=\"https:\/\/culturesconnection.com\/pl\/nasze-chinskie-tlumaczenia-medyczne\/\">Chi\u0144skie us\u0142ugi t\u0142umacze\u0144 medycznych<\/a><\/li><li><a href=\"https:\/\/culturesconnection.com\/pl\/nasze-chinskie-tlumaczenia-techniczne\/\">Chi\u0144skie us\u0142ugi t\u0142umacze\u0144 technicznych<\/a><\/li><li><a href=\"https:\/\/culturesconnection.com\/pl\/nasze-chinskie-uslugi-tlumaczen-prawnych\/\">Chi\u0144skie us\u0142ugi t\u0142umacze\u0144 prawnych<\/a><\/li><li><a href=\"https:\/\/culturesconnection.com\/pl\/nasze-chinskie-tlumaczenia-marketingowe\/\">Chi\u0144skie us\u0142ugi t\u0142umacze\u0144 marketingowych<\/a><\/li><li><a href=\"https:\/\/culturesconnection.com\/pl\/nasze-chinskie-tlumaczenia-stron-internetowych\/\">Chi\u0144skie us\u0142ugi t\u0142umacze\u0144 stron internetowych<\/a><\/li><li><a href=\"https:\/\/culturesconnection.com\/pl\/nasze-chinskie-uslugi-tworzenia-napisow\/\">Chi\u0144skie us\u0142ugi tworzenia napis\u00f3w<\/a><\/li><li><a href=\"https:\/\/culturesconnection.com\/pl\/chinskie-uslugi-tlumaczen-gier-wideo\/\">Chi\u0144skie us\u0142ugi t\u0142umacze\u0144 gier wideo<\/a><\/li><li>Szybkie us\u0142ugi t\u0142umacze\u0144 na j\u0119zyk chi\u0144ski<\/li><\/ul>\n","protected":false},"excerpt":{"rendered":"<p>Profesjonalne chi\u0144skie us\u0142ugi t\u0142umaczeniowe Dzi\u0119ki drugiemu co do wielko\u015bci PKB na \u015bwiecie, kt\u00f3re wci\u0105\u017c wzrasta, Chiny s\u0105 obszarem handlowym oferuj\u0105cym ogromne mo\u017cliwo\u015bci inwestycyjne dla Twojej [&#8230;]<\/p>\n<p><a class=\"btn btn-secondary understrap-read-more-link\" href=\"https:\/\/culturesconnection.com\/pl\/nasze-chinskie-uslugi-tlumaczeniowe\/\">Czytaj dalej\u2026<span class=\"screen-reader-text\"> from Nasze chi\u0144skie us\u0142ugi t\u0142umaczeniowe<\/span><\/a><\/p>\n","protected":false},"author":22,"featured_media":23256,"parent":0,"menu_order":0,"comment_status":"closed","ping_status":"closed","template":"","meta":{"_acf_changed":false,"_editorskit_title_hidden":false,"_editorskit_reading_time":1,"_editorskit_is_block_options_detached":false,"_editorskit_block_options_position":"{}","footnotes":""},"class_list":["post-11487","page","type-page","status-publish","has-post-thumbnail","hentry"],"acf":[],"_links":{"self":[{"href":"https:\/\/culturesconnection.com\/pl\/wp-json\/wp\/v2\/pages\/11487","targetHints":{"allow":["GET"]}}],"collection":[{"href":"https:\/\/culturesconnection.com\/pl\/wp-json\/wp\/v2\/pages"}],"about":[{"href":"https:\/\/culturesconnection.com\/pl\/wp-json\/wp\/v2\/types\/page"}],"author":[{"embeddable":true,"href":"https:\/\/culturesconnection.com\/pl\/wp-json\/wp\/v2\/users\/22"}],"replies":[{"embeddable":true,"href":"https:\/\/culturesconnection.com\/pl\/wp-json\/wp\/v2\/comments?post=11487"}],"version-history":[{"count":0,"href":"https:\/\/culturesconnection.com\/pl\/wp-json\/wp\/v2\/pages\/11487\/revisions"}],"wp:featuredmedia":[{"embeddable":true,"href":"https:\/\/culturesconnection.com\/pl\/wp-json\/wp\/v2\/media\/23256"}],"wp:attachment":[{"href":"https:\/\/culturesconnection.com\/pl\/wp-json\/wp\/v2\/media?parent=11487"}],"curies":[{"name":"wp","href":"https:\/\/api.w.org\/{rel}","templated":true}]}}